{"id":659,"date":"2011-06-25T23:04:00","date_gmt":"2011-06-25T23:04:00","guid":{"rendered":""},"modified":"2014-12-17T17:37:32","modified_gmt":"2014-12-17T17:37:32","slug":"go%c5%82%c4%99bie-koronowany","status":"publish","type":"page","link":"https:\/\/www.big-animals.com\/pl\/go%c5%82%c4%99bie-koronowany\/","title":{"rendered":"Goura"},"content":{"rendered":"<p>&nbsp;<\/p>\n<figure id=\"attachment_1409\" aria-describedby=\"caption-attachment-1409\" style=\"width: 140px\" class=\"wp-caption alignleft\"><a href=\"http:\/\/www.big-animals.com\/wp-content\/uploads\/2011\/06\/Victoria_Crowned_Pigeon.jpg\"><img loading=\"lazy\" decoding=\"async\" class=\"size-medium wp-image-1409 gts_attribute gts_attribute_1_alt gts_attribute_2_title\" title=\"Koroniec plamoczuby\" src=\"http:\/\/www.big-animals.com\/wp-content\/uploads\/2011\/06\/Victoria_Crowned_Pigeon-140x300.jpg\" alt=\"Koroniec plamoczuby\" width=\"140\" height=\"300\" \/><\/a><figcaption id=\"caption-attachment-1409\" class=\"wp-caption-text\">The Victoria Crowned Pigeon<\/figcaption><\/figure>\n<p><span id=\"gts_text_1\" class=\"gts_text\">Istniej\u0105 trzy gatunki\u00a0<a class=\" gts_attribute gts_attribute_3_title\" title=\"Columbidae\" href=\"http:\/\/www.big-animals.com\/columbidae\/\">goury<\/a>\u00a0na \u015bwiecie.<\/span> <span id=\"gts_text_2\" class=\"gts_text\">S\u0105 to koroniec siod\u0142aty, koroniec b\u0142\u0119kitny oraz koroniec plamoczuby.\u00a0Ich rozmiar jest zbli\u017cony do rozmiaru indyka<\/span><span id=\"gts_text_3\" class=\"gts_text\">.<\/span> Wa\u017c\u0105<span id=\"gts_text_4\" class=\"gts_text\">\u00a02-4 kg (4.4-8.8 funt\u00f3w).<\/span> S\u0105<span id=\"gts_text_5\" class=\"gts_text\">\u00a0najwi\u0119kszymi cz\u0142onkami rodziny go\u0142\u0119biowatych.<\/span> Wszystkie trzy gatunki wygl\u0105daj\u0105 podobnie<span id=\"gts_text_6\" class=\"gts_text\">.<\/span><\/p>\n<p><span id=\"gts_text_7\" class=\"gts_text\">Goura du\u017cymi b\u0142\u0119kitno-szarymi ptakami z g\u0142\u0119boko kasztanowym spodem.<\/span>\u00a0R\u00f3\u017cni\u0105 si\u0119 od pozosta\u0142ych<span id=\"gts_text_8\" class=\"gts_text\">\u00a0go\u0142\u0119bi tym, \u017ce maj\u0105 w ogonie\u00a016 pi\u00f3r zamiast 12.<\/span><\/p>\n<p><span id=\"gts_text_9\" class=\"gts_text\">\u017byj\u0105 w Nowej Gwinei i na otaczaj\u0105cych j\u0105\u00a0wyspach.<\/span> <span id=\"gts_text_10\" class=\"gts_text\">\u017bywi\u0105 si\u0119 owocami, nasionami i \u015blimakami.<\/span> <span id=\"gts_text_11\" class=\"gts_text\">Samce i samice s\u0105 niemal identyczne.<\/span>\u00a0Zar\u00f3wno mama, jak i tata pomagaj\u0105 utrzyma\u0107\u00a0jajo w cieple.\u00a0Piskl\u0119 wykluwa si\u0119 po<span id=\"gts_text_13\" class=\"gts_text\">\u00a0oko\u0142o 28-30 dniach.<\/span>\u00a0<span id=\"gts_text_14\" class=\"gts_text\">Jajo jest bia\u0142e.<\/span> <span id=\"gts_text_15\" class=\"gts_text\">Podobnie jak flamingi, produkuj\u0105 one &#8220;ptasie mleczko&#8221; dla swoich piskl\u0105t.<\/span>\u00a0Oboje rodzic\u00f3w goury jest<span id=\"gts_text_16\" class=\"gts_text\">\u00a0w stanie produkowa\u0107 &#8220;ptasie mleczko&#8221;.\u00a0Po<\/span><span id=\"gts_text_17\" class=\"gts_text\">\u00a030 dniach ich piskl\u0119 jest b\u0119dzie gotowe do latania i niezale\u017cnego \u017cycia.<\/span>\u00a0Go\u0142\u0119bie te mog\u0105<span id=\"gts_text_18\" class=\"gts_text\">\u00a0\u017cy\u0107\u00a0ponad 20 lat.<\/span><\/p>\n<p><span id=\"gts_text_19\" class=\"gts_text\">Buduj\u0105 one swoje gniazda z ga\u0142\u0105zek i korzeni drzew i krzew\u00f3w.<\/span> Lubi\u0105 wysokie \u017cywop\u0142oty<span id=\"gts_text_20\" class=\"gts_text\">.<\/span> Zazwyczaj s\u0105 wierne swoim partnerom do ko\u0144ca \u017cycia<span id=\"gts_text_21\" class=\"gts_text\">.<\/span> Zaczynaj\u0105 sw\u00f3j<span id=\"gts_text_22\" class=\"gts_text\">\u00a0dzie\u0144 od ch\u00f3ru nawo\u0142ywa\u0144\u00a0zanim rozpoczn\u0105 polowanie. Podczas picia zanurzaj\u0105 w wodzie ca\u0142y dzi\u00f3b, kt\u00f3ry s\u0142u\u017cy im jak s\u0142omka<\/span><span id=\"gts_text_24\" class=\"gts_text\">.<\/span>\u00a0Poruszaj\u0105 si\u0119 w stadach za dnia i odpoczywaj\u0105 noc\u0105 r\u00f3wnie\u017c w stadach. Kochaj\u0105 swoje towarzystwo i czuj\u0105 si\u0119 bezpieczniej w otoczeniu innych osobnik\u00f3w.<\/p>\n<p><span id=\"gts_text_27\" class=\"gts_text\">Ludzie poluj\u0105 na te zwierz\u0119ta dla ich pi\u0119knych grzebieni i smacznego mi\u0119sa.<\/span>\u00a0Aby upewni\u0107 si\u0119, \u017ce goura\u00a0nie wygin\u0105<span id=\"gts_text_28\" class=\"gts_text\">,\u00a0obj\u0119to je ochron\u0105.<\/span> <span id=\"gts_text_29\" class=\"gts_text\">Jednak\u017ce go\u0142\u0119bie te\u00a0nadal\u00a0znikaj\u0105, szczeg\u00f3lnie w pobli\u017cu teren\u00f3w zamieszkanych przez cz\u0142owieka. Wed\u0142ug doniesie\u0144 wci\u0105\u017c s\u0105 powszechne w dzikich d\u017cunglach<\/span><span id=\"gts_text_30\" class=\"gts_text\">\u00a0Nowej Gwinei.<\/span><\/p>\n<p><span id=\"gts_text_31\" class=\"gts_text\">\u00a0<\/span><\/p>\n<p>&nbsp;<\/p>\n","protected":false},"excerpt":{"rendered":"<p>&nbsp; Istniej\u0105 trzy gatunki\u00a0goury\u00a0na \u015bwiecie. S\u0105 to koroniec siod\u0142aty, koroniec b\u0142\u0119kitny oraz koroniec plamoczuby.\u00a0Ich rozmiar jest zbli\u017cony do rozmiaru indyka. Wa\u017c\u0105\u00a02-4 kg (4.4-8.8 funt\u00f3w). S\u0105\u00a0najwi\u0119kszymi cz\u0142onkami rodziny go\u0142\u0119biowatych. Wszystkie trzy gatunki wygl\u0105daj\u0105 podobnie. Goura du\u017cymi b\u0142\u0119kitno-szarymi ptakami z g\u0142\u0119boko kasztanowym spodem.\u00a0R\u00f3\u017cni\u0105 si\u0119 od pozosta\u0142ych\u00a0go\u0142\u0119bi tym, \u017ce maj\u0105 w ogonie\u00a016 pi\u00f3r zamiast 12. \u017byj\u0105 w Nowej &hellip; <a href=\"https:\/\/www.big-animals.com\/pl\/go%c5%82%c4%99bie-koronowany\/\" class=\"more-link\">Continue reading <span class=\"screen-reader-text\">Goura<\/span><\/a><\/p>\n","protected":false},"author":1,"featured_media":0,"parent":0,"menu_order":0,"comment_status":"closed","ping_status":"open","template":"","meta":{"_acf_changed":false,"footnotes":""},"acf":[],"_links":{"self":[{"href":"https:\/\/www.big-animals.com\/pl\/wp-json\/wp\/v2\/pages\/659"}],"collection":[{"href":"https:\/\/www.big-animals.com\/pl\/wp-json\/wp\/v2\/pages"}],"about":[{"href":"https:\/\/www.big-animals.com\/pl\/wp-json\/wp\/v2\/types\/page"}],"author":[{"embeddable":true,"href":"https:\/\/www.big-animals.com\/pl\/wp-json\/wp\/v2\/users\/1"}],"replies":[{"embeddable":true,"href":"https:\/\/www.big-animals.com\/pl\/wp-json\/wp\/v2\/comments?post=659"}],"version-history":[{"count":3,"href":"https:\/\/www.big-animals.com\/pl\/wp-json\/wp\/v2\/pages\/659\/revisions"}],"predecessor-version":[{"id":875,"href":"https:\/\/www.big-animals.com\/pl\/wp-json\/wp\/v2\/pages\/659\/revisions\/875"}],"wp:attachment":[{"href":"https:\/\/www.big-animals.com\/pl\/wp-json\/wp\/v2\/media?parent=659"}],"curies":[{"name":"wp","href":"https:\/\/api.w.org\/{rel}","templated":true}]}}