{"id":660,"date":"2011-06-25T23:36:42","date_gmt":"2011-06-25T23:36:42","guid":{"rendered":"http:\/\/www.big-animals.com\/pl\/dodo\/"},"modified":"2015-03-03T17:59:23","modified_gmt":"2015-03-03T17:59:23","slug":"dodo","status":"publish","type":"page","link":"https:\/\/www.big-animals.com\/pl\/dodo\/","title":{"rendered":"Dodo"},"content":{"rendered":"<figure id=\"attachment_1416\" aria-describedby=\"caption-attachment-1416\" style=\"width: 300px\" class=\"wp-caption alignleft\"><a href=\"http:\/\/www.big-animals.com\/wp-content\/uploads\/2011\/06\/Dodo_and_Human.png\"><img loading=\"lazy\" decoding=\"async\" class=\"size-medium wp-image-1416 gts_attribute gts_attribute_1_alt gts_attribute_2_title\" title=\"Dodo by\u0142 najwi\u0119kszym go\u0142\u0119biem wszech czas\u00f3w\" src=\"http:\/\/www.big-animals.com\/wp-content\/uploads\/2011\/06\/Dodo_and_Human-300x244.png\" alt=\"Dodo by\u0142 najwi\u0119kszym Go\u0142\u0105b Ever\" width=\"300\" height=\"244\" \/><\/a><figcaption id=\"caption-attachment-1416\" class=\"wp-caption-text\">Dodo by\u0142 najwi\u0119kszym go\u0142\u0119biem wszech czas\u00f3w.<\/figcaption><\/figure>\n<p><span id=\"gts_text_1\" class=\"gts_text\">Dodo by\u0142 najwi\u0119kszym <a class=\" gts_attribute gts_attribute_3_title\" title=\"Go\u0142\u0119biowate\" href=\"http:\/\/www.big-animals.com\/pl\/golebiowate\/\">go\u0142\u0119biem<\/a>\u00a0na \u015bwiecie.<\/span> <span id=\"gts_text_2\" class=\"gts_text\">By\u0142 nielotem, mieszkaj\u0105cym na Mauritiusie.<\/span>\u00a0Mia\u0142 d\u0142ugo\u015b\u0107<span id=\"gts_text_3\" class=\"gts_text\">\u00a01 metra i wa\u017cy\u0142 oko\u0142o 23 kg.<\/span> <span id=\"gts_text_4\" class=\"gts_text\">\u017bywi\u0142 si\u0119 owocami.<\/span> <span id=\"gts_text_5\" class=\"gts_text\">Poniewa\u017c nie m\u00f3g\u0142 lata\u0107, budowa\u0142 gniazdo na ziemi.<\/span><\/p>\n<p><span id=\"gts_text_6\" class=\"gts_text\">Wymar\u0142 od po\u0142owy do ko\u0144ca XVII wieku.<\/span> <span id=\"gts_text_7\" class=\"gts_text\">Dodo mia\u0142 szarawe i br\u0105zowe pi\u00f3ra.<\/span> <span id=\"gts_text_8\" class=\"gts_text\">Mia\u0142 d\u0142ugi, ostro zako\u0144czony dzi\u00f3b o d\u0142ugo\u015bci oko\u0142o 23 cm.<\/span> <span id=\"gts_text_9\" class=\"gts_text\">Mia\u0142 bardzo ma\u0142e skrzyd\u0142a, dwie grube, \u017c\u00f3\u0142te nogi i k\u0119pk\u0119 kr\u0119conych pi\u00f3r na kuprze.<\/span><\/p>\n<p><span id=\"gts_text_10\" class=\"gts_text\">Poniewa\u017c nie by\u0142 w stanie p\u0142ywa\u0107 i nie ba\u0142 si\u0119 \u00a0ludzi, bardzo \u0142atwo by\u0142o na niego polowa\u0107.<\/span> <span id=\"gts_text_11\" class=\"gts_text\">Gdy ludzie przybyli na Mauritius, przywie\u017ali ze sob\u0105 r\u00f3wnie\u017c inne zwierz\u0119ta, takie jak psy, \u015bwinie, szczury i \u017cywi\u0105ce si\u0119 krabami Makaki, kt\u00f3re atakowa\u0142y gniazda dodo.<\/span> <span id=\"gts_text_12\" class=\"gts_text\">Teraz dodo jest gatunkiem wymar\u0142ym na zawsze.<\/span><\/p>\n<p><span id=\"gts_text_13\" class=\"gts_text\">\u00a0<\/span><\/p>\n","protected":false},"excerpt":{"rendered":"<p>Dodo by\u0142 najwi\u0119kszym go\u0142\u0119biem\u00a0na \u015bwiecie. By\u0142 nielotem, mieszkaj\u0105cym na Mauritiusie.\u00a0Mia\u0142 d\u0142ugo\u015b\u0107\u00a01 metra i wa\u017cy\u0142 oko\u0142o 23 kg. \u017bywi\u0142 si\u0119 owocami. Poniewa\u017c nie m\u00f3g\u0142 lata\u0107, budowa\u0142 gniazdo na ziemi. Wymar\u0142 od po\u0142owy do ko\u0144ca XVII wieku. Dodo mia\u0142 szarawe i br\u0105zowe pi\u00f3ra. Mia\u0142 d\u0142ugi, ostro zako\u0144czony dzi\u00f3b o d\u0142ugo\u015bci oko\u0142o 23 cm. Mia\u0142 bardzo ma\u0142e skrzyd\u0142a, &hellip; <a href=\"https:\/\/www.big-animals.com\/pl\/dodo\/\" class=\"more-link\">Continue reading <span class=\"screen-reader-text\">Dodo<\/span><\/a><\/p>\n","protected":false},"author":1,"featured_media":0,"parent":0,"menu_order":0,"comment_status":"closed","ping_status":"open","template":"","meta":{"_acf_changed":false,"footnotes":""},"acf":[],"_links":{"self":[{"href":"https:\/\/www.big-animals.com\/pl\/wp-json\/wp\/v2\/pages\/660"}],"collection":[{"href":"https:\/\/www.big-animals.com\/pl\/wp-json\/wp\/v2\/pages"}],"about":[{"href":"https:\/\/www.big-animals.com\/pl\/wp-json\/wp\/v2\/types\/page"}],"author":[{"embeddable":true,"href":"https:\/\/www.big-animals.com\/pl\/wp-json\/wp\/v2\/users\/1"}],"replies":[{"embeddable":true,"href":"https:\/\/www.big-animals.com\/pl\/wp-json\/wp\/v2\/comments?post=660"}],"version-history":[{"count":10,"href":"https:\/\/www.big-animals.com\/pl\/wp-json\/wp\/v2\/pages\/660\/revisions"}],"predecessor-version":[{"id":894,"href":"https:\/\/www.big-animals.com\/pl\/wp-json\/wp\/v2\/pages\/660\/revisions\/894"}],"wp:attachment":[{"href":"https:\/\/www.big-animals.com\/pl\/wp-json\/wp\/v2\/media?parent=660"}],"curies":[{"name":"wp","href":"https:\/\/api.w.org\/{rel}","templated":true}]}}