{"id":661,"date":"2011-07-02T22:40:15","date_gmt":"2011-07-02T22:40:15","guid":{"rendered":""},"modified":"2011-07-02T22:40:15","modified_gmt":"2011-07-02T22:40:15","slug":"galliformes","status":"publish","type":"page","link":"https:\/\/www.big-animals.com\/pl\/galliformes\/","title":{"rendered":"Kuraki"},"content":{"rendered":"<figure id=\"attachment_1444\" aria-describedby=\"caption-attachment-1444\" style=\"width: 159px\" class=\"wp-caption alignright\"><a href=\"http:\/\/www.big-animals.com\/wp-content\/uploads\/2011\/07\/Chickens.jpg\"><img loading=\"lazy\" decoding=\"async\" class=\"size-medium wp-image-1444 gts_attribute gts_attribute_1_alt gts_attribute_2_title\" title=\"Kury to typowe grzebi\u0105ce, kuraki\" src=\"http:\/\/www.big-animals.com\/wp-content\/uploads\/2011\/07\/Chickens-159x300.jpg\" alt=\"Kury to typowe grzebi\u0105ce, kuraki\" width=\"159\" height=\"300\" \/><\/a><figcaption id=\"caption-attachment-1444\" class=\"wp-caption-text\">Chicken are Typical Galliformes<\/figcaption><\/figure>\n<p><span id=\"gts_text_1\" class=\"gts_text\">Kuraki lub grzebi\u0105ce nalez\u0105 do rz\u0119du <a title=\"Najwi\u0119ksze ptaki \u015bwiata!\" href=\"http:\/\/www.big-animals.com\/the-worlds-biggest-birds\/\" class=\" gts_attribute gts_attribute_3_title\">ptak\u00f3w<\/a> o kr\u0119pym ciele i wyszukuj\u0105cych pokarmu w glebie.<\/span> <span id=\"gts_text_2\" class=\"gts_text\">Maj\u0105 ma\u0142e g\u0142owy, silne nogi i cz\u0119sto kr\u00f3tkie dzioby i skrzyd\u0142a.<\/span> <span id=\"gts_text_3\" class=\"gts_text\">S\u0105 podobne do kury.<\/span> <span id=\"gts_text_4\" class=\"gts_text\">Doros\u0142e samce posiadaj\u0105 ostrogi na tylnej stronie ka\u017cdej z n\u00f3g, s\u0142u\u017c\u0105c\u0105 jako bro\u0144.<\/span> <span id=\"gts_text_5\" class=\"gts_text\">Do tego rz\u0119du zaliczamy indyki, g\u0142uszce, kurcz\u0119ta, przepi\u00f3rki, lagopusy, kuropatwy, ba\u017canty oraz czubacze (Cracidae).<\/span><\/p>\n<p><span id=\"gts_text_6\" class=\"gts_text\">Ich rozmiary wynosz\u0105 od ma\u0142ych jak 12,5 cm (5 cali) do tych wielkich &#8211; oko\u0142o 120 cm (47 cali).<\/span> <span id=\"gts_text_7\" class=\"gts_text\">Najmniejszym z nich jest przepi\u00f3rka.<\/span> <span id=\"gts_text_8\" class=\"gts_text\">Ma ona oko\u0142o 12,5 cm (5 cali) d\u0142ugo\u015bci i wa\u017cy od 28-40 g (1-1.4 uncji).<\/span> <span id=\"gts_text_9\" class=\"gts_text\">Najwi\u0119kszym kurakiem jest <a title=\"Indyk dziki p\u00f3\u0142nocnoameryka\u0144ski\" href=\"http:\/\/www.big-animals.com\/north-american-wild-turkey\/\" class=\" gts_attribute gts_attribute_4_title\">indyk dziki-p\u00f3\u0142nocnoameryka\u0144ski<\/a> , wa\u017c\u0105cy 14 kg (30.5 funta) i osi\u0105gaj\u0105cy niekiedy ponad 120 cm (47cali) d\u0142ugo\u015bci!<\/span> <span id=\"gts_text_10\" class=\"gts_text\">Najwi\u0119ksz\u0105 rozpi\u0119to\u015b\u0107 skrzyde\u0142 w\u015br\u00f3d ptak\u00f3w tego rz\u0119du zaobserwowano u <a title=\"Paw zielony,z\u0142oty\" href=\"http:\/\/www.big-animals.com\/green-peafowl\/\" class=\" gts_attribute gts_attribute_5_title\">pawia zielonego<\/a>(inaczej z\u0142otego).<\/span> <span id=\"gts_text_11\" class=\"gts_text\">Ten ptak mo\u017ce osi\u0105gn\u0105\u0107 ponad 183 cm (6 st\u00f3p) d\u0142ugo\u015bci, wraz ze swoim d\u0142ugim ogonem.<\/span><\/p>\n<p><span id=\"gts_text_12\" class=\"gts_text\">Do tej grupy zalicza si\u0119 ponad 250 \u017cyj\u0105cych gatunk\u00f3w.<\/span> <span id=\"gts_text_13\" class=\"gts_text\">Mo\u017cna je spotka\u0107 na ka\u017cdym kontynencie, w dowolnym zak\u0105tku \u015bwiata, za wyj\u0105tkiem skrajnie suchych pustyni i bardzo zimnych miejsc takich jak Arktyka czy Antarktyda.<\/span> <span id=\"gts_text_14\" class=\"gts_text\">Bardzo rzadko wyst\u0119puj\u0105 na wyspach, chyba \u017ce zosta\u0142y tam sprowadzone przez cz\u0142owieka.<\/span> <span id=\"gts_text_15\" class=\"gts_text\">Niekt\u00f3re gatunki ptak\u00f3w grzebi\u0105cych zosta\u0142y udomowione.<\/span><\/p>\n<p><span id=\"gts_text_16\" class=\"gts_text\">Odgrywa\u0142y wa\u017cn\u0105 rol\u0119 przy rozsiewaniu nasion oraz jako drapie\u017cniki.<\/span> <span id=\"gts_text_17\" class=\"gts_text\">Cz\u0119sto hoduje si\u0119 je jako ptaki \u0142owne.<\/span> <span id=\"gts_text_18\" class=\"gts_text\">S\u0105 r\u00f3wnie\u017c cenione ze wzgl\u0119du na mi\u0119so i jaja.<\/span> <span id=\"gts_text_19\" class=\"gts_text\">Wszystkie s\u0105 dobrymi biegaczami.<\/span> <span id=\"gts_text_20\" class=\"gts_text\">Nie potrafi\u0105 lata\u0107 daleko jak np. jastrz\u0119bie.<\/span> <span id=\"gts_text_21\" class=\"gts_text\">Mog\u0105 polecie\u0107 tylko na odleg\u0142o\u015b\u0107 kilkuset st\u00f3p aby uciec przed niebezpiecze\u0144stwem.<\/span> <span id=\"gts_text_22\" class=\"gts_text\">Zamiast tego wol\u0105 biega\u0107 i spacerowa\u0107.<\/span> <span id=\"gts_text_23\" class=\"gts_text\">Do\u017cywaj\u0105 od 5 do 8 lat na wolno\u015bci i do 30 lat w niewoli.<\/span> <span id=\"gts_text_24\" class=\"gts_text\">Uwielbiaj\u0105 \u0142\u0105ki i lasy.<\/span> <span id=\"gts_text_25\" class=\"gts_text\">Samce s\u0105 bardziej kolorowe od samic.<\/span> <span id=\"gts_text_26\" class=\"gts_text\">Wi\u0119kszo\u015b\u0107 z nich woli pozostawa\u0107 w jednym miejscu.<\/span><\/p>\n<p><span id=\"gts_text_27\" class=\"gts_text\">Samice kurak\u00f3w sk\u0142adaj\u0105 od 3-16 jaj w ci\u0105gu roku.<\/span> <span id=\"gts_text_28\" class=\"gts_text\">Buduj\u0105 swoje gniazda na ziemi lub niskich drzewach.<\/span> <span id=\"gts_text_29\" class=\"gts_text\">\u017bywi\u0105 si\u0119 owocami, nasionami, li\u015b\u0107mi, p\u0119dami, kwiatami, bulwami, korzeniami, owadami, \u015blimakami, robakami, jaszczurkami, w\u0119\u017cami, ma\u0142ymi gryzoniami i jajami.<\/span> <span id=\"gts_text_30\" class=\"gts_text\">Cz\u0119sto po\u0142ykaj\u0105 kamyki, kt\u00f3re pomagaj\u0105 im w prawid\u0142owym trawieniu pokarmu.<\/span><\/p>\n<p><span id=\"gts_text_31\" class=\"gts_text\">Kuraki, kt\u00f3re przebywaj\u0105 na \u0142\u0105kach maj\u0105 d\u0142ugie, cienkie szyje, oraz d\u0142ugie nogi i skrzyd\u0142a.<\/span> <span id=\"gts_text_32\" class=\"gts_text\">Przyk\u0142adami s\u0105 indyk dziki i ba\u017cant ognisty.<\/span> <span id=\"gts_text_33\" class=\"gts_text\">Kuraki ro\u015blino\u017cerne i niekt\u00f3re wszystko\u017cerne maj\u0105 kr\u0119p\u0105 sylwetk\u0119 i kr\u00f3tkie, masywne dzioby.<\/span> <span id=\"gts_text_34\" class=\"gts_text\">Pokarmu wyszukuj\u0105 w glebie.<\/span> <span id=\"gts_text_35\" class=\"gts_text\">Uwielbiaj\u0105 je\u015b\u0107 p\u0119dy wrzos\u00f3w.<\/span> <span id=\"gts_text_36\" class=\"gts_text\">M\u0142ode osobniki \u017cywi\u0105 si\u0119 r\u00f3wnie\u017c owadami.<\/span><\/p>\n<p><span id=\"gts_text_37\" class=\"gts_text\">Radz\u0105 sobie dobrze w niskich temperaturach.<\/span> <span id=\"gts_text_38\" class=\"gts_text\">Kiedy jest zimno, staj\u0105 si\u0119 mniej aktywne, co pozwala zachowa\u0107 ciep\u0142ot\u0119 cia\u0142a.<\/span> <span id=\"gts_text_39\" class=\"gts_text\">Mog\u0105 r\u00f3wnie\u017c zagrzeba\u0107 si\u0119 w \u015bniegu tworz\u0105c warunki, kt\u00f3re pozwalaj\u0105 na oszcz\u0119dzanie ciep\u0142a.<\/span><\/p>\n<p><span id=\"gts_text_40\" class=\"gts_text\">\u00a0<\/span><\/p>\n","protected":false},"excerpt":{"rendered":"<p><html><head><\/head><body><\/body><\/html><\/p>\n","protected":false},"author":1,"featured_media":0,"parent":0,"menu_order":0,"comment_status":"closed","ping_status":"open","template":"","meta":{"_acf_changed":false,"footnotes":""},"acf":[],"_links":{"self":[{"href":"https:\/\/www.big-animals.com\/pl\/wp-json\/wp\/v2\/pages\/661"}],"collection":[{"href":"https:\/\/www.big-animals.com\/pl\/wp-json\/wp\/v2\/pages"}],"about":[{"href":"https:\/\/www.big-animals.com\/pl\/wp-json\/wp\/v2\/types\/page"}],"author":[{"embeddable":true,"href":"https:\/\/www.big-animals.com\/pl\/wp-json\/wp\/v2\/users\/1"}],"replies":[{"embeddable":true,"href":"https:\/\/www.big-animals.com\/pl\/wp-json\/wp\/v2\/comments?post=661"}],"version-history":[{"count":0,"href":"https:\/\/www.big-animals.com\/pl\/wp-json\/wp\/v2\/pages\/661\/revisions"}],"wp:attachment":[{"href":"https:\/\/www.big-animals.com\/pl\/wp-json\/wp\/v2\/media?parent=661"}],"curies":[{"name":"wp","href":"https:\/\/api.w.org\/{rel}","templated":true}]}}