{"id":662,"date":"2011-07-03T00:34:45","date_gmt":"2011-07-03T00:34:45","guid":{"rendered":""},"modified":"2011-07-03T00:34:45","modified_gmt":"2011-07-03T00:34:45","slug":"p%c3%b3%c5%82nocno-ameryka%c5%84sko-indyk","status":"publish","type":"page","link":"https:\/\/www.big-animals.com\/pl\/p%c3%b3%c5%82nocno-ameryka%c5%84sko-indyk\/","title":{"rendered":"Indyk dziki \u2013 p\u00f3\u0142nocnoameryka\u0144ski"},"content":{"rendered":"<p><span id=\"gts_text_1\" class=\"gts_text\">Indyk dziki, p\u00f3\u0142nocnoameryka\u0144ski wyst\u0119puje w Ameryce P\u00f3\u0142nocnej.<\/span> <span id=\"gts_text_2\" class=\"gts_text\">Jest on najwi\u0119kszym i najci\u0119\u017cszym ptakiem grzebi\u0105cym, <a title=\"Ptaki grzebi\u0105ce, kuraki\" href=\"http:\/\/www.big-animals.com\/galliformes\/\" class=\" gts_attribute gts_attribute_3_title\">kurakiem<\/a>.<\/span> <span id=\"gts_text_3\" class=\"gts_text\">Nale\u017cy do tego samego gatunku co indyk domowy.<\/span> <span id=\"gts_text_4\" class=\"gts_text\">Indyki domowe wywodz\u0105 si\u0119 z po\u0142udniowo-meksyka\u0144skiego podgatunku indyka dzikiego.<\/span> <span id=\"gts_text_5\" class=\"gts_text\">S\u0105 one zazwyczaj spo\u017cywane przez amerykan\u00f3w w \u015bwi\u0119ta Dzi\u0119kczynienia i Bo\u017cego Narodzenia.<\/span> <span id=\"gts_text_6\" class=\"gts_text\">Hoduje si\u0119 je w gospodarstwach rolnych.<\/span><\/p>\n<figure id=\"attachment_1446\" aria-describedby=\"caption-attachment-1446\" style=\"width: 300px\" class=\"wp-caption alignleft\"><a href=\"http:\/\/www.big-animals.com\/wp-content\/uploads\/2011\/07\/NorthAmericanWildTurkey.jpg\"><img loading=\"lazy\" decoding=\"async\" class=\"size-medium wp-image-1446 gts_attribute gts_attribute_1_alt gts_attribute_4_title\" title=\"Indyk dziki p\u00f3\u0142nocnoameryka\u0144ski to pi\u0119kny ptak - fotografia: Malene Thyssen\" src=\"http:\/\/www.big-animals.com\/wp-content\/uploads\/2011\/07\/NorthAmericanWildTurkey-300x233.jpg\" alt=\"Indyk dziki p\u00f3\u0142nocnoameryka\u0144ski to pi\u0119kny ptak - fotografia: Malene Thyssen\" width=\"300\" height=\"233\" \/><\/a><figcaption id=\"caption-attachment-1446\" class=\"wp-caption-text\">The North American Wild Turkey is a beautiful bird - photograph by Malene Thyssen<\/figcaption><\/figure>\n<p><span id=\"gts_text_7\" class=\"gts_text\">Doros\u0142e dzikie indyki maj\u0105 d\u0142ugie nogi koloru od czerwono-\u017c\u00f3\u0142tego do szaro-zielonego i cia\u0142o koloru czarnego.<\/span> <span id=\"gts_text_8\" class=\"gts_text\">Samce, z angielskiego &quot;toms&quot; lub &quot;gobblers&quot;, po polsku nazywane indorami,<\/span> <span id=\"gts_text_9\" class=\"gts_text\">potrafi\u0105 nastroszy\u0107 si\u0119 i rozpo\u015bciera\u0107 swoje pierzaste ogony niczym pawie.<\/span> <span id=\"gts_text_10\" class=\"gts_text\">Maj\u0105 one wielk\u0105, nag\u0105, czerwonaw\u0105 g\u0142ow\u0119, czerwone gard\u0142o i szyj\u0119 pokryte czerwonymi <em>koralami<\/em>.<\/span> <span id=\"gts_text_11\" class=\"gts_text\">Korale na szyi s\u0105 p\u0142atem sk\u00f3rnym.<\/span> <span id=\"gts_text_12\" class=\"gts_text\">Na g\u0142owach indyk\u00f3w, znajduj\u0105 si\u0119 mi\u0119siste odrosty, zwane <em>brodawkami<\/em>,<\/span> <span id=\"gts_text_13\" class=\"gts_text\">kt\u00f3re zmieniaj\u0105 zabarwienie na niebieskie, kiedy indyk jest pobudzony,<\/span> <span id=\"gts_text_14\" class=\"gts_text\">a kiedy jest zdenerwowany lub gotowy do walki, staj\u0105 si\u0119 czerwone.<\/span> <span id=\"gts_text_15\" class=\"gts_text\">To tak niesamowicie kolorowy ptak!<\/span> <span id=\"gts_text_16\" class=\"gts_text\">Ka\u017cda stopa indyka jest tr\u00f3jpalczasta, a samce posiadaj\u0105 specjalne bro\u0144 &#8211; ostrog\u0119 znajduj\u0105c\u0105 si\u0119 w tylnej cz\u0119\u015bci ka\u017cdej z n\u00f3g.<\/span> <span id=\"gts_text_17\" class=\"gts_text\">Jest ona u\u017cywana podczas walk.<\/span> <span id=\"gts_text_18\" class=\"gts_text\">D\u0142ugi, mi\u0119sisty obiekt nad dziobem samc\u00f3w to <em>wisior<\/em>.<\/span> <span id=\"gts_text_19\" class=\"gts_text\">Wisior zmienia barw\u0119 na jasnoczerwon\u0105, kiedy indyk jest zdenerwowany.<\/span><\/p>\n<p><span id=\"gts_text_20\" class=\"gts_text\">Dzikie indyki maj\u0105 d\u0142ugie, ciemne ogony w kszta\u0142cie wachlarza i b\u0142yszcz\u0105ce, br\u0105zowe skrzyd\u0142a.<\/span> <span id=\"gts_text_21\" class=\"gts_text\">Pi\u00f3ra samc\u00f3w mieni\u0105 si\u0119 we wszystkich kolorach.<\/span> <span id=\"gts_text_22\" class=\"gts_text\">Miejscami s\u0105 czerwone, fioletowe, zielone, miedziane, br\u0105zowe a w niekt\u00f3rych miejscach nawet z\u0142ote.<\/span> <span id=\"gts_text_23\" class=\"gts_text\">Samica indyka jest nazywana indyczk\u0105.<\/span> <span id=\"gts_text_24\" class=\"gts_text\">Jej ubarwienie jest mniej jaskrawe.<\/span> <span id=\"gts_text_25\" class=\"gts_text\">Jest ono zwykle br\u0105zowe i szare.<\/span> <span id=\"gts_text_26\" class=\"gts_text\">Indyki maj\u0105 od 5000 do 6000 pi\u00f3r.<\/span> <span id=\"gts_text_27\" class=\"gts_text\">U doros\u0142ych osobnik\u00f3w pi\u00f3ra ogonowe s\u0105 tej samej d\u0142ugo\u015bci, u m\u0142odych osobnik\u00f3w pi\u00f3ra maj\u0105 r\u00f3\u017cn\u0105 d\u0142ugo\u015b\u0107.<\/span><\/p>\n<figure id=\"attachment_1448\" aria-describedby=\"caption-attachment-1448\" style=\"width: 300px\" class=\"wp-caption alignright\"><a href=\"http:\/\/www.big-animals.com\/wp-content\/uploads\/2011\/07\/Wild_turkey_and_human.png\"><img loading=\"lazy\" decoding=\"async\" class=\"size-medium wp-image-1448 gts_attribute gts_attribute_2_alt gts_attribute_5_title\" title=\"Indyk dziki \u2013 p\u00f3\u0142nocnoameryka\u0144ski i cz\u0142owiek\" src=\"http:\/\/www.big-animals.com\/wp-content\/uploads\/2011\/07\/Wild_turkey_and_human-300x273.png\" alt=\"Indyk dziki \u2013 p\u00f3\u0142nocnoameryka\u0144ski i cz\u0142owiek\" width=\"300\" height=\"273\" \/><\/a><figcaption id=\"caption-attachment-1448\" class=\"wp-caption-text\">North American Wild Turkey and Human<\/figcaption><\/figure>\n<p><span id=\"gts_text_28\" class=\"gts_text\">Samce indyk\u00f3w zwykle maj\u0105 &quot;p\u0119dzel&quot; &#8211; czubek lub p\u0119k w\u0142os\u00f3w wyrastaj\u0105cych ze \u015brodkowej cz\u0119\u015bci klatki piersiowej.<\/span> <span id=\"gts_text_29\" class=\"gts_text\">P\u0119dzle maj\u0105 oko\u0142o 230 mm (8 cali) d\u0142ugo\u015bci.<\/span> <span id=\"gts_text_30\" class=\"gts_text\">Zabawnym jest fakt, \u017ce niekt\u00f3re samice r\u00f3wnie\u017c posiadaj\u0105 p\u0119dzel, ale jest on zwykle kr\u00f3tszy i cie\u0144szy.<\/span><\/p>\n<p><span id=\"gts_text_31\" class=\"gts_text\">Waga doros\u0142ych samc\u00f3w waha si\u0119 od 5 do 11 kg (11-24 funt\u00f3w), a d\u0142ugo\u015b\u0107 od 100 &#8211; 125cm(39-49in).<\/span> <span id=\"gts_text_32\" class=\"gts_text\">Doros\u0142e samice s\u0105 du\u017co mniejsze.<\/span> <span id=\"gts_text_33\" class=\"gts_text\">Ich waga waha si\u0119 od 3-5.4 kg (6.6-12 funta) a d\u0142ugo\u015b\u0107 mi\u0119dzy 76- 95 cm d\u0142ugo\u015bci.<\/span> <span id=\"gts_text_34\" class=\"gts_text\">Ich rozpi\u0119to\u015b\u0107 skrzyde\u0142 wynosi od 1,25 do 1,44 m (49-57 cali).<\/span><\/p>\n<p><span id=\"gts_text_35\" class=\"gts_text\">Chocia\u017c s\u0105 ci\u0119\u017ckie, s\u0105 dobrymi lotnikami &#8211; w przeciwie\u0144stwie do domowych indyk\u00f3w, kt\u00f3re nie s\u0105 w stanie oderwa\u0107 si\u0119 od ziemi.<\/span> <span id=\"gts_text_36\" class=\"gts_text\">Kiedy poczuj\u0105 zagro\u017cenie, biegn\u0105 lub wznosz\u0105 si\u0119 w powietrze.<\/span> <span id=\"gts_text_37\" class=\"gts_text\">\u017byj\u0105 w lasach Ameryki P\u00f3\u0142nocnej.<\/span> <span id=\"gts_text_38\" class=\"gts_text\">Wydaj\u0105 d\u017awi\u0119ki wszelkich rodzaj\u00f3w takie jak gulgotanie, gdakanie, skomlenie, skowytanie, trajkotanie i wiele innych.<\/span><\/p>\n<p><span id=\"gts_text_39\" class=\"gts_text\">Dzikie indyki s\u0105 wszystko\u017cerne.<\/span> <span id=\"gts_text_40\" class=\"gts_text\">Sp\u0119dzaj\u0105 ca\u0142e dnie na poszukiwaniu po\u017cywienia takiego jak \u017co\u0142\u0119dzie, nasiona, ma\u0142e owady oraz dzikie jagody.<\/span> <span id=\"gts_text_41\" class=\"gts_text\">Pokarmu poszukuj\u0105 na ziemi i ma\u0142ych drzewach.<\/span> <span id=\"gts_text_42\" class=\"gts_text\">Czasami ko\u0144czy si\u0119 na jedzeniu p\u0142az\u00f3w i ma\u0142ych gad\u00f3w takich jak jaszczurki i w\u0119\u017ce.<\/span> <span id=\"gts_text_43\" class=\"gts_text\">Noce sp\u0119dzaj\u0105 na niskich ga\u0142\u0119ziach drzew.<\/span><\/p>\n<p><span id=\"gts_text_44\" class=\"gts_text\">Samice poszukuj\u0105 dobrego miejsca na budow\u0119 gniazda.<\/span> <span id=\"gts_text_45\" class=\"gts_text\">Lubi\u0105 budowa\u0107 gniazda w ziemi ukryte pod bujn\u0105 ro\u015blinno\u015bci\u0105 las\u00f3w.<\/span> <span id=\"gts_text_46\" class=\"gts_text\">Samice sk\u0142adaj\u0105 od 10 do 14 br\u0105zowo nakrapianych jaj.<\/span> <span id=\"gts_text_47\" class=\"gts_text\">Zwykle wyprowadzaj\u0105 one jeden l\u0119g w ci\u0105gu dnia.<\/span> <span id=\"gts_text_48\" class=\"gts_text\">Jaja s\u0105 inkubowane przez okres co najmniej 28 dni.<\/span> <span id=\"gts_text_49\" class=\"gts_text\">M\u0142ode, kt\u00f3re wykluj\u0105 si\u0119 z jaja to piskl\u0119ta.<\/span> <span id=\"gts_text_50\" class=\"gts_text\">Piskl\u0119ta s\u0105 pokryte cienkimi pi\u00f3rkami i potrafi\u0105 przemieszcza\u0107 si\u0119 bezpo\u015brednio po wykluciu si\u0119.<\/span> <span id=\"gts_text_51\" class=\"gts_text\">Gniazda opuszczaj\u0105 w ci\u0105gu 12 do 24 godzin od wyl\u0119gu.<\/span> <span id=\"gts_text_52\" class=\"gts_text\">Przez pierwsze dwa tygodnie piskl\u0119ta nie s\u0105 zdolne do lotu.<\/span> <span id=\"gts_text_53\" class=\"gts_text\">Ich jaja s\u0105 smakowitym k\u0105skiem dla szop\u00f3w, skunks\u00f3w, lis\u00f3w wirginijskich i w\u0119\u017c\u00f3w smugowych.<\/span> <span id=\"gts_text_54\" class=\"gts_text\">Zar\u00f3wno m\u0142ode jak i doros\u0142e osobniki stanowi\u0105 pokarm dla kojot\u00f3w, szop\u00f3w, ps\u00f3w i or\u0142\u00f3w.<\/span> <span id=\"gts_text_55\" class=\"gts_text\">Cz\u0142owiek jest obecnie g\u0142\u00f3wnym drapie\u017cnikiem poluj\u0105cym na doros\u0142e, dzikie indyki.<\/span><\/p>\n<p><span id=\"gts_text_56\" class=\"gts_text\">Populacja dzikich indyk\u00f3w z Ameryki P\u00f3\u0142nocnej zmniejszy\u0142a si\u0119 na pocz\u0105tku XX wieku, ze wzgl\u0119du na polowania i utrat\u0119 siedlisk.<\/span> <span id=\"gts_text_57\" class=\"gts_text\">Jednak\u017ce podj\u0119to wysi\u0142ki maj\u0105ce na celu ochron\u0119 i zach\u0119canie do hodowli ocala\u0142ych p\u00f3\u0142nocno-ameryka\u0144skich dzikich indyk\u00f3w.<\/span><\/p>\n<p><span id=\"gts_text_58\" class=\"gts_text\">\u00a0<\/span><\/p>\n","protected":false},"excerpt":{"rendered":"<p><html><head><\/head><body><\/body><\/html><\/p>\n","protected":false},"author":1,"featured_media":0,"parent":0,"menu_order":0,"comment_status":"closed","ping_status":"open","template":"","meta":{"_acf_changed":false,"footnotes":""},"acf":[],"_links":{"self":[{"href":"https:\/\/www.big-animals.com\/pl\/wp-json\/wp\/v2\/pages\/662"}],"collection":[{"href":"https:\/\/www.big-animals.com\/pl\/wp-json\/wp\/v2\/pages"}],"about":[{"href":"https:\/\/www.big-animals.com\/pl\/wp-json\/wp\/v2\/types\/page"}],"author":[{"embeddable":true,"href":"https:\/\/www.big-animals.com\/pl\/wp-json\/wp\/v2\/users\/1"}],"replies":[{"embeddable":true,"href":"https:\/\/www.big-animals.com\/pl\/wp-json\/wp\/v2\/comments?post=662"}],"version-history":[{"count":0,"href":"https:\/\/www.big-animals.com\/pl\/wp-json\/wp\/v2\/pages\/662\/revisions"}],"wp:attachment":[{"href":"https:\/\/www.big-animals.com\/pl\/wp-json\/wp\/v2\/media?parent=662"}],"curies":[{"name":"wp","href":"https:\/\/api.w.org\/{rel}","templated":true}]}}