{"id":10,"date":"2011-05-09T08:57:02","date_gmt":"2011-05-09T08:57:02","guid":{"rendered":""},"modified":"2014-07-03T19:35:29","modified_gmt":"2014-07-03T19:35:29","slug":"lagosta-americana-o-maior-artropode-do-mundo","status":"publish","type":"page","link":"https:\/\/www.big-animals.com\/pt\/lagosta-americana-o-maior-artropode-do-mundo\/","title":{"rendered":"A lagosta americana &#8211; O artr\u00f3pode mais pesado do mundo"},"content":{"rendered":"<p><strong>Informa\u00e7\u00e3o sobre a Lagosta Americana<\/strong><\/p>\n<p>A Lagosta americana, Cientificamente chamada de\u00a0<em>Homarus Americanus<\/em>\u00e9 encontrada na costa do oceano Atl\u00e2ntico na Am\u00e9rica do Norte. Vivem muito bem em \u00e1guas frias e rasas, onde tem muitas pedras e lugares para se esconder dos predadores. Elas se alimentam de peixes, pequenos crust\u00e1ceos e moluscos. Elas s\u00e3o ativas durante a noite e dormem durante o dia. Geralmente \u00a0 tem um corpo que mede de 20cm a 60 cm de comprimento e pesam de 1\/2 a 4 kg. Contudo, algumas lagostas americanas j\u00e1 capturadas, mediam mais de 1 metro e pesavam 22 kg ou mais. Isso faz da lagosta americana o crust\u00e1ceo mais pesado \u2013 e com certeza, o <a title=\"Os maiores Artr\u00f3podes do mundo.\" href=\"http:\/\/www.big-animals.com\/pt\/a-mundos-maior-artropodes\/\">artr\u00f3pode<\/a> mais pesado\u00a0\u2013 do mundo!<\/p>\n<p>As lagostas americanas s\u00e3o crust\u00e1ceos.\u00a0<a href=\"http:\/\/www.big-animals.com\/Crustaceans.html\">Crust\u00e1ceos<\/a>\u00a0pertencem a uma enorme cole\u00e7\u00e3o de\u00a0animais, chamado de \u00a0<em>Artr\u00f3podes<\/em>, os quais inclui milh\u00f5es de diferente esp\u00e9cies de insetos, como, aranhas, mil\u00edpedes e crust\u00e1ceos &#8211; Assim, a lagosta americana \u00e9 o animal mais pesado em um campo com milh\u00f5es de concorrentes.\u00a0\u00a0 A lagosta americana pertence ao grupo de crust\u00e1ceos chamado\u00a0<em>Dec\u00e1podes<\/em>, que significa &#8220;10 p\u00e9s&#8221; e tamb\u00e9m inclui a maioria dos crust\u00e1ceos que estamos familiarizados &#8211; como caranguejos e camar\u00f5es.\u00a0\u00a0 Dentro dos Dec\u00e1podes, os 400 tipos ou mais de lagostas e lagostins s\u00e3o colocados em um grupo pr\u00f3prio &#8211; Os cientistas chamam de<em>Astacidae<\/em>\u00a0\u2013 para diferencia-los dos caranguejos e camar\u00f5es. Assim, a Lagosta Americana, sendo o artr\u00f3pode mais pesado, \u00e9 tamb\u00e9m<\/p>\n<ul>\n<li>o crust\u00e1ceo mais pesado,<\/li>\n<li>O Dec\u00e1pode mais pesado,<\/li>\n<li>A maior lagosta e mais pesada.<\/li>\n<\/ul>\n<p>O maior Dec\u00e1pode e crust\u00e1ceo \u00e9 o caranguejo, \u00a0<a href=\"http:\/\/www.big-animals.com\/Japanese-Spider-Crab.html\">o Caranguejo-aranha-gigante<\/a>. \u00c9 mais leve que a lagosta americana, mas, suas longas pernas finas fazem dele um gigante!<\/p>\n<p><strong>Como a lagosta faz a ecdise<\/strong><\/p>\n<p><span style=\"width: 350px;float: right\"><br \/>\n<img loading=\"lazy\" decoding=\"async\" src=\"http:\/\/ba.dr-mikes-maths.com\/\/wp-content\/themes\/twentyten\/images\/ba\/american-lobster.jpg\" alt=\"American Lobster\" width=\"350\" height=\"230\" \/><br \/>\n<strong>A lagosta americana \u00e9 o artr\u00f3pode mais pesado do mundo!<\/strong><\/span><\/p>\n<p>&nbsp;<\/p>\n<p>A lagosta n\u00e3o pode crescer em sua casca dura, ent\u00e3o, tem que subtitui-la quando querem crescer mais. Esses processo \u00e9 chamado de \u00a0<em>muda ou ecdise<\/em>. A muda ocorre duas ou tr\u00eas vezes por ano enquanto ainda s\u00e3o jovens e apenas uma vez ao ano ou menos\u00a0quando s\u00e3o adultas. S\u00e3o consideradas\u00a0adultas quando elas tem de quatro a sete anos de idade. A ecdise ocorre da seguinte maneira &#8211; primeiro elas crescem uma nova e macia casca embaixo da velha. A antiga\u00a0fica muito dura e escura, finalmente\u00a0se parte e cai. A lagosta em seguida puxa suas garras e cauda da velha \u00a0casca. A nova casca expande e fica dura.<\/p>\n<p><strong>Os olhos, boca e pernas da lagosta americana<\/strong><\/p>\n<p>Elas tem antenas longas e potentes que as ajudam a sentir o que est\u00e1 acontecendo ao seu redor. Elas tem um \u00f3rg\u00e3o sensorial especial\u00a0que ajuda a lagosta a localizar\u00a0a dire\u00e7\u00e3o de um cheiro . Elas tamb\u00e9m podem avaliar a velocidade da \u00e1gua. Tem olhos extraordin\u00e1rios e uma boca multiuso.\u00a0 A boca\u00a0n\u00e3o s\u00f3 usada para comer e cavar, tamb\u00e9m pode se transformar em\u00a0uma cunha para empurrar cascalho e areia ou para transportar pequenas pedras. A sua boca pode at\u00e9 ajuda-las a se locomover quando elas perdem as garras e as pernas em uma luta.<\/p>\n<p>O primeiro par de dez pernas da lagosta s\u00e3o chamados de garras e s\u00e3o geralmente usadas para ca\u00e7ar e lutar. N\u00e3o s\u00e3o usadas para se locomover. As oito pernas restantes s\u00e3o usadas para andar.\u00a0 Elas preferem viver sozinhas, Se duas lagostas se encontram, elas v\u00e3o comparar seus tamanhos. Geralmente a mais fraca e menor\u00a0recua. Se as duas lagostas s\u00e3o igualmente fortes e grandes, elas v\u00e3o duelar at\u00e9 que uma delas decide se render. Que esp\u00edrito de luta!<\/p>\n<p>A lagosta americana\u00a0p\u00f5e ovos e pode viver at\u00e9 50 anos.<\/p>\n<p><strong>Comendo Lagostas<\/strong><\/p>\n<p>Bacalhau adora comer esse tipo de lagosta, mas, a criatura que mais come lagosta \u00e9 o homem. Lagosta americana \u00e9 um prato bem requisitado. Elas podem ser\u00a0fervidas ou cozidas no vapor \u2013 mas devem ser\u00a0mantidas vivas at\u00e9 o cozimento, para que estejam frescas. No entanto, elas podem ser seguramente congeladas e refrigeradas antes de comer. lagostas s\u00e3o geralmente cozidas vivas. Algumas pessoas acham que isso \u00e9 muito cruel,\u00a0 assim se recusam a come-las.<\/p>\n","protected":false},"excerpt":{"rendered":"<p>Informa\u00e7\u00e3o sobre a Lagosta Americana A Lagosta americana, Cientificamente chamada de\u00a0Homarus Americanus\u00e9 encontrada na costa do oceano Atl\u00e2ntico na Am\u00e9rica do Norte. Vivem muito bem em \u00e1guas frias e rasas, onde tem muitas pedras e lugares para se esconder dos predadores. Elas se alimentam de peixes, pequenos crust\u00e1ceos e moluscos. Elas s\u00e3o ativas durante a &hellip; <a href=\"https:\/\/www.big-animals.com\/pt\/lagosta-americana-o-maior-artropode-do-mundo\/\" class=\"more-link\">Continue reading <span class=\"screen-reader-text\">A lagosta americana &#8211; O artr\u00f3pode mais pesado do mundo<\/span><\/a><\/p>\n","protected":false},"author":1,"featured_media":0,"parent":0,"menu_order":0,"comment_status":"closed","ping_status":"open","template":"","meta":{"_acf_changed":false,"footnotes":""},"acf":[],"_links":{"self":[{"href":"https:\/\/www.big-animals.com\/pt\/wp-json\/wp\/v2\/pages\/10"}],"collection":[{"href":"https:\/\/www.big-animals.com\/pt\/wp-json\/wp\/v2\/pages"}],"about":[{"href":"https:\/\/www.big-animals.com\/pt\/wp-json\/wp\/v2\/types\/page"}],"author":[{"embeddable":true,"href":"https:\/\/www.big-animals.com\/pt\/wp-json\/wp\/v2\/users\/1"}],"replies":[{"embeddable":true,"href":"https:\/\/www.big-animals.com\/pt\/wp-json\/wp\/v2\/comments?post=10"}],"version-history":[{"count":4,"href":"https:\/\/www.big-animals.com\/pt\/wp-json\/wp\/v2\/pages\/10\/revisions"}],"predecessor-version":[{"id":361,"href":"https:\/\/www.big-animals.com\/pt\/wp-json\/wp\/v2\/pages\/10\/revisions\/361"}],"wp:attachment":[{"href":"https:\/\/www.big-animals.com\/pt\/wp-json\/wp\/v2\/media?parent=10"}],"curies":[{"name":"wp","href":"https:\/\/api.w.org\/{rel}","templated":true}]}}