{"id":101,"date":"2011-06-17T23:23:46","date_gmt":"2011-06-17T23:23:46","guid":{"rendered":""},"modified":"2011-06-17T23:23:46","modified_gmt":"2011-06-17T23:23:46","slug":"waders","status":"publish","type":"page","link":"https:\/\/www.big-animals.com\/pt\/waders\/","title":{"rendered":"Waders"},"content":{"rendered":"<figure id=\"attachment_1359\" aria-describedby=\"caption-attachment-1359\" style=\"width: 251px\" class=\"wp-caption alignright\"><a href=\"http:\/\/www.big-animals.com\/wp-content\/uploads\/2011\/06\/Sandpiper.jpg\"><img loading=\"lazy\" decoding=\"async\" class=\"size-full wp-image-1359 gts_attribute gts_attribute_1_alt gts_attribute_2_title\" title=\"A Sandpiper \u00e9 um t\u00edpico Wader\" src=\"http:\/\/www.big-animals.com\/wp-content\/uploads\/2011\/06\/Sandpiper.jpg\" alt=\"A Sandpiper \u00e9 um t\u00edpico Wader\" width=\"251\" height=\"193\" \/><\/a><figcaption id=\"caption-attachment-1359\" class=\"wp-caption-text\">The Sandpiper is a typical Wader<\/figcaption><\/figure>\n<p><span id=\"gts_text_1\" class=\"gts_text\">Aves pernaltas tamb\u00e9m s\u00e3o chamadas de litoral.<\/span> <span id=\"gts_text_2\" class=\"gts_text\">Este grupo de<a title=\"The World\u2019s Biggest Birds!\" href=\"..\/the-worlds-biggest-birds\/\" class=\" gts_attribute gts_attribute_3_title\"> aves<\/a> inclui aves que vivem perto da Costa do mar ou lagos, mas n\u00e3o incluem aves como cegonhas e gar\u00e7as (que s\u00e3o maiores) ou aves mais adaptados \u00e0 vida do oceano (como gaivotas).<\/span> <span id=\"gts_text_3\" class=\"gts_text\">H\u00e1 210 esp\u00e9cies de aves pernaltas no mundo.<\/span> <span id=\"gts_text_4\" class=\"gts_text\">Eles gostam de zonas h\u00famidas ou \u00e1rea costeira.<\/span> <span id=\"gts_text_5\" class=\"gts_text\">A maioria das esp\u00e9cies \u00e1rticas e temperadas migra mas tropical queridos tendem a ficar colocado em um lugar ou movimento de acordo com a Quanta chuva l\u00e1 \u00e9.<\/span><\/p>\n<p><span id=\"gts_text_6\" class=\"gts_text\">A maioria deles come pequenos invertebrados que encontram na lama.<\/span> <span id=\"gts_text_7\" class=\"gts_text\">Diferentes aves pernaltas ter\u00e1 diferentes comprimentos de facturas.<\/span> <span id=\"gts_text_8\" class=\"gts_text\">Assim, eles s\u00e3o capazes de pegar o alimento de Lama no mesmo lugar sem competir uns com os outros.<\/span> <span id=\"gts_text_9\" class=\"gts_text\">Eles t\u00eam um nervo sens\u00edvel no final de suas contas que eles usam para localizar suas presas na lama ou no solo.<\/span><\/p>\n<p><span id=\"gts_text_10\" class=\"gts_text\">Maiores Waders v\u00e3o comer presas maiores como insetos e pequenos r\u00e9pteis.<\/span> <span id=\"gts_text_11\" class=\"gts_text\">Essas maiores s\u00e3o capazes de viver em habitats mais secas.\u00a0No entanto, os mais pequenos v\u00e3o viver perto da zona costeira como os sandpipers.<\/span><\/p>\n<p><span id=\"gts_text_12\" class=\"gts_text\">A maior esp\u00e9cie \u00e9 <a title=\"Far Eastern Curlew\" href=\"http:\/\/www.big-animals.com\/far-eastern-curlew\/\" class=\" gts_attribute gts_attribute_4_title\">Curlew do Extremo Oriente<\/a>.<\/span> <span id=\"gts_text_13\" class=\"gts_text\">\u00c9 cerca de 63 cm (25inches) e 860grams (1. 9 libras).<\/span> <span id=\"gts_text_14\" class=\"gts_text\">O <a title=\"Beach Stone Curlew\" href=\"http:\/\/www.big-animals.com\/beach-stone-curlew\/\" class=\" gts_attribute gts_attribute_5_title\">Alcarav\u00e3o de praia<\/a>ou praia Thick-Knee \u00e9 o mais pesado em cerca de 1 kg (2,2 lb).<\/span><\/p>\n<p><span id=\"gts_text_15\" class=\"gts_text\">\u00a0<\/span><\/p>\n","protected":false},"excerpt":{"rendered":"<p><html><head><\/head><body><\/body><\/html><\/p>\n","protected":false},"author":1,"featured_media":0,"parent":0,"menu_order":0,"comment_status":"closed","ping_status":"open","template":"","meta":{"_acf_changed":false,"footnotes":""},"acf":[],"_links":{"self":[{"href":"https:\/\/www.big-animals.com\/pt\/wp-json\/wp\/v2\/pages\/101"}],"collection":[{"href":"https:\/\/www.big-animals.com\/pt\/wp-json\/wp\/v2\/pages"}],"about":[{"href":"https:\/\/www.big-animals.com\/pt\/wp-json\/wp\/v2\/types\/page"}],"author":[{"embeddable":true,"href":"https:\/\/www.big-animals.com\/pt\/wp-json\/wp\/v2\/users\/1"}],"replies":[{"embeddable":true,"href":"https:\/\/www.big-animals.com\/pt\/wp-json\/wp\/v2\/comments?post=101"}],"version-history":[{"count":1,"href":"https:\/\/www.big-animals.com\/pt\/wp-json\/wp\/v2\/pages\/101\/revisions"}],"predecessor-version":[{"id":339,"href":"https:\/\/www.big-animals.com\/pt\/wp-json\/wp\/v2\/pages\/101\/revisions\/339"}],"wp:attachment":[{"href":"https:\/\/www.big-animals.com\/pt\/wp-json\/wp\/v2\/media?parent=101"}],"curies":[{"name":"wp","href":"https:\/\/api.w.org\/{rel}","templated":true}]}}