{"id":108,"date":"2011-07-02T22:40:15","date_gmt":"2011-07-02T22:40:15","guid":{"rendered":""},"modified":"2011-07-02T22:40:15","modified_gmt":"2011-07-02T22:40:15","slug":"galliformes","status":"publish","type":"page","link":"https:\/\/www.big-animals.com\/pt\/galliformes\/","title":{"rendered":"Galliformes"},"content":{"rendered":"<p><html><head><\/head><body><figure id=\"attachment_1444\" aria-describedby=\"caption-attachment-1444\" style=\"width: 159px\" class=\"wp-caption alignright\"><a href=\"http:\/\/www.big-animals.com\/wp-content\/uploads\/2011\/07\/Chickens.jpg\"><img loading=\"lazy\" decoding=\"async\" class=\"size-medium wp-image-1444 gts_attribute gts_attribute_1_alt gts_attribute_2_title\" title=\"Frango s\u00e3o t\u00edpicos Galliformes\" src=\"http:\/\/www.big-animals.com\/wp-content\/uploads\/2011\/07\/Chickens-159x300.jpg\" alt=\"Frango s\u00e3o t\u00edpicos Galliformes\" width=\"159\" height=\"300\" \/><\/a><figcaption id=\"caption-attachment-1444\" class=\"wp-caption-text\">Chicken are Typical Galliformes<\/figcaption><\/figure><\/p>\n<p><span id=\"gts_text_1\" class=\"gts_text\">Galliformes \u00e9 uma ordem de revitalizada-bodied, solo-alimentando <a title=\"The World\u2019s Biggest Birds!\" href=\"http:\/\/www.big-animals.com\/the-worlds-biggest-birds\/\" class=\" gts_attribute gts_attribute_3_title\">p\u00e1ssaros<\/a>.<\/span> <span id=\"gts_text_2\" class=\"gts_text\">Eles t\u00eam pequenas cabe\u00e7as, p\u00e9s fortes e muitas vezes t\u00eam notas curtas e asas curtas.<\/span> <span id=\"gts_text_3\" class=\"gts_text\">Eles s\u00e3o aves como frango.<\/span> <span id=\"gts_text_4\" class=\"gts_text\">Os machos adultos possuem Espora afiada na parte de tr\u00e1s de cada perna como uma arma.<\/span> <span id=\"gts_text_5\" class=\"gts_text\">Esta ordem cont\u00e9m perus, grouses, frangos, codorniz, ptarmigans, perdizes, fais\u00f5es e o cracidae.<\/span><\/p>\n<p><span id=\"gts_text_6\" class=\"gts_text\">Eles variam em tamanho de t\u00e3o pequena quanto 12,5 cm (Sin) para os de grande porte cerca de 120 cm (47in).<\/span> <span id=\"gts_text_7\" class=\"gts_text\">O menor \u00e9 a codorniz azul asi\u00e1ticos.<\/span> <span id=\"gts_text_8\" class=\"gts_text\">\u00c9 cerca de 12,5 cm (Sin) de comprimento e pesa entre 28-40 g (1-1.4 oz).<\/span> <span id=\"gts_text_9\" class=\"gts_text\">O maior galliforme \u00e9 o <a title=\"North American Wild Turkey\" href=\"http:\/\/www.big-animals.com\/north-american-wild-turkey\/\" class=\" gts_attribute gts_attribute_4_title\">North American Wild Turkey<\/a> que pesa tanto 14 kg (30,5 lbs) e pode ser maior do que o comprimento de 120 cm (47in)!<\/span> <span id=\"gts_text_10\" class=\"gts_text\">A maior extens\u00e3o de asa de qualquer ave galliforme \u00e9 o <a title=\"Green Peafowl\" href=\"http:\/\/www.big-animals.com\/green-peafowl\/\" class=\" gts_attribute gts_attribute_5_title\">Pav\u00e3o de verde<\/a>.<\/span> <span id=\"gts_text_11\" class=\"gts_text\">Ele pode alcan\u00e7ar mais de 183 cent\u00edmetros (6 p\u00e9s) de comprimento, o que inclui sua cauda longa.<\/span><\/p>\n<p><span id=\"gts_text_12\" class=\"gts_text\">Este grupo tem mais de 250 esp\u00e9cies de vida.<\/span> <span id=\"gts_text_13\" class=\"gts_text\">Eles s\u00e3o encontrados em cada parte de todos os continentes, exceto para desertos extremamente secos e extremamente fria coloca como o \u00c1rtico e a Ant\u00e1rtida.<\/span> <span id=\"gts_text_14\" class=\"gts_text\">Eles s\u00e3o muito raros nas ilhas, a menos que os seres humanos trouxeram para as ilhas.<\/span> <span id=\"gts_text_15\" class=\"gts_text\">Algumas esp\u00e9cies de Galliformes t\u00eam sido domesticadas pelos seres humanos.<\/span><\/p>\n<p><span id=\"gts_text_16\" class=\"gts_text\">Eles desempenharam um papel importante como dispersores de sementes e predadores.<\/span> <span id=\"gts_text_17\" class=\"gts_text\">Eles s\u00e3o muitas vezes criados como aves de ca\u00e7a por seres humanos.<\/span> <span id=\"gts_text_18\" class=\"gts_text\">Os seres humanos tamb\u00e9m dependem deles para carne e ovos.<\/span> <span id=\"gts_text_19\" class=\"gts_text\">Todos eles s\u00e3o bons corredores.<\/span> <span id=\"gts_text_20\" class=\"gts_text\">Eles n\u00e3o podem voar longe como um falc\u00e3o.<\/span> <span id=\"gts_text_21\" class=\"gts_text\">Eles s\u00f3 podem voar algumas centenas de p\u00e9s apenas para fugir do perigo.<\/span> <span id=\"gts_text_22\" class=\"gts_text\">Eles andam e correr em vez disso.<\/span> <span id=\"gts_text_23\" class=\"gts_text\">Eles vivem entre 5 a 8 anos nos selvagens e at\u00e9 30 anos em cativeiro.<\/span> <span id=\"gts_text_24\" class=\"gts_text\">Eles adoram florestas e prados.<\/span> <span id=\"gts_text_25\" class=\"gts_text\">Os machos s\u00e3o mais coloridos do que as f\u00eameas.<\/span> <span id=\"gts_text_26\" class=\"gts_text\">A maioria deles prefere permanecer posto em um s\u00f3 lugar.<\/span><\/p>\n<p><span id=\"gts_text_27\" class=\"gts_text\">O Galliforme feminino ovos de 3 a 16 por ano.<\/span> <span id=\"gts_text_28\" class=\"gts_text\">Ela constr\u00f3i seu ninho no ch\u00e3o ou em baixas baixas mentir \u00e1rvores.<\/span> <span id=\"gts_text_29\" class=\"gts_text\">Eles comem frutas, sementes, folhas, brotos, flores, tub\u00e9rculos, ra\u00edzes, insetos, carac\u00f3is, worms, lagartos, cobras, pequenos roedores e ovos.<\/span> <span id=\"gts_text_30\" class=\"gts_text\">Eles engolir pequenas pedras regularmente para ajud\u00e1-los a digerir alimentos adequadamente.<\/span><\/p>\n<p><span id=\"gts_text_31\" class=\"gts_text\">Galliformes que permanecem sobre os campos de altitude ter pesco\u00e7os longos e finos, pernas longas e grandes asas ampla.<\/span> <span id=\"gts_text_32\" class=\"gts_text\">Por exemplo, a Turquia selvagem e Crested Fireback fais\u00e3o.<\/span> <span id=\"gts_text_33\" class=\"gts_text\">Galliformes herb\u00edvoros e on\u00edvoros ligeiramente tendem a ser gordo e tem curtas espessura contas.<\/span> <span id=\"gts_text_34\" class=\"gts_text\">Eles s\u00e3o triturados alimentando p\u00e1ssaros.<\/span> <span id=\"gts_text_35\" class=\"gts_text\">Eles gostam de comer urze brotos.<\/span> <span id=\"gts_text_36\" class=\"gts_text\">Os jovens v\u00e3o comer insetos tamb\u00e9m.<\/span><\/p>\n<p><span id=\"gts_text_37\" class=\"gts_text\">Eles sobrevivem bem no frio.<\/span> <span id=\"gts_text_38\" class=\"gts_text\">Quando est\u00e1 frio, eles ser\u00e3o menos ativos para salvar seu calor do corpo.<\/span> <span id=\"gts_text_39\" class=\"gts_text\">Eles tamb\u00e9m v\u00e3o descansar sob a neve e criar uma condi\u00e7\u00e3o quente que conserva o calor.<\/span><\/p>\n<p><span id=\"gts_text_40\" class=\"gts_text\">\u00a0<\/span><\/body><\/html><\/p>\n","protected":false},"excerpt":{"rendered":"<p><html><head><\/head><body><\/body><\/html><\/p>\n","protected":false},"author":1,"featured_media":0,"parent":0,"menu_order":0,"comment_status":"closed","ping_status":"open","template":"","meta":{"_acf_changed":false,"footnotes":""},"acf":[],"_links":{"self":[{"href":"https:\/\/www.big-animals.com\/pt\/wp-json\/wp\/v2\/pages\/108"}],"collection":[{"href":"https:\/\/www.big-animals.com\/pt\/wp-json\/wp\/v2\/pages"}],"about":[{"href":"https:\/\/www.big-animals.com\/pt\/wp-json\/wp\/v2\/types\/page"}],"author":[{"embeddable":true,"href":"https:\/\/www.big-animals.com\/pt\/wp-json\/wp\/v2\/users\/1"}],"replies":[{"embeddable":true,"href":"https:\/\/www.big-animals.com\/pt\/wp-json\/wp\/v2\/comments?post=108"}],"version-history":[{"count":0,"href":"https:\/\/www.big-animals.com\/pt\/wp-json\/wp\/v2\/pages\/108\/revisions"}],"wp:attachment":[{"href":"https:\/\/www.big-animals.com\/pt\/wp-json\/wp\/v2\/media?parent=108"}],"curies":[{"name":"wp","href":"https:\/\/api.w.org\/{rel}","templated":true}]}}