{"id":11,"date":"2011-05-09T08:58:58","date_gmt":"2011-05-09T08:58:58","guid":{"rendered":""},"modified":"2015-09-07T05:48:19","modified_gmt":"2015-09-07T05:48:19","slug":"the-unnamed-giant-costa-rican-velvet-worm","status":"publish","type":"page","link":"https:\/\/www.big-animals.com\/pt\/the-unnamed-giant-costa-rican-velvet-worm\/","title":{"rendered":"O Verme-Aveludado Gigante Costa Riquenho sem Nome"},"content":{"rendered":"<p><span class=\"gts_text\">Os\u00a0<a href=\"http:\/\/www.big-animals.com\/pt\/vermes-aveludados-gigantes\/\">Vermes Aveludados<\/a> s\u00e3o um grupo de animais que s\u00e3o t\u00e3o diferentes dos outros animais que os cientistas deram-lhes\u00a0seu pr\u00f3prio filo (chamado Onychophora).\u00a0<\/span>A maioria deles tem somente 3-5 cent\u00edmetros de comprimento, mas o maior de todos \u00e9 um Verme-Aveludado enorme &#8211; de at\u00e9 22 cent\u00edmetros de comprimento! Os beb\u00eas desta esp\u00e9cie s\u00e3o maiores que os adultos da maioria dos outros tipos!<\/p>\n<p><span id=\"gts_text_4\" class=\"gts_text\">Este Verme-Aveludado\u00a0gigantesco vive nas selvas da Costa Rica e n\u00e3o p\u00f5e ovos. <\/span><span id=\"gts_text_5\" class=\"gts_text\">Voc\u00ea pode ver uma <a href=\"http:\/\/www.biologia.ucr.ac.cr\/rbt\/attachments\/onicof\/news2000.htm\">foto dele aqui<\/a>. Ele foi<\/span><span id=\"gts_text_6\" class=\"gts_text\">\u00a0descoberto por um bi\u00f3logo chamado Alejandro Sol\u00f3rzano.<\/span><\/p>\n<p><span id=\"gts_text_9\" class=\"gts_text\">Voc\u00ea pode estar se perguntando uma coisa &#8211; como se chama este enorme Verme-Aveludado? E a m\u00e1 not\u00edcia \u00e9 &#8211; a pobre criatura n\u00e3o tem nome! Informalmente, os especialistas da \u00e1rea\u00a0o chamam de\u00a0Verme-Aveludado Gigante. <\/span><span id=\"gts_text_10\" class=\"gts_text\">No entanto, este\u00a0n\u00e3o pode ser seu nome oficial at\u00e9 que um cientista tenha\u00a0tempo para estudar a criatura e escrever uma disserta\u00e7\u00e3o\u00a0a seu respeito para outro cientista ler. Nesta disserta\u00e7\u00e3o<\/span><span id=\"gts_text_11\" class=\"gts_text\">\u00a0o<\/span><span id=\"gts_text_12\" class=\"gts_text\">\u00a0cientista vai decidir o nome oficial para este Verme-Aveludado gigante. <\/span><span id=\"gts_text_13\" class=\"gts_text\">Ele ou ela poder\u00e1 cham\u00e1-lo de\u00a0&#8220;Verme-Aveludado Gigante&#8221;,\u00a0mas tamb\u00e9m poder\u00e1\u00a0cham\u00e1-lo de &#8220;Verme-Aveludado de Sol\u00f3rzano&#8221;. <\/span><span id=\"gts_text_14\" class=\"gts_text\">At\u00e9 que o cientista certo\u00a0escreva esta disserta\u00e7\u00e3o, esta pobre maravilha da Costa Rica\u00a0continuar\u00e1 sem um nome!<\/span><\/p>\n","protected":false},"excerpt":{"rendered":"<p>Os\u00a0Vermes Aveludados s\u00e3o um grupo de animais que s\u00e3o t\u00e3o diferentes dos outros animais que os cientistas deram-lhes\u00a0seu pr\u00f3prio filo (chamado Onychophora).\u00a0A maioria deles tem somente 3-5 cent\u00edmetros de comprimento, mas o maior de todos \u00e9 um Verme-Aveludado enorme &#8211; de at\u00e9 22 cent\u00edmetros de comprimento! Os beb\u00eas desta esp\u00e9cie s\u00e3o maiores que os adultos &hellip; <a href=\"https:\/\/www.big-animals.com\/pt\/the-unnamed-giant-costa-rican-velvet-worm\/\" class=\"more-link\">Continue reading <span class=\"screen-reader-text\">O Verme-Aveludado Gigante Costa Riquenho sem Nome<\/span><\/a><\/p>\n","protected":false},"author":1,"featured_media":0,"parent":0,"menu_order":0,"comment_status":"closed","ping_status":"open","template":"","meta":{"_acf_changed":false,"footnotes":""},"acf":[],"_links":{"self":[{"href":"https:\/\/www.big-animals.com\/pt\/wp-json\/wp\/v2\/pages\/11"}],"collection":[{"href":"https:\/\/www.big-animals.com\/pt\/wp-json\/wp\/v2\/pages"}],"about":[{"href":"https:\/\/www.big-animals.com\/pt\/wp-json\/wp\/v2\/types\/page"}],"author":[{"embeddable":true,"href":"https:\/\/www.big-animals.com\/pt\/wp-json\/wp\/v2\/users\/1"}],"replies":[{"embeddable":true,"href":"https:\/\/www.big-animals.com\/pt\/wp-json\/wp\/v2\/comments?post=11"}],"version-history":[{"count":4,"href":"https:\/\/www.big-animals.com\/pt\/wp-json\/wp\/v2\/pages\/11\/revisions"}],"predecessor-version":[{"id":400,"href":"https:\/\/www.big-animals.com\/pt\/wp-json\/wp\/v2\/pages\/11\/revisions\/400"}],"wp:attachment":[{"href":"https:\/\/www.big-animals.com\/pt\/wp-json\/wp\/v2\/media?parent=11"}],"curies":[{"name":"wp","href":"https:\/\/api.w.org\/{rel}","templated":true}]}}