{"id":110,"date":"2011-07-03T08:57:08","date_gmt":"2011-07-03T08:57:08","guid":{"rendered":""},"modified":"2011-07-03T08:57:08","modified_gmt":"2011-07-03T08:57:08","slug":"verde-pavao","status":"publish","type":"page","link":"https:\/\/www.big-animals.com\/pt\/verde-pavao\/","title":{"rendered":"Peafowl verde"},"content":{"rendered":"<figure id=\"attachment_1451\" aria-describedby=\"caption-attachment-1451\" style=\"width: 300px\" class=\"wp-caption alignleft\"><a href=\"http:\/\/www.big-animals.com\/wp-content\/uploads\/2011\/07\/Green_Peafowl.jpg\"><img loading=\"lazy\" decoding=\"async\" class=\"size-medium wp-image-1451 gts_attribute gts_attribute_1_alt gts_attribute_3_title\" title=\"O pav\u00e3o verde - fotografia por JJ Harrison\" src=\"http:\/\/www.big-animals.com\/wp-content\/uploads\/2011\/07\/Green_Peafowl-300x199.jpg\" alt=\"O pav\u00e3o verde - fotografia por JJ Harrison\" width=\"300\" height=\"199\" \/><\/a><figcaption id=\"caption-attachment-1451\" class=\"wp-caption-text\">The Green Peafowl - photograph by JJ Harrison<\/figcaption><\/figure>\n<p><span id=\"gts_text_1\" class=\"gts_text\">O pav\u00e3o verde tem a maior envergadura de qualquer <a title=\"Galliformes\" href=\"http:\/\/www.big-animals.com\/galliformes\/\" class=\" gts_attribute gts_attribute_4_title\">galliforme<\/a> <a title=\"The World\u2019s Biggest Birds!\" href=\"http:\/\/www.big-animals.com\/the-worlds-biggest-birds\/\" class=\" gts_attribute gts_attribute_5_title\">Ave<\/a>.<\/span> <span id=\"gts_text_2\" class=\"gts_text\">O macho cresce at\u00e9 3 metros (10 p\u00e9s) de comprimento, incluindo o <em>trem<\/em> &#8211; suas penas da cauda longa &#8211; e pesa at\u00e9 5 kg (11 libras).<\/span> <span id=\"gts_text_3\" class=\"gts_text\">A f\u00eamea \u00e9 1,1 m (3.5 ft) de comprimento e pesa cerca de 2,4 kg (5 lbs).<\/span> <span id=\"gts_text_4\" class=\"gts_text\">Ele tem uma grande envergadura de cerca de 1,2 m (4 p\u00e9s).<\/span> <span id=\"gts_text_5\" class=\"gts_text\">\u00c9 capaz de voar longas dist\u00e2ncias.<\/span><\/p>\n<p><span id=\"gts_text_6\" class=\"gts_text\">Ele pode ser encontrado nas florestas tropicais do Sudeste da \u00c1sia, por exemplo, na Mal\u00e1sia e Java.<\/span> <span id=\"gts_text_7\" class=\"gts_text\">Ele est\u00e1 intimamente relacionado com o Indian Peafowl ou Blue Peafowl que pode ser encontrado na \u00cdndia.<\/span> <span id=\"gts_text_8\" class=\"gts_text\">Quanto aos seus primos azuis, o Peafowl verde masculino s\u00e3o chamados de pav\u00f5es e as f\u00eameas s\u00e3o chamadas de PAVOAS.<\/span><\/p>\n<figure id=\"attachment_1452\" aria-describedby=\"caption-attachment-1452\" style=\"width: 226px\" class=\"wp-caption alignright\"><a href=\"http:\/\/www.big-animals.com\/wp-content\/uploads\/2011\/07\/Green_Peafowl_and_Human.png\"><img loading=\"lazy\" decoding=\"async\" class=\"size-medium wp-image-1452 gts_attribute gts_attribute_2_alt gts_attribute_6_title\" title=\"Verde pav\u00e3o e humanos\" src=\"http:\/\/www.big-animals.com\/wp-content\/uploads\/2011\/07\/Green_Peafowl_and_Human-226x300.png\" alt=\"Verde pav\u00e3o e humanos\" width=\"226\" height=\"300\" \/><\/a><figcaption id=\"caption-attachment-1452\" class=\"wp-caption-text\">Green Peafowl and Human<\/figcaption><\/figure>\n<p><span id=\"gts_text_9\" class=\"gts_text\">O pav\u00e3o verde masculino \u00e9 mais brilhante de cor que o pav\u00e3o verde feminino.<\/span> <span id=\"gts_text_10\" class=\"gts_text\">As f\u00eameas olhar mais ma\u00e7ante e carecem de um tri\u00e2ngulo de penas verdes no ombro de asa.<\/span> <span id=\"gts_text_11\" class=\"gts_text\">Ela tem barriga marrom-escuro e uma cauda com linhas onduladas p\u00e1lidas nele.<\/span> <span id=\"gts_text_12\" class=\"gts_text\">Os machos tem muito tempo, crista na posi\u00e7\u00e3o vertical, brilhantes verde-brilhante penas com escalas-escuro e marrom-escuro-asas.<\/span> <span id=\"gts_text_13\" class=\"gts_text\">Os machos e as f\u00eameas t\u00eam cauda cristas pontiagudas, pernas longas e t\u00eam asas pesadas e longa cauda.<\/span><\/p>\n<p><span id=\"gts_text_14\" class=\"gts_text\">As f\u00eameas aninham no terreno e estabelecer entre 3 a 5 ovos cada vez.<\/span> <span id=\"gts_text_15\" class=\"gts_text\">\u00c9 a m\u00e3e que assume plena responsabilidade para cuidar de suas crias.<\/span> <span id=\"gts_text_16\" class=\"gts_text\">Eles geralmente gastam tempo em ou perto de terra com gram\u00edneas altas.<\/span> <span id=\"gts_text_17\" class=\"gts_text\">Eles v\u00e3o descansar em \u00e1rvores que s\u00e3o t\u00e3o elevados como 10 a 15 m (33-50 p\u00e9s).<\/span> <span id=\"gts_text_18\" class=\"gts_text\">Os machos ir\u00e3o chamar de seu local de descanso ao amanhecer e anoitecer.<\/span><\/p>\n<p><span id=\"gts_text_19\" class=\"gts_text\">Eles comem frutas, invertebrados, r\u00e9pteis e outros pequenos animais.<\/span> <span id=\"gts_text_20\" class=\"gts_text\">Eles s\u00e3o mesmo capazes de cobras venenosas de ca\u00e7a.<\/span> <span id=\"gts_text_21\" class=\"gts_text\">Assim, \u00e9 bom ter um no seu quintal para manter as cobras afastado!<\/span> <span id=\"gts_text_22\" class=\"gts_text\">Carrapatos, cupins, p\u00e9talas de flores, folhas de gomos e bagas tamb\u00e9m s\u00e3o alimentos preferidos do adulto Peafowl verde.<\/span> <span id=\"gts_text_23\" class=\"gts_text\">Seus predadores s\u00e3o o leopardo nebuloso, o gato de selva e o gato de pesca.<\/span><\/p>\n<p><span id=\"gts_text_24\" class=\"gts_text\">O pav\u00e3o verde \u00e9 uma esp\u00e9cie em extin\u00e7\u00e3o porque muita gente ter ca\u00e7ado-los para sua carne e penas, seus ovos e pintos e tamb\u00e9m porque seu habitat \u00e9 reduzida.<\/span> <span id=\"gts_text_25\" class=\"gts_text\">Infelizmente, \u00e9 considerado como uma praga por agricultores na China e Tail\u00e2ndia, para que eles tentem envenen\u00e1-lo.<\/span><\/p>\n<p><span id=\"gts_text_26\" class=\"gts_text\">\u00a0<\/span><\/p>\n<p><span id=\"gts_text_27\" class=\"gts_text\">\u00a0<\/span><\/p>\n","protected":false},"excerpt":{"rendered":"<p><html><head><\/head><body><\/body><\/html><\/p>\n","protected":false},"author":1,"featured_media":0,"parent":0,"menu_order":0,"comment_status":"closed","ping_status":"open","template":"","meta":{"_acf_changed":false,"footnotes":""},"acf":[],"_links":{"self":[{"href":"https:\/\/www.big-animals.com\/pt\/wp-json\/wp\/v2\/pages\/110"}],"collection":[{"href":"https:\/\/www.big-animals.com\/pt\/wp-json\/wp\/v2\/pages"}],"about":[{"href":"https:\/\/www.big-animals.com\/pt\/wp-json\/wp\/v2\/types\/page"}],"author":[{"embeddable":true,"href":"https:\/\/www.big-animals.com\/pt\/wp-json\/wp\/v2\/users\/1"}],"replies":[{"embeddable":true,"href":"https:\/\/www.big-animals.com\/pt\/wp-json\/wp\/v2\/comments?post=110"}],"version-history":[{"count":1,"href":"https:\/\/www.big-animals.com\/pt\/wp-json\/wp\/v2\/pages\/110\/revisions"}],"predecessor-version":[{"id":385,"href":"https:\/\/www.big-animals.com\/pt\/wp-json\/wp\/v2\/pages\/110\/revisions\/385"}],"wp:attachment":[{"href":"https:\/\/www.big-animals.com\/pt\/wp-json\/wp\/v2\/media?parent=110"}],"curies":[{"name":"wp","href":"https:\/\/api.w.org\/{rel}","templated":true}]}}