{"id":13,"date":"2011-05-09T09:01:49","date_gmt":"2011-05-09T09:01:49","guid":{"rendered":""},"modified":"2015-09-08T08:01:55","modified_gmt":"2015-09-08T08:01:55","slug":"the-mundos-maior-cartilaginosa-peixe","status":"publish","type":"page","link":"https:\/\/www.big-animals.com\/pt\/the-mundos-maior-cartilaginosa-peixe\/","title":{"rendered":"Os Maiores Peixes Cartilaginosos do Mundo!"},"content":{"rendered":"<p><span id=\"gts_text_1\" class=\"gts_text\"><strong>O que \u00e9 um peixe cartilaginoso?<\/strong><\/span><\/p>\n<p><span id=\"gts_text_2\" class=\"gts_text\">Peixes cartilaginosos s\u00e3o <a href=\"http:\/\/www.big-animals.com\/pt\/the-mundos-maior-peixe\/\">peixes<\/a> sem ossos. Ao inv\u00e9s de ossos eles tem um material mais flex\u00edvel, chamado <\/span><span id=\"gts_text_3\" class=\"gts_text\"><strong>cartilagem<\/strong>. <\/span><span id=\"gts_text_4\" class=\"gts_text\">Nossos esqueletos s\u00e3o formados\u00a0de ossos, mas n\u00f3s tamb\u00e9m temos cartilagem nos\u00a0nossos corpos. <\/span><span id=\"gts_text_5\" class=\"gts_text\">Por exemplo, se voc\u00ea segurar seu nariz e mexer-lo, voc\u00ea ver\u00e1 que a parte do meio \u00e9 um pouco dura, mas n\u00e3o tanto\u00a0quanto um osso. Isto \u00e9 cartilagem!<\/span><\/p>\n<p>Ent\u00e3o, se voc\u00ea tiver dificuldade para soletrar <em> Cartilaginoso<\/em>, lembre-se que vem da palavra <em>Cartilagem<\/em>. Por isso \u00e9 que n\u00e3o \u00e9 chamado Cartiligenoso, ou Cartileginoso, Cartinogunoso ou qualquer outro nome!<\/p>\n<p><span id=\"gts_text_9\" class=\"gts_text\">Os tipos mais comuns de peixes cartilaginosos s\u00e3o tubar\u00f5es e raias. Como a maioria dos outros peixes, a maior parte dos Peixes Cartilaginosos <\/span><\/p>\n<ul>\n<li><span id=\"gts_text_11\" class=\"gts_text\">T\u00eam br\u00e2nquias\u00a0e respiram na \u00e1gua,<\/span><\/li>\n<li><span id=\"gts_text_12\" class=\"gts_text\">S\u00e3o &#8220;sangue-frio&#8221; &#8211;\u00a0sua\u00a0temperatura corporal \u00e9 sempre a mesma que a da \u00e1gua a sua volta, e<\/span><\/li>\n<li><span id=\"gts_text_13\" class=\"gts_text\">N\u00e3o pode sobreviver no ar.<\/span><\/li>\n<\/ul>\n<p><span id=\"gts_text_14\" class=\"gts_text\">As diferen\u00e7as entre\u00a0peixes cartilaginosos e\u00a0outros <a href=\"http:\/\/www.big-animals.com\/pt\/the-mundos-maior-peixe\/\">peixes<\/a> s\u00e3o<\/span><\/p>\n<ul>\n<li><span id=\"gts_text_15\" class=\"gts_text\">Eles t\u00eam cartilagem, em vez de ossos. <\/span><span id=\"gts_text_16\" class=\"gts_text\">Isso significa que os peixes cartilaginosos n\u00e3o fossilizam direito. <\/span><span id=\"gts_text_17\" class=\"gts_text\">Por exemplo, os \u00fanicos restos f\u00f3sseis do\u00a0<a href=\"http:\/\/www.big-animals.com\/pt\/megalodon-the-biggest-shark-there-ever-was\/\">Megalodonte<\/a> s\u00e3o os\u00a0seus dentes!<\/span><\/li>\n<li><span id=\"gts_text_18\" class=\"gts_text\">Comparado a outros\u00a0peixes, peixes cartilaginosos t\u00eam c\u00e9rebros grandes em rela\u00e7\u00e3o ao\u00a0tamanho dos seus corpos. Existem algumas exce\u00e7\u00f5es, mas est\u00e1 \u00e9 a regra geral.<\/span><\/li>\n<li>A maioria dos vertebrados produzem seus gl\u00f3bulos vermelhos em sua medula \u00f3ssea. Peixes cartilaginosos n\u00e3o t\u00eam ossos, portanto eles n\u00e3o t\u00eam medula. Eles usam outros \u00f3rg\u00e3os para produzirem gl\u00f3bulos vermelhos,<\/li>\n<\/ul>\n<p><span id=\"gts_text_23\" class=\"gts_text\">O maior peixe vivo do mundo \u00e9 um peixe cartilaginoso \u2013 na verdade, um tubar\u00e3o, chamado <a href=\"http:\/\/www.big-animals.com\/pt\/the-whale-shark-the-worlds-biggest-fish\/\">Tubar\u00e3o-Baleia<\/a>. O maior peixe cartilaginoso que j\u00e1 existiu tamb\u00e9m \u00e9 um tubar\u00e3o &#8211; o<\/span><span id=\"gts_text_24\" class=\"gts_text\">\u00a0<a href=\"http:\/\/www.big-animals.com\/pt\/megalodon-the-biggest-shark-there-ever-was\/\">Megalodonte<\/a>.<\/span><\/p>\n<p><strong>Quais s\u00e3o os tipos de peixes cartilaginosos?<\/strong><\/p>\n<p><span id=\"gts_text_26\" class=\"gts_text\">O nome cient\u00edfico para a classe dos\u00a0peixes cartilaginosos \u00e9 <em>Chondrichthyes<\/em>, que significa apenas &#8220;Peixes Cartilaginosos&#8221;. Sem surpresas at\u00e9 ent\u00e3o, n\u00e3o \u00e9? <\/span><span id=\"gts_text_27\" class=\"gts_text\">\u00a0<\/span><span id=\"gts_text_28\" class=\"gts_text\">Essa classe \u00e9 dividida em tr\u00eas grupos principais, que por sua vez s\u00e3o divididos em 12 grupos menores, chamados de &#8220;ordens&#8221;. <\/span><span id=\"gts_text_29\" class=\"gts_text\">Estas s\u00e3o<\/span><\/p>\n<ul>\n<li><span id=\"gts_text_30\" class=\"gts_text\">As Q<em>uimeras<\/em> s\u00e3o o \u00fanico tipo de <em>Holocephali<\/em> que ainda vivem. As vezes s\u00e3o chamados de peixes-rato ou peixes-elefante. Elas moram no fundo do mar e se defendem com uma espinha venenosa.<\/span><\/li>\n<li><span id=\"gts_text_33\" class=\"gts_text\">Os <em>Bat\u00f3ideos<\/em> s\u00e3o as\u00a0raias. <\/span><span id=\"gts_text_34\" class=\"gts_text\">H\u00e1 tr\u00eas grupos (chamados &#8216;ordens&#8217;) de Bat\u00f3ideos.<\/span>\n<ul>\n<li><span id=\"gts_text_35\" class=\"gts_text\">Os <em>Rajiformes<\/em> s\u00e3o as &#8220;verdadeiras&#8221; raias. <\/span><span id=\"gts_text_36\" class=\"gts_text\">Eles t\u00eam corpos chatos\u00a0e parecem\u00a0&#8220;voar&#8221; atrav\u00e9s da \u00e1gua.<\/span><\/li>\n<li><span id=\"gts_text_37\" class=\"gts_text\">Os <em>Pristiformes<\/em> s\u00e3o os &#8220;peixes-serra&#8221;. A palavra Grega <em>Pristis<\/em> significa serra. Os Peixes-Serra tem uma grande tromba, que os ajuda a detectar aonde sua presa est\u00e1 se escondendo. Eles n\u00e3o devem ser confundidos com os Peixes-Espada, que n\u00e3o s\u00e3o peixes cartilaginosos, ou com os Tubar\u00f5es-Serra mencionados abaixo!<\/span><\/li>\n<li><span id=\"gts_text_41\" class=\"gts_text\">Os<em> Torpediniformes<\/em> s\u00e3o as raias el\u00e9tricas. Tal como as enguias el\u00e9tricas, elas geram eletricidade para desorientar ou matar sua presa. Algumas esp\u00e9cies podem gerar corrente el\u00e9trica o suficiente para desorientar um humano!<\/span><\/li>\n<\/ul>\n<\/li>\n<li><span id=\"gts_text_44\" class=\"gts_text\">Os <em>Selachimorpha<\/em>\u00a0s\u00e3o mais conhecidos como&#8230; <a href=\"http:\/\/www.big-animals.com\/pt\/the-mundos-maior-tubaroes\/\">Tubar\u00f5es<\/a>! O corpo do tubar\u00e3o tem um formato ideal para que ele flua pela \u00e1gua. Sua pele especial ajuda, e tamb\u00e9m o defende contra parasitas. Tubar\u00f5es t\u00eam dentes renov\u00e1veis! Existem 8 grupos (ordens) diferentes de tubar\u00f5es.<\/span>\n<ul>\n<li><span id=\"gts_text_49\" class=\"gts_text\">Os\u00a0<em>Hexanchiformes<\/em> t\u00eam seis ou sete fendas branquiais de cada lado. <\/span><span id=\"gts_text_50\" class=\"gts_text\">A maioria dos tubar\u00f5es t\u00eam apenas cinco.<\/span><\/li>\n<li><span id=\"gts_text_51\" class=\"gts_text\">Os\u00a0<em>Squaliformes<\/em> t\u00eam uma barbatana a mais na parte de cima, e dentes cortantes na parte superior e inferior.<\/span><\/li>\n<li><span id=\"gts_text_52\" class=\"gts_text\">Os<em> Pristiophoriformes<\/em> s\u00e3o Tubar\u00f5es-Serra\u00a0&#8211; n\u00e3o devem ser confundidos com o Peixe-Serra mencionado acima! Tubar\u00f5es-Serra<\/span><span id=\"gts_text_53\" class=\"gts_text\">\u00a0usam sua tromba com\u00a0dentes para cortar os peixes que comem. <\/span><span id=\"gts_text_54\" class=\"gts_text\">Todas as esp\u00e9cies de Pristiophoriformes est\u00e3o em perigo de extin\u00e7\u00e3o.<\/span><\/li>\n<li><span id=\"gts_text_55\" class=\"gts_text\">Os\u00a0<em>Squatiniformes<\/em>\u00a0parecem raias. <\/span><span id=\"gts_text_56\" class=\"gts_text\">No entanto, suas branquias\u00a0est\u00e3o nas laterais da cabe\u00e7a, como em\u00a0outros tubar\u00f5es. <\/span><span id=\"gts_text_57\" class=\"gts_text\">Eles tamb\u00e9m s\u00e3o chamados de Tubar\u00f5es-Anjo.<\/span><\/li>\n<li><span id=\"gts_text_58\" class=\"gts_text\"><em>Heterodontiformes<\/em> significa &#8220;diferentes tipos de dentes&#8221;, e com certeza, estes\u00a0tubar\u00f5es possuem uma variedade de dentes para que possam morder\u00a0e esmagar mariscos.<\/span><\/li>\n<li><span id=\"gts_text_59\" class=\"gts_text\">Os\u00a0<em>Orectolobiformes<\/em> s\u00e3o normalmente\u00a0chamados de &#8220;Tubar\u00f5es-Tapete&#8221; por conta dos desenhos em sua pele. O maior peixe do mundo, o <a href=\"http:\/\/www.big-animals.com\/pt\/the-whale-shark-the-worlds-biggest-fish\/\">Tubar\u00e3o-Baleia<\/a>, pertence \u00e0 este grupo.<\/span><\/li>\n<li><span id=\"gts_text_60\" class=\"gts_text\">Os <em>Carcharhiniformes<\/em> s\u00e3o o grupo mais diversificado de tubar\u00f5es, com mais de 270 esp\u00e9cies. <\/span><span id=\"gts_text_61\" class=\"gts_text\">Eles t\u00eam um conjunto extra de p\u00e1lpebras para proteger seus olhos.<\/span><\/li>\n<li><span id=\"gts_text_62\" class=\"gts_text\">O <em>Lamniformes<\/em>, tamb\u00e9m chamado de Tubar\u00f5es Mackerel, incluem os maiores peixes cartilaginosos de todos os tempos, <a href=\"http:\/\/www.big-animals.com\/pt\/megalodon-the-biggest-shark-there-ever-was\/\">Megalodonte<\/a>, bem como o tipo mais famoso de tubar\u00e3o, o Tubar\u00e3o Branco. T<\/span><span id=\"gts_text_63\" class=\"gts_text\">amb\u00e9m incluem o inofensivo e muito raro Tubar\u00e3o Megamouth.<\/span><\/li>\n<\/ul>\n<p>As Raias (Bat\u00f3ideos) e os Tubar\u00f5es (Selachimorpha) s\u00e3o agrupados em um grupo maior chamado <em>Elasmobranchii<\/em>.<\/li>\n<\/ul>\n<p><strong>Qual \u00e9 o maior peixe cartilaginoso do mundo?<\/strong><\/p>\n<p><span id=\"gts_text_66\" class=\"gts_text\" style=\"line-height: 1.6471\">O maior peixe cartilaginoso vivo no mundo \u00e9 um <a href=\"http:\/\/www.big-animals.com\/pt\/the-mundos-maior-tubaroes\/\">tubar\u00e3o<\/a>\u00a0muito gentil &#8211; o <a href=\"http:\/\/www.big-animals.com\/pt\/the-whale-shark-the-worlds-biggest-fish\/\">Tubar\u00e3o-Baleia<\/a>. <\/span><span id=\"gts_text_67\" class=\"gts_text\" style=\"line-height: 1.6471\">Embora seja um tubar\u00e3o, ele \u00e9 inofensivo\u00a0&#8211; a n\u00e3o ser que voc\u00ea seja um pl\u00e2ncton min\u00fasculo ou uma lula em miniatura! <\/span><span id=\"gts_text_68\" class=\"gts_text\" style=\"line-height: 1.6471\">Apesar de comer coisas t\u00e3o min\u00fasculas, ele pode crescer at\u00e9 12 metros de comprimento ou mais &#8211; o\u00a0dobro\u00a0do comprimento do Tubar\u00e3o Branco &#8211; e pesar cerca de 12000 quilos!<\/span><\/p>\n<p><span id=\"gts_text_69\" class=\"gts_text\">O maior peixe cartilaginoso de todos os tempos tamb\u00e9m \u00e9 um\u00a0<a href=\"http:\/\/www.big-animals.com\/pt\/the-mundos-maior-tubaroes\/\">tubar\u00e3o<\/a> &#8211; mas n\u00e3o um com que voc\u00ea queira\u00a0compartilhar a \u00e1gua! <\/span><span id=\"gts_text_70\" class=\"gts_text\">O <a href=\"http:\/\/www.big-animals.com\/pt\/megalodon-the-biggest-shark-there-ever-was\/\">Megalodonte<\/a> ou <a href=\"http:\/\/www.big-animals.com\/pt\/megalodon-the-biggest-shark-there-ever-was\/\">Tubar\u00e3o Branco-Gigante<\/a>\u00a0era semelhante ao famoso Tubar\u00e3o Branco\u00a0&#8211; exceto tr\u00eas vezes \u00a0maior! Com<\/span><span id=\"gts_text_71\" class=\"gts_text\">\u00a018 metros de comprimento, seu principal alimento teria sido a baleia.<\/span><\/p>\n","protected":false},"excerpt":{"rendered":"<p>O que \u00e9 um peixe cartilaginoso? Peixes cartilaginosos s\u00e3o peixes sem ossos. Ao inv\u00e9s de ossos eles tem um material mais flex\u00edvel, chamado cartilagem. Nossos esqueletos s\u00e3o formados\u00a0de ossos, mas n\u00f3s tamb\u00e9m temos cartilagem nos\u00a0nossos corpos. Por exemplo, se voc\u00ea segurar seu nariz e mexer-lo, voc\u00ea ver\u00e1 que a parte do meio \u00e9 um pouco &hellip; <a href=\"https:\/\/www.big-animals.com\/pt\/the-mundos-maior-cartilaginosa-peixe\/\" class=\"more-link\">Continue reading <span class=\"screen-reader-text\">Os Maiores Peixes Cartilaginosos do Mundo!<\/span><\/a><\/p>\n","protected":false},"author":1,"featured_media":0,"parent":0,"menu_order":0,"comment_status":"closed","ping_status":"open","template":"","meta":{"_acf_changed":false,"footnotes":""},"acf":[],"_links":{"self":[{"href":"https:\/\/www.big-animals.com\/pt\/wp-json\/wp\/v2\/pages\/13"}],"collection":[{"href":"https:\/\/www.big-animals.com\/pt\/wp-json\/wp\/v2\/pages"}],"about":[{"href":"https:\/\/www.big-animals.com\/pt\/wp-json\/wp\/v2\/types\/page"}],"author":[{"embeddable":true,"href":"https:\/\/www.big-animals.com\/pt\/wp-json\/wp\/v2\/users\/1"}],"replies":[{"embeddable":true,"href":"https:\/\/www.big-animals.com\/pt\/wp-json\/wp\/v2\/comments?post=13"}],"version-history":[{"count":15,"href":"https:\/\/www.big-animals.com\/pt\/wp-json\/wp\/v2\/pages\/13\/revisions"}],"predecessor-version":[{"id":421,"href":"https:\/\/www.big-animals.com\/pt\/wp-json\/wp\/v2\/pages\/13\/revisions\/421"}],"wp:attachment":[{"href":"https:\/\/www.big-animals.com\/pt\/wp-json\/wp\/v2\/media?parent=13"}],"curies":[{"name":"wp","href":"https:\/\/api.w.org\/{rel}","templated":true}]}}