{"id":14,"date":"2011-05-09T09:04:06","date_gmt":"2011-05-09T09:04:06","guid":{"rendered":""},"modified":"2015-09-10T06:36:01","modified_gmt":"2015-09-10T06:36:01","slug":"tuatara","status":"publish","type":"page","link":"https:\/\/www.big-animals.com\/pt\/tuatara\/","title":{"rendered":"Tuatara"},"content":{"rendered":"<p><span class=\"gts_text\">A\u00a0tuatara \u00e9 um <a href=\"http:\/\/www.big-animals.com\/pt\/the-mundos-maior-repteis\/\">r\u00e9ptil<\/a>\u00a0nativo da Nova Zel\u00e2ndia.\u00a0<\/span>Ela se parece com um lagarto, mas n\u00e3o \u00e9. Elas s\u00e3o especiais porque s\u00e3o as \u00fanicas sobreviventes do antigo grupo de r\u00e9pteis que vivia na terra na \u00e9poca dos dinossauros. A maioria delas morreu h\u00e1 muito muito tempo, sobraram apenas algumas poucas na Nova Zel\u00e2ndia. Tuataras s\u00e3o chamadas <em>f\u00f3sseis vivos<\/em>. Elas podem viver por mais de 100 anos. A m\u00e9dia de vida \u00e9 de cerca de 60 anos.<\/p>\n<p>Existem apenas duas esp\u00e9cies de tuataras no mundo inteiro! A Tuatara <em>Sphenodon Punctatus<\/em> \u00e9 maior que a Tuatara <em>Sphenodon Guntheri<\/em>, ent\u00e3o ganha o privil\u00e9gio de ser a maior tuatara do mundo.<\/p>\n<figure id=\"attachment_408\" aria-describedby=\"caption-attachment-408\" style=\"width: 300px\" class=\"wp-caption alignright\"><a href=\"http:\/\/www.big-animals.com\/wp-content\/uploads\/2011\/02\/Tuatara_And_Human1.png\"><img loading=\"lazy\" decoding=\"async\" class=\"size-medium wp-image-408\" title=\"Tuatara And Human\" src=\"http:\/\/www.big-animals.com\/wp-content\/uploads\/2011\/02\/Tuatara_And_Human1-300x159.png\" alt=\"Tuatara And Human\" width=\"300\" height=\"159\" \/><\/a><figcaption id=\"caption-attachment-408\" class=\"wp-caption-text\">Tuatara\u00a0e Humano<\/figcaption><\/figure>\n<h3><span id=\"gts_text_10\" class=\"gts_text\">A Alimenta\u00e7\u00e3o e a Dieta da Tuatara<\/span><\/h3>\n<p>As tuataras sobrevivem na Nova Zel\u00e2ndia por causa no clima frio. Elas n\u00e3o sobrevivem bem quando a temperatura atinge mais de 28C. Elas gostam de temperaturas abaixo dos 5C. No entanto, elas tomam banho de sol para aquecer seus corpos. Tuataras beb\u00eas se escondem embaixo de troncos de \u00e1rvores e pedras. Tuataras adultas s\u00e3o ativas durante a noite e dormem durante o dia. Elas ca\u00e7am a noite, e comem insetos (especialmente wetas), vermes, lesmas, mil\u00edpedes &#8211; e tuataras jovens! Para evitar tornarem-se lanche para uma impiedosa tuatara adulta, as tuataras jovens se escondem e descansam durante a noite e s\u00f3 saem durante o dia.<\/p>\n<p>As tuataras s\u00e3o capazes de sobreviver em temperaturas bem mais baixas que outros r\u00e9pteis. Elas hibernam no inverno, mas s\u00e3o ativas mesmo quando a temperatura cai para 5C. A tuatara se sente mais confort\u00e1vel quando a temperatura est\u00e1 entre 16C e 21C. Isto \u00e9 muito frio para qualquer outro r\u00e9ptil! A temperatura corporal da tuatara \u00e9 de cerca de 5C &#8211; 11C, mas a maioria dos r\u00e9pteis t\u00eam temperaturas de cerca de 20C. As tuataras t\u00eam a temperatura corporal baixa porque elas consomem energia bem lentamente.<\/p>\n<h3><span id=\"gts_text_25\" class=\"gts_text\">Fatos sobre a Tuatara<\/span><\/h3>\n<p><span class=\"gts_text\">M\u00e3e tuataras p\u00f5em ovos de casca mole\u00a0uma vez a cada 4 anos.\u00a0<\/span>Os ovos demoram 12 a 15 meses para chocar. Os ovos mais quentes tendem a pertencer \u00e0s tuataras macho e os ovos mais frios pertencem \u00e0s tuataras f\u00eameas. Devido ao aquecimento global, cientistas preveem que a Nova Zel\u00e2ndia ter\u00e1 muito mais tuataras macho que f\u00eameas no futuro. Se n\u00e3o existirem tuataras f\u00eameas o suficiente, a tuatara poder\u00e1 ser extinta!<\/p>\n<p>As vezes as tuataras invadem a toca de uma ave marinha e come seus ovos e filhotes. As vezes elas tamb\u00e9m fazem tocas para si mesmas. Sua mordida pode causar ferimentos graves. Tenha cuidado! As tuataras mordem quando voc\u00ea se aproxima delas. Elas podem n\u00e3o largar a mordida facilmente.<\/p>\n<p>Uma tuatara macho pode medir cerca de 61 cm de comprimento e uma tuatara f\u00eamea tem cerca de 45 cm. O Zool\u00f3gico de S\u00e3o Diego j\u00e1 relatou tuataras crescendo at\u00e9 80 cm. Uma tuatara macho pesa cerca de 1 quilo e as f\u00eameas a metade disto.<\/p>\n<figure id=\"attachment_409\" aria-describedby=\"caption-attachment-409\" style=\"width: 300px\" class=\"wp-caption alignleft\"><a href=\"http:\/\/www.big-animals.com\/wp-content\/uploads\/2011\/02\/Tuatara.jpg\"><img loading=\"lazy\" decoding=\"async\" class=\"size-medium wp-image-409 \" title=\"Tuatara - Not a Lizard\" src=\"http:\/\/www.big-animals.com\/wp-content\/uploads\/2011\/02\/Tuatara-300x211.jpg\" alt=\"Tuatara - Not a Lizard\" width=\"300\" height=\"211\" \/><\/a><figcaption id=\"caption-attachment-409\" class=\"wp-caption-text\">Foto de uma Tuatara &#8211;\u00a0n\u00e3o de um lagarto!<\/figcaption><\/figure>\n<p>As tuataras t\u00eam uma crista espinhosa saliente ao longo do pesco\u00e7o e das costas. Est\u00e1 \u00e9 a raz\u00e3o pela qual s\u00e3o chamas <em>tuataras<\/em>, que significa <em>espinhos nas costas<\/em> na l\u00edngua Maori. A crista espinhosa \u00e9 usada em brigas com outros machos. A crista \u00e9 triangular. Machos t\u00eam cristas maiores que as f\u00eameas. A crista pode ser enrigecida para parecer maior.<\/p>\n<p>As tuataras t\u00eam uma forma\u00e7\u00e3o dent\u00e1ria muito interessante &#8211; duas fileiras na mand\u00edbula superior e uma na mand\u00edbula inferior. A ponta da mand\u00edbula superior se parece um pouco com um bico. Os dentes da fileira inferior se encaixam entre as duas fileiras superiores quando a boca est\u00e1 fechada. Esta forma\u00e7\u00e3o dent\u00e1ria n\u00e3o \u00e9 encontrada em nenhum outro tipo de r\u00e9ptil. Apesar das cobras terem fileiras duplas de dentes em sua mand\u00edbula superior, eles s\u00e3o posicionados de maneira diferente dos dentes da tuatara. As mand\u00edbulas superior e inferior s\u00e3o unidas por ligamento. As tuataras mastigam movendo suas mand\u00edbulas para frente e para tr\u00e1s assim como para cima e para baixo. Isto as ajuda a cortar as duras camadas externas e os ossos da v\u00edtima com sua forte mordida. Infelizmente seus dentes n\u00e3o s\u00e3o renov\u00e1veis. Como resultado disto, as tuataras mas velhas t\u00eam que mudar a sua alimenta\u00e7\u00e3o para presas mais macias como minhocas, larvas e lesmas quando seus dentes se desgastam. Estas velhas tuataras chegar\u00e3o \u00e0 um ponto em que ter\u00e3o que mastigar sua comida entre os ossos desgastados. At\u00e9 hoje ningu\u00e9m inventou dentaduras para tuataras!<\/p>\n<h3><span id=\"gts_text_58\" class=\"gts_text\">O Terceiro Olho da Tuatara<\/span><\/h3>\n<p>As tuataras t\u00eam 3 olhos!! O terceiro olho \u00e9 diferente dos outros &#8211; \u00e9 pequeno, no topo da cabe\u00e7a, debaixo da pele em adultos &#8211; ele s\u00f3 \u00e9 vis\u00edvel em tuataras beb\u00eas. Ele n\u00e3o consegue ver muito bem, apenas diferencia a claro e escuro. Apesar das tuataras n\u00e3o terem t\u00edmpanos ou orelhas, elas conseguem escutar.<\/p>\n<h3><span id=\"gts_text_63\" class=\"gts_text\">Os Nomes Cient\u00edficos das Tuataras<\/span><\/h3>\n<p>Existem duas esp\u00e9cies de tuataras. Primeiramente a <em>Sphenodon Punctatus<\/em>. Estas moram na Ilha Stephens. Suas cores variam entre verde oliva, cinza, rosa escuro ou vermelho tijolo. Elas s\u00e3o pintadas, normalmente com pintas brancas, o que deu origem ao seu nome <em>Punctatus<\/em>, que significa &#8220;pintado&#8221; em latim. Em segundo a <em>Sphenodon Guntheri<\/em>. Estas s\u00e3o muito mais raras. Elas s\u00e3o encontradas na Ilha Brothers no Estreito de Cook. O Estreito de Cook \u00e9 a separa\u00e7\u00e3o entre a Ilha Norte e a Ilha Sul da Nova Zel\u00e2ndia. Existem menos tuataras deste tipo e elas s\u00e3o menores que as Sphenodon Punctatus. As Sphenodon Guntheri tem a pele marrom oliva com manchas amareladas.<\/p>\n<p>O mapa abaixo mostra o Estreito de Cook.<\/p>\n<p style=\"text-align: center\"><span id=\"gts_text_76\" class=\"gts_text\">[map:http:\/\/maps.google.com.au\/maps?sll=-40.900557,174.885971 &amp; sspn = 12.151905, 28.54248 &amp; ll =-41.319076,174.671631 &amp; spn = 6.039254, 14.27124 &amp; t = h]<\/span><\/p>\n<p>As cores verde e marrom oliva das tuataras as ajuda a camuflar muito bem nos seus arredores. Assim elas s\u00e3o capazes de se esconderem de predadores. Elas podem mudar de cor ao longo de sua vida &#8211; quando adultas elas trocam de pele pelo menos uma vez por ano e enquanto jovens de 3 a 4 vezes por ano.<\/p>\n<p>As tuataras costumavam viver na Nova Zel\u00e2ndia continental, mas l\u00e1 foram extintas porque perderam seu habitat e muitas foram comidas por ratos. Estes Ratos-do-Pac\u00edfico (Kiore) foram levados \u00e0 Nova Zel\u00e2ndia por humanos que l\u00e1 chegaram em 1250-1300 D.C. Hoje em dia as tuataras s\u00e3o encontradas somente em 32 ilhas onde n\u00e3o h\u00e1 ratos, no Estreito de Cook e na costa nordeste da Ilha Sul. A popula\u00e7\u00e3o total da esp\u00e9cie Tuatara e subesp\u00e9cies \u00e9 de cerca de 60.000 a 100.000.<\/p>\n<p>Em 2005, 70 tuataras adultas foram transferidas para o fortemente cercado Santu\u00e1rio Selvagem Karori em Wellington para serem cuidadas. Existem v\u00e1rios programas de procria\u00e7\u00e3o de tuataras dentro na Nova Zel\u00e2ndia. Por exemplo, o Museu e Galeria de Arte Southland em Invercargill foi o primeiro a ter um programa de procria\u00e7\u00e3o de tuataras. Eles procriam a Sphenodon Punctatus. Os Zool\u00f3gicos de Hamilton e Wellington tamb\u00e9m procriam tuataras e as soltam na natureza quando capazes de se cuidarem sozinhas.<\/p>\n","protected":false},"excerpt":{"rendered":"<p>A\u00a0tuatara \u00e9 um r\u00e9ptil\u00a0nativo da Nova Zel\u00e2ndia.\u00a0Ela se parece com um lagarto, mas n\u00e3o \u00e9. Elas s\u00e3o especiais porque s\u00e3o as \u00fanicas sobreviventes do antigo grupo de r\u00e9pteis que vivia na terra na \u00e9poca dos dinossauros. A maioria delas morreu h\u00e1 muito muito tempo, sobraram apenas algumas poucas na Nova Zel\u00e2ndia. Tuataras s\u00e3o chamadas f\u00f3sseis &hellip; <a href=\"https:\/\/www.big-animals.com\/pt\/tuatara\/\" class=\"more-link\">Continue reading <span class=\"screen-reader-text\">Tuatara<\/span><\/a><\/p>\n","protected":false},"author":1,"featured_media":0,"parent":0,"menu_order":0,"comment_status":"closed","ping_status":"open","template":"","meta":{"_acf_changed":false,"footnotes":""},"acf":[],"_links":{"self":[{"href":"https:\/\/www.big-animals.com\/pt\/wp-json\/wp\/v2\/pages\/14"}],"collection":[{"href":"https:\/\/www.big-animals.com\/pt\/wp-json\/wp\/v2\/pages"}],"about":[{"href":"https:\/\/www.big-animals.com\/pt\/wp-json\/wp\/v2\/types\/page"}],"author":[{"embeddable":true,"href":"https:\/\/www.big-animals.com\/pt\/wp-json\/wp\/v2\/users\/1"}],"replies":[{"embeddable":true,"href":"https:\/\/www.big-animals.com\/pt\/wp-json\/wp\/v2\/comments?post=14"}],"version-history":[{"count":6,"href":"https:\/\/www.big-animals.com\/pt\/wp-json\/wp\/v2\/pages\/14\/revisions"}],"predecessor-version":[{"id":428,"href":"https:\/\/www.big-animals.com\/pt\/wp-json\/wp\/v2\/pages\/14\/revisions\/428"}],"wp:attachment":[{"href":"https:\/\/www.big-animals.com\/pt\/wp-json\/wp\/v2\/media?parent=14"}],"curies":[{"name":"wp","href":"https:\/\/api.w.org\/{rel}","templated":true}]}}