{"id":15,"date":"2011-05-09T09:04:15","date_gmt":"2011-05-09T09:04:15","guid":{"rendered":""},"modified":"2015-09-15T06:20:06","modified_gmt":"2015-09-15T06:20:06","slug":"tartarugas-e-cagados","status":"publish","type":"page","link":"https:\/\/www.big-animals.com\/pt\/tartarugas-e-cagados\/","title":{"rendered":"Tartarugas e C\u00e1gados"},"content":{"rendered":"<p><span id=\"gts_text_1\" class=\"gts_text\">Tartarugas e c\u00e1gados s\u00e3o <a href=\"http:\/\/www.big-animals.com\/pt\/the-mundos-maior-repteis\/\">r\u00e9pteis<\/a>. Eles t\u00eam um casco especial que serve como escudo. Eles s\u00e3o protegidos pelo casco por cima e por baixo. A parte arredondada de cima \u00e9 chamada de <em>carapa\u00e7a<\/em>. A parte de baixo, que circunda a barriga, \u00e9 chamada de <em>plastr\u00e3o<\/em>. Ambos a carapa\u00e7a e o plastr\u00e3o s\u00e3o unidos por estruturas \u00f3sseas chamadas pontes. O casco da tartaruga \u00e9 formado por 60 ossos diferentes, que incluem parte da coluna vertebral, o esterno e as costelas. Isto significa que, ao contr\u00e1rio do que voc\u00ea v\u00ea em desenhos animados, a tartaruga n\u00e3o pode sair do seu casco.<\/span><\/p>\n<p>O formato do casco nos diz como a tartaruga vive. A maioria dos c\u00e1gados t\u00eam um casco grande em forma arredondada como prote\u00e7\u00e3o contra predadores. Mas a Tartaruga Panqueca tem um casco chato e flex\u00edvel que a ajuda a correr rapidamente dos seus predadores escondendo-se em fendas de rochas.<\/p>\n<p>A maioria das tartarugas que vivem em \u00e1gua t\u00eam cascos chatos para ajud\u00e1-las a nadar e mergulhar. Tartarugas Mordedoras e as Tartarugas Almiscaradas t\u00eam cascos pequenos, em formato de cruz para que possam andar mais eficientemente no fundo de lagos e c\u00f3rregos.<\/p>\n<p>Tartarugas diferentes t\u00eam cascos de cores diferentes. As cores mais comuns s\u00e3o marrom, preto ou verde oliva. Uma das tartarugas mais coloridas \u00e9 a Tartaruga Pintada, que tem o casco inferior amarelo e casco superior preto ou verde oliva com uma marca vermelha ao redor. Muito colorido!<\/p>\n<p>C\u00e1gados, que passam a maior parte de suas vidas em terra, t\u00eam cascos arredondados mais altos e pesados. As tartarugas aqu\u00e1ticas e de casco mole t\u00eam cascos mais leves para que n\u00e3o afundem no fundo do mar. O casco leve tamb\u00e9m as ajuda a nadar mais r\u00e1pido. Por exemplo, as tartarugas-de-couro s\u00e3o excelentes nadadoras e t\u00eam cascos muito leves.<\/p>\n<p>Tartarugas j\u00e1 existiam enquanto os dinossauros vagavam pela terra. Isto faz com que as tartarugas sejam um dos mais antigos grupos de r\u00e9pteis, comparados com lagartos, cobras e crocodilos. Algumas tartarugas podem viver mais de 100 anos. A raz\u00e3o pela qual elas podem viver por tanto tempo \u00e9 que seus \u00f3rg\u00e3os continuam funcionando bem com o passar do tempo.<\/p>\n<figure id=\"attachment_363\" aria-describedby=\"caption-attachment-363\" style=\"width: 259px\" class=\"wp-caption alignleft\"><a href=\"http:\/\/www.big-animals.com\/wp-content\/uploads\/2011\/01\/Harriet.jpg\"><img loading=\"lazy\" decoding=\"async\" class=\"size-full wp-image-363\" title=\"Harriet, The Long-Lived Gal\u00e1pagos Tortoise\" src=\"http:\/\/www.big-animals.com\/wp-content\/uploads\/2011\/01\/Harriet.jpg\" alt=\"Harriet, The Long-Lived Gal\u00e1pagos Tortoise\" width=\"259\" height=\"144\" \/><\/a><figcaption id=\"caption-attachment-363\" class=\"wp-caption-text\">Harriet,\u00a0a Velha Tartaruga-das-Gal\u00e1pagos<\/figcaption><\/figure>\n<p><span class=\"gts_text\">Adwaita (que significa &#8220;primeiro e \u00fanico&#8221; em S\u00e2nscrito) era o nome de uma tartaruga-gigante-de-Seychelles macho do Jardim Zool\u00f3gico de Calcut\u00e1, \u00cdndia. Ele estava entre os animais em vida mais antigos do mundo. Ele morreu quando tinha cerca de 255 anos, em 2006. Tu&#8217;i Malila foi a segunda tartaruga mais velha depois de Adwaita. Ele morreu em 1965, com 188 anos de idade. Depois, Harriet, uma <a href=\"http:\/\/www.big-animals.com\/pt\/galapagos-tartaruga\/\">Tartaruga-das-Gal\u00e1pagos<\/a>\u00a0<\/span>foi a terceira tartaruga mais velha que morreu aos 175 anos de idade na Austr\u00e1lia, em 2006.<\/p>\n<p>Algumas das muitas esp\u00e9cies vivas hoje est\u00e3o em risco de desaparecerem. Todas as tartarugas marinhas est\u00e3o amea\u00e7adas. Existem leis para proteg\u00ea-las, mas suas carnes est\u00e3o em alta demanda entre algumas culturas. Sopa de tartaruga \u00e9 um prato caro, por exemplo. Eles foram t\u00e3o agressivamente ca\u00e7adas na \u00e1sia, de forma que as tartarugas quase desapareceram completamente.<\/p>\n<p>Adivinha o qu\u00ea, senhoras e senhoritas! A gordura das tartarugas tamb\u00e9m \u00e9 usada no Caribe e no M\u00e9xico como um ingrediente em cosm\u00e9ticos. O casco inferior da tartaruga \u00e9 usado na medicina tradicional Chinesa.<\/p>\n<p>Para atender a alta demanda por tartarugas muitas pessoas come\u00e7aram a construir fazendas de cria\u00e7\u00e3o de tartarugas na China, Oklahoma e Luisiana.<\/p>\n<p>Tartarugas t\u00eam sangue frio. Portanto, a temperatura dos seus corpos muda de acordo com o ambiente \u00e0 sua volta. As tartarugas permanecem im\u00f3veis em \u00e1gua fria. A maioria delas dorme durante o inverno. Todas as tartarugas e c\u00e1gados respiram ar. Tartarugas subaqu\u00e1ticas t\u00eam que ir \u00e0 superf\u00edcie para encher seus pulm\u00f5es.<\/p>\n<p>As tartarugas n\u00e3o botam seus ovos debaixo d&#8217;\u00e1gua. A maioria das tartarugas f\u00eameas volta \u00e0 praia para p\u00f4r ovos depois de viajar centenas de quil\u00f4metros. Tartarugas t\u00eam nadadeiras para ajud\u00e1-las a nadar. Acredite ou n\u00e3o, elas podem nadar t\u00e3o r\u00e1pido quanto seres humanos podem correr em terra. Elas movem suas nadadeiras frontais para nadar e as traseiras para manobrar.<\/p>\n<figure id=\"attachment_364\" aria-describedby=\"caption-attachment-364\" style=\"width: 213px\" class=\"wp-caption alignright\"><a href=\"http:\/\/www.big-animals.com\/wp-content\/uploads\/2011\/01\/HaeckelChelonia.jpg\"><img loading=\"lazy\" decoding=\"async\" class=\"size-medium wp-image-364\" title=\"Different Types of Turtles and Tortoises - Drawings by Haeckel, 1904\" src=\"http:\/\/www.big-animals.com\/wp-content\/uploads\/2011\/01\/HaeckelChelonia-213x300.jpg\" alt=\"Different Types of Turtles and Tortoises - Drawings by Haeckel, 1904\" width=\"213\" height=\"300\" \/><\/a><figcaption id=\"caption-attachment-364\" class=\"wp-caption-text\">Diferentes tipos\u00a0de Tartarugas e C\u00e1gados &#8211; Desenhos por Haeckel, 1904<\/figcaption><\/figure>\n<p>Como elas s\u00e3o t\u00e3o acostumadas a estar na \u00e1gua, elas t\u00eam dificuldade em mover-se em terra. \u00c9 por isso que as tartarugas m\u00e3e se movem t\u00e3o vagarosamente em terra, se arrastando para frente com suas nadadeiras para encontrar um lugar para cavar um buraco e botar seus ovos. Elas botam centenas de ovos que se parecem com bolas de pingue-pongue. Elas cobrem o buraco com lama ou areia. As m\u00e3es, ent\u00e3o, deixam seus ovos no buraco. Tartarugas m\u00e3e n\u00e3o cuidam de seus beb\u00eas.<\/p>\n<p>O calor do sol ajuda a chocar os ovos. As tartarugas f\u00eamea nascem dos ovos mais quentes, que est\u00e3o mais pr\u00f3ximos \u00e0 superf\u00edcie da areia ou lama. As tartarugas macho nascem dos ovos mais frios, que est\u00e3o no fundo do buraco. Estas tartaruguinhas beb\u00ea escavam at\u00e9 a superf\u00edcie sozinhas e ent\u00e3o seguem para o mar. Existem muitos p\u00e1ssaros, caranguejos e animais \u00e0 espera para com\u00ea-las enquanto elas tentam ir ao oceano. Infelizmente, apenas 1% de todas as tartarugas beb\u00eas chegam \u00e0 vida adulta.<\/p>\n<p>Algumas tartarugas podem encolher seus pesco\u00e7os e pernas para dentro do casco. Estas esp\u00e9cies de tartarugas incluem tartarugas de \u00e1gua doce, tartarugas mordedoras, c\u00e1gados, tartarugas de cascos moles e tartarugas marinhas. Outras tartarugas movem o pesco\u00e7o lateralmente para dentro do casco. Elas s\u00e3o chamadas tartarugas pleurodiras, e vivem no hemisf\u00e9rio sul.<\/p>\n<p>A cabe\u00e7a da tartaruga \u00e9 coberta por escamas duras. A maioria das tartarugas que passa a maior parte do seu tempo em terra t\u00eam olhos voltados para baixo, vendo objetos \u00e0 sua frente. Algumas tartarugas aqu\u00e1ticas, como tartarugas mordedoras e tartarugas de casco mole t\u00eam olhos mais pr\u00f3ximos ao topo da cabe\u00e7a. Estas esp\u00e9cies de tartarugas podem se esconder de predadores afundando em \u00e1gua rasa, mas mantendo seus olhos e narinas acima da superf\u00edcie. Tartarugas marinhas t\u00eam gl\u00e2ndulas perto de seus olhos para eliminar o excesso de sal no seu corpo, que \u00e9 adquirido quando bebem \u00e1gua.<\/p>\n<p>Tartarugas t\u00eam uma \u00f3tima vis\u00e3o noturna. Isto as ajuda bastante para enxergar no fundo escuro do oceano ou \u00e0 noite em terra quando saem para botar seus ovos.<\/p>\n<p>Algumas tartarugas comem plantas e carnes, algumas comem principalmente plantas e outras principalmente carnes. Tartarugas n\u00e3o t\u00eam dentes, mas t\u00eam um bico forte. Tartarugas herb\u00edvoras t\u00eam uma borda cerrada no bico, que as ajuda a cortar alimentos duros, como algas marinhas. Por sua vez, as tartarugas carn\u00edvoras t\u00eam o bico afiado para cortar suas presas. Tartarugas usam a l\u00edngua para ajud\u00e1-las a engolir comida, mas elas n\u00e3o conseguem p\u00f4r a l\u00edngua de fora para pegar a comida como um sapo.<\/p>\n<p><span id=\"gts_text_80\" class=\"gts_text\">A maior tartaruga marinha em vida \u00e9 a\u00a0<a href=\"http:\/\/www.big-animals.com\/pt\/tartaruga-mar\/\">tartaruga-de-couro<\/a>. O comprimento do seu casco \u00e9 de cerca de 200 cm e pode pesar mais de 900 quilos. Seu casco \u00e9 coberto por pele curtida com listras em relevo. Sua temperatura corporal \u00e9 mais alta que a \u00e1gua a sua volta por conta de sua alta taxa metab\u00f3lica. Ela vive em oceanos mais quentes. Tartarugas marinhas t\u00eam um formato mais chato para que possam deslizar pela \u00e1gua graciosamente. Elas vivem no mar por toda a sua vida. A tartaruga Arquel\u00f4nio (que significa governante em Grego) \u00e9 a maior tartaruga marinha de todos os tempos, mas j\u00e1 foi extinta. Ela tinha 4,6 metros de comprimento. Ela tinha mais de 2.200 quilos. A maior parte dos restos das tartarugas Arquel\u00f4nio foi encontrada em Dakota do Sul e em Wyoming. Existem algumas tartarugas que tamb\u00e9m vivem em \u00e1gua doce. Tartarugas de \u00e1gua doce s\u00e3o geralmente menores em compara\u00e7\u00e3o com as tartarugas marinhas. As maiores tartarugas de \u00e1gua doce s\u00e3o as tartarugas de casco mole asi\u00e1ticas. Esta tartaruga pode crescer at\u00e9 2 metros.<\/span><\/p>\n<p><span class=\"gts_text\">Tartarugas se alimentam de plantas e insetos. Elas t\u00eam patas dianteiras com membranas que parecem nadadeiras. As tartarugas-nariz-de-porco t\u00eam nadadeiras de verdade. Mas c\u00e1gados, que passam a maioria de sua vida em terra, t\u00eam pernas atarracadas com garras afiadas para escavar. C\u00e1gados somente comem plantas e folhas e outros tipos de vegeta\u00e7\u00e3o baixa. Eles tendem a ficar em uma s\u00f3 \u00e1rea. Somente entram na \u00e1gua quando est\u00e3o com sede ou para tomar banho. Eles podem se afogar em correntes fortes. Eles podem ser encontrados em \u00e1reas secas. Eles s\u00e3o tipicamente maiores e mais pesados. O maior c\u00e1gado vivo \u00e9 a <a href=\"http:\/\/www.big-animals.com\/pt\/galapagos-tartaruga\/\">Tartaruga-das-Gal\u00e1pagos<\/a>\u00a0<\/span>que cresce at\u00e9 cerca de 1,8 metros de comprimento e pode pesar mais de 400 quilos. Ela est\u00e1 entre os vertebrados com mais longevidade. Ela pode viver mais de 100 anos na natureza. A Tartaruga-das-Gal\u00e1pagos mais velha tinha pelo menos 170 anos de idade. Ela foi encontrada nas Ilhas Gal\u00e1pagos, no Oceano Pac\u00edfico. O maior c\u00e1gado extinto \u00e9 a tartaruga Meiolania. Elas s\u00e3o encontradas na Am\u00e9rica do Norte e Sul, Austr\u00e1lia e \u00c1frica. Elas se tornaram extintas 2000 anos atr\u00e1s quando o homem come\u00e7ou a ca\u00e7\u00e1-la como alimento. Elas t\u00eam cerca de 2,5 metros de comprimento.<\/p>\n<p>Por sua vez, o menor c\u00e1gado do mundo \u00e9 a tartaruga speckled Padloper &#8211; machos crescem somente 6-8 cent\u00edmetros &#8211; mas as f\u00eameas s\u00e3o um pouco maiores. Elas pesam cerca de 95-165 gramas. Sua comida favorita s\u00e3o plantas pequenas e gordas com muita \u00e1gua por dentro. Elas vivem em terrenos pedregosos. Elas podem ser encontradas no oeste da \u00c1frica do Sul. Duas outras esp\u00e9cies de pequenas tartarugas s\u00e3o tartaruga da lama Americana e tartarugas Almiscaradas que vivem entre o Canad\u00e1 e a Am\u00e9rica do Sul. Seus cascos medem menos de 13 cent\u00edmetros de comprimento.<\/p>\n<p>Tartarugas usam a ajuda dos raios de sol para se aquecerem e usam \u00e1gua ou sombra para se refrescarem. Os c\u00e1gados tendem a se aquecerem tomando banhos de sol e se enterrarem sob o ch\u00e3o para se refrescarem. A parte externa do casco faz parte da pele. Tartarugas n\u00e3o trocam de pele por inteiro de uma s\u00f3 vez como as cobras. Tartarugas trocam de pele aos poucos. C\u00e1gados tamb\u00e9m trocam de pele. As peles mortas se acumular\u00e3o formando sali\u00eancias e placas grossas que proteger\u00e3o certas partes do corpo fora do casco.<\/p>\n<p>Tartarugas grandes tendem a nadar menos que tartarugas menores. Por exemplo, a Tartaruga Aligator, que \u00e9 uma das maiores tartarugas de \u00e1gua doce do mundo, quase nunca nada. Elas preferem andar ao longo do fundo do rio ou lago. Tartarugas usam suas longas garras para subir as margens dos rios e troncos flutuantes.<\/p>\n<p>Tartarugas terrestres pequenas e tartarugas de \u00e1gua doce s\u00e3o por vezes mantidas como animais de estima\u00e7\u00e3o. As mais populares s\u00e3o a Tartaruga Russa, a Tartaruga Grega e a Tartaruga-da-Orelha-Vermelha.<\/p>\n","protected":false},"excerpt":{"rendered":"<p>Tartarugas e c\u00e1gados s\u00e3o r\u00e9pteis. Eles t\u00eam um casco especial que serve como escudo. Eles s\u00e3o protegidos pelo casco por cima e por baixo. A parte arredondada de cima \u00e9 chamada de carapa\u00e7a. A parte de baixo, que circunda a barriga, \u00e9 chamada de plastr\u00e3o. Ambos a carapa\u00e7a e o plastr\u00e3o s\u00e3o unidos por estruturas &hellip; <a href=\"https:\/\/www.big-animals.com\/pt\/tartarugas-e-cagados\/\" class=\"more-link\">Continue reading <span class=\"screen-reader-text\">Tartarugas e C\u00e1gados<\/span><\/a><\/p>\n","protected":false},"author":1,"featured_media":0,"parent":0,"menu_order":0,"comment_status":"closed","ping_status":"open","template":"","meta":{"_acf_changed":false,"footnotes":""},"acf":[],"_links":{"self":[{"href":"https:\/\/www.big-animals.com\/pt\/wp-json\/wp\/v2\/pages\/15"}],"collection":[{"href":"https:\/\/www.big-animals.com\/pt\/wp-json\/wp\/v2\/pages"}],"about":[{"href":"https:\/\/www.big-animals.com\/pt\/wp-json\/wp\/v2\/types\/page"}],"author":[{"embeddable":true,"href":"https:\/\/www.big-animals.com\/pt\/wp-json\/wp\/v2\/users\/1"}],"replies":[{"embeddable":true,"href":"https:\/\/www.big-animals.com\/pt\/wp-json\/wp\/v2\/comments?post=15"}],"version-history":[{"count":9,"href":"https:\/\/www.big-animals.com\/pt\/wp-json\/wp\/v2\/pages\/15\/revisions"}],"predecessor-version":[{"id":429,"href":"https:\/\/www.big-animals.com\/pt\/wp-json\/wp\/v2\/pages\/15\/revisions\/429"}],"wp:attachment":[{"href":"https:\/\/www.big-animals.com\/pt\/wp-json\/wp\/v2\/media?parent=15"}],"curies":[{"name":"wp","href":"https:\/\/api.w.org\/{rel}","templated":true}]}}