{"id":17,"date":"2011-05-09T09:05:05","date_gmt":"2011-05-09T09:05:05","guid":{"rendered":""},"modified":"2015-09-22T08:21:41","modified_gmt":"2015-09-22T08:21:41","slug":"cetaceos","status":"publish","type":"page","link":"https:\/\/www.big-animals.com\/pt\/cetaceos\/","title":{"rendered":"Cet\u00e1ceos"},"content":{"rendered":"<p><span id=\"gts_text_1\" class=\"gts_text\">Os cet\u00e1ceos incluem os maiores animais que j\u00e1 existiram &#8211; a\u00a0<a title=\"The Blue Whale \u2013 The Biggest Animal There Ever Was!\" href=\"http:\/\/www.big-animals.com\/pt\/the-blue-whale-the-biggest-animal-there-ever-was\/\">baleia-azul<\/a> \u00e9 um cet\u00e1ceo, assim como os inteligentes e amig\u00e1veis golfinhos e botos. Botos s\u00e3o cet\u00e1ceos pequenos. Cet\u00e1ceos s\u00e3o<\/span><span class=\"gts_text\">\u00a0<a title=\"The World\u2019s Biggest Mammals!\" href=\"http:\/\/www.big-animals.com\/pt\/os-maiores-mamiferos-do-mundo\/\">mam\u00edferos<\/a>\u00a0marinhos.\u00a0<\/span>Eles s\u00e3o feitos para viverem no oceano. Eles t\u00eam corpos simplificados que os ajuda a nadar rapidamente. Seus membros dianteiros servem como nadadeiras. Seus membros posteriores s\u00e3o extremamente pequenos. Suas caudas s\u00e3o horizontais, ao inv\u00e9s de verticais como as caudas dos peixes.<\/p>\n<figure id=\"attachment_1043\" aria-describedby=\"caption-attachment-1043\" style=\"width: 300px\" class=\"wp-caption alignright\"><a href=\"http:\/\/www.big-animals.com\/wp-content\/uploads\/2011\/05\/HumpbackWhaleUnderwater.jpg\"><img loading=\"lazy\" decoding=\"async\" class=\"size-medium wp-image-1043\" title=\"The Humpback Whale is a Typical Cetacean\" src=\"http:\/\/www.big-animals.com\/wp-content\/uploads\/2011\/05\/HumpbackWhaleUnderwater-300x152.jpg\" alt=\"The Humpback Whale is a Typical Cetacean\" width=\"300\" height=\"152\" \/><\/a><figcaption id=\"caption-attachment-1043\" class=\"wp-caption-text\">A Baleia Jubarte \u00e9 um t\u00edpico Cet\u00e1ceo<\/figcaption><\/figure>\n<p>Os cet\u00e1ceos s\u00e3o bem isolados por uma espessa camada de gordura, que os mant\u00eam aquecidos na \u00e1gua fria do mar. Eles respiram ar atrav\u00e9s de seus pulm\u00f5es. Quando mergulham para o fundo do mar azul, seus espir\u00e1culos\u00a0(que s\u00e3o os orif\u00edcios respirat\u00f3rios, no topo de suas cabe\u00e7as) se fecham. E somente se abrem novamente quando o cet\u00e1ceo volta \u00e0 superf\u00edcie. Eles expiram explosivamente atrav\u00e9s de seus espir\u00e1culos. Isto causa uma corrente de ar esfuma\u00e7ada. O ar quente \u00e9 ent\u00e3o exalado pelos espir\u00e1culos. Depois de exalar elas imediatamente inalam ar fresco e os espir\u00e1culos\u00a0se fecham novamente. Os espir\u00e1culos\u00a0ficam fechados quando os cet\u00e1ceos relaxam, assim eles podem relaxar debaixo d&#8217;\u00e1gua. Os pequenos cet\u00e1ceos, como golfinhos e botos, levam apenas uma fra\u00e7\u00e3o de segundo para respirarem, mas cet\u00e1ceos maiores, como a baleia azul, podem demorar alguns segundos a mais.<\/p>\n<p>Os espir\u00e1culos\u00a0s\u00e3o localizados no topo de suas cabe\u00e7as. Os espir\u00e1culos\u00a0s\u00e3o cobertos por abas musculares que n\u00e3o deixam \u00e1gua entrar quando os cet\u00e1ceos est\u00e3o debaixo d&#8217;\u00e1gua. Eles n\u00e3o podem respirar pela boca. Eles apenas conseguem respirar pelos espir\u00e1culos.<\/p>\n<figure id=\"attachment_1045\" aria-describedby=\"caption-attachment-1045\" style=\"width: 300px\" class=\"wp-caption alignleft\"><a href=\"http:\/\/www.big-animals.com\/wp-content\/uploads\/2011\/05\/Dolphin.jpg\"><img loading=\"lazy\" decoding=\"async\" class=\"size-medium wp-image-1045\" title=\"The Cetaceans Include Whales And Dolphins\" src=\"http:\/\/www.big-animals.com\/wp-content\/uploads\/2011\/05\/Dolphin-300x131.jpg\" alt=\"The Cetaceans Include Whales And Dolphins\" width=\"300\" height=\"131\" \/><\/a><figcaption id=\"caption-attachment-1045\" class=\"wp-caption-text\">Os Cet\u00e1ceos incluem Baleias e Golfinhos<\/figcaption><\/figure>\n<p>Os olhos dos cet\u00e1ceos s\u00e3o localizados na lateral ao inv\u00e9s da parte da frente da cabe\u00e7a. Ent\u00e3o, apenas os cet\u00e1ceos com &#8216;bicos&#8217; pontudos como os golfinhos usam os olhos para ver adiante e<\/p>\n<p>abaixo. As gl\u00e2ndulas lacrimais em seus olhos secretam l\u00e1grimas oleosas que protegem seus olhos da \u00e1gua salgada do mar. Suas lentes t\u00eam um formato quase esf\u00e9rico. Estas lentes s\u00e3o capazes de enxergar a menor quantidade de luz em \u00e1guas profundas.<\/p>\n<p>Eles t\u00eam orelhas pequenas &#8211; apenas um pequeno buraco na pele. Eles n\u00e3o t\u00eam orelhas externas para escutar. De qualquer maneira, as orelhas externas s\u00e3o desnecess\u00e1rias porque a \u00e1gua conduz som melhor que o ar. Eles t\u00eam o ouvido interno altamente desenvolvido para detectar sons de muito longe. Eles tamb\u00e9m s\u00e3o capazes de perceber de onde os sons v\u00eam. Eles s\u00e3o como os seres humanos tamb\u00e9m. Eles usam sons para se comunicarem. Eles murmuram, gemem, apitam e clicam. Acredite ou n\u00e3o, a baleia jubarte pode at\u00e9 cantar!<\/p>\n<p>Existem dois grupos principais de cet\u00e1ceos. As baleias com dentes, chamadas Odontoceti, incluem os cachalotes, as belugas, os golfinhos e os botos. Eles t\u00eam dentes que s\u00e3o usados para capturar peixes, lulas e outras criaturas marinhas como alimento. Eles n\u00e3o mastigam sua comida, mas a engolem inteira. Quando eles capturam uma presa grande, como uma foca, eles mordem e engolem um peda\u00e7o de cada vez. Eles s\u00f3 t\u00eam um espir\u00e1culo.<\/p>\n<figure id=\"attachment_1044\" aria-describedby=\"caption-attachment-1044\" style=\"width: 300px\" class=\"wp-caption alignright\"><a href=\"http:\/\/www.big-animals.com\/wp-content\/uploads\/2011\/05\/HumpbackWhaleTail.jpg\"><img loading=\"lazy\" decoding=\"async\" class=\"size-medium wp-image-1044\" title=\"Cetaceans Have Horizontal Tails\" src=\"http:\/\/www.big-animals.com\/wp-content\/uploads\/2011\/05\/HumpbackWhaleTail-300x176.jpg\" alt=\"Cetaceans Have Horizontal Tails\" width=\"300\" height=\"176\" \/><\/a><figcaption id=\"caption-attachment-1044\" class=\"wp-caption-text\">Cet\u00e1ceos t\u00eam caudas horizontais<\/figcaption><\/figure>\n<p>O grupo chamado Mysticeti n\u00e3o t\u00eam dentes quando adultos. Ao inv\u00e9s eles t\u00eam barbas que se parecem com franjas penduradas na maxila superior. Estas barbas separam pequenos animais, como krill e peixes, de grandes bocados de \u00e1gua do mar. Eles t\u00eam 2 espir\u00e1culos, localizados lado a lado. Exemplos de cet\u00e1ceos mysticeti s\u00e3o a Baleia Azul, a Jubarte, a Baleia-da-Groenl\u00e2ndia e a Baleia-Minke-Ant\u00e1rtica.<\/p>\n<p>Cet\u00e1ceos s\u00e3o mam\u00edferos. Sendo assim, eles t\u00eam sangue quente, respiram ar pelos pulm\u00f5es, d\u00e3o leite aos seus beb\u00eas e, finalmente, eles at\u00e9 t\u00eam cabelo, ainda que muito pouco.<\/p>\n<p>&nbsp;<\/p>\n","protected":false},"excerpt":{"rendered":"<p>Os cet\u00e1ceos incluem os maiores animais que j\u00e1 existiram &#8211; a\u00a0baleia-azul \u00e9 um cet\u00e1ceo, assim como os inteligentes e amig\u00e1veis golfinhos e botos. Botos s\u00e3o cet\u00e1ceos pequenos. Cet\u00e1ceos s\u00e3o\u00a0mam\u00edferos\u00a0marinhos.\u00a0Eles s\u00e3o feitos para viverem no oceano. Eles t\u00eam corpos simplificados que os ajuda a nadar rapidamente. Seus membros dianteiros servem como nadadeiras. Seus membros posteriores s\u00e3o &hellip; <a href=\"https:\/\/www.big-animals.com\/pt\/cetaceos\/\" class=\"more-link\">Continue reading <span class=\"screen-reader-text\">Cet\u00e1ceos<\/span><\/a><\/p>\n","protected":false},"author":1,"featured_media":0,"parent":0,"menu_order":0,"comment_status":"closed","ping_status":"open","template":"","meta":{"_acf_changed":false,"footnotes":""},"acf":[],"_links":{"self":[{"href":"https:\/\/www.big-animals.com\/pt\/wp-json\/wp\/v2\/pages\/17"}],"collection":[{"href":"https:\/\/www.big-animals.com\/pt\/wp-json\/wp\/v2\/pages"}],"about":[{"href":"https:\/\/www.big-animals.com\/pt\/wp-json\/wp\/v2\/types\/page"}],"author":[{"embeddable":true,"href":"https:\/\/www.big-animals.com\/pt\/wp-json\/wp\/v2\/users\/1"}],"replies":[{"embeddable":true,"href":"https:\/\/www.big-animals.com\/pt\/wp-json\/wp\/v2\/comments?post=17"}],"version-history":[{"count":3,"href":"https:\/\/www.big-animals.com\/pt\/wp-json\/wp\/v2\/pages\/17\/revisions"}],"predecessor-version":[{"id":469,"href":"https:\/\/www.big-animals.com\/pt\/wp-json\/wp\/v2\/pages\/17\/revisions\/469"}],"wp:attachment":[{"href":"https:\/\/www.big-animals.com\/pt\/wp-json\/wp\/v2\/media?parent=17"}],"curies":[{"name":"wp","href":"https:\/\/api.w.org\/{rel}","templated":true}]}}