{"id":18,"date":"2011-05-09T09:07:48","date_gmt":"2011-05-09T09:07:48","guid":{"rendered":""},"modified":"2015-09-22T08:22:44","modified_gmt":"2015-09-22T08:22:44","slug":"odd-ungulados","status":"publish","type":"page","link":"https:\/\/www.big-animals.com\/pt\/odd-ungulados\/","title":{"rendered":"Ungulados de Dedos \u00cdmpares"},"content":{"rendered":"<p><figure id=\"attachment_1081\" aria-describedby=\"caption-attachment-1081\" style=\"width: 244px\" class=\"wp-caption alignright\"><figcaption id=\"caption-attachment-1081\" class=\"wp-caption-text\">A Anta \u00e9 um Ungulado de Dedos \u00cdmpares<\/figcaption><\/figure><a href=\"http:\/\/www.big-animals.com\/wp-content\/uploads\/2011\/05\/Tapir.jpg\"><img loading=\"lazy\" decoding=\"async\" class=\"size-medium wp-image-1081 \" title=\"The Tapir is an Odd-Toed Ungulate\" src=\"http:\/\/www.big-animals.com\/wp-content\/uploads\/2011\/05\/Tapir-244x300.jpg\" alt=\"The Tapir is an Odd-Toed Ungulate\" width=\"244\" height=\"300\" \/><span id=\"gts_text_1\" class=\"gts_text\"><\/span><\/a><\/p>\n<p><span id=\"gts_text_2\" class=\"gts_text\">Os ungulados de dedos \u00edmpares s\u00e3o <a title=\"The World\u2019s Biggest Mammals!\" href=\"http:\/\/www.big-animals.com\/pt\/os-maiores-mamiferos-do-mundo\/\">mam\u00edferos<\/a>\u00a0comedores de grama. <\/span><span id=\"gts_text_3\" class=\"gts_text\">A maioria dos ungulados de dedos \u00edmpares comem plantas. Este grupo inclui cavalos, antas e rinocerontes. Estes mam\u00edferos t\u00eam cascos com n\u00famero \u00edmpar de dedos. O dedo do meio em cada casco \u00e9 normalmente maior que os outros dedos. Estes animais s\u00e3o relativamente grandes e t\u00eam est\u00f4magos mais simples quando comparados aos<\/span><span id=\"gts_text_7\" class=\"gts_text\">\u00a0<a title=\"Even-toed ungulate\" href=\"http:\/\/www.big-animals.com\/pt\/integrado-no-projeto-ate-mesmo-dedos-mamiferos\/\">ungulados de dedos pares<\/a>, que t\u00eam est\u00f4magos mais complexos para digerir alimentos \u00e0 base de plantas.<\/span><\/p>\n<p><span id=\"gts_text_9\" class=\"gts_text\">Este \u00e9 um grupo diversificado em suas esp\u00e9cies. Todos os ungulados de dedos \u00edmpares modernos s\u00e3o animais de grande porte, que variam em tamanho desde a mais pequena Anta-de-Montanha, que tem 180 quilos, ao maior <a title=\"White Rhinoceros\" href=\"http:\/\/www.big-animals.com\/pt\/rinoceronte-branco\/\">Rinoceronte Branco<\/a>, que pode pesar 2.200 quilos ou mais. Seu enorme peso corporal \u00e9 sustentado pelo grande dedo m\u00e9dio ou pelo terceiro dedo. Eles podem ser encontrados em toda a \u00c1frica, Am\u00e9rica do Norte, Am\u00e9rica do Sul e \u00c1sia.<\/span><\/p>\n<p>Cavalos vivem em rebanhos. Os rinocerontes modernos gostam de viver sozinhos. Eles s\u00e3o animais territoriais. Sendo assim, normalmente atacam outros rinocerontes que tentam invadir seu espa\u00e7o. As antas tamb\u00e9m s\u00e3o animais solit\u00e1rios, mas elas n\u00e3o defendem e atacam outros animais que invadem seu territ\u00f3rio. S\u00e3o animais t\u00edmidos.<\/p>\n<p><span style=\"line-height: 1.6471\"><figure id=\"attachment_1082\" aria-describedby=\"caption-attachment-1082\" style=\"width: 300px\" class=\"wp-caption alignleft\"><figcaption id=\"caption-attachment-1082\" class=\"wp-caption-text\">Rinocerontes s\u00e3o muito agressivos<\/figcaption><\/figure><\/span><a style=\"line-height: 1.6471\" href=\"http:\/\/www.big-animals.com\/wp-content\/uploads\/2011\/05\/Rhinoceros.jpg\"><img loading=\"lazy\" decoding=\"async\" class=\"size-medium wp-image-1082\" title=\"Rhinoceroses Are Very Aggressive\" src=\"http:\/\/www.big-animals.com\/wp-content\/uploads\/2011\/05\/Rhinoceros-300x225.jpg\" alt=\"Rhinoceroses Are Very Aggressive\" width=\"300\" height=\"225\" \/><\/a><\/p>\n<p>Ungulados de dedos \u00edmpares f\u00eameas tendem a dar \u00e0 luz apenas um potro ou bezerro de cada vez. Elas raramente t\u00eam g\u00eameos. O bezerro ou potro \u00e9 capaz de ficar em p\u00e9 logo depois do nascimento. Mas ainda ser\u00e1 muito dependente de sua m\u00e3e. O jovem fica com sua m\u00e3e mesmo depois de desmamado. Ele s\u00f3 vai deixar sua m\u00e3e quando ela come\u00e7ar a espant\u00e1-lo. Ela faz isto quando est\u00e1 prestes a dar \u00e0 luz um novo potro ou bezerro. Neste momento, o jovem cavalo se junta ao rebanho. Posteriormente, os jovens garanh\u00f5es s\u00e3o normalmente expulsos para se juntarem aos rebanhos de solteiros. Rinocerontes e antas caminham longe \u00e0 procura de novas \u00e1reas de alimenta\u00e7\u00e3o ap\u00f3s serem desmamados.<\/p>\n<p>Cavalos e jumentos foram domesticados h\u00e1 muitos anos. Mas os rinocerontes nunca foram domesticados. Eles s\u00e3o muito grandes e agressivos! Alguns foram capturados e colocados em zool\u00f3gicos. A popula\u00e7\u00e3o de ungulados de dedos \u00edmpares est\u00e1 em decl\u00ednio devido \u00e0 mudan\u00e7as clim\u00e1ticas, predadores, doen\u00e7as, plantas com folhas grosseiras e competi\u00e7\u00e3o com outros comedores de plantas, como os ungulados de dedos pares. A maioria das esp\u00e9cies de ungulados de dedos \u00edmpares est\u00e3o listadas como esp\u00e9cies amea\u00e7adas, mas nenhuma esp\u00e9cie moderna est\u00e1 confirmadamente extinta. Eles tendem a viver mais em cativeiro. Existem muitos programas de reprodu\u00e7\u00e3o tentando manter suas popula\u00e7\u00f5es selvagens. Se <em>todos<\/em> os esfor\u00e7os de conserva\u00e7\u00e3o falharem, os \u00fanicos dois ungulados de dedos \u00edmpares que sobrar\u00e3o ser\u00e3o os cavalos e jumentos domesticados.<\/p>\n<p><figure id=\"attachment_1083\" aria-describedby=\"caption-attachment-1083\" style=\"width: 300px\" class=\"wp-caption aligncenter\"><figcaption id=\"caption-attachment-1083\" class=\"wp-caption-text\">Zebras e Cavalos s\u00e3o o terceiro grupo de Ungulados de Dedos \u00cdmpares<\/figcaption><\/figure><a href=\"http:\/\/www.big-animals.com\/wp-content\/uploads\/2011\/05\/Zebras.jpg\"><img loading=\"lazy\" decoding=\"async\" class=\"size-medium wp-image-1083\" title=\"Zebras and Horses are the Third Group of Odd-Toed Ungulates\" src=\"http:\/\/www.big-animals.com\/wp-content\/uploads\/2011\/05\/Zebras-300x188.jpg\" alt=\"Zebras and Horses are the Third Group of Odd-Toed Ungulates\" width=\"300\" height=\"188\" \/><span id=\"gts_text_38\" class=\"gts_text\"><\/span><\/a><\/p>\n<p>&nbsp;<\/p>\n","protected":false},"excerpt":{"rendered":"<p>Os ungulados de dedos \u00edmpares s\u00e3o mam\u00edferos\u00a0comedores de grama. A maioria dos ungulados de dedos \u00edmpares comem plantas. Este grupo inclui cavalos, antas e rinocerontes. Estes mam\u00edferos t\u00eam cascos com n\u00famero \u00edmpar de dedos. O dedo do meio em cada casco \u00e9 normalmente maior que os outros dedos. Estes animais s\u00e3o relativamente grandes e t\u00eam &hellip; <a href=\"https:\/\/www.big-animals.com\/pt\/odd-ungulados\/\" class=\"more-link\">Continue reading <span class=\"screen-reader-text\">Ungulados de Dedos \u00cdmpares<\/span><\/a><\/p>\n","protected":false},"author":1,"featured_media":0,"parent":0,"menu_order":0,"comment_status":"closed","ping_status":"open","template":"","meta":{"_acf_changed":false,"footnotes":""},"acf":[],"_links":{"self":[{"href":"https:\/\/www.big-animals.com\/pt\/wp-json\/wp\/v2\/pages\/18"}],"collection":[{"href":"https:\/\/www.big-animals.com\/pt\/wp-json\/wp\/v2\/pages"}],"about":[{"href":"https:\/\/www.big-animals.com\/pt\/wp-json\/wp\/v2\/types\/page"}],"author":[{"embeddable":true,"href":"https:\/\/www.big-animals.com\/pt\/wp-json\/wp\/v2\/users\/1"}],"replies":[{"embeddable":true,"href":"https:\/\/www.big-animals.com\/pt\/wp-json\/wp\/v2\/comments?post=18"}],"version-history":[{"count":5,"href":"https:\/\/www.big-animals.com\/pt\/wp-json\/wp\/v2\/pages\/18\/revisions"}],"predecessor-version":[{"id":470,"href":"https:\/\/www.big-animals.com\/pt\/wp-json\/wp\/v2\/pages\/18\/revisions\/470"}],"wp:attachment":[{"href":"https:\/\/www.big-animals.com\/pt\/wp-json\/wp\/v2\/media?parent=18"}],"curies":[{"name":"wp","href":"https:\/\/api.w.org\/{rel}","templated":true}]}}