{"id":20,"date":"2011-05-09T09:08:48","date_gmt":"2011-05-09T09:08:48","guid":{"rendered":""},"modified":"2015-09-29T04:46:16","modified_gmt":"2015-09-29T04:46:16","slug":"tartaruga-mar","status":"publish","type":"page","link":"https:\/\/www.big-animals.com\/pt\/tartaruga-mar\/","title":{"rendered":"Tartaruga-de-Couro"},"content":{"rendered":"<p><span class=\"gts_text\">A tartaruga-de-couro \u00e9 a maior de todas as <a href=\"http:\/\/www.big-animals.com\/pt\/tartarugas-e-cagados\/\">tartarugas<\/a>\u00a0em vida e o quarto maior <a href=\"http:\/\/www.big-animals.com\/pt\/the-mundos-maior-repteis\/\">r\u00e9ptil<\/a>\u00a0<\/span>em vida depois de certos crocodilos e jacar\u00e9s. A enorme tartaruga-de-couro tem em m\u00e9dia 1-2 metros de comprimento e pesa 250-700 quilos. Uma tartaruga-de-couro adulta \u00e9 mais comprida que um homem de m\u00e9dio porte. A maior j\u00e1 encontrada tinha mais de 3 metros da cabe\u00e7a a cauda e pesava 916 quilos. Ela foi encontrada numa praia no oeste do Pa\u00eds de Gales.<\/p>\n<p><span id=\"gts_text_1\" class=\"gts_text\"><\/span><span style=\"font-size: 24px;font-weight: bold;line-height: 1.1667\">Fatos sobre a Tartaruga-de-Couro<\/span><\/p>\n<p>Esta tartaruga gigantesca \u00e9 chamada tartaruga-de-couro porque seu casco \u00e9 como uma pele de couro espessa. Parecido com uma borracha dura. Esta pele de couro torna a tartaruga-de-couro diferente de outras tartarugas marinhas, que t\u00eam cascos \u00f3sseos. Ele tem sete quilhas distintas na parte superior arredondada do casco. As quilhas cruzam da frente para a parte de tr\u00e1s do pesco\u00e7o da tartaruga. Estas quilhas e o corpo em formato de uma l\u00e1grima grande ajudam a tartaruga a deslizar suavemente atrav\u00e9s da \u00e1gua. O dorso da tartaruga \u00e9 cinza escuro a preto com muitos pontos brancos.<\/p>\n<figure id=\"attachment_342\" aria-describedby=\"caption-attachment-342\" style=\"width: 300px\" class=\"wp-caption alignleft\"><a href=\"http:\/\/www.big-animals.com\/wp-content\/uploads\/2011\/02\/Letherback-Laying-Eggs.jpg\"><img loading=\"lazy\" decoding=\"async\" class=\"size-medium wp-image-342 \" title=\"Leatherback Turtle Laying Eggs - The Leatherback Sea Turtle is the world's largest turtle\" src=\"http:\/\/www.big-animals.com\/wp-content\/uploads\/2011\/02\/Letherback-Laying-Eggs-300x204.jpg\" alt=\"Leatherback Turtle Laying Eggs - The Leatherback Sea Turtle is the world's largest turtle\" width=\"300\" height=\"204\" \/><\/a><figcaption id=\"caption-attachment-342\" class=\"wp-caption-text\">Tartaruga-de-Couro Botando Ovos &#8211; a Tartaruga-de-Couro \u00e9 a maior tartaruga do mundo &#8211; Foto por Steve Garvie,\u00a0Esc\u00f3cia<\/figcaption><\/figure>\n<p>As tartarugas-de-couro s\u00e3o os animais marinhos com mais profundidade de mergulho. Elas podem mergulhar cerca de at\u00e9 1,25 quil\u00f4metros da superf\u00edcie. Al\u00e9m disto, elas podem permanecer debaixo d&#8217;\u00e1gua por um bom tempo. Isto mostra que elas t\u00eam pulm\u00f5es potentes! Elas tamb\u00e9m s\u00e3o os r\u00e9pteis que se movem mais rapidamente. Elas podem nadar a cerca de 35 quil\u00f4metros por hora na \u00e1gua.<\/p>\n<h3>O Habitat da Tartaruga-de-Couro<\/h3>\n<p>A tartaruga-de-couro \u00e9 igualmente feliz em \u00e1gua fria ou morna. Voc\u00ea pode encontr\u00e1-las t\u00e3o ao norte quanto a Noruega e ao sul nas costas do Chile e Nova Zel\u00e2ndia. Portanto, as tartarugas-de-couro est\u00e3o espalhadas mais amplamente sobre a terra que qualquer outra esp\u00e9cie de r\u00e9pteis. Elas podem ser encontradas em todos os oceanos tropicais e subtropicais, at\u00e9 mesmo no mar gelado do \u00c1rtico. Elas t\u00eam um corpo \u00fanico, que as permite viver no oceano frio. Elas s\u00e3o capazes de manter uma temperatura alta em \u00e1gua fria porque s\u00e3o grandes, elas t\u00eam uma espessa camada de gordura logo abaixo da pele, geram muito calor atrav\u00e9s dos seus m\u00fasculos quando nadam e podem cortar o fluxo de sangue das suas nadadeiras frias. Todas as outras tartarugas marinhas s\u00e3o confinadas \u00e0s regi\u00f5es mais quentes dos oceanos do mundo. Tartarugas-de-couro adultas foram encontradas com uma temperatura corporal de 18<sup>o <\/sup>C acima da temperatura \u00e1gua ao seu redor.<\/p>\n<p>As tartarugas-de-couro t\u00eam um grande par de nadadeiras dianteiras. Estas nadadeiras dianteiras s\u00e3o chatas, o que ajuda a tartaruga-de-couro a nadar no mar aberto. N\u00e3o h\u00e1 garras ou escamas nas nadadeiras dianteiras, que s\u00e3o muito maiores que as nadadeiras de outras tartarugas marinhas. As nadadeiras traseiras das tartarugas-de-couro t\u00eam forma de remo. As nadadeiras dianteiras podem crescer at\u00e9 cerca de 2,7 metros nas tartarugas-de-couro maiores. Com seu casco quilhado e suas nadadeiras enormes, a tartaruga-de-couro pode viajar distancias imensas. Elas viajam cerca de 6000 quil\u00f4metros cada dire\u00e7\u00e3o entre o lugar onde elas botam seus ovos e suas \u00e1reas de alimenta\u00e7\u00e3o.<\/p>\n<p>As tartarugas-de-couro-m\u00e3e botam cerca de 100-150 ovos em praias tropicais. Elas botam ovos v\u00e1rias vezes durante a \u00e9poca de desova. Depois de cerca de 2 meses as tartarugas-de-couro-filhotes, com listras brancas ao longo das quilhas dorsais e nas nadadeiras, escavam seu caminho para a superf\u00edcie da areia. Os filhotes t\u00eam cerca de 50-77 cent\u00edmetros de comprimento. Eles t\u00eam nadadeiras t\u00e3o longas quanto seu corpo. Eles pesam cerca de 40-50 gramas. Uma tartaruga-de-couro-m\u00e3e retorna \u00e0 mesma praia onde nasceu para botar seus ovos.<\/p>\n<h3><span id=\"gts_text_43\" class=\"gts_text\">O Que as Tartarugas-de-Couro Comem?<\/span><\/h3>\n<p>As tartarugas-de-couro comem principalmente \u00e1guas-vivas. Elas tamb\u00e9m adicionam peixes, lulas e outras criaturas marinhas sem ossos \u00e0 sua dieta. As tartarugas-de-couro do Oceano Pac\u00edfico nadam at\u00e9 o Oceano Atl\u00e2ntico, da Indon\u00e9sia at\u00e9 a Calif\u00f3rnia, para comer \u00e1guas-vivas por l\u00e1. Que \u00f3timas nadadoras maratonistas elas s\u00e3o! Uma das causas do decl\u00ednio no n\u00famero de tartarugas-de-couro s\u00e3o sacos de pl\u00e1stico flutuando no oceano. Estas tartarugas-de-couro do Pac\u00edfico confundem estes sacos de pl\u00e1stico com \u00e1guas-vivas e tentam com\u00ea-los. Como resultado disto, um ter\u00e7o da popula\u00e7\u00e3o adulta de tartarugas-de-couro j\u00e1 comeram um saco pl\u00e1stico. Portanto, n\u00f3s realmente dever\u00edamos parar de usar sacos de pl\u00e1stico e come\u00e7ar a ter o h\u00e1bito de usar sacolas de compras reutiliz\u00e1veis. At\u00e9 uma pequena quantia de pl\u00e1stico pode matar uma tartaruga-de-couro bloqueando seu sistema digestivo.<\/p>\n<h3><span id=\"gts_text_53\" class=\"gts_text\">A Tartaruga-de-Couro est\u00e1\u00a0Risco de Extin\u00e7\u00e3o<\/span><\/h3>\n<p>Al\u00e9m dos sacos de pl\u00e1stico, elas tamb\u00e9m enfrentam muitas outras amea\u00e7as. Pessoas de alguns pa\u00edses gostam de comer os ovos da tartaruga-de-couro. Tantos ovos de tartaruga foram desenterrados em pa\u00edses asi\u00e1ticos que o n\u00famero de tartarugas-de-couro despencou. Por exemplo, a praia de Rantau Abang em Terengganu, Mal\u00e1sia, j\u00e1 foi uma vez a maior \u00e1rea de desova no mundo. Ela tinha 10.000 ninhos de tartarugas-de-couro a cada ano. No entanto, em 2008, apenas 2 m\u00edseros ninhos foram encontrados em Rantau Abang &#8211; e para piorar a situa\u00e7\u00e3o os ovos eram inf\u00e9rteis, sem chance de chocar tartarugas beb\u00eas. A maior causa do decl\u00ednio \u00e9 que os ovos eram coletados agressivamente para serem vendidos como comida no mercado.<\/p>\n<figure id=\"attachment_343\" aria-describedby=\"caption-attachment-343\" style=\"width: 300px\" class=\"wp-caption alignright\"><a href=\"http:\/\/www.big-animals.com\/wp-content\/uploads\/2011\/02\/Baby-Leatherback.jpg\"><img loading=\"lazy\" decoding=\"async\" class=\"size-medium wp-image-343\" title=\"A Baby Leatherback Sea Turtle - Only 1% Of These Cute Creatures Grow To Adult Size\" src=\"http:\/\/www.big-animals.com\/wp-content\/uploads\/2011\/02\/Baby-Leatherback-300x198.jpg\" alt=\"A Baby Leatherback Sea Turtle - Only 1% Of These Cute Creatures Grow To Adult Size\" width=\"300\" height=\"198\" \/><\/a><figcaption id=\"caption-attachment-343\" class=\"wp-caption-text\">Uma Tartaruga-de-Couro-Beb\u00ea &#8211; Apenas 1% destas Criaturas Bonitinhas Chegam ao Tamanho Adulto &#8211; Foto por Alejandro Linares Garcia<\/figcaption><\/figure>\n<p>N\u00e3o s\u00e3o apenas os seres humanos que gostam de comer os ovos ou filhotes de tartarugas-de-couro &#8211; a tartaruga-de-couro-beb\u00ea tem muitos predadores. Aves marinhas e guaxinins amam com\u00ea-los tamb\u00e9m. Sendo assim, antes que os filhotes possam alcan\u00e7ar o mar muitos deles s\u00e3o comidos por estes predadores. Aqueles que tratam de entrar na \u00e1gua s\u00e3o comidos por tubar\u00f5es e peixes maiores. Apenas 1% sobrevive at\u00e9 a idade adulta.<\/p>\n<p>Na Indon\u00e9sia, voc\u00ea pode encontrar lojas que vendem todos os tipos de souvenir de tartaruga como bolsas de pele de tartaruga, joias feitas de cascos de tartaruga e tartarugas de pel\u00facia. Na Europa existe uma demanda crescente por tartarugas marinhas porque mais e mais pessoas est\u00e3o come\u00e7ando a gostar de sopa de tartaruga.<\/p>\n<p>As praias que s\u00e3o usadas pelas tartarugas-de-couro para botar seus ovos t\u00eam sido usadas para a constru\u00e7\u00e3o de hot\u00e9is e restaurantes. Como resultado destas atividades, muitas tartarugas-de-couro perderam seu habitat natural, as tartarugas-de-couro-m\u00e3e t\u00eam medo de botar seus ovos na praia e os ovos serem quebrados por pessoas tomando banho de sol, brincando e dirigindo nas praias.<\/p>\n<p>Muitas tartarugas-de-couro se tornam v\u00edtimas de enormes linhas de pesca como as redes de emalhe. Se as tartarugas marinhas s\u00e3o pegas pela rede e s\u00e3o impossibilitadas de ir \u00e0 superf\u00edcie para respirar, elas podem afogar.<\/p>\n<p>Tartarugas-de-couro viajam muito longe no oceano, elas t\u00eam contato com pessoas ao redor do mundo. Portanto, esfor\u00e7os para ajudar as tartarugas-de-couro em um pa\u00eds podem ser arruinados pelas atividades em outro pa\u00eds. Por exemplo, proteger tartarugas-de-couro somente nas praias de desova e nas \u00e1guas dos E.U.A. n\u00e3o \u00e9 suficiente para garantir a seguran\u00e7a da popula\u00e7\u00e3o de tartarugas-de-couro. A m\u00e1 not\u00edcia \u00e9 que apesar de todo o esfor\u00e7o feito para salvar estas lindas criaturas marinhas, elas ainda s\u00e3o altamente exploradas por pessoas especialmente atrav\u00e9s do mercado negro nas praias de desova.<\/p>\n","protected":false},"excerpt":{"rendered":"<p>A tartaruga-de-couro \u00e9 a maior de todas as tartarugas\u00a0em vida e o quarto maior r\u00e9ptil\u00a0em vida depois de certos crocodilos e jacar\u00e9s. A enorme tartaruga-de-couro tem em m\u00e9dia 1-2 metros de comprimento e pesa 250-700 quilos. Uma tartaruga-de-couro adulta \u00e9 mais comprida que um homem de m\u00e9dio porte. A maior j\u00e1 encontrada tinha mais de &hellip; <a href=\"https:\/\/www.big-animals.com\/pt\/tartaruga-mar\/\" class=\"more-link\">Continue reading <span class=\"screen-reader-text\">Tartaruga-de-Couro<\/span><\/a><\/p>\n","protected":false},"author":1,"featured_media":0,"parent":0,"menu_order":0,"comment_status":"closed","ping_status":"open","template":"","meta":{"_acf_changed":false,"footnotes":""},"acf":[],"_links":{"self":[{"href":"https:\/\/www.big-animals.com\/pt\/wp-json\/wp\/v2\/pages\/20"}],"collection":[{"href":"https:\/\/www.big-animals.com\/pt\/wp-json\/wp\/v2\/pages"}],"about":[{"href":"https:\/\/www.big-animals.com\/pt\/wp-json\/wp\/v2\/types\/page"}],"author":[{"embeddable":true,"href":"https:\/\/www.big-animals.com\/pt\/wp-json\/wp\/v2\/users\/1"}],"replies":[{"embeddable":true,"href":"https:\/\/www.big-animals.com\/pt\/wp-json\/wp\/v2\/comments?post=20"}],"version-history":[{"count":2,"href":"https:\/\/www.big-animals.com\/pt\/wp-json\/wp\/v2\/pages\/20\/revisions"}],"predecessor-version":[{"id":477,"href":"https:\/\/www.big-animals.com\/pt\/wp-json\/wp\/v2\/pages\/20\/revisions\/477"}],"wp:attachment":[{"href":"https:\/\/www.big-animals.com\/pt\/wp-json\/wp\/v2\/media?parent=20"}],"curies":[{"name":"wp","href":"https:\/\/api.w.org\/{rel}","templated":true}]}}