{"id":21,"date":"2011-05-09T09:08:54","date_gmt":"2011-05-09T09:08:54","guid":{"rendered":""},"modified":"2015-03-06T21:32:22","modified_gmt":"2015-03-06T21:32:22","slug":"the-little-barrier-island-giant-weta-wetapunga-the-worlds-biggest-insect","status":"publish","type":"page","link":"https:\/\/www.big-animals.com\/pt\/the-little-barrier-island-giant-weta-wetapunga-the-worlds-biggest-insect\/","title":{"rendered":"Little Barrier Island, weta gigante (Wetapunga)"},"content":{"rendered":"<h3><span id=\"gts_text_1\" class=\"gts_text\">O que \u00e9 um weta?<\/span><\/h3>\n<p><span style=\"width: 300px;float: right\"><strong><img loading=\"lazy\" decoding=\"async\" class=\" gts_attribute gts_attribute_1_alt\" src=\"http:\/\/ba.dr-mikes-maths.com\/\/wp-content\/themes\/twentyten\/images\/ba\/giant-weta1.png\" alt=\"o Little Barrier Ilha gigante Weta \u00e9 o maior inseto do mundo.\" width=\"300\" height=\"152\" \/><br \/>\n<span id=\"gts_text_2\" class=\"gts_text\">Ilustra\u00e7\u00e3o do weta gigante\u00a0\u00a0<span class=\"Apple-style-span\"><i>Little Barrier Island<\/i><\/span><\/span><\/strong><\/span><\/p>\n<p><span id=\"gts_text_3\" class=\"gts_text\">Os wetas gigantes pertencem a um grupo de grandes <a href=\"\/Insects.html\">insetos<\/a>, que podem ser encontrados apenas nas ilhas da costa da Nova Zel\u00e2ndia.<\/span> <span id=\"gts_text_4\" class=\"gts_text\">Existem 11 esp\u00e9cies de weta gigantes.<\/span> <span id=\"gts_text_5\" class=\"gts_text\">Eles s\u00e3o insetos pesados, sendo o\u00a0<\/span><span id=\"gts_text_6\" class=\"gts_text\">mais pesado dos wetas gigantes o <span class=\"Apple-style-span\"><i>Little Barrier Island<\/i><\/span>, tamb\u00e9m chamado o wetapunga.<\/span> <span id=\"gts_text_7\" class=\"gts_text\">Esta criatura tamb\u00e9m possui o recorde de inseto mais pesado j\u00e1 registrado, pesando\u00a0<\/span><span id=\"gts_text_8\" class=\"gts_text\">mais de 70 gr!\u00a0<\/span><span id=\"gts_text_9\" class=\"gts_text\">Isso \u00e9 mais pesado que um pardal!<\/span>\u00a0Os w<span id=\"gts_text_10\" class=\"gts_text\">etas gigantes s\u00e3o s\u00e3o demasiado pesados para saltar pois<\/span><span id=\"gts_text_11\" class=\"gts_text\">\u00a0t\u00eam cerca de 10 cm de comprimento,\u00a0<\/span>sem<i>\u00a0<\/i><span id=\"gts_text_13\" class=\"gts_text\">incluir suas longas pernas longas!<\/span><\/p>\n<h3><span id=\"gts_text_14\" class=\"gts_text\">Que tipo de inseto \u00e9 o wetapunga?<\/span><\/h3>\n<p><span id=\"gts_text_15\" class=\"gts_text\">Os wetas gigantes pertencem \u00e0 familia dos grilos que tamb\u00e9m incluem os grilos-reis sul-africanos. Portanto<\/span><span id=\"gts_text_16\" class=\"gts_text\">, o w<\/span>etapunga n\u00e3o s\u00f3 \u00e9 o maior inseto do mundo, mas tamb\u00e9m o maior grilo do mundo.<\/p>\n<h3><span id=\"gts_text_17\" class=\"gts_text\">O weta gigante\u00a0<i>Little Barrier Island<\/i>\u00a0\u00e9 perigoso?<\/span><\/h3>\n<p><span id=\"gts_text_18\" class=\"gts_text\">Os wetas gigantes em geral t\u00eam uma natureza pac\u00edfica.<\/span> <span id=\"gts_text_19\" class=\"gts_text\">Quando amea\u00e7ados, levantam\u00a0suas longas pernas pontiagudas.<\/span> <span id=\"gts_text_20\" class=\"gts_text\">As pernas do weta gigante\u00a0<i>Little Barrier Island<\/i>\u00a0s\u00e3o mais longas que o seu corpo e quando erguidas o fariam at\u00e9 fazer <\/span><span id=\"gts_text_20\" class=\"gts_text\">parecer uma criatura assustadora!<\/span> <span id=\"gts_text_21\" class=\"gts_text\">No entanto, este inseto na verdade \u00e9 perfeitamente inofensivo.<\/span><\/p>\n<p><span id=\"gts_text_22\" class=\"gts_text\">Infelizmente, os wetas gigante ter sido quase dizimados nas Ilhas perto do continente, j\u00e1 que pragas como ratos foram introduzidas por seres humanos e o weta gigante \u00e9 demasiado lento para escapar de um rato com fome.<\/span><\/p>\n<p><span id=\"gts_text_23\" class=\"gts_text\">Felizmente para o wetapunga, a Little Barrier Island agora \u00e9 uma reserva natural, e so pode ser visitada com permis\u00e3o especial. <\/span><\/p>\n<p><span id=\"gts_text_24\" class=\"gts_text\">Aqui temos um mapa mostrando onde vivem estes wetas gigantes:<\/span><\/p>\n<p><span id=\"gts_text_25\" class=\"gts_text\">[map:http:\/\/maps.google.com\/?ie=UTF8 &amp; t = h e ll =-36.20162,175.082588 &amp; spn = 0.202795, 0.445976 &amp; z = 12]<\/span><\/p>\n<p><span id=\"gts_text_26\" class=\"gts_text\">Minimize o mapa para ver a proximidade desta ilha \u00e0 Auckland, Nova Zel\u00e2ndia.<\/span><\/p>\n","protected":false},"excerpt":{"rendered":"<p>O que \u00e9 um weta? Ilustra\u00e7\u00e3o do weta gigante\u00a0\u00a0Little Barrier Island Os wetas gigantes pertencem a um grupo de grandes insetos, que podem ser encontrados apenas nas ilhas da costa da Nova Zel\u00e2ndia. Existem 11 esp\u00e9cies de weta gigantes. Eles s\u00e3o insetos pesados, sendo o\u00a0mais pesado dos wetas gigantes o Little Barrier Island, tamb\u00e9m chamado &hellip; <a href=\"https:\/\/www.big-animals.com\/pt\/the-little-barrier-island-giant-weta-wetapunga-the-worlds-biggest-insect\/\" class=\"more-link\">Continue reading <span class=\"screen-reader-text\">Little Barrier Island, weta gigante (Wetapunga)<\/span><\/a><\/p>\n","protected":false},"author":1,"featured_media":0,"parent":0,"menu_order":0,"comment_status":"closed","ping_status":"open","template":"","meta":{"_acf_changed":false,"footnotes":""},"acf":[],"_links":{"self":[{"href":"https:\/\/www.big-animals.com\/pt\/wp-json\/wp\/v2\/pages\/21"}],"collection":[{"href":"https:\/\/www.big-animals.com\/pt\/wp-json\/wp\/v2\/pages"}],"about":[{"href":"https:\/\/www.big-animals.com\/pt\/wp-json\/wp\/v2\/types\/page"}],"author":[{"embeddable":true,"href":"https:\/\/www.big-animals.com\/pt\/wp-json\/wp\/v2\/users\/1"}],"replies":[{"embeddable":true,"href":"https:\/\/www.big-animals.com\/pt\/wp-json\/wp\/v2\/comments?post=21"}],"version-history":[{"count":7,"href":"https:\/\/www.big-animals.com\/pt\/wp-json\/wp\/v2\/pages\/21\/revisions"}],"predecessor-version":[{"id":373,"href":"https:\/\/www.big-animals.com\/pt\/wp-json\/wp\/v2\/pages\/21\/revisions\/373"}],"wp:attachment":[{"href":"https:\/\/www.big-animals.com\/pt\/wp-json\/wp\/v2\/media?parent=21"}],"curies":[{"name":"wp","href":"https:\/\/api.w.org\/{rel}","templated":true}]}}