{"id":22,"date":"2011-05-09T09:09:00","date_gmt":"2011-05-09T09:09:00","guid":{"rendered":""},"modified":"2015-09-29T06:54:15","modified_gmt":"2015-09-29T06:54:15","slug":"the-mundos-maior-cordados","status":"publish","type":"page","link":"https:\/\/www.big-animals.com\/pt\/the-mundos-maior-cordados\/","title":{"rendered":"Os Maiores Cordados do Mundo!"},"content":{"rendered":"<p><span id=\"gts_text_1\" class=\"gts_text\"><strong>O que \u00e9 um Cordado?<\/strong><\/span><\/p>\n<p><span id=\"gts_text_2\" class=\"gts_text\">Os cordados s\u00e3o um grupo (na verdade, um filo) de\u00a0<a href=\"http:\/\/www.big-animals.com\/pt\/\">animais<\/a>. <\/span><span id=\"gts_text_3\" class=\"gts_text\">Eles s\u00e3o distintos dos outros animais pois eles t\u00eam algo parecido como um espinha dorsal &#8211; um tubo nas suas costas, contendo um nervo importante.\u00a0<\/span><span id=\"gts_text_4\" class=\"gts_text\">A maioria dos cordados s\u00e3o <a href=\"http:\/\/www.big-animals.com\/pt\/the-mundos-maior-vertebrados\/\">vertebrados<\/a>. Nos vertebrados, este tubo \u00e9 normalmente composto de v\u00e9rtebras, um tipo especial de osso, com placas flex\u00edveis entre cada v\u00e9rtebra que permite o animal a dobrar suas costas at\u00e9 um certo grau. O maior cordado do mundo \u00e9 um vertebrado, que \u00e9, na verdade, o maior animal do mundo &#8211; a<\/span><span id=\"gts_text_6\" class=\"gts_text\">\u00a0<a href=\"http:\/\/www.big-animals.com\/pt\/the-blue-whale-the-biggest-animal-there-ever-was\/\">Baleia-Azul<\/a>.\u00a0<\/span><span id=\"gts_text_7\" class=\"gts_text\">Outras caracter\u00edsticas que a maioria dos cordados compartilham s\u00e3o:<\/span><\/p>\n<ul>\n<li><span id=\"gts_text_8\" class=\"gts_text\">Uma cauda, que se move atrav\u00e9s de\u00a0m\u00fasculos,<\/span><\/li>\n<li><span id=\"gts_text_9\" class=\"gts_text\">Uma boca oca ou rasgada,<\/span><\/li>\n<li>Uma \u00e1rea na parte de tr\u00e1s da garganta para produ\u00e7\u00e3o de muco (isto mesmo, quase todos os cordados produzem ranho!).<\/li>\n<\/ul>\n<p><span id=\"gts_text_11\" class=\"gts_text\"><strong>Quais os\u00a0tipos de cordados que existem?<\/strong><\/span><\/p>\n<p>O filo dos cordados, chamado <em>Chordata<\/em>, \u00e9 dividido em tr\u00eas grupos principais (chamados subfilos). Por sua vez, estes s\u00e3o divididos em um n\u00famero maior de <em>classes<\/em>.<\/p>\n<ul>\n<li><span class=\"gts_text\"><span class=\"gts_text\">Os <a href=\"http:\/\/www.big-animals.com\/pt\/the-mundos-maior-vertebrados\/\">Vertebrados<\/a> : nestes animais,\u00a0<\/span><\/span>o cord\u00e3o \u00e9 normalmente feito de ossos. Este inclui n\u00f3s, e tamb\u00e9m a Baleia-Azul, assim como peixes, aves, r\u00e9pteis e anf\u00edbios. Mais de 57000 das 63000 esp\u00e9cies de cordados s\u00e3o vertebrados.\n<ul>\n<li><span id=\"gts_text_17\" class=\"gts_text\">Os\u00a0<a href=\"http:\/\/www.big-animals.com\/pt\/the-mundos-maior-peixe\/\">peixes<\/a> &#8211;\u00a0na verdade existem v\u00e1rias classes bem diferentes de animais, todos chamados peixes. Os mais bem conhecidos s\u00e3o os peixes Cartilag\u00edneos (Condrichthyes) e os peixes \u00d3sseos (ou peixes &#8220;normais&#8221;!) que incluem duas classes Actinopterygii e a Sarcopterygii. A seguir uma lista com todas as classes de peixes conhecidas.<\/span>\n<ul>\n<li><span class=\"gts_text\"><span class=\"gts_text\">Os Acanthodii,\u00a0<\/span><\/span>algumas vezes chamados Tubar\u00f5es Espinhados, s\u00e3o um grupo extinto de peixes que tinham algumas caracter\u00edsticas de peixes Cartilag\u00edneos, e outras de peixes \u00d3sseos.<\/li>\n<li><span id=\"gts_text_21\" class=\"gts_text\">Os Actinopterygii s\u00e3o a maior classe de peixes, na verdade, a maior classe de vertebrados! Existem 27000 esp\u00e9cies destes peixes de &#8220;nadadeiras raiadas&#8221;, vivendo no mar e em \u00e1gua doce.<\/span><\/li>\n<li><span id=\"gts_text_23\" class=\"gts_text\">Os Cefalaspidomorfos s\u00e3o um grupo extinto de peixes sem mand\u00edbulas. Na verdade, os cientistas s\u00e3o divididos com rela\u00e7\u00e3o a quais animais exatamente deveriam pertencer a este grupo &#8211; alguns dizem, que as lampreias deveriam ser inclu\u00eddas, outros discordam.<\/span><\/li>\n<li><span class=\"gts_text\"><span class=\"gts_text\">Os Condrichthyes\u00a0<\/span><\/span>s\u00e3o os peixes cartilag\u00edneos, incluindo tubar\u00f5es e raias. Estes peixes n\u00e3o tem ossos de verdade, ao inv\u00e9s, seu esqueleto \u00e9 feito de cartilagem.<\/li>\n<li><span id=\"gts_text_27\" class=\"gts_text\">Os Conodonta: um grupo de animais extintos semelhantes a vermes, conhecidos principalmente por seus dentes fossilizados.<\/span><\/li>\n<li><span id=\"gts_text_28\" class=\"gts_text\">Hyperoartios \u00e9 a classe de lampreias, um grupo de animais marinhos em formato de enguia, que s\u00e3o t\u00e3o diferentes de outros peixes, que os cientistas os colocaram em um grupo completamente diferente.<\/span><\/li>\n<li><span id=\"gts_text_29\" class=\"gts_text\">O Myxini: estes s\u00e3o os peixes-bruxas &#8211; eles se parecem um pouco com enguias , e podem se amarrar em n\u00f3s.<\/span><\/li>\n<li><span id=\"gts_text_30\" class=\"gts_text\">Os Placodermos: outro grupo extinto de peixes, que tinham placas duras para proteger a cabe\u00e7a.<\/span><\/li>\n<li><span class=\"gts_text\"><span class=\"gts_text\">Os Pteraspidomorphs:\u00a0<\/span><\/span>um grupo extinto de peixes, que n\u00e3o tinham mand\u00edbulas.<\/li>\n<li><span id=\"gts_text_32\" class=\"gts_text\">Os Sarcopter\u00edgios, ou peixes com barbatanas lobadas, incluem os peixes pulmonados, e os uma vez considerados extintos celacantos.<\/span><\/li>\n<\/ul>\n<\/li>\n<li><span id=\"gts_text_33\" class=\"gts_text\">As outras classes de vertebrados s\u00e3o<\/span>\n<ul>\n<li><span id=\"gts_text_34\" class=\"gts_text\">Os anf\u00edbios (Amphibia). <\/span><span id=\"gts_text_35\" class=\"gts_text\">Estes s\u00e3o as r\u00e3s, trit\u00f5es, sapos, salamandras, axolotes. S\u00e3o<\/span><span id=\"gts_text_36\" class=\"gts_text\">\u00a0vertebrados que podem respirar ar e \u00e1gua.<\/span><\/li>\n<li><span id=\"gts_text_37\" class=\"gts_text\">Os <a href=\"http:\/\/www.big-animals.com\/pt\/the-mundos-maior-repteis\/\">r\u00e9pteis<\/a> (Sauropsida). <\/span><span id=\"gts_text_38\" class=\"gts_text\">Estes s\u00e3o as tartarugas, lagartos, cobras e outros vertebrados terrestres com escamas.<\/span><\/li>\n<li><span id=\"gts_text_39\" class=\"gts_text\">Synapsida \u00e9 um grupo de criaturas que a maioria de n\u00f3s chamaria de dinossauros, mas que eram t\u00e3o diferentes de outros dinossauros que foram dados a sua pr\u00f3pria classe.<\/span><\/li>\n<li><span id=\"gts_text_40\" class=\"gts_text\">As <a href=\"http:\/\/www.big-animals.com\/pt\/a-mundos-maior-aves\/\">aves<\/a> (Aves). Em sua maioria t\u00eam penas e s\u00e3o capazes de voar.<\/span><\/li>\n<li><span id=\"gts_text_42\" class=\"gts_text\">Os <a href=\"http:\/\/www.big-animals.com\/pt\/os-maiores-mamiferos-do-mundo\/\">mam\u00edferos<\/a> (Mammalia). Estas criaturas de sangue quente em sua maioria t\u00eam pelos, e todos d\u00e3o leite \u00e0 sua prole.<\/span><\/li>\n<\/ul>\n<\/li>\n<\/ul>\n<\/li>\n<li><span id=\"gts_text_44\" class=\"gts_text\">Cephalocordata \u00e9 um grupo de animais cuja coluna vertebral n\u00e3o \u00e9 composta de ossos, mas de um tubo resistente semelhante ao couro.<\/span><\/li>\n<li><span id=\"gts_text_45\" class=\"gts_text\">Finalmente, os Urochordata s\u00e3o animais que t\u00eam um cord\u00e3o nervoso ao longo de suas costas, mas somente enquanto jovens. Quando eles crescem, o cord\u00e3o desaparece. Existem tr\u00eas classes de urochordata.<\/span>\n<ul>\n<li>Asc\u00eddias-beb\u00eas (Ascidiacea) se parecem com girinos, e nadam. Os adultos, no entanto, se anexam a uma rocha, perdem sua cauda (e cord\u00e3o nervoso), e filtram o alimento da \u00e1gua que passa por eles.<\/li>\n<li>Os Thaliacea s\u00e3o como as asc\u00eddias em muitos aspectos, mas apenas flutuam durante a vida toda ao inv\u00e9s de se anexar a uma rocha.<\/li>\n<li>Os Larvacea produzem bolhas de celulose em torno de si que eles usam como um filtro para concentrar seus alimentos.<\/li>\n<\/ul>\n<\/li>\n<\/ul>\n<p><span id=\"gts_text_52\" class=\"gts_text\"><strong>Qual \u00e9 o maior cordado\u00a0do mundo?<\/strong><\/span><\/p>\n<p><span class=\"gts_text\">O maior cordado do mundo, em todos os aspectos, \u00e9 a <a href=\"http:\/\/www.big-animals.com\/pt\/the-blue-whale-the-biggest-animal-there-ever-was\/\">Baleia-Azul<\/a>.<\/span><\/p>\n<p>Ela pode crescer at\u00e9 30 metros de comprimento ou mais, e pesar cerca de 140 toneladas &#8211; isto \u00e9 140000 quilos! Ela \u00e9 ainda maior que os maiores dinossauros eram. Infelizmente, elas quase se foram da mesma maneira dos dinossauros no s\u00e9culo 20, devido a sua pesca. A ca\u00e7a \u00e0 Baleias-Azuis foi banida nos anos 60, e finalmente terminou nos anos 70. Mesmo agora, a popula\u00e7\u00e3o de baleias-azuis ainda \u00e9 menor que 1% do que era antes que a pesca come\u00e7ou, e alguns cientistas temem que elas possam nunca recuperar seus n\u00fameros anteriores.<\/p>\n","protected":false},"excerpt":{"rendered":"<p>O que \u00e9 um Cordado? Os cordados s\u00e3o um grupo (na verdade, um filo) de\u00a0animais. Eles s\u00e3o distintos dos outros animais pois eles t\u00eam algo parecido como um espinha dorsal &#8211; um tubo nas suas costas, contendo um nervo importante.\u00a0A maioria dos cordados s\u00e3o vertebrados. Nos vertebrados, este tubo \u00e9 normalmente composto de v\u00e9rtebras, um &hellip; <a href=\"https:\/\/www.big-animals.com\/pt\/the-mundos-maior-cordados\/\" class=\"more-link\">Continue reading <span class=\"screen-reader-text\">Os Maiores Cordados do Mundo!<\/span><\/a><\/p>\n","protected":false},"author":1,"featured_media":0,"parent":0,"menu_order":0,"comment_status":"closed","ping_status":"open","template":"","meta":{"_acf_changed":false,"footnotes":""},"acf":[],"_links":{"self":[{"href":"https:\/\/www.big-animals.com\/pt\/wp-json\/wp\/v2\/pages\/22"}],"collection":[{"href":"https:\/\/www.big-animals.com\/pt\/wp-json\/wp\/v2\/pages"}],"about":[{"href":"https:\/\/www.big-animals.com\/pt\/wp-json\/wp\/v2\/types\/page"}],"author":[{"embeddable":true,"href":"https:\/\/www.big-animals.com\/pt\/wp-json\/wp\/v2\/users\/1"}],"replies":[{"embeddable":true,"href":"https:\/\/www.big-animals.com\/pt\/wp-json\/wp\/v2\/comments?post=22"}],"version-history":[{"count":6,"href":"https:\/\/www.big-animals.com\/pt\/wp-json\/wp\/v2\/pages\/22\/revisions"}],"predecessor-version":[{"id":479,"href":"https:\/\/www.big-animals.com\/pt\/wp-json\/wp\/v2\/pages\/22\/revisions\/479"}],"wp:attachment":[{"href":"https:\/\/www.big-animals.com\/pt\/wp-json\/wp\/v2\/media?parent=22"}],"curies":[{"name":"wp","href":"https:\/\/api.w.org\/{rel}","templated":true}]}}