{"id":24,"date":"2011-05-09T09:09:14","date_gmt":"2011-05-09T09:09:14","guid":{"rendered":""},"modified":"2015-10-27T07:16:18","modified_gmt":"2015-10-27T07:16:18","slug":"the-mundos-maior-tubaroes","status":"publish","type":"page","link":"https:\/\/www.big-animals.com\/pt\/the-mundos-maior-tubaroes\/","title":{"rendered":"Os Maiores Tubar\u00f5es do Mundo!"},"content":{"rendered":"<p><span id=\"gts_text_1\" class=\"gts_text\"><strong>O que \u00e9 um tubar\u00e3o?<\/strong><\/span><\/p>\n<p><span class=\"gts_text\">O Tubar\u00e3o \u00e9 um tipo de <a href=\"http:\/\/www.big-animals.com\/pt\/the-mundos-maior-peixe\/\">Peixe<\/a>\u00a0<a href=\"http:\/\/www.big-animals.com\/pt\/the-mundos-maior-cartilaginosa-peixe\/\">Cartilaginoso<\/a>.\u00a0<\/span>Ao inv\u00e9s de ossos eles tem um material mais flex\u00edvel, chamado Cartilagem. Existem outros tipos de peixes cartilag\u00edneos, como por exemplo as raias e quimeras. Os tipos mais comuns de peixes cartilag\u00edneos s\u00e3o os tubar\u00f5es e as raias. Assim como a maioria dos outros peixes, a maioria dos peixes Cartilag\u00edneos t\u00eam br\u00e2nquias ao inv\u00e9s de pulm\u00f5es, e respiram \u00e1gua ao inv\u00e9s de ar.<\/p>\n<p><span id=\"gts_text_9\" class=\"gts_text\">Os tubar\u00f5es t\u00eam dentes renov\u00e1veis e podem ter milhares de dentes durante a sua vida. Por esta raz\u00e3o, alguns tipos de tubar\u00f5es que s\u00e3o extintos hoje s\u00e3o conhecidos apenas pelos seus dentes. Um exemplo \u00e9 o maior tubar\u00e3o de todos os tempos &#8211; na verdade, o maior peixe cartilag\u00edneo de todos os tempos, o <a href=\"http:\/\/www.big-animals.com\/pt\/megalodon-the-biggest-shark-there-ever-was\/\">Megalodonte<\/a>.<\/span><\/p>\n<p><span id=\"gts_text_10\" class=\"gts_text\"><strong>Quais s\u00e3o os tipos de tubar\u00f5es?<\/strong><\/span><\/p>\n<p>O nome cient\u00edfico dos tubar\u00f5es \u00e9 <em>Selachimorpha<\/em>. Existem 8 grupos diferentes de tubar\u00f5es, chamados &#8220;ordens&#8221;.<\/p>\n<ul>\n<li><span id=\"gts_text_13\" class=\"gts_text\">Os\u00a0<em>Hexanchiformes<\/em> t\u00eam seis ou sete fendas branquiais em cada lado. A maioria dos tubar\u00f5es t\u00eam apenas cinco.<\/span><\/li>\n<li><span id=\"gts_text_15\" class=\"gts_text\">Os\u00a0<em>Squaliformes<\/em> t\u00eam uma barbatana a mais na parte de cima, e dentes cortantes na parte superior e inferior da boca.<\/span><\/li>\n<li><span class=\"gts_text\"><span class=\"gts_text\">Os<em> Pristiophoriformes\u00a0<\/em><\/span><\/span>s\u00e3o os Tubar\u00f5es-Serra &#8211; n\u00e3o confundir com o Peixe-Serra! Tubar\u00f5es-Serra usam suas trombas com dentes para cortar o peixe que est\u00e3o comendo. Todas as esp\u00e9cies de Tubar\u00e3o-Serra est\u00e3o em risco de extin\u00e7\u00e3o.<\/li>\n<li><span class=\"gts_text\"><span class=\"gts_text\">Os\u00a0<em>Squatiniformes<\/em><\/span><\/span>\n<ul>\n<li>parecem raias. No entanto, suas branquias ficam nos lados de suas cabe\u00e7as, como outros tubar\u00f5es. Eles s\u00e3o chamados Tubar\u00f5es-Anjo.<\/li>\n<\/ul>\n<\/li>\n<li><span id=\"gts_text_22\" class=\"gts_text\"><em>Heterodontiformes<\/em> significa &#8220;diferentes tipos de dentes&#8221;, e com certeza, estes tubar\u00f5es tem uma variedade de dentes para que possam morder e esmagar mariscos.<\/span><\/li>\n<li><span id=\"gts_text_23\" class=\"gts_text\">Os\u00a0<em>Orectolobiformes<\/em> s\u00e3o normalmente chamados &#8220;Tubar\u00f5es-Tapete&#8221; por conta dos desenhos em sua pele. O maior peixe do mundo, o <\/span><span id=\"gts_text_24\" class=\"gts_text\">\u00a0<a href=\"http:\/\/www.big-animals.com\/pt\/the-whale-shark-the-worlds-biggest-fish\/\">Tubar\u00e3o-Baleia<\/a>, pertence a este grupo.<\/span><\/li>\n<li><span class=\"gts_text\"><span class=\"gts_text\">Os <em>Carcharhiniformes<\/em>\u00a0<\/span><\/span>s\u00e3o o grupo\u00a0\u00a0 mais diversificado de tubar\u00f5es, com mais de 270 esp\u00e9cies. Eles tem um par extra de p\u00e1lpebras para proteger seus olhos.<\/li>\n<li><span class=\"gts_text\"><span class=\"gts_text\">Os\u00a0<em>Lamniformes<\/em>, tamb\u00e9m chamados Tubar\u00f5es Mackerel, incluem os maiores peixes cartilaginosos de todos os tempos, o <a href=\"http:\/\/www.big-animals.com\/pt\/megalodon-the-biggest-shark-there-ever-was\/\">Megalodonte<\/a>,\u00a0<\/span><\/span>assim como o mais famoso tipo de tubar\u00e3o, o Tubar\u00e3o Branco. Tamb\u00e9m incluem o inofensivo e muito raro Tubar\u00e3o Megamouth.<\/li>\n<\/ul>\n<p><span id=\"gts_text_29\" class=\"gts_text\"><strong>Tubar\u00f5es s\u00e3o realmente perigosos?<\/strong><\/span><\/p>\n<p>Na verdade, as pessoas s\u00e3o mais perigosas para os tubar\u00f5es do que o contr\u00e1rio. Voc\u00ea sabia que a cada ano mais pessoas s\u00e3o mortas por c\u00e3es que por tubar\u00f5es? Aqui est\u00e3o algumas raz\u00f5es pelas quais tubar\u00f5es n\u00e3o s\u00e3o t\u00e3o perigosos como as pessoas pensam as vezes.<\/p>\n<ul>\n<li><span id=\"gts_text_33\" class=\"gts_text\">Muitos Muitos tipos de tubar\u00f5es n\u00e3o comem alimentos do tamanho das pessoas. Por exemplo, o maior tubar\u00e3o do mundo, o <\/span><span class=\"gts_text\"><span class=\"gts_text\">Tubar\u00e3o-Baleia,\u00a0<\/span><\/span>se alimenta apenas de pl\u00e2ncton e pequenos camar\u00f5es.<\/li>\n<li><span class=\"gts_text\"><span class=\"gts_text\">At\u00e9\u00a0<\/span><\/span>mesmo tubar\u00f5es com uma reputa\u00e7\u00e3o de serem perigosos s\u00e3o menos perigosos do que n\u00f3s pensamos. Por exemplo, o Tubar\u00e3o Branco, apesar de ser o maior peixe predat\u00f3rio do mundo, ele matou apenas 31 pessoas no Mediterr\u00e2neo nos \u00faltimos 200 anos. Na verdade, n\u00f3s nem somos um alimento saud\u00e1vel para o Tubar\u00e3o Branco &#8211; n\u00f3s n\u00e3o somos bons para a sua digest\u00e3o.<\/li>\n<li><span class=\"gts_text\"><span class=\"gts_text\">Mesmo\u00a0<\/span><\/span>quando uma pessoa \u00e9 atacada, os amigos da v\u00edtima podem frequentemente ajud\u00e1-lo (a) a escapar.<\/li>\n<li><span id=\"gts_text_39\" class=\"gts_text\">N\u00f3s somos capazes de alertar uns aos outros sobre tubar\u00f5es, e n\u00f3s investimos em redes de tubar\u00e3o, gaiolas de tubar\u00e3o e repelentes de tubar\u00e3o para nos proteger.<\/span><\/li>\n<\/ul>\n<p>Por outro lado, os humanos s\u00e3o muito perigosos para os tubar\u00f5es. A pesca de tubar\u00f5es \u00e9 uma industria em crescimento, e muitos governos n\u00e3o prestam aten\u00e7\u00e3o em quantos tubar\u00f5es s\u00e3o pegos.<\/p>\n<ul>\n<li><span id=\"gts_text_42\" class=\"gts_text\">&#8220;Sopa de barbatana de tubar\u00e3o&#8221; \u00e9 uma iguaria em algumas culturas. Pescadores pegam um tubar\u00e3o vivo, cortam sua barbatana, e soltam o tubar\u00e3o de volta na \u00e1gua, onde ele morre sufocado ou atacado por outros predadores.<\/span><\/li>\n<li><span class=\"gts_text\"><span class=\"gts_text\">Algumas\u00a0<\/span><\/span>pessoas acreditam que a cartilagem do tubar\u00e3o tem poderes curativos, apesar n\u00e3o haver evid\u00eancia de que isto seja verdade.<\/li>\n<\/ul>\n<p>Por este motivo, o n\u00famero de tubar\u00f5es est\u00e1 caindo muito em muitos lugares. N\u00f3s estamos pescando muitos tubar\u00f5es. Eles n\u00e3o podem suportar isto por muito mais tempo.<\/p>\n<p><span id=\"gts_text_48\" class=\"gts_text\"><strong>Qual \u00e9 o maior tubar\u00e3o do mundo?<\/strong><\/span><\/p>\n<p><span class=\"gts_text\">O maior tubar\u00e3o do mundo \u00e9 na verdade o maior peixe do mundo &#8211; o <a href=\"http:\/\/www.big-animals.com\/pt\/the-whale-shark-the-worlds-biggest-fish\/\">Tubar\u00e3o-Baleia<\/a>.\u00a0<\/span>Embora seja t\u00e3o grande, ele \u00e9 inofensivo &#8211; a n\u00e3o ser que voc\u00ea seja um pl\u00e2ncton min\u00fasculo ou uma lula em miniatura! Ele apenas come pequenas criaturas, mas cresce at\u00e9 12 metros de comprimento, e pesa cerca de 12000 quilos!<\/p>\n<p><span class=\"gts_text\">O maior tubar\u00e3o de <em>todos os tempos<\/em> foi o <a href=\"http:\/\/www.big-animals.com\/pt\/megalodon-the-biggest-shark-there-ever-was\/\">Megalodonte<\/a> ou <a href=\"http:\/\/www.big-animals.com\/pt\/megalodon-the-biggest-shark-there-ever-was\/\">Tubar\u00e3o Branco-Gigante<\/a>.\u00a0<\/span>Ele era semelhante ao famoso Tubar\u00e3o Branco, mas tr\u00eas vezes maior. Com 18 metros de comprimento, seu principal alimento teriam sido Baleias de v\u00e1rios tipos.<\/p>\n","protected":false},"excerpt":{"rendered":"<p>O que \u00e9 um tubar\u00e3o? O Tubar\u00e3o \u00e9 um tipo de Peixe\u00a0Cartilaginoso.\u00a0Ao inv\u00e9s de ossos eles tem um material mais flex\u00edvel, chamado Cartilagem. Existem outros tipos de peixes cartilag\u00edneos, como por exemplo as raias e quimeras. Os tipos mais comuns de peixes cartilag\u00edneos s\u00e3o os tubar\u00f5es e as raias. Assim como a maioria dos outros &hellip; <a href=\"https:\/\/www.big-animals.com\/pt\/the-mundos-maior-tubaroes\/\" class=\"more-link\">Continue reading <span class=\"screen-reader-text\">Os Maiores Tubar\u00f5es do Mundo!<\/span><\/a><\/p>\n","protected":false},"author":1,"featured_media":0,"parent":0,"menu_order":0,"comment_status":"closed","ping_status":"open","template":"","meta":{"_acf_changed":false,"footnotes":""},"acf":[],"_links":{"self":[{"href":"https:\/\/www.big-animals.com\/pt\/wp-json\/wp\/v2\/pages\/24"}],"collection":[{"href":"https:\/\/www.big-animals.com\/pt\/wp-json\/wp\/v2\/pages"}],"about":[{"href":"https:\/\/www.big-animals.com\/pt\/wp-json\/wp\/v2\/types\/page"}],"author":[{"embeddable":true,"href":"https:\/\/www.big-animals.com\/pt\/wp-json\/wp\/v2\/users\/1"}],"replies":[{"embeddable":true,"href":"https:\/\/www.big-animals.com\/pt\/wp-json\/wp\/v2\/comments?post=24"}],"version-history":[{"count":5,"href":"https:\/\/www.big-animals.com\/pt\/wp-json\/wp\/v2\/pages\/24\/revisions"}],"predecessor-version":[{"id":506,"href":"https:\/\/www.big-animals.com\/pt\/wp-json\/wp\/v2\/pages\/24\/revisions\/506"}],"wp:attachment":[{"href":"https:\/\/www.big-animals.com\/pt\/wp-json\/wp\/v2\/media?parent=24"}],"curies":[{"name":"wp","href":"https:\/\/api.w.org\/{rel}","templated":true}]}}