{"id":25,"date":"2011-05-09T09:09:20","date_gmt":"2011-05-09T09:09:20","guid":{"rendered":""},"modified":"2015-11-11T05:57:53","modified_gmt":"2015-11-11T05:57:53","slug":"the-mundos-maior-insetos","status":"publish","type":"page","link":"https:\/\/www.big-animals.com\/pt\/the-mundos-maior-insetos\/","title":{"rendered":"Os Maiores Insetos do Mundo!"},"content":{"rendered":"<h3><span id=\"gts_text_1\" class=\"gts_text\">O que s\u00e3o insetos?<\/span><\/h3>\n<p><span class=\"gts_text\">Os insetos s\u00e3o o maior grupo de <a href=\"http:\/\/www.big-animals.com\/pt\/a-mundos-maior-artropodes\/\">Artr\u00f3podes<\/a>.\u00a0<\/span>Mais de 90% dos diferentes tipos de animais na Terra s\u00e3o insetos. Voc\u00ea\u00a0pode encontrar insetos em quase todos os lugares. Eles t\u00eam um duro esqueleto externo que protege seu corpo, que \u00e9 dividido em tr\u00eas partes que consistem da cabe\u00e7a, t\u00f3rax e abd\u00f4men.<\/p>\n<p><span id=\"gts_text_2\" class=\"gts_text\"><\/span><span id=\"gts_text_6\" class=\"gts_text\"><img loading=\"lazy\" decoding=\"async\" src=\"http:\/\/ba.dr-mikes-maths.com\/\/wp-content\/themes\/twentyten\/images\/ba\/atlas-moth.jpg\" alt=\"the world's biggest moth, the Atlas Moth\" width=\"355\" height=\"177\" \/><br \/>\n<span id=\"gts_text_7\" class=\"gts_text\"><strong>A Mariposa-Atlas <strong>n\u00e3o \u00e9 o maior inseto do mundo, mas \u00e9 a maior mariposa<\/strong><\/strong><\/span><\/span><\/p>\n<p>Eles t\u00eam tr\u00eas pares de pernas articuladas, duas antenas e um par de olhos compostos. Olhos compostos s\u00e3o diferentes dos olhos humanos, que t\u00eam apenas uma lente em cada olho. Olhos compostos t\u00eam muitas lentes em cada olho. Por exemplo, uma mosca tem cerca de 4.000 lentes em um \u00fanico olho. Por isto eles podem enxergar muito bem. Olhos compostos possuem um grande \u00e2ngulo de vis\u00e3o, e podem detectar movimentos r\u00e1pidos. Olhos compostos s\u00e3o comuns entre artr\u00f3podes.<\/p>\n<p><span style=\"font-size: 24px;font-weight: bold\">Quantos tipos de insetos existem?<\/span><\/p>\n<p>Os insetos s\u00e3o o grupo de animais mais diverso do planeta. Por exemplo, existem cerca de 2.200 esp\u00e9cies de louva-Deus, 5.000 tipos de lib\u00e9lulas, 20.000 tipos de gafanhotos, 82.000 esp\u00e9cies de cigarras, 120.000 esp\u00e9cies de moscas, 110000 esp\u00e9cies de abelhas, vespas e formigas, 170.000 tipos de borboletas e mariposas e 360.000 besouros diferentes. Os insetos t\u00eam duas ou quatro asas dependendo da esp\u00e9cie. Os diferentes tipos de insetos vivos hoje incluem<\/p>\n<ul>\n<li><span class=\"gts_text\"><span class=\"gts_text\">As\u00a0<\/span><\/span>Tra\u00e7as Saltadoras &#8211; estes insetos sem asas n\u00e3o foram estudados a fundo. Existem cerca de 350 esp\u00e9cies diferentes, alguns vivendo at\u00e9 no frio do \u00c1rtico!<\/li>\n<li><span class=\"gts_text\"><span class=\"gts_text\"><span class=\"gts_text\">Os Peixinhos-de-Prata s\u00e3o insetos achatados que comem alimentos ricos em amido, como cereais e pap\u00e9is. Existem mais de 200 esp\u00e9cies.<\/span><\/span><\/span><\/li>\n<li><span class=\"gts_text\"><span class=\"gts_text\">Os\u00a0<\/span><\/span>efem\u00e9ridas s\u00e3o famosos por terem uma vida bem curta &#8211; alguns vivem apenas meia hora como adultos! Os efem\u00e9ridas s\u00e3o muito sens\u00edveis \u00e0 polui\u00e7\u00e3o. Existem cerca de 2500 esp\u00e9cies.<\/li>\n<li><span class=\"gts_text\"><span class=\"gts_text\">As Lib\u00e9lulas e Donzelinhas\u00a0s\u00e3o um grupo de insetos relativamente grandes. As larvas da lib\u00e9lula vivem em \u00e1gua, e s\u00e3o predadoras. Suas presas incluem larvas de mosquito.<\/span><\/span><\/li>\n<li><span class=\"gts_text\"><span class=\"gts_text\">Os Perl\u00e1rios s\u00e3o insetos bastante longos e simples. Existem mais de 1700 esp\u00e9cies, sendo que mais esp\u00e9cies s\u00e3o descobertas regularmente.<\/span><\/span><\/li>\n<li><span id=\"gts_text_31\" class=\"gts_text\">Os Embi\u00f3pteros vivem em t\u00faneis em formato de tubo que eles alinham com seda. A maior parte dos 300 tipos de embi\u00f3pteros vivem nos tr\u00f3picos.<\/span><\/li>\n<li><span id=\"gts_text_33\" class=\"gts_text\">Os 34 tipos de Zor\u00e1pteros vivem em pequenas col\u00f4nias debaixo de madeiras podres e comem esporos de mofo e \u00e1caros.<\/span><\/li>\n<li><span class=\"gts_text\"><span class=\"gts_text\"><span class=\"gts_text\"><span class=\"gts_text\">Os Tesourinhas t\u00eam o corpo alongado com um par de pin\u00e7as na cauda. Existem cerca de 1800 tipos de tesourinhas. Eles s\u00e3o todos inofensivos &#8211; as pin\u00e7as n\u00e3o s\u00e3o venenosas, e os tesourinhas n\u00e3o carregam nehuma doen\u00e7a.<\/span><\/span><\/span><\/span><\/li>\n<li><span id=\"gts_text_37\" class=\"gts_text\">Os grilos, Gafanhotos e Locustas incluem cerca de 12000 esp\u00e9cies de insetos. O<\/span><span id=\"gts_text_38\" class=\"gts_text\">\u00a0<a href=\"http:\/\/www.big-animals.com\/pt\/the-little-barrier-island-giant-weta-wetapunga-the-worlds-biggest-insect\/\">Weta Gigante Little Barrier Island<\/a> da Nova Zel\u00e2ndia, provavelmente o\u00a0<\/span><span id=\"gts_text_39\" class=\"gts_text\">maior inseto do mundo, pertence a este grupo.<\/span><\/li>\n<li><span class=\"gts_text\"><span class=\"gts_text\">Os Bichos-Pau se disfar\u00e7am de galhos ou varas para se esconder dos seus inimigos. Existem mais de 3000 esp\u00e9cies. O inseto mais comprido do mundo \u00e9 um deles.<\/span><\/span><\/li>\n<li><span class=\"gts_text\"><span class=\"gts_text\">H\u00e1 cerca de 30 esp\u00e9cies diferentes de <span style=\"font-style: italic\">Notoptera<\/span>, chamados de\u00a0<\/span><\/span>grylloblattodea ou gladiadores.<\/li>\n<li><span class=\"gts_text\"><span class=\"gts_text\">Dos 4000 tipos de Baratas,\u00a0<\/span><\/span>apenas 30 vivem em casas. Al\u00e9m do mais, os 4000 tipos de Cupins s\u00e3o agora considerados pelos cientistas como tipos especiais de baratas, fazendo com que haja um total de 8000 esp\u00e9cies diferentes neste grupo.<\/li>\n<li><span id=\"gts_text_46\" class=\"gts_text\">Os Louva-Deus incluem outras 2200 esp\u00e9cies de insetos predadores e bem camuflados.<\/span><\/li>\n<li><span class=\"gts_text\"><span class=\"gts_text\">Os Psocoptera incluem mais de 5500 esp\u00e9cies de insetos com asas que comem l\u00edquens ou pastas em encaderna\u00e7\u00f5es. Al\u00e9m disto, as 3500 esp\u00e9cies de Piolhos, incluindo as 3 esp\u00e9cies que s\u00e3o parasitas em seres humanos pertencem a este grupo.<\/span><\/span><\/li>\n<li><span class=\"gts_text\"><span class=\"gts_text\">Os Tripes s\u00e3o pequenos insetos que comem \u00e1caros ou sugam seiva das plantas. Existem mais de 5000 esp\u00e9cies.\u00a0<\/span><\/span><\/li>\n<li><span id=\"gts_text_52\" class=\"gts_text\">As Cigarras, Af\u00eddios e Cigarrinhas pertencem a um outro grupo, com 80000 esp\u00e9cies, chamado <span style=\"font-style: italic\">Hemiptera<\/span>.\u00a0<\/span><span id=\"gts_text_53\" class=\"gts_text\">Os maiores crescem at\u00e9 15 cm de comprimento.<\/span><\/li>\n<li><span id=\"gts_text_54\" class=\"gts_text\">Formigas, Abelhas, Vespas e Zang\u00f5es s\u00e3o agrupados no segundo mais diversificado grupo de insetos. <\/span><span id=\"gts_text_55\" class=\"gts_text\">Mais de 120.000 esp\u00e9cies diferentes j\u00e1 foram nomeadas, podendo existir at\u00e9 300.000 esp\u00e9cies.<\/span><\/li>\n<li><span class=\"gts_text\"><span class=\"gts_text\">Os Besouros s\u00e3o o grupo de animais mais diversificado do planeta, com mais de 350.000 besouros conhecidos, e milh\u00f5es a serem descobertos. Um em cada quatro tipos de animais conhecidos \u00e9 um besouro. A larva do<\/span><\/span><span id=\"gts_text_58\" class=\"gts_text\">\u00a0<a href=\"http:\/\/www.big-animals.com\/pt\/o-besouro-golias-o-inseto-mais-pesado-do-mundo\/\">Besouro-Golias<\/a> \u00e9 o inseto mais pesado de todos.<\/span><\/li>\n<li><span id=\"gts_text_59\" class=\"gts_text\">Os Strepsitera s\u00e3o insetos parasitas pouco conhecidos que atacam, principalmente, outros insetos.<\/span><\/li>\n<li><span class=\"gts_text\"><span class=\"gts_text\">Raphidioptera s\u00e3o comuns na Europa e \u00c1sia e t\u00eam grandes olhos compostos.\u00a0<\/span><\/span>Os ovos se chocam em cascas de \u00e1rvores ou em madeira podre. Existem cerca de 150 esp\u00e9cies diferentes.<\/li>\n<li><span class=\"gts_text\"><span class=\"gts_text\">As aproximadamente 300 esp\u00e9cies de\u00a0<\/span><\/span>Silidae, Corydalidae e Chauliodinae pertencem a um grupo de insetos chamado <em>Megaloptera<\/em>, chamados desta maneira devido as suas grandes asas. Eles n\u00e3o s\u00e3o muito conhecidos, porque os adultos n\u00e3o vivem por muito tempo.<\/li>\n<li><span id=\"gts_text_65\" class=\"gts_text\">Crisop\u00eddeos, Formigas-Le\u00e3o e outros comp\u00f5es mais de 4000 esp\u00e9cies de insetos.\u00a0<\/span><\/li>\n<li><span class=\"gts_text\"><span class=\"gts_text\">As Moscas-Escorpi\u00e3o\u00a0<\/span><\/span>t\u00eam nas suas caudas algo parecido com a cauda de um escorpi\u00e3o, mas s\u00e3o inofensivos. Existem cerca de 550 tipos diferentes.<\/li>\n<li><span class=\"gts_text\"><span class=\"gts_text\">As Pulgas\u00a0n\u00e3o t\u00eam asas, e precisam sugar sangue para sobreviver. No passado, algumas doen\u00e7as terr\u00edveis foram transmitidas entre humanos devido \u00e0 pulgas mordedoras. Existem cerca de 2000 esp\u00e9cies conhecidas de pulgas.<\/span><\/span><\/li>\n<li><span class=\"gts_text\"><span class=\"gts_text\">Moscas, mosquitos e Pernilongos\u00a0<\/span><\/span>s\u00e3o agrupados em um grande grupo com aproximadamente 240.000 tipos diferentes. As moscas t\u00eam apenas um \u00fanico par de asas. Alguns membros deste grupo, especialmente alguns mosquitos, s\u00e3o respons\u00e1veis pela transmiss\u00e3o de doen\u00e7as terr\u00edveis. Por exemplo, a Mal\u00e1ria atinge 350 milh\u00f5es de pessoas a cada ano, matando 1,5 milh\u00f5es delas.<\/li>\n<li><span id=\"gts_text_75\" class=\"gts_text\">Os Frig\u00e2nios t\u00eam asas\u00a0peludas<\/span><\/li>\n<li><span id=\"gts_text_76\" class=\"gts_text\">A ordem<span style=\"font-style: italic\"> Lepidoptera<\/span> cont\u00e9m as aproximadamente 180000 esp\u00e9cies de mariposas e borboletas. <\/span><span id=\"gts_text_77\" class=\"gts_text\">Os maiores insetos voadores pertencem a este grupo.<\/span><\/li>\n<\/ul>\n<h3><span id=\"gts_text_78\" class=\"gts_text\">Estrutura corporal do inseto<\/span><\/h3>\n<p>O t\u00f3rax cont\u00e9m as pernas que s\u00e3o utilizadas para caminhar, nadar, pular ou cavar. A maioria dos insetos usam seis pernas para andar e podem caminhar r\u00e1pida e firmemente. Por exemplo, baratas &#8211; as baratas est\u00e3o entre os insetos que correm mais rapidamente. Os besouros-de-\u00e1gua t\u00eam pernas como remos para ajud\u00e1-los a nadar. Na verdade, alguns podem at\u00e9 caminhar sobre a superf\u00edcie da \u00e1gua, assim como as aranhas. Os insetos s\u00e3o o \u00fanico grupo de invertebrados que podem voar. O seu abd\u00f4men cont\u00e9m todos os seus \u00f3rg\u00e3os vitais &#8211; o cora\u00e7\u00e3o, sistema digest\u00f3rio, \u00f3rg\u00e3os respirat\u00f3rios, assim como os \u00f3rg\u00e3os para eliminar res\u00edduos e mais. A maioria dos insetos precisa perder as pernas para crescer. Durante a troca das pernas, o inseto rejeita a camada externa do seu corpo. Isto acontece durante \u00e9pocas espec\u00edficas do ano, ou durante certos pontos no seu ciclo de vida.<br \/>\n<span style=\"width: 310px;float: left\"> <img loading=\"lazy\" decoding=\"async\" src=\"http:\/\/ba.dr-mikes-maths.com\/\/wp-content\/themes\/twentyten\/images\/ba\/giant-weta1.png\" alt=\"A Giant Weta - one of the world's heaviest insects.\" width=\"300\" height=\"152\" \/><br \/>\n<span id=\"gts_text_89\" class=\"gts_text\"><strong>O Wetapunga, ou <strong>Weta Gigante Little Barrier Island \u00e9 o inseto mais pesado do mundo<\/strong><\/strong><\/span><\/span><\/p>\n<p>&nbsp;<\/p>\n<h3><span id=\"gts_text_90\" class=\"gts_text\">Os Insetos e as pessoas<\/span><\/h3>\n<p>Muitos insetos s\u00e3o considerados pragas para n\u00f3s. Por exemplo, mosquitos, moscas e baratas espalham doen\u00e7as, cupins danificam casas, alguns af\u00eddios, besouros e lagartos destroem nossas planta\u00e7\u00f5es. Por outro lado, existem tamb\u00e9m insetos que nos ajudam &#8211; polinizando plantas com flores (abelhas, moscas, borboletas e mosquitos), produzindo mel (abelhas) ou seda (bicho-da-seda), comendo outros insetos-pragas (joaninhas), ou limpando (formigas). As plantas n\u00e3o podem reproduzir sem a poliniza\u00e7\u00e3o, e muitos tipos de plantas dependem dos insetos para esta tarefa. Elas fazem flores para atrair os insetos. Quando as abelhas colhem o n\u00e9ctar das flores, elas ficam encobertas com p\u00f3len das flores em todo o seu corpo, e o carregam para outras flores.<\/p>\n<h3><span id=\"gts_text_97\" class=\"gts_text\">Qual \u00e9 o maior inseto do mundo?<\/span><\/h3>\n<p>H\u00e1 v\u00e1rios competidores para o t\u00edtulo de maior inseto do mundo. O mais pesado de todos os tempos \u00e9 o <a href=\"http:\/\/www.big-animals.com\/pt\/the-little-barrier-island-giant-weta-wetapunga-the-worlds-biggest-insect\/\">Weta Gigante Little Barrier Island<\/a> da Nova Zel\u00e2ndia &#8211; que se parece com um grande e feio grilo. Um competidor pr\u00f3ximo \u00e9 o <a href=\"http:\/\/www.big-animals.com\/pt\/o-besouro-golias-o-inseto-mais-pesado-do-mundo\/\">Besouro-Golias<\/a>, que certamente \u00e9 mais pesado enquanto larva. Os cientistas ainda n\u00e3o t\u00eam certeza de qual deles cresce mais no geral. O inseto mais comprido j\u00e1 medido \u00e9 um tipo de bicho-pau proveniente de Born\u00e9u, sobre o qual muito pouco se sabe &#8211; apenas tr\u00eas esp\u00e9cimes foram encontradas, a mais comprida tendo 56 cm de comprimento, e agora se encontra em exposi\u00e7\u00e3o no Museu Brit\u00e2nico.<\/p>\n","protected":false},"excerpt":{"rendered":"<p>O que s\u00e3o insetos? Os insetos s\u00e3o o maior grupo de Artr\u00f3podes.\u00a0Mais de 90% dos diferentes tipos de animais na Terra s\u00e3o insetos. Voc\u00ea\u00a0pode encontrar insetos em quase todos os lugares. Eles t\u00eam um duro esqueleto externo que protege seu corpo, que \u00e9 dividido em tr\u00eas partes que consistem da cabe\u00e7a, t\u00f3rax e abd\u00f4men. A &hellip; <a href=\"https:\/\/www.big-animals.com\/pt\/the-mundos-maior-insetos\/\" class=\"more-link\">Continue reading <span class=\"screen-reader-text\">Os Maiores Insetos do Mundo!<\/span><\/a><\/p>\n","protected":false},"author":1,"featured_media":0,"parent":0,"menu_order":0,"comment_status":"closed","ping_status":"open","template":"","meta":{"_acf_changed":false,"footnotes":""},"acf":[],"_links":{"self":[{"href":"https:\/\/www.big-animals.com\/pt\/wp-json\/wp\/v2\/pages\/25"}],"collection":[{"href":"https:\/\/www.big-animals.com\/pt\/wp-json\/wp\/v2\/pages"}],"about":[{"href":"https:\/\/www.big-animals.com\/pt\/wp-json\/wp\/v2\/types\/page"}],"author":[{"embeddable":true,"href":"https:\/\/www.big-animals.com\/pt\/wp-json\/wp\/v2\/users\/1"}],"replies":[{"embeddable":true,"href":"https:\/\/www.big-animals.com\/pt\/wp-json\/wp\/v2\/comments?post=25"}],"version-history":[{"count":8,"href":"https:\/\/www.big-animals.com\/pt\/wp-json\/wp\/v2\/pages\/25\/revisions"}],"predecessor-version":[{"id":519,"href":"https:\/\/www.big-animals.com\/pt\/wp-json\/wp\/v2\/pages\/25\/revisions\/519"}],"wp:attachment":[{"href":"https:\/\/www.big-animals.com\/pt\/wp-json\/wp\/v2\/media?parent=25"}],"curies":[{"name":"wp","href":"https:\/\/api.w.org\/{rel}","templated":true}]}}