{"id":26,"date":"2011-05-09T09:09:28","date_gmt":"2011-05-09T09:09:28","guid":{"rendered":""},"modified":"2015-03-06T22:54:00","modified_gmt":"2015-03-06T22:54:00","slug":"trichoplax-adhaerens-the-worlds-biggest-and-only-placozoan","status":"publish","type":"page","link":"https:\/\/www.big-animals.com\/pt\/trichoplax-adhaerens-the-worlds-biggest-and-only-placozoan\/","title":{"rendered":"Adhaerens Placozoa &#8211; do maior do mundo &#8211; e s\u00f3 &#8211; Placozoan"},"content":{"rendered":"<h3><span id=\"gts_text_1\" class=\"gts_text\">A Placozoa<\/span><\/h3>\n<p><span id=\"gts_text_2\" class=\"gts_text\">Imagine gel\u00e9ia plana rosa e branca presa \u00e0 parede. <\/span><span id=\"gts_text_3\" class=\"gts_text\">Agora imagine \u00a0rastejando-se, continuamente mudando de\u00a0<\/span><span id=\"gts_text_3\" class=\"gts_text\">forma ao movimentar-se. \u00a0<\/span><span id=\"gts_text_4\" class=\"gts_text\">Alcan\u00e7a algo comest\u00edvel, arrasta-se sobre ele, envolve-o e lentamente digere sua presa. <img decoding=\"async\" style=\"width: 200px;height: 193px\" title=\"A Trichoplax Adhaerens (a Placozoan).\" src=\"http:\/\/ba.dr-mikes-maths.com\/\/wp-content\/themes\/twentyten\/images\/ba\/trichoplax-small.jpg\" alt=\"A Trichoplax Adhaerens (a Placozoan).\" \/> <span id=\"gts_text_5\" class=\"gts_text\"><\/span>Finalmente, imagine esta criatura gelatinosa fazendo tudo isso na parede de seu aqu\u00e1rio de peixes (n\u00e3o seu quarto) e em vez de ser um monstro horr\u00edvel, \u00e9 apenas ligeiramente maior que a cabe\u00e7a de um alfinete. Voc\u00ea acaba de imaginar\u00a0<\/span><span id=\"gts_text_6\" class=\"gts_text\">o surpreendente <span style=\"font-style: italic\">Placozoa Adhaerens<\/span>. <\/span><span id=\"gts_text_7\" class=\"gts_text\">Uma imagem de uma Placozoa &#8211; vista atrav\u00e9s de um microsc\u00f3pio &#8211; \u00e9 mostrada \u00e0 direita. <\/span><\/p>\n<p><span id=\"gts_text_8\" class=\"gts_text\">H\u00e1 uma vers\u00e3o maior desta imagem (originalmente tomadas por Oliver Voigt) na parte inferior da p\u00e1gina.<\/span><\/p>\n<p><span id=\"gts_text_9\" class=\"gts_text\">Agora o que \u00e9 um animal min\u00fasculo como Placozoa fazendo em um site de\u00a0<span style=\"font-style: italic\">maiores <\/span>animais do mundo? <\/span><span id=\"gts_text_10\" class=\"gts_text\">Bem, Placozoa Adhaerens \u00e9 um Placozoan, na verdade, \u00e9 o \u00fanico Placozoan. <\/span><span id=\"gts_text_11\" class=\"gts_text\">\u00c9 mais f\u00e1cil de ser o maior quando se \u00e9 \u00fanico! <\/span><span id=\"gts_text_12\" class=\"gts_text\">A Placozoa foi descoberta em 1883, mas foi apenas na d\u00e9cada de 1970 que os cientistas perceberam que era um animal t\u00e3o diferente dos outros tipos de animais que merecia seu pr\u00f3prio &#8220;filo&#8221;. <\/span><span id=\"gts_text_13\" class=\"gts_text\">Eles chamaram este filo de Placozoa. Os filos<\/span><span id=\"gts_text_14\" class=\"gts_text\">\u00a0s\u00e3o os maiores grupos de animais. <\/span><span id=\"gts_text_15\" class=\"gts_text\">Voc\u00ea pode ver uma <a href=\"\/Animals.html\">lista de todas as fam\u00edlias diferentes<\/a> na p\u00e1gina sobre os <a href=\"\/Animals.html\">animais<\/a>.<\/span><\/p>\n<p><span id=\"gts_text_16\" class=\"gts_text\">O nome <span style=\"font-style: italic\">Placozoa<\/span> vem das palavras gregas que significa &#8220;cabelo&#8221; e &#8220;chapa&#8221; e <span style=\"font-style: italic\">Adhaerens<\/span> do fato de que ele adere, \u00e0 superf\u00edcie quando se movimenta. <\/span><span id=\"gts_text_17\" class=\"gts_text\">Ele foi descoberto pela primeira vez no vidro de um aqu\u00e1rio de \u00e1gua do mar na \u00c1ustria, tornando-se talvez a \u00fanica criatura jamais descoberta em cativeiro. <\/span><span id=\"gts_text_18\" class=\"gts_text\">Na verdade, foi s\u00f3 em 1989 que uma popula\u00e7\u00e3o de Placozoa foi descoberta no estado selvagem, os mares do Jap\u00e3o.<\/span><\/p>\n<h3><span id=\"gts_text_19\" class=\"gts_text\">Existe realmente uma \u00fanica Placozoa?<\/span><\/h3>\n<p><span id=\"gts_text_20\" class=\"gts_text\">Bem, em 1896, outro Placozoa foi anunciado e nomeado <span style=\"font-style: italic\">Placozoa Reptans<\/span>. <\/span><span id=\"gts_text_21\" class=\"gts_text\">No entanto, ningu\u00e9m jamais encontrou outro Placozoa Reptans, portanto, muito provavelmente que ele nunca realmente existiu. <\/span><span id=\"gts_text_22\" class=\"gts_text\">Por outro lado, nos \u00faltimos anos os cientistas t\u00eam estudado o DNA de Placozoa Adhaerens e encontrou uma varia\u00e7\u00e3o muito maior do que as esperadas em uma \u00fanica esp\u00e9cie. <\/span><span id=\"gts_text_23\" class=\"gts_text\">Isto levou alguns a questionar se o Placozoa Adhaerens \u00e9 na verdade diversas esp\u00e9cies que parecem todas iguais.<\/span><\/p>\n<p><span id=\"gts_text_24\" class=\"gts_text\">At\u00e9 agora, no entanto, a palavra oficial \u00e9 que Placozoa Adhaerens \u00e9 o \u00fanico tipo de Placozoan. <\/span><span id=\"gts_text_25\" class=\"gts_text\">Portanto, com\u00a0<\/span>2,5 mm (0. 1 polegadas), 1 mm (0,04 polegadas) de largura e 0,025 mm (0,01 polegadas) de espessura, o Adhaerens Placozoa \u00e9 o maior!<\/p>\n<h3><span id=\"gts_text_26\" class=\"gts_text\">Como \u00e9 o Placozoa?<\/span><\/h3>\n<p><span id=\"gts_text_27\" class=\"gts_text\">Placozoa Adhaerens tem apenas 4 tipos diferentes de c\u00e9lulas (pessoas t\u00eam mais de 200). Formando uma s\u00e9rie de quebra-cabe\u00e7as para os\u00a0<\/span><span id=\"gts_text_28\" class=\"gts_text\">zo\u00f3logos.<\/span><\/p>\n<ul>\n<li><span id=\"gts_text_29\" class=\"gts_text\">Como pode dizer ao seu corpo onde ir, quando ele n\u00e3o tem c\u00e9lulas nervosas?<\/span><\/li>\n<li><span id=\"gts_text_30\" class=\"gts_text\">Quando tiver digerido sua comida, como \u00e9 compartilhada entre todas as c\u00e9lulas?<\/span><\/li>\n<li><span id=\"gts_text_31\" class=\"gts_text\">Como suas c\u00e9lulas trabalham em conjunto quando seu corpo n\u00e3o tem nenhuma forma fixa?<\/span><\/li>\n<li><span id=\"gts_text_32\" class=\"gts_text\">Se o corpo de um Placozoa \u00e9 dividido em c\u00e9lulas individuais, elas retornam mais uma vez e reconstroem seu formato original. <\/span><span id=\"gts_text_33\" class=\"gts_text\">Como eles fazem este truque incr\u00edvel?<\/span><\/li>\n<li><span id=\"gts_text_34\" class=\"gts_text\">Se um Placozoa \u00e9 cortado pela metade, as duas metades podem se tornar<\/span><span id=\"gts_text_34\" class=\"gts_text\">\u00a0dois novos Trichoplaxes. <\/span><span id=\"gts_text_35\" class=\"gts_text\">Como isso acontece?<\/span><\/li>\n<\/ul>\n<p><span id=\"gts_text_36\" class=\"gts_text\">Os cientistas sabem que Placozoa vive na maioria dos mares tropicais e subtropicais ao redor do mundo. <\/span><span id=\"gts_text_37\" class=\"gts_text\">Eles suspeitam que ele coma algas,<\/span><span id=\"gts_text_38\" class=\"gts_text\">\u00a0bact\u00e9rias e outras part\u00edculas de alimento pequenas que toquem e grudem nas suas costas!<\/span><\/p>\n<h3><span id=\"gts_text_39\" class=\"gts_text\">Em resumo<\/span><\/h3>\n<p><span id=\"gts_text_40\" class=\"gts_text\">A Placozoa \u00e9 uma criatura absolutamente surpreendente.<\/span><\/p>\n<ul>\n<li><span id=\"gts_text_41\" class=\"gts_text\">Ele pode comer atrav\u00e9s de qualquer parte da sua superf\u00edcie do corpo,<\/span><\/li>\n<li><span id=\"gts_text_42\" class=\"gts_text\">Ele pode alterar a forma,<\/span><\/li>\n<li><span id=\"gts_text_43\" class=\"gts_text\">Se voc\u00ea corta-lo ao meio, voc\u00ea obter\u00e1 dois Trichoplaxes menores,<\/span><\/li>\n<li><span id=\"gts_text_44\" class=\"gts_text\">Mesmo que esmagados, eles voltam ao formato original,<\/span><\/li>\n<li><span id=\"gts_text_45\" class=\"gts_text\">\u00c9 muito dif\u00edcil de ver &#8211; s\u00e3o transl\u00facidos.<\/span><\/li>\n<li><span id=\"gts_text_46\" class=\"gts_text\">\u00c9 diferente de qualquer outro animal no reino animal.<\/span><\/li>\n<\/ul>\n<p><span id=\"gts_text_47\" class=\"gts_text\">Se fosse, digamos, mil vezes maior, seria um monstro perfeito para um filme de terror, mas do jeito que \u00e9,\u00a0<\/span><span id=\"gts_text_48\" class=\"gts_text\">\u00e9 o maior e \u00fanico Placozoan do mundo e um surpreendente membro do reino animal que voc\u00ea pode encontrar apenas em seu aqu\u00e1rio de \u00e1gua salgada.<\/span><\/p>\n<div style=\"text-align: center\"><img decoding=\"async\" style=\"width: 519px;height: 500px\" title=\"A Trichoplax Adhaerens (a Placozoan), with scale added to show the size.\" src=\"http:\/\/ba.dr-mikes-maths.com\/\/wp-content\/themes\/twentyten\/images\/ba\/trichoplax-annotated.jpg\" alt=\"A trichoplax Adhaerens (a Placozoan), with scale added to show the size.\" \/><\/div>\n","protected":false},"excerpt":{"rendered":"<p>A Placozoa Imagine gel\u00e9ia plana rosa e branca presa \u00e0 parede. Agora imagine \u00a0rastejando-se, continuamente mudando de\u00a0forma ao movimentar-se. \u00a0Alcan\u00e7a algo comest\u00edvel, arrasta-se sobre ele, envolve-o e lentamente digere sua presa. Finalmente, imagine esta criatura gelatinosa fazendo tudo isso na parede de seu aqu\u00e1rio de peixes (n\u00e3o seu quarto) e em vez de ser um &hellip; <a href=\"https:\/\/www.big-animals.com\/pt\/trichoplax-adhaerens-the-worlds-biggest-and-only-placozoan\/\" class=\"more-link\">Continue reading <span class=\"screen-reader-text\">Adhaerens Placozoa &#8211; do maior do mundo &#8211; e s\u00f3 &#8211; Placozoan<\/span><\/a><\/p>\n","protected":false},"author":1,"featured_media":0,"parent":0,"menu_order":0,"comment_status":"closed","ping_status":"open","template":"","meta":{"_acf_changed":false,"footnotes":""},"acf":[],"_links":{"self":[{"href":"https:\/\/www.big-animals.com\/pt\/wp-json\/wp\/v2\/pages\/26"}],"collection":[{"href":"https:\/\/www.big-animals.com\/pt\/wp-json\/wp\/v2\/pages"}],"about":[{"href":"https:\/\/www.big-animals.com\/pt\/wp-json\/wp\/v2\/types\/page"}],"author":[{"embeddable":true,"href":"https:\/\/www.big-animals.com\/pt\/wp-json\/wp\/v2\/users\/1"}],"replies":[{"embeddable":true,"href":"https:\/\/www.big-animals.com\/pt\/wp-json\/wp\/v2\/comments?post=26"}],"version-history":[{"count":4,"href":"https:\/\/www.big-animals.com\/pt\/wp-json\/wp\/v2\/pages\/26\/revisions"}],"predecessor-version":[{"id":376,"href":"https:\/\/www.big-animals.com\/pt\/wp-json\/wp\/v2\/pages\/26\/revisions\/376"}],"wp:attachment":[{"href":"https:\/\/www.big-animals.com\/pt\/wp-json\/wp\/v2\/media?parent=26"}],"curies":[{"name":"wp","href":"https:\/\/api.w.org\/{rel}","templated":true}]}}