{"id":27,"date":"2011-05-09T09:10:31","date_gmt":"2011-05-09T09:10:31","guid":{"rendered":""},"modified":"2015-11-11T07:30:35","modified_gmt":"2015-11-11T07:30:35","slug":"dragao-de-komodo","status":"publish","type":"page","link":"https:\/\/www.big-animals.com\/pt\/dragao-de-komodo\/","title":{"rendered":"Drag\u00e3o-de-Komodo"},"content":{"rendered":"<p>O drag\u00e3o-de-Komodo \u00e9 o maior lagarto do mundo. Ele \u00e9 encontrado nas ilhas indon\u00e9sias de Komodo, Rinca, Flores e Gili Motang. Ele pode crescer at\u00e9 3 metros de comprimento e pesa cerca de 70 quilos. Ele est\u00e1 atualmente classificado como uma esp\u00e9cie em risco de extin\u00e7\u00e3o por conta de desflorestamentos, turismo, ca\u00e7as furtivas e desastres naturais como erup\u00e7\u00f5es vulc\u00e2nicas nas ilhas onde vive. Os drag\u00f5es-de-Komodo s\u00e3o protegidos pelas leis indon\u00e9sias, especialmente no Parque Nacional de Komodo. Existem aproximadamente cerca de 4000 a 5000 drag\u00f5es-de-Komodo vivendo na natureza.<\/p>\n<h3><span id=\"gts_text_7\" class=\"gts_text\">Como o drag\u00e3o de Komodo Come<\/span><\/h3>\n<figure id=\"attachment_658\" aria-describedby=\"caption-attachment-658\" style=\"width: 300px\" class=\"wp-caption alignleft\"><a href=\"http:\/\/www.big-animals.com\/wp-content\/uploads\/2011\/03\/Komodo-Dragon-Face.jpg\"><img loading=\"lazy\" decoding=\"async\" class=\"size-medium wp-image-658\" title=\"The Face of a Komodo Dragon. Pic by Trisha Shears\" src=\"http:\/\/www.big-animals.com\/wp-content\/uploads\/2011\/03\/Komodo-Dragon-Face-300x196.jpg\" alt=\"The Face of a Komodo Dragon. Pic by Trisha Shears\" width=\"300\" height=\"196\" \/><\/a><figcaption id=\"caption-attachment-658\" class=\"wp-caption-text\">A cara do Drag\u00e3o-de-Komodo. Foto por Trisha Shears<\/figcaption><\/figure>\n<p><span id=\"gts_text_8\" class=\"gts_text\">Drag\u00f5es s\u00e3o necr\u00f3fagos e comedores de carne. <\/span><span class=\"gts_text\">Eles comem at\u00e9 mesmo sua pr\u00f3pria esp\u00e9cie.\u00a0<\/span>Eles ca\u00e7am e emboscam suas presas tais como cervos, porcos, aves e at\u00e9 mesmo grandes b\u00fafalos e humanos. Estima-se que 10% da sua dieta consista de outros Drag\u00f5es-de-Komodo! Eles comem quase qualquer tipo de carne. Drag\u00f5es-de-Komodo-beb\u00eas comem principalmente pequenos lagartos ou insetos. Eles s\u00e3o capazes de engolir pequenas presas inteiras (at\u00e9 o tamanho de uma cabra) como uma serpente, porque eles t\u00eam mand\u00edbulas unidas frouxadamente, cr\u00e2nios flex\u00edveis e um est\u00f4mago expans\u00edvel. O drag\u00e3o-de-Komodo leva 15-20 minutos para engolir uma cabra. Este drag\u00e3o-de-Komodo maluco at\u00e9 acelera o processo de degluti\u00e7\u00e3o batendo a carca\u00e7a contra uma \u00e1rvore para for\u00e7\u00e1-la para baixo da garganta! Algumas vezes a pobre \u00e1rvore \u00e9 derrubada. No entanto, ele n\u00e3o sufoca com grandes peda\u00e7os de comida porque respira atrav\u00e9s de pequenos tubos debaixo da sua l\u00edngua, conectados aos pulm\u00f5es. Este \u00e9 o motivo pelo qual ele respira pela boca. J\u00e1 que os drag\u00f5es-de-Komodo n\u00e3o t\u00eam um diafragma, eles n\u00e3o podem sugar \u00e1gua ou mesmo puxar a \u00e1gua com suas l\u00ednguas amarelas. Sendo assim, eles enchem a boca d&#8217;\u00e1gua e levantam a cabe\u00e7a para deixar a \u00e1gua fluir para baixo da garganta.<\/p>\n<p>Depois de comer at\u00e9 80% do seu peso corporal em uma refei\u00e7\u00e3o, eles se arrastam para um local ensolarado para acelerar a digest\u00e3o. Isto porque a comida poderia apodrecer e envenen\u00e1-lo se n\u00e3o digerida por muito tempo.<\/p>\n<p>O Drag\u00e3o-de-Komodo tem uma taxa metab\u00f3lica lenta, assim como uma cobra. Um Komodo grande pode viver com apenas 12 refei\u00e7\u00f5es por ano. Ele vomita os chifres, cabelo e dentas da sua presa. Ent\u00e3o eles limpam a sua cara com terra ou com um arbusto.<\/p>\n<figure id=\"attachment_659\" aria-describedby=\"caption-attachment-659\" style=\"width: 300px\" class=\"wp-caption aligncenter\"><a href=\"http:\/\/www.big-animals.com\/wp-content\/uploads\/2011\/03\/Komodo_Dragon_And_Human.png\"><img loading=\"lazy\" decoding=\"async\" class=\"size-medium wp-image-659\" title=\"The Komodo Dragon is the World's Biggest Lizard\" src=\"http:\/\/www.big-animals.com\/wp-content\/uploads\/2011\/03\/Komodo_Dragon_And_Human-300x136.png\" alt=\"The Komodo Dragon is the World's Biggest Lizard\" width=\"300\" height=\"136\" \/><\/a><figcaption id=\"caption-attachment-659\" class=\"wp-caption-text\">O Drag\u00e3o-de-Komodo \u00e9 o maior lagarto do mundo!\u00a0<\/figcaption><\/figure>\n<p>O maior drag\u00e3o-de-Komodo come primeiro, enquanto os mais pequenos t\u00eam que esperar. Se eles t\u00eam o mesmo tamanho, ele brigam. Os perdedores se rendem. Infelizmente, os perdedores s\u00e3o \u00e0s vezes mortos e comidos pelos vencedores!<\/p>\n<p>Acredite ou n\u00e3o, ocasionalmente eles at\u00e9 comem humanos ou corpos de humanos mortos. Eles desenterram os corpos de covas rasas. Este h\u00e1bito macabro fez com que as vilas de Komodo trocassem suas covas de solo arenoso por terra argilosa e pedras empilhadas por cima das covas para que seja mais dif\u00edcil para os drag\u00f5es-de-Komodo desenterrarem os corpos.<\/p>\n<h3><span id=\"gts_text_34\" class=\"gts_text\">Os Drag\u00f5es-de-Komodo-Beb\u00eas<\/span><\/h3>\n<p>As drag\u00f5es-de-Komodo-m\u00e3es botam seus ovos em setembro. Ela bota at\u00e9 30 ovos no ninho. Ela usa o ninho amontoado de um Peru-do-Mato. O drag\u00e3o-de-Komodo-beb\u00ea tem cerca de 40cm e pesa cerca de 100 gramas. Os ovos s\u00e3o incubados durante 7 a 8 meses e se chocam em abril. Uma vez que chocados, os drag\u00f5es-de-Komodo-jovens tomam conta de si mesmos. Eles rapidamente correm para os topos das \u00e1rvores. Eles vivem l\u00e1 at\u00e9 que sejam grandes o suficiente para se protegerem de serem comidos por predadores e outros drag\u00f5es-de-Komodo. Eles normalmente vivem em cima de \u00e1rvores at\u00e9 que tenham 3-5 anos de idade. Eles podem viver at\u00e9 50 anos de idade.\u00a0 Os drag\u00f5es-de-Komodo-jovens s\u00e3o multicoloridos. Eles podem ser amarelos, verdes, marrons e cinzas com uma pele pintada e estriada. As cores dos adultos variam entre vermelho barro a cinza escuro e preto.<\/p>\n<figure id=\"attachment_660\" aria-describedby=\"caption-attachment-660\" style=\"width: 300px\" class=\"wp-caption alignright\"><a href=\"http:\/\/www.big-animals.com\/wp-content\/uploads\/2011\/03\/Komodo_Dragon.jpg\"><img loading=\"lazy\" decoding=\"async\" class=\"size-medium wp-image-660\" title=\"A Captive Komodo Dragon\" src=\"http:\/\/www.big-animals.com\/wp-content\/uploads\/2011\/03\/Komodo_Dragon-300x139.jpg\" alt=\"A Captive Komodo Dragon\" width=\"300\" height=\"139\" \/><\/a><figcaption id=\"caption-attachment-660\" class=\"wp-caption-text\">Um Drag\u00e3o-de-Komodo em cativeiro<\/figcaption><\/figure>\n<p>O drag\u00e3o-de-Komodo tem uma cauda muscular t\u00e3o comprida quanto o seu corpo. Ele tem cerca de 60 dentes serrados com cerca de 2,5 cent\u00edmetros de comprimento. Seus dentes s\u00e3o como uma navalha afiada, como o dente de um tubar\u00e3o carn\u00edvoro. O que \u00e9 incr\u00edvel \u00e9 que estes 60 dentes s\u00e3o substitu\u00eddos frequentemente. Os seus dentes s\u00e3o projetados para fatiar, rasgar e cortar, mas n\u00e3o para mastigar, por isso ele rasga grandes peda\u00e7os de carne da v\u00edtima e os engole por inteiro enquanto segura a carca\u00e7a com suas patas dianteiras. Seus dentes s\u00e3o escondidos nas gengivas. Portanto, ele n\u00e3o tem o &#8216;sorriso cheio de dentes&#8217; de um crocodilo. A sua saliva \u00e9 frequentemente colorida com sangue porque seus dentes s\u00e3o quase completamente cobertos pela pele da gengiva, que normalmente \u00e9 cortada e rasgada quando o drag\u00e3o-de-Komodo est\u00e1 rasgando a carne de uma presa.<\/p>\n<p>Devido a este tipo de saliva tingida a sangue a boca do drag\u00e3o-de-Komodo \u00e9 um \u00f3timo lugar para o crescimento de bact\u00e9rias venenosas. A bact\u00e9ria causa infec\u00e7\u00e3o e frequentemente a presa ferida morre dentro de 2-3 dias, mesmo que escape. O Drag\u00e3o-de-Komodo tem uma longa, amarela, profundamente bifurcada l\u00edngua que utiliza para o paladar e olfato. Ele tem um bom olfato mas n\u00e3o tem uma boa audi\u00e7\u00e3o. No entanto, ele \u00e9 capaz de enxergar longe. Ele pode enxergar at\u00e9 300 metros. Ele tem uma pobre vis\u00e3o noturna. Ele \u00e9 capaz de ver em cores, mas n\u00e3o podem ver as coisas se elas n\u00e3o se moverem.<\/p>\n<p>O bom olfato, com a ajuda de um vento favor\u00e1vel e seu h\u00e1bito de balan\u00e7ar sua cabe\u00e7a de lado a lado quando caminha, ajudam muito os drag\u00f5es-de-Komodo a serem capazes de procurarem carnes podres em at\u00e9 10 quil\u00f4metros de dist\u00e2ncia.<\/p>\n<p>Os drag\u00f5es-de-Komodo t\u00eam cabe\u00e7as achatadas com focinhos arredondados e pernas curtas e arqueadas. Eles s\u00e3o cobertos por escamas. Algumas das escamas do drag\u00e3o-de-Komodo s\u00e3o fortalecidas com ossos e algumas t\u00eam muitos nervos, o que ajuda com o seu tato. Estas escamas especiais crescem ao redor das orelhas, l\u00e1bios, queixo e nas solas dos p\u00e9s do Drag\u00e3o-de-Komodo.<\/p>\n<p>Apesar de serem enormes, os Drag\u00f5es-de-Komodo s\u00e3o lagartos de movimento r\u00e1pido. Ele pode correr rapidamente a 20 quil\u00f4metros por hora em dist\u00e2ncias curtas. Ele \u00e9 um bom corredor de dist\u00e2ncias curtas. Eles podem escalar \u00e1rvores completamente quando jovens usando suas fortes garras e s\u00e3o \u00f3timos nadadores. Eles podem mergulhar at\u00e9 4,5 metros.<\/p>\n<h3><span id=\"gts_text_74\" class=\"gts_text\">O Habitat do Drag\u00e3o-de-Komodo\u00a0<\/span><\/h3>\n<p>O drag\u00e3o-de-Komodo vive em \u00e1reas rochosas quentes e secas. Ele gosta de estar em pastagens secas abertas, cerrados e florestas tropicais. \u00c9 uma criatura muito solit\u00e1ria exceto durante a \u00e9poca de reprodu\u00e7\u00e3o e alimenta\u00e7\u00e3o. Uma coisa boa entre os drag\u00f5es-de-Komodo \u00e9 que eles s\u00e3o dispostos a compartilharem suas \u00e1reas de alimenta\u00e7\u00e3o. Ele dorme em tocas subterr\u00e2neas. Ele regula a sua temperatura corporal usando a toca. Estas tocas t\u00eam cerca de 1 &#8211; 3 metros de largura. Ele usa suas poderosas patas dianteiras para construir estas tocas.<\/p>\n<p>Drag\u00f5es-de-Komodo-machos s\u00e3o muito territoriais e defendem seu territ\u00f3rio patrulhando at\u00e9 2 quil\u00f4metros para ter certeza que nenhum outro drag\u00e3o-de-Komodo invada seu territ\u00f3rio.<\/p>\n<p>Quando o drag\u00e3o-de-Komodo cresce, suas garras s\u00e3o usadas principalmente como armas &#8211; elas raramente s\u00e3o usadas para escalar \u00e1rvores, porque os drag\u00f5es adultos s\u00e3o muito pesados. Ele \u00e9 mais ativo durante o dia. Ele normalmente ca\u00e7a durante a tarde. Quando est\u00e1 muito quente, ele permanece na sombra. Seus locais de descanso favoritos s\u00e3o localizados em montanhas \u00e1ridas ou colinas com uma brisa fresca do mar.<\/p>\n","protected":false},"excerpt":{"rendered":"<p>O drag\u00e3o-de-Komodo \u00e9 o maior lagarto do mundo. Ele \u00e9 encontrado nas ilhas indon\u00e9sias de Komodo, Rinca, Flores e Gili Motang. Ele pode crescer at\u00e9 3 metros de comprimento e pesa cerca de 70 quilos. Ele est\u00e1 atualmente classificado como uma esp\u00e9cie em risco de extin\u00e7\u00e3o por conta de desflorestamentos, turismo, ca\u00e7as furtivas e desastres &hellip; <a href=\"https:\/\/www.big-animals.com\/pt\/dragao-de-komodo\/\" class=\"more-link\">Continue reading <span class=\"screen-reader-text\">Drag\u00e3o-de-Komodo<\/span><\/a><\/p>\n","protected":false},"author":1,"featured_media":0,"parent":0,"menu_order":0,"comment_status":"closed","ping_status":"open","template":"","meta":{"_acf_changed":false,"footnotes":""},"acf":[],"_links":{"self":[{"href":"https:\/\/www.big-animals.com\/pt\/wp-json\/wp\/v2\/pages\/27"}],"collection":[{"href":"https:\/\/www.big-animals.com\/pt\/wp-json\/wp\/v2\/pages"}],"about":[{"href":"https:\/\/www.big-animals.com\/pt\/wp-json\/wp\/v2\/types\/page"}],"author":[{"embeddable":true,"href":"https:\/\/www.big-animals.com\/pt\/wp-json\/wp\/v2\/users\/1"}],"replies":[{"embeddable":true,"href":"https:\/\/www.big-animals.com\/pt\/wp-json\/wp\/v2\/comments?post=27"}],"version-history":[{"count":2,"href":"https:\/\/www.big-animals.com\/pt\/wp-json\/wp\/v2\/pages\/27\/revisions"}],"predecessor-version":[{"id":521,"href":"https:\/\/www.big-animals.com\/pt\/wp-json\/wp\/v2\/pages\/27\/revisions\/521"}],"wp:attachment":[{"href":"https:\/\/www.big-animals.com\/pt\/wp-json\/wp\/v2\/media?parent=27"}],"curies":[{"name":"wp","href":"https:\/\/api.w.org\/{rel}","templated":true}]}}