{"id":29,"date":"2011-05-09T09:20:09","date_gmt":"2011-05-09T09:20:09","guid":{"rendered":""},"modified":"2015-11-13T07:17:25","modified_gmt":"2015-11-13T07:17:25","slug":"anfibios-2","status":"publish","type":"page","link":"https:\/\/www.big-animals.com\/pt\/anfibios-2\/","title":{"rendered":"Anf\u00edbios"},"content":{"rendered":"<p>Os anf\u00edbios s\u00e3o animais que podem viver em \u00e1gua enquanto jovens e vivem em terra quando s\u00e3o adultos. Eles t\u00eam uma <a href=\"http:\/\/www.big-animals.com\/pt\/the-mundos-maior-vertebrados\/\">coluna vertebral<\/a>. Os tipos diferentes de anf\u00edbios s\u00e3o os <a href=\"http:\/\/www.big-animals.com\/pt\/sapo\/\">Anuros<\/a>, <a href=\"http:\/\/www.big-animals.com\/pt\/salamandras\/\">Salamandras<\/a> e <a href=\"http:\/\/www.big-animals.com\/pt\/anfibios\/\">Cec\u00edlias<\/a>. As Cec\u00edlias n\u00e3o t\u00eam pernas e se parecem com minhocas. Um sapo \u00e9 na verdade apenas um tipo especial de anuro. Os anf\u00edbios s\u00e3o animais de sangue frio. Existem cerca de 6500 esp\u00e9cies de anf\u00edbios.<\/p>\n<figure id=\"attachment_850\" aria-describedby=\"caption-attachment-850\" style=\"width: 300px\" class=\"wp-caption alignleft\"><a href=\"http:\/\/www.big-animals.com\/wp-content\/uploads\/2011\/04\/Frog.jpg\"><img loading=\"lazy\" decoding=\"async\" class=\"size-medium wp-image-850\" title=\"Frogs are the Amphibians people know best\" src=\"http:\/\/www.big-animals.com\/wp-content\/uploads\/2011\/04\/Frog-300x196.jpg\" alt=\"Frogs are the Amphibians people know best\" width=\"300\" height=\"196\" \/><\/a><figcaption id=\"caption-attachment-850\" class=\"wp-caption-text\">Os sapos s\u00e3o os anf\u00edbios que as pessoas mais conhecem<\/figcaption><\/figure>\n<p>Infelizmente, nas \u00faltimas d\u00e9cadas, o n\u00famero de anf\u00edbios no mundo v\u00eam diminuindo. Muitas destas esp\u00e9cies s\u00e3o amea\u00e7adas ou extintas hoje devido \u00e0 destrui\u00e7\u00e3o do habitat, ca\u00e7a ilegal, polui\u00e7\u00e3o, mudan\u00e7as clim\u00e1ticas e doen\u00e7as.<\/p>\n<p>Os anf\u00edbios vivem em v\u00e1rios ambientes, mas a maioria das esp\u00e9cies precisa de habitats com \u00e1gua fresca, assim como p\u00e2ntanos, lagoas, rios, riachos ou outros lugares molhados, para botarem ovos. Os anf\u00edbios s\u00e3o uma presa relativamente f\u00e1cil de ca\u00e7ar. Eles n\u00e3o t\u00eam mordidas venenosas como as serpentes ou garras afiadas com as \u00e1guias. Eles se alimentam de insetos, aranhas, minhocas, peixes pequenos, pequenos r\u00e9pteis e at\u00e9 mesmo de anf\u00edbios menores.<\/p>\n<p>A temperatura corporal de um anf\u00edbio muda de acordo com a temperatura ao seu redor. Eles mudam de cor para ajustar a sua temperatura corporal. Por exemplo, eles s\u00e3o capazes de mudar para uma cor mais escura quando precisam absorver mais calor. Isto n\u00e3o \u00e9 incr\u00edvel? Eles s\u00e3o mais ativos durante dias quentes e s\u00e3o capazes de ca\u00e7ar melhor no ver\u00e3o que no inverno. O tempo frio os torna inativos. Mudando de cor, eles s\u00e3o capazes de se camuflarem para escapar dos seus predadores.<\/p>\n<figure id=\"attachment_851\" aria-describedby=\"caption-attachment-851\" style=\"width: 251px\" class=\"wp-caption alignright\"><a href=\"http:\/\/www.big-animals.com\/wp-content\/uploads\/2011\/04\/Axolotl.jpg\"><img loading=\"lazy\" decoding=\"async\" class=\"size-full wp-image-851\" title=\"The Axolotl looks very cute!\" src=\"http:\/\/www.big-animals.com\/wp-content\/uploads\/2011\/04\/Axolotl.jpg\" alt=\"The Axolotl looks very cute!\" width=\"251\" height=\"202\" \/><\/a><figcaption id=\"caption-attachment-851\" class=\"wp-caption-text\">O Axolote \u00e9 muito bonitinho!<\/figcaption><\/figure>\n<p>Eles t\u00eam tamanhos diferentes. O maior anf\u00edbio de todos \u00e9 a <a href=\"http:\/\/www.big-animals.com\/pt\/chines-gigante-salamandra\/\">Salamandra-Gigante-da-China<\/a> que tem 180 cm de comprimento. Alguns dos menores s\u00e3o os sapos-pulga, que t\u00eam apenas 9,8 mm de comprimento. Anuros variam entre cerca de 1 cm a 33 cm de comprimento enquanto as salamandras s\u00e3o mais longas, variando de cerca de 2,7 a 180 cm de comprimento. As cec\u00edlias t\u00eam cerca de 7 a 150 cm de comprimento. O maior anuro \u00e9 a\u00a0<a href=\"http:\/\/www.big-animals.com\/pt\/golias-frog\/\">R\u00e3-Golias<\/a> que tem 33 cm de comprimento, e a maior cec\u00edlia \u00e9 a <a href=\"http:\/\/www.big-animals.com\/pt\/anfibios-thompsoni\/\"><em>Caecilia Thompsoni<\/em><\/a>, que t\u00eam cerca de 150 cm de comprimento.<\/p>\n<p>Os anf\u00edbios t\u00eam uma pele macia, suave e escorregadia. Sua pele permite com que gazes e l\u00edquidos possa passar atrav\u00e9s dela. Portanto, eles podem respirar atrav\u00e9s da sua pele! Interessante, n\u00e3o? Por exemplo, as salamandras t\u00eam uma pele porosa que as permite absorver oxig\u00eanio e \u00e1gua atrav\u00e9s da sua pele. Embora alguns anf\u00edbios, assim como os girinos, respirem com br\u00e2nquias, conforme eles crescem eles desenvolvem pulm\u00f5es para respirar. Mesmo sim eles dependem da sua pele para adquirir oxig\u00eanio suplementar. Eles n\u00e3o bebem \u00e1gua &#8211; eles podem obter toda a \u00e1gua que necessitam por imers\u00e3o atrav\u00e9s da sua pele.<\/p>\n<p>A maioria dos anf\u00edbios t\u00eam gl\u00e2ndulas na sua pele que produzem toxinas venenosas para defend\u00ea-los dos seus predadores. Um exemplo famoso s\u00e3o os Dendrobatidae. Eles t\u00eam uma longa e pegajosa l\u00edngua que usam para apanhar insetos. As cec\u00edlias matam a sua presa rapidamente com seus dentes afiados.<\/p>\n<figure id=\"attachment_854\" aria-describedby=\"caption-attachment-854\" style=\"width: 300px\" class=\"wp-caption alignleft\"><a href=\"http:\/\/www.big-animals.com\/wp-content\/uploads\/2011\/04\/Caecilian1.jpg\"><img loading=\"lazy\" decoding=\"async\" class=\"size-medium wp-image-854 \" title=\"Caecilians look just like worms or snakes!\" src=\"http:\/\/www.big-animals.com\/wp-content\/uploads\/2011\/04\/Caecilian1-300x191.jpg\" alt=\"Caecilians look just like worms or snakes!\" width=\"300\" height=\"191\" \/><\/a><figcaption id=\"caption-attachment-854\" class=\"wp-caption-text\">As cec\u00edlias se parecem com minhocas ou serpentes!<\/figcaption><\/figure>\n<p>A maioria dos anf\u00edbios adultos possuem dentes como as cec\u00edlias.\u00a0 Os anuros somente t\u00eam dentes na mand\u00edbula superior &#8211; eles n\u00e3o t\u00eam dentes na sua mand\u00edbula inferior &#8211; sendo assim, eles normalmente engolem a sua comida por inteiro, como uma serpente. Eles usam os seus dentes para segurar a presa e n\u00e3o para mastigar. No entanto, algumas esp\u00e9cies n\u00e3o t\u00eam nenhum dente, como por exemplo, a R\u00e3-de-Unhas-Africana.<\/p>\n<p>Quase todos os anf\u00edbios botam seus ovos na \u00e1gua. No entanto, alguns anuros, salamandras e cec\u00edlias botam seus ovos em lugares \u00famidos como rachaduras, tocas ou no ch\u00e3o.\u00a0 Quase todos os anuros botam seus ovos na \u00e1gua e os ovos chocam girinos, que vivem na \u00e1gua. Os ovos dos anf\u00edbios s\u00e3o protegidos por um tipo especial de gelatina. Eles respiram por suas br\u00e2nquias e nadam usando sua cauda. Quando ficam mais velhos, eles perdem a cauda, usam pulm\u00f5es para respirar ao inv\u00e9s das br\u00e2nquias e adquirem 4 pernas para saltar.<\/p>\n<p>As Cec\u00edlias t\u00eam olhos pequenos que s\u00e3o cobertos por pele para prote\u00e7\u00e3o. \u00c9 por isto que muitas pessoas pensam que elas s\u00e3o cegas &#8211; a sua vis\u00e3o \u00e9 limitada, mas elas n\u00e3o s\u00e3o cegas. Elas t\u00eam um par de tent\u00e1culos que \u00e9 localizado entre seus olhos e narinas. Estes tent\u00e1culos as ajudam com o olfato.<\/p>\n<p>&nbsp;<\/p>\n","protected":false},"excerpt":{"rendered":"<p>Os anf\u00edbios s\u00e3o animais que podem viver em \u00e1gua enquanto jovens e vivem em terra quando s\u00e3o adultos. Eles t\u00eam uma coluna vertebral. Os tipos diferentes de anf\u00edbios s\u00e3o os Anuros, Salamandras e Cec\u00edlias. As Cec\u00edlias n\u00e3o t\u00eam pernas e se parecem com minhocas. Um sapo \u00e9 na verdade apenas um tipo especial de anuro. &hellip; <a href=\"https:\/\/www.big-animals.com\/pt\/anfibios-2\/\" class=\"more-link\">Continue reading <span class=\"screen-reader-text\">Anf\u00edbios<\/span><\/a><\/p>\n","protected":false},"author":1,"featured_media":0,"parent":0,"menu_order":0,"comment_status":"closed","ping_status":"open","template":"","meta":{"_acf_changed":false,"footnotes":""},"acf":[],"_links":{"self":[{"href":"https:\/\/www.big-animals.com\/pt\/wp-json\/wp\/v2\/pages\/29"}],"collection":[{"href":"https:\/\/www.big-animals.com\/pt\/wp-json\/wp\/v2\/pages"}],"about":[{"href":"https:\/\/www.big-animals.com\/pt\/wp-json\/wp\/v2\/types\/page"}],"author":[{"embeddable":true,"href":"https:\/\/www.big-animals.com\/pt\/wp-json\/wp\/v2\/users\/1"}],"replies":[{"embeddable":true,"href":"https:\/\/www.big-animals.com\/pt\/wp-json\/wp\/v2\/comments?post=29"}],"version-history":[{"count":5,"href":"https:\/\/www.big-animals.com\/pt\/wp-json\/wp\/v2\/pages\/29\/revisions"}],"predecessor-version":[{"id":526,"href":"https:\/\/www.big-animals.com\/pt\/wp-json\/wp\/v2\/pages\/29\/revisions\/526"}],"wp:attachment":[{"href":"https:\/\/www.big-animals.com\/pt\/wp-json\/wp\/v2\/media?parent=29"}],"curies":[{"name":"wp","href":"https:\/\/api.w.org\/{rel}","templated":true}]}}