{"id":30,"date":"2011-05-09T09:20:15","date_gmt":"2011-05-09T09:20:15","guid":{"rendered":""},"modified":"2015-11-13T07:31:22","modified_gmt":"2015-11-13T07:31:22","slug":"anfibios-thompsoni","status":"publish","type":"page","link":"https:\/\/www.big-animals.com\/pt\/anfibios-thompsoni\/","title":{"rendered":"Caecilian Thompsoni"},"content":{"rendered":"<figure id=\"attachment_989\" aria-describedby=\"caption-attachment-989\" style=\"width: 300px\" class=\"wp-caption alignright\"><a href=\"http:\/\/www.big-animals.com\/wp-content\/uploads\/2011\/05\/Caecilia_Thompsoni_and_Human.png\"><img loading=\"lazy\" decoding=\"async\" class=\"size-medium wp-image-989\" title=\"Caecilia Thompsoni and Human\" src=\"http:\/\/www.big-animals.com\/wp-content\/uploads\/2011\/05\/Caecilia_Thompsoni_and_Human-300x266.png\" alt=\"Caecilia Thompsoni and Human\" width=\"300\" height=\"266\" \/><\/a><figcaption id=\"caption-attachment-989\" class=\"wp-caption-text\">Caecilia Thompsoni\u00a0e Humano<\/figcaption><\/figure>\n<p><em>A <\/em><em>Caecilian Thompsoni<\/em>, chamada Cec\u00edlia de Thompson, \u00e9 um <a href=\"http:\/\/www.big-animals.com\/pt\/anfibios-2\/\">anf\u00edbio<\/a>. \u00c9 a maior entre as <a href=\"http:\/\/www.big-animals.com\/pt\/anfibios\/\">Cec\u00edlias<\/a>, que se parecem com minhocas. Ela pode crescer at\u00e9 1,5 m de comprimento e pesar at\u00e9 1 kg. Ela \u00e9 nativa da Col\u00f4mbia. Ele vive em plan\u00edcies subtropicais ou tropicais \u00famidas, montanhas subtropicais ou tropicais \u00famidas, planta\u00e7\u00f5es e at\u00e9 mesmo em jardins. Infelizmente a popula\u00e7\u00e3o de <em>Caecilian Thompsoni<\/em> est\u00e1 amea\u00e7ada de extin\u00e7\u00e3o devido ao desmatamento.<\/p>\n<p>&nbsp;<\/p>\n","protected":false},"excerpt":{"rendered":"<p>A Caecilian Thompsoni, chamada Cec\u00edlia de Thompson, \u00e9 um anf\u00edbio. \u00c9 a maior entre as Cec\u00edlias, que se parecem com minhocas. Ela pode crescer at\u00e9 1,5 m de comprimento e pesar at\u00e9 1 kg. Ela \u00e9 nativa da Col\u00f4mbia. Ele vive em plan\u00edcies subtropicais ou tropicais \u00famidas, montanhas subtropicais ou tropicais \u00famidas, planta\u00e7\u00f5es e at\u00e9 &hellip; <a href=\"https:\/\/www.big-animals.com\/pt\/anfibios-thompsoni\/\" class=\"more-link\">Continue reading <span class=\"screen-reader-text\">Caecilian Thompsoni<\/span><\/a><\/p>\n","protected":false},"author":1,"featured_media":0,"parent":0,"menu_order":0,"comment_status":"closed","ping_status":"open","template":"","meta":{"_acf_changed":false,"footnotes":""},"acf":[],"_links":{"self":[{"href":"https:\/\/www.big-animals.com\/pt\/wp-json\/wp\/v2\/pages\/30"}],"collection":[{"href":"https:\/\/www.big-animals.com\/pt\/wp-json\/wp\/v2\/pages"}],"about":[{"href":"https:\/\/www.big-animals.com\/pt\/wp-json\/wp\/v2\/types\/page"}],"author":[{"embeddable":true,"href":"https:\/\/www.big-animals.com\/pt\/wp-json\/wp\/v2\/users\/1"}],"replies":[{"embeddable":true,"href":"https:\/\/www.big-animals.com\/pt\/wp-json\/wp\/v2\/comments?post=30"}],"version-history":[{"count":2,"href":"https:\/\/www.big-animals.com\/pt\/wp-json\/wp\/v2\/pages\/30\/revisions"}],"predecessor-version":[{"id":528,"href":"https:\/\/www.big-animals.com\/pt\/wp-json\/wp\/v2\/pages\/30\/revisions\/528"}],"wp:attachment":[{"href":"https:\/\/www.big-animals.com\/pt\/wp-json\/wp\/v2\/media?parent=30"}],"curies":[{"name":"wp","href":"https:\/\/api.w.org\/{rel}","templated":true}]}}