{"id":31,"date":"2011-05-09T09:21:31","date_gmt":"2011-05-09T09:21:31","guid":{"rendered":""},"modified":"2015-11-13T08:19:09","modified_gmt":"2015-11-13T08:19:09","slug":"anfibios","status":"publish","type":"page","link":"https:\/\/www.big-animals.com\/pt\/anfibios\/","title":{"rendered":"Cec\u00edlias"},"content":{"rendered":"<p>As cec\u00edlias s\u00e3o <a href=\"http:\/\/www.big-animals.com\/pt\/anfibios-2\/\">anf\u00edbios<\/a> que se parecem com uma minhoca ou uma serpente. Elas se escondem no ch\u00e3o, e por esta raz\u00e3o elas s\u00e3o os anf\u00edbios menos conhecidos. Elas vivem nos tr\u00f3picos da Am\u00e9rica do Sul, \u00c1frica e Sul da \u00c1sia. N\u00f3s n\u00e3o realmente sabemos o que elas comem, mas as Cec\u00edlias carn\u00edvoras adultas parecem comer larvas de insetos, cupins e minhocas. As cec\u00edlias em cativeiro s\u00e3o alimentadas com minhocas e estas s\u00e3o encontradas facilmente no habitat das Cec\u00edlias.<\/p>\n<figure id=\"attachment_984\" aria-describedby=\"caption-attachment-984\" style=\"width: 300px\" class=\"wp-caption alignright\"><a href=\"http:\/\/www.big-animals.com\/wp-content\/uploads\/2011\/05\/Caecilian.jpg\"><img loading=\"lazy\" decoding=\"async\" class=\"size-medium wp-image-984\" title=\"A typical Caecilian - Photograph by Shyamal\" src=\"http:\/\/www.big-animals.com\/wp-content\/uploads\/2011\/05\/Caecilian-300x153.jpg\" alt=\"A typical Caecilian - Photograph by Shyamal\" width=\"300\" height=\"153\" \/><\/a><figcaption id=\"caption-attachment-984\" class=\"wp-caption-text\">Uma t\u00edpica Cec\u00edlia &#8211; fotografia por Shyamal<\/figcaption><\/figure>\n<p>Elas n\u00e3o t\u00eam pernas. A maioria delas t\u00eam entre 13 a 36 cm de comprimento e 0,6 a 2,5 cm em di\u00e2metro. A maior esp\u00e9cie, a <a href=\"http:\/\/www.big-animals.com\/pt\/anfibios-thompsoni\/\"><em>Caecilian Thompsoni<\/em><\/a> cresce at\u00e9 1,5 metros de comprimento. Elas n\u00e3o t\u00eam cauda, ou apenas uma cauda curta. Elas t\u00eam uma pele macia e normalmente de cor escura. Mas algumas esp\u00e9cies t\u00eam peles coloridas &#8211; laranja e cinza com listras amarelas, ou muitas outras cores. A pele t\u00eam muitas dobras em formato de an\u00e9is, fazendo com pare\u00e7a que elas tenham segmentos, como uma minhoca. A pele possui gl\u00e2ndulas venenosas para defend\u00ea-las de predadores. H\u00e1 escamas dentro de sua pele.<\/p>\n<p>Seu corpo \u00e9 feito para cavar o ch\u00e3o. Elas t\u00eam um forte cr\u00e2nio com um focinho pontiagudo que usam para for\u00e7ar seu caminho atrav\u00e9s do solo ou lama. Seus m\u00fasculos s\u00e3o adaptados para empurrar seu caminho atrav\u00e9s do ch\u00e3o. Em \u00e1gua ou lama solta, elas nadam como uma enguia. Elas t\u00eam uma barbatana carnuda ao longo da se\u00e7\u00e3o traseira do seu corpo que as ajuda a nadar quando necess\u00e1rio.<\/p>\n<p>Uma vez que elas vivem debaixo da terra, seus olhos s\u00e3o pequenos e cobertos por pele para prote\u00e7\u00e3o. E por isso as pessoas pensam que elas s\u00e3o cegas. Elas n\u00e3o s\u00e3o cegas, mas sua vis\u00e3o \u00e9 limitada. Elas n\u00e3o podem enxergar formas. Todas as cec\u00edlias t\u00eam um par de tent\u00e1culos localizado entre seus olhos e narinas. As cec\u00edlias usam estes tent\u00e1culos para sentir cheiro. A maioria das cec\u00edlias t\u00eam pulm\u00f5es, mas elas tamb\u00e9m usam a sua pele ou boca para respirar. Existem duas esp\u00e9cies que n\u00e3o t\u00eam pulm\u00f5es. Estas s\u00e3o a <em>Atretochoana Eiselti<\/em> e a <em>Caecilita Iwokramae<\/em>.<\/p>\n<p>Cerca de 25% das esp\u00e9cies de cec\u00edlias botam ovos que s\u00e3o guardados pelas f\u00eameas. Em algumas esp\u00e9cies as cec\u00edlias jovens j\u00e1 t\u00eam corpos em formato adulto quando chocam, mas outras nascem como larvas. As larvas n\u00e3o s\u00e3o totalmente aqu\u00e1ticas. Elas passam o dia na terra perto da \u00e1gua.<\/p>\n<p>Os outros 75% das esp\u00e9cies d\u00e3o \u00e0 luz beb\u00eas j\u00e1 desenvolvidos. O feto \u00e9 alimentado dentro da f\u00eamea. As cec\u00edlias podem viver de 5 a 20 anos.<\/p>\n<p>&nbsp;<\/p>\n","protected":false},"excerpt":{"rendered":"<p>As cec\u00edlias s\u00e3o anf\u00edbios que se parecem com uma minhoca ou uma serpente. Elas se escondem no ch\u00e3o, e por esta raz\u00e3o elas s\u00e3o os anf\u00edbios menos conhecidos. Elas vivem nos tr\u00f3picos da Am\u00e9rica do Sul, \u00c1frica e Sul da \u00c1sia. N\u00f3s n\u00e3o realmente sabemos o que elas comem, mas as Cec\u00edlias carn\u00edvoras adultas parecem &hellip; <a href=\"https:\/\/www.big-animals.com\/pt\/anfibios\/\" class=\"more-link\">Continue reading <span class=\"screen-reader-text\">Cec\u00edlias<\/span><\/a><\/p>\n","protected":false},"author":1,"featured_media":0,"parent":0,"menu_order":0,"comment_status":"closed","ping_status":"open","template":"","meta":{"_acf_changed":false,"footnotes":""},"acf":[],"_links":{"self":[{"href":"https:\/\/www.big-animals.com\/pt\/wp-json\/wp\/v2\/pages\/31"}],"collection":[{"href":"https:\/\/www.big-animals.com\/pt\/wp-json\/wp\/v2\/pages"}],"about":[{"href":"https:\/\/www.big-animals.com\/pt\/wp-json\/wp\/v2\/types\/page"}],"author":[{"embeddable":true,"href":"https:\/\/www.big-animals.com\/pt\/wp-json\/wp\/v2\/users\/1"}],"replies":[{"embeddable":true,"href":"https:\/\/www.big-animals.com\/pt\/wp-json\/wp\/v2\/comments?post=31"}],"version-history":[{"count":3,"href":"https:\/\/www.big-animals.com\/pt\/wp-json\/wp\/v2\/pages\/31\/revisions"}],"predecessor-version":[{"id":530,"href":"https:\/\/www.big-animals.com\/pt\/wp-json\/wp\/v2\/pages\/31\/revisions\/530"}],"wp:attachment":[{"href":"https:\/\/www.big-animals.com\/pt\/wp-json\/wp\/v2\/media?parent=31"}],"curies":[{"name":"wp","href":"https:\/\/api.w.org\/{rel}","templated":true}]}}