{"id":32,"date":"2011-05-09T09:21:42","date_gmt":"2011-05-09T09:21:42","guid":{"rendered":""},"modified":"2015-11-19T04:46:25","modified_gmt":"2015-11-19T04:46:25","slug":"capivara","status":"publish","type":"page","link":"https:\/\/www.big-animals.com\/pt\/capivara\/","title":{"rendered":"Capivara"},"content":{"rendered":"<p>A Capivara \u00e9 o maior <a href=\"http:\/\/www.big-animals.com\/pt\/roedores\/\">roedor<\/a> em vida do mundo Ela \u00e9 semelhante aos porquinhos-da-\u00edndia, cutias, chinchilas e caxinguis. Ela se parece com um porquinho-da-\u00edndia gigante com pernas mais longas. Ela tem um corpo pesado, em forma de barril e uma cabe\u00e7a curta. Seu pelo \u00e9 vermelho-amarronzado na parte superior do seu corpo e amarelo-amarronzado na parte de baixo. Ela tem uma pele dura, que \u00e0s vezes \u00e9 utilizada para fazer produtos de couro de boa qualidade.<\/p>\n<figure id=\"attachment_715\" aria-describedby=\"caption-attachment-715\" style=\"width: 300px\" class=\"wp-caption alignleft\"><a href=\"http:\/\/www.big-animals.com\/wp-content\/uploads\/2011\/03\/Capybara.jpg\"><img loading=\"lazy\" decoding=\"async\" class=\"size-medium wp-image-715\" title=\"The Capybara is the World's Biggest Rodent - Photograph by Vojt\u011bch H\u00e1la\" src=\"http:\/\/www.big-animals.com\/wp-content\/uploads\/2011\/03\/Capybara-300x223.jpg\" alt=\"The Capybara is the World's Biggest Rodent - Photograph by Vojt\u011bch H\u00e1la\" width=\"300\" height=\"223\" \/><\/a><figcaption id=\"caption-attachment-715\" class=\"wp-caption-text\">A Capivara \u00e9 o maior roedor do mundo &#8211; Fotografia por Vojt\u011bch H\u00e1la<\/figcaption><\/figure>\n<p>As capivaras adultas podem crescer at\u00e9 130 cent\u00edmetros de comprimento e pesar at\u00e9 65 quilos. Elas t\u00eam cerca de 50 cent\u00edmetros de altura at\u00e9 os ombros. A capivara mais pesada tinha 105,40 quilos. Seus p\u00e9s t\u00eam pequenas membranas entre os dedos e elas n\u00e3o t\u00eam uma cauda. As membranas dos p\u00e9s realmente as ajudam a serem \u00f3timas nadadoras. Elas realizam a maior parte de suas atividades em terra. Elas podem segurar a respira\u00e7\u00e3o debaixo d&#8217;\u00e1gua por at\u00e9 5 minutos. Portanto, elas podem se esconder dos seus inimigos mergulhando em uma piscina. Durante dias quentes, elas passam o tempo brincando na \u00e1gua. Elas comem no final da tarde, cedo a noite e durante a noite. Elas n\u00e3o dormem muito.<\/p>\n<p>Suas pernas traseiras s\u00e3o um pouco mais longas que as pernas dianteiras. Seu focinho n\u00e3o tem corte. Os olhos, narinas e orelhas ficam no topo de suas cabe\u00e7as, podendo facilmente ficar acima da \u00e1gua quando elas nadam.<\/p>\n<figure id=\"attachment_716\" aria-describedby=\"caption-attachment-716\" style=\"width: 274px\" class=\"wp-caption aligncenter\"><a href=\"http:\/\/www.big-animals.com\/wp-content\/uploads\/2011\/03\/Capibara_and_Human.png\"><img loading=\"lazy\" decoding=\"async\" class=\"size-medium wp-image-716\" title=\"Capibaras are friendly animals\" src=\"http:\/\/www.big-animals.com\/wp-content\/uploads\/2011\/03\/Capibara_and_Human-274x300.png\" alt=\"Capibaras are friendly animals\" width=\"274\" height=\"300\" \/><\/a><figcaption id=\"caption-attachment-716\" class=\"wp-caption-text\">As capivaras s\u00e3o animais amig\u00e1veis<\/figcaption><\/figure>\n<p>As capivaras f\u00eameas s\u00e3o um pouco mais pesadas que os machos. As f\u00eameas pesam cerca de 36 a 66 quilos e os machos cerca de 34 a 61 quilos. Existem capivaras extintas que eram 40% maiores que as que vivem hoje. Ela foi encontrada na Am\u00e9rica do Norte e pesava entre 90 a 110 quilos.<\/p>\n<p>As capivaras s\u00e3o mam\u00edferos semiaqu\u00e1ticos. Elas s\u00e3o encontradas na natureza na Col\u00f4mbia, Equador, Bol\u00edvia, Venezuela, Guiana Francesa, Uruguai, Peru e Paraguai. Elas vivem em florestas densas perto de lagos, rios, p\u00e2ntanos, lagos, brejos, em savanas inundadas e ao longo dos rios em florestas tropicais.<\/p>\n<p>As capivaras s\u00e3o herb\u00edvoras. Elas comem principalmente gram\u00edneas, plantas aqu\u00e1ticas, frutas e cascos de \u00e1rvores. Uma capivara adulta come de 2,7 a 3,6 quilos de grama por dia. As capivaras s\u00e3o muito exigentes com o que comem. O seu foco \u00e9 em apenas em 4 a 6 tipos diferentes de plantas &#8211; e estas consistem em at\u00e9 tr\u00eas quartos da sua dieta. Elas escolhem certas folhas e ignoram as folhas de outras \u00e1rvores ao redor. Mas as capivaras comem uma variedade maior de plantas durante a esta\u00e7\u00e3o seca, porque existem menos plantas dispon\u00edveis durante este per\u00edodo e elas n\u00e3o podem ser exigentes. Elas comem cana ao inv\u00e9s de grama durante a esta\u00e7\u00e3o seca. Porque a grama \u00e9 dif\u00edcil de digerir, elas comem o seu pr\u00f3prio coc\u00f4 assim a digerindo duas vezes. Elas tamb\u00e9m t\u00eam uma bact\u00e9ria especial que as ajudam a digerir a grama que ingerem. Elas tamb\u00e9m podem vomitar a sua comida e mastig\u00e1-la novamente, como uma vaca.<\/p>\n<p>Com sorte, elas podem viver entre 8 a 10 anos na natureza. Em m\u00e9dia, por\u00e9m, elas apenas vivem menos que 4 anos porque elas s\u00e3o o alimento favorito de muitos animais selvagens, incluindo on\u00e7as, <a href=\"http:\/\/www.big-animals.com\/pt\/verde-anaconda\/\">jiboias<\/a>, pumas, \u00e1guias, jaguatiricas e jacar\u00e9s.<\/p>\n<figure id=\"attachment_717\" aria-describedby=\"caption-attachment-717\" style=\"width: 300px\" class=\"wp-caption alignright\"><a href=\"http:\/\/www.big-animals.com\/wp-content\/uploads\/2011\/03\/Capybara_Mother_And_Babies.jpg\"><img loading=\"lazy\" decoding=\"async\" class=\"size-medium wp-image-717\" title=\"All the mothers in the group help care for capybara babies - picture by &amp;quot;Bradypus&amp;quot;\" src=\"http:\/\/www.big-animals.com\/wp-content\/uploads\/2011\/03\/Capybara_Mother_And_Babies-300x145.jpg\" alt=\"All the mothers in the group help care for capybara babies - picture by &amp;quot;Bradypus&amp;quot;\" width=\"300\" height=\"145\" \/><\/a><figcaption id=\"caption-attachment-717\" class=\"wp-caption-text\">Todas as m\u00e3es do grupo ajudam a cuidar das capivaras beb\u00eas &#8211; fotografia por &#8220;Bradypus&#8221;<\/figcaption><\/figure>\n<p>As capivaras gostam de viver em grupos de 10 a 20 indiv\u00edduos com 2 a 4 machos adultos, 4 a 7 f\u00eameas adultas e um monte de jovens. O tamanho do grupo muda de acordo com a esta\u00e7\u00e3o. Durante a esta\u00e7\u00e3o seca, quando h\u00e1 menos \u00e1gua, grupos maiores se formam perto da \u00e1gua existente. O grupo pode ser t\u00e3o grande quanto 50 a 100 indiv\u00edduos. O grupo \u00e9 controlado por uma macho dominante. As capivaras s\u00e3o muito vocais. Elas fazem sons como um latido de cachorro quando amea\u00e7adas.<\/p>\n<p>As capivaras crescem dentro de 22 meses. As capivaras-m\u00e3e d\u00e3o \u00e0 luz 2 a 8 beb\u00eas de uma vez. Elas d\u00e3o \u00e0 luz em terra. Dentro de uma semana do nascimento, os beb\u00eas s\u00e3o capazes de comer grama, mas continuam a beber leite da sua m\u00e3e de outras f\u00eameas do grupo por cerca de 16 semanas. Todas as f\u00eameas do grupo ajudam a cuidar dos beb\u00eas.<\/p>\n<p>As capivaras t\u00eam 20 dentes. Seus dentes da frente e os mordentes crescem continuamente. Quanto crescem totalmente, as capivaras \u00e0s vezes sofrem queimaduras de sol, porque o seu pelo se torna muito \u00e1spero e finamente espalhado. Para evitar as queimaduras de sol, a capivara tem que rolar na lama at\u00e9 que sua pele esteja completamente coberta. Elas n\u00e3o gostam do sol.<\/p>\n<p>Elas n\u00e3o s\u00e3o consideradas uma esp\u00e9cie em risco de extin\u00e7\u00e3o. Elas s\u00e3o ca\u00e7adas pela sua carne e pele em alguns lugares e mortas por humanos quando come\u00e7am a comer a grama em lugares onde as pessoas querem que o seu gado coma. Em algumas \u00e1reas elas s\u00e3o criadas, o que assegura que os habitats de pantanal onde vivem sejam protegidos. No geral, o fato de que elas se reproduzem rapidamente torna mais f\u00e1cil a sua sobreviv\u00eancia na natureza.<\/p>\n<p>Elas s\u00e3o encontradas em zool\u00f3gicos e parques. Em cativeiro, elas podem viver por 12 anos. Elas s\u00e3o criaturas gentis que normalmente permitem que humanos as toquem e alimentem com as m\u00e3os.<\/p>\n<p>&nbsp;<\/p>\n","protected":false},"excerpt":{"rendered":"<p>A Capivara \u00e9 o maior roedor em vida do mundo Ela \u00e9 semelhante aos porquinhos-da-\u00edndia, cutias, chinchilas e caxinguis. Ela se parece com um porquinho-da-\u00edndia gigante com pernas mais longas. Ela tem um corpo pesado, em forma de barril e uma cabe\u00e7a curta. Seu pelo \u00e9 vermelho-amarronzado na parte superior do seu corpo e amarelo-amarronzado &hellip; <a href=\"https:\/\/www.big-animals.com\/pt\/capivara\/\" class=\"more-link\">Continue reading <span class=\"screen-reader-text\">Capivara<\/span><\/a><\/p>\n","protected":false},"author":1,"featured_media":0,"parent":0,"menu_order":0,"comment_status":"closed","ping_status":"open","template":"","meta":{"_acf_changed":false,"footnotes":""},"acf":[],"_links":{"self":[{"href":"https:\/\/www.big-animals.com\/pt\/wp-json\/wp\/v2\/pages\/32"}],"collection":[{"href":"https:\/\/www.big-animals.com\/pt\/wp-json\/wp\/v2\/pages"}],"about":[{"href":"https:\/\/www.big-animals.com\/pt\/wp-json\/wp\/v2\/types\/page"}],"author":[{"embeddable":true,"href":"https:\/\/www.big-animals.com\/pt\/wp-json\/wp\/v2\/users\/1"}],"replies":[{"embeddable":true,"href":"https:\/\/www.big-animals.com\/pt\/wp-json\/wp\/v2\/comments?post=32"}],"version-history":[{"count":2,"href":"https:\/\/www.big-animals.com\/pt\/wp-json\/wp\/v2\/pages\/32\/revisions"}],"predecessor-version":[{"id":532,"href":"https:\/\/www.big-animals.com\/pt\/wp-json\/wp\/v2\/pages\/32\/revisions\/532"}],"wp:attachment":[{"href":"https:\/\/www.big-animals.com\/pt\/wp-json\/wp\/v2\/media?parent=32"}],"curies":[{"name":"wp","href":"https:\/\/api.w.org\/{rel}","templated":true}]}}