{"id":33,"date":"2011-05-09T09:21:51","date_gmt":"2011-05-09T09:21:51","guid":{"rendered":""},"modified":"2015-11-19T06:07:16","modified_gmt":"2015-11-19T06:07:16","slug":"carnivora","status":"publish","type":"page","link":"https:\/\/www.big-animals.com\/pt\/carnivora\/","title":{"rendered":"Carnivoros"},"content":{"rendered":"<p>Existem 260 tipos de <a href=\"http:\/\/www.big-animals.com\/pt\/os-maiores-mamiferos-do-mundo\/\">mam\u00edferos<\/a> no grupo chamado <em>Carnivora<\/em>. Os animais do grupo carnivora s\u00e3o chamados carn\u00edvoros. Carn\u00edvoro significa <em>comedor de carne<\/em>. Os carn\u00edvoros podem ser t\u00e3o pequenos quanto uma doninha, que tem apenas 25 gramas e 11 cent\u00edmetros de comprimento. O maior carn\u00edvoro \u00e9 o <a href=\"http:\/\/www.big-animals.com\/pt\/sul-elefante-selo\/\">Elefante-Marinho-do-Sul<\/a> que pode pesar tanto quanto 5000 quilos e medir at\u00e9 6,85 metros de comprimento. O maior Carn\u00edvoro terrestre \u00e9 o <a href=\"http:\/\/www.big-animals.com\/pt\/polar-bear\/\">Urso-Polar<\/a>.<\/p>\n<p>Quase todos os carn\u00edvoros de hoje comem principalmente carne. Alguns t\u00eam que comer apenas carne porque n\u00e3o podem digerir plantas. Estes incluem gatos, focas e doninhas. Outros, dependendo de onde vivem, s\u00e3o capazes de comer plantas e carnes, por exemplo, guaxinins e ursos. O panda-gigante \u00e9 sobretudo um comedor de plantas, mas pode comer peixes, ovos e insetos. O urso polar que vive na neve gelada do \u00e1rtico come apenas carne.<\/p>\n<figure id=\"attachment_740\" aria-describedby=\"caption-attachment-740\" style=\"width: 300px\" class=\"wp-caption alignleft\"><a href=\"http:\/\/www.big-animals.com\/wp-content\/uploads\/2011\/03\/Cat_Face.jpg\"><img loading=\"lazy\" decoding=\"async\" class=\"size-medium wp-image-740\" title=\"Carnivorans have eyes facing forward to help them hunt\" src=\"http:\/\/www.big-animals.com\/wp-content\/uploads\/2011\/03\/Cat_Face-300x266.jpg\" alt=\"Carnivorans have eyes facing forward to help them hunt\" width=\"300\" height=\"266\" \/><\/a><figcaption id=\"caption-attachment-740\" class=\"wp-caption-text\">Os carn\u00edvoros t\u00eam olhos virados para frente para ajud\u00e1-los a ca\u00e7ar\u00a0<\/figcaption><\/figure>\n<p>Os carn\u00edvoros t\u00eam dentes afiados. Eles usam ambos os olhos para ajud\u00e1-los a avaliar dist\u00e2ncias, para que possam ca\u00e7ar bem. A maioria deles ca\u00e7a em bandos e s\u00e3o animais sociais. Estes h\u00e1bitos os ajuda a atacar presas maiores que eles mesmos. Os carn\u00edvoros s\u00e3o principalmente criaturas terrestres, mas existem algumas esp\u00e9cies (como o guaxinim) que vivem em \u00e1rvores. Eles t\u00eam garras muito fortes e afiadas. Eles t\u00eam ao menos 4 dedos em cada p\u00e9. Eles t\u00eam um dente &#8216;canino&#8217; bem desenvolvido, dentes pontiagudos e afiados com bordas cortantes. O \u00faltimo pr\u00e9-molar da mand\u00edbula superior e o primeiro molar da mand\u00edbula inferior s\u00e3o usados para cortar carne e osso como uma tesoura. Estes dentes cortantes s\u00e3o muito desenvolvidos na fam\u00edlia dos gatos, mas praticamente inexistente em ursos.<\/p>\n<p>A maioria dos carn\u00edvoros t\u00eam 6 dentes incisivos e 2 caninos em forma de cone nas mand\u00edbulas superior e inferior. Mas a lontra-marinha t\u00eam apenas 4 dentes incisivos na mand\u00edbula inferior e o urso-bei\u00e7udo t\u00eam 4 dentes incisivos na mand\u00edbula superior. O n\u00famero de molares e pr\u00e9-molares s\u00e3o diferentes entre as esp\u00e9cies de carn\u00edvoros. Todos os dentes s\u00e3o profundamente enraizados e eles apenas t\u00eam 2 denti\u00e7\u00f5es durante as suas vidas &#8211; assim como os seres humanos. Seus dentes n\u00e3o s\u00e3o substitu\u00eddos constantemente como os dentes dos <a href=\"http:\/\/www.big-animals.com\/pt\/crocodilianos\/\">crocodilos<\/a>, nem crescem constantemente como os dentes da frente de um <a href=\"http:\/\/www.big-animals.com\/pt\/roedores\/\">roedor<\/a>. Os carn\u00edvoros t\u00eam 4 ou 5 dedos em cada p\u00e9. O primeiro dedo das patas da frente tamb\u00e9m conhecido como polegar &#8211; \u00e9 realmente pequeno na maioria dos Carn\u00edvoros, e totalmente ausente em alguns.<\/p>\n<p>Carn\u00edvoros como cachorros, raposas, gamb\u00e1s, doninhas, guaxinins, ursos e morsas t\u00eam garras que n\u00e3o podem ser recolhidas. A maioria dos carn\u00edvoros t\u00eam cores simples. Eles n\u00e3o t\u00eam a pele manchada e chamativa como os gatos. Gatos, hienas e civetas t\u00eam a pele manchada ou listrada e s\u00e3o vivamente coloridos em compara\u00e7\u00e3o aos cachorros e raposas. Al\u00e9m disto, eles podem recolher as suas garras para tr\u00e1s quando n\u00e3o as est\u00e3o utilizando.<\/p>\n<figure id=\"attachment_742\" aria-describedby=\"caption-attachment-742\" style=\"width: 300px\" class=\"wp-caption alignright\"><a href=\"http:\/\/www.big-animals.com\/wp-content\/uploads\/2011\/03\/A_Bear_Cub1.jpg\"><img loading=\"lazy\" decoding=\"async\" class=\"size-medium wp-image-742\" title=\"Most bears eat both meat and plants\" src=\"http:\/\/www.big-animals.com\/wp-content\/uploads\/2011\/03\/A_Bear_Cub1-300x240.jpg\" alt=\"Most bears eat both meat and plants\" width=\"300\" height=\"240\" \/><\/a><figcaption id=\"caption-attachment-742\" class=\"wp-caption-text\">A maioria dos ursos come carnes e plantas<\/figcaption><\/figure>\n<p>Morsas, focas e le\u00f5es-marinhos s\u00e3o Carn\u00edvoros de sangue quente. Seus corpos s\u00e3o bem isolados com uma grossa camada de gordura e cobertos com pelos para mant\u00ea-los aquecidos. Seus dedos n\u00e3o s\u00e3o separados, mas conectados por uma membrana grossa. Isto forma nadadeiras para ajud\u00e1-los a nadar bem. Seus membros frontais e traseiros funcionam como remos. A exist\u00eancia deste tipo de membros os ajudam a mergulhar profundidades extremas. Por exemplo, a foca-de-Weddell pode mergulhar at\u00e9 600 metros de profundidade e permanecer submersa por mais de 1 hora. A parte externa da sua orelha \u00e9 muito pequena ou ausente em algumas esp\u00e9cies, mas eles t\u00eam bigodes bem desenvolvidos que crescem perto das narinas, acima dos l\u00e1bios e em outras partes da cara na maioria dos carn\u00edvoros. Eles n\u00e3o t\u00eam cauda, ou t\u00eam uma cauda muito curta.<\/p>\n<p>Os carn\u00edvoros t\u00eam c\u00e9rebros bastante grandes envoltos por um pesado cr\u00e2nio. J\u00e1 que eles comem principalmente carnes, eles t\u00eam um sistema digest\u00f3rio simples para digerir a carne. Ao contr\u00e1rio de comedores de plantas, que precisam de um sistema digest\u00f3rio mais complexo porque precisam digerir duras fibras vegetais. A maioria dos carn\u00edvoros t\u00eam os sentidos bem desenvolvidos. Eles t\u00eam uma boa vis\u00e3o e audi\u00e7\u00e3o. Um grande n\u00famero deles t\u00eam um \u00f3timo olfato, como cachorros e raposas. Eles s\u00e3o corredores soberbos. Alguns s\u00e3o corredores de longas dist\u00e2ncias, mas mais comumente eles s\u00e3o corredores de velocidade. Ursos e guaxinins podem parecer lentos e desajeitados, mas eles s\u00e3o capazes de correr em alta velocidade em dist\u00e2ncias curtas.<\/p>\n<p>&nbsp;<\/p>\n","protected":false},"excerpt":{"rendered":"<p>Existem 260 tipos de mam\u00edferos no grupo chamado Carnivora. Os animais do grupo carnivora s\u00e3o chamados carn\u00edvoros. Carn\u00edvoro significa comedor de carne. Os carn\u00edvoros podem ser t\u00e3o pequenos quanto uma doninha, que tem apenas 25 gramas e 11 cent\u00edmetros de comprimento. O maior carn\u00edvoro \u00e9 o Elefante-Marinho-do-Sul que pode pesar tanto quanto 5000 quilos e &hellip; <a href=\"https:\/\/www.big-animals.com\/pt\/carnivora\/\" class=\"more-link\">Continue reading <span class=\"screen-reader-text\">Carnivoros<\/span><\/a><\/p>\n","protected":false},"author":1,"featured_media":0,"parent":0,"menu_order":0,"comment_status":"closed","ping_status":"open","template":"","meta":{"_acf_changed":false,"footnotes":""},"acf":[],"_links":{"self":[{"href":"https:\/\/www.big-animals.com\/pt\/wp-json\/wp\/v2\/pages\/33"}],"collection":[{"href":"https:\/\/www.big-animals.com\/pt\/wp-json\/wp\/v2\/pages"}],"about":[{"href":"https:\/\/www.big-animals.com\/pt\/wp-json\/wp\/v2\/types\/page"}],"author":[{"embeddable":true,"href":"https:\/\/www.big-animals.com\/pt\/wp-json\/wp\/v2\/users\/1"}],"replies":[{"embeddable":true,"href":"https:\/\/www.big-animals.com\/pt\/wp-json\/wp\/v2\/comments?post=33"}],"version-history":[{"count":2,"href":"https:\/\/www.big-animals.com\/pt\/wp-json\/wp\/v2\/pages\/33\/revisions"}],"predecessor-version":[{"id":534,"href":"https:\/\/www.big-animals.com\/pt\/wp-json\/wp\/v2\/pages\/33\/revisions\/534"}],"wp:attachment":[{"href":"https:\/\/www.big-animals.com\/pt\/wp-json\/wp\/v2\/media?parent=33"}],"curies":[{"name":"wp","href":"https:\/\/api.w.org\/{rel}","templated":true}]}}