{"id":34,"date":"2011-05-09T09:22:07","date_gmt":"2011-05-09T09:22:07","guid":{"rendered":""},"modified":"2015-11-23T07:07:53","modified_gmt":"2015-11-23T07:07:53","slug":"chines-gigante-salamandra","status":"publish","type":"page","link":"https:\/\/www.big-animals.com\/pt\/chines-gigante-salamandra\/","title":{"rendered":"Salamandra-Gigante-da-China"},"content":{"rendered":"<figure id=\"attachment_907\" aria-describedby=\"caption-attachment-907\" style=\"width: 300px\" class=\"wp-caption alignright\"><a href=\"http:\/\/www.big-animals.com\/wp-content\/uploads\/2011\/04\/Chinese_Giant_Salamander.jpeg\"><img loading=\"lazy\" decoding=\"async\" class=\"size-medium wp-image-907\" title=\"The Chinese Giant Salamander - Photograph by H. Zell\" src=\"http:\/\/www.big-animals.com\/wp-content\/uploads\/2011\/04\/Chinese_Giant_Salamander-300x225.jpg\" alt=\"The Chinese Giant Salamander - Photograph by H. Zell\" width=\"300\" height=\"225\" \/><\/a><figcaption id=\"caption-attachment-907\" class=\"wp-caption-text\">A Salamandra-Gigante-da-China &#8211; Fotografia por H. Zell<\/figcaption><\/figure>\n<p>A Salamandra-Gigante-da-China \u00e9 o maior <a href=\"http:\/\/www.big-animals.com\/pt\/anfibios-2\/\">Anf\u00edbio<\/a> e a maior <a href=\"http:\/\/www.big-animals.com\/pt\/salamandras\/\">Salamandra<\/a> do mundo! Em m\u00e9dia, uma Salamandra-Gigante-da-China adulta tem cerca de 25 a 30 quilogramas e 1,15 metros, mas pode chegar a 180 cm de comprimento e pesar at\u00e9 65 quilogramas. Ela vive em riachos e lagos rochosos da China. Sua popula\u00e7\u00e3o est\u00e1 criticamente amea\u00e7ada e tem sido classificada como amea\u00e7ada de extin\u00e7\u00e3o devido \u00e0 perda de habitat, polui\u00e7\u00e3o e abate excessivo. Ela \u00e9 considerada uma iguaria e \u00e9 utilizada na medicina tradicional chinesa.<\/p>\n<p>Ela \u00e9 pesada. Tem uma cabe\u00e7a grande e achatada, olhos pequenos e uma pele escura porosa, \u00e1spera e enrugada. Ela tem pequenas narinas. Ela tem dentes. Suas pernas s\u00e3o curtas e achatadas. Ela tem 4 dedos nos membros dianteiros e 5 dedos nos membros posteriores. Ela se alimenta de insetos, sapos e peixes. Ela ca\u00e7a principalmente a noite. Ela tem uma vis\u00e3o muito ruim e n\u00e3o tem p\u00e1lpebras. Portanto, ela depende muito dos seus g\u00e2nglios sensoriais especiais que s\u00e3o localizados aos longo da suas laterais da cabe\u00e7a \u00e0 cauda. Ela \u00e9 capaz de sentir as menores vibra\u00e7\u00f5es ao seu redor com a ajuda destes g\u00e2nglios. Portanto, elas s\u00e3o capazes de detectar suas presas e rapidamente escapar de predadores.<\/p>\n<p>A f\u00eamea bota cerca de 500 ovos enfileirados em uma cavidade debaixo d&#8217;\u00e1gua. O macho protege os preciosos ovos at\u00e9 que se choquem. Os ovos levam entre 50 a 60 dias para chocarem. As larvas come\u00e7am a comer depois de 30 dias. As br\u00e2nquias das larvas se tornam menores quando atingem cerca de 20-25 cm de comprimento. As larvas t\u00eam forma semelhante \u00e0s salamandras adultas. As adultas t\u00eam br\u00e2nquias e pulm\u00f5es para respirar. As Salamandras-Gigantes-da-China j\u00e1 viveram at\u00e9 75 anos em cativeiro.<\/p>\n<figure id=\"attachment_908\" aria-describedby=\"caption-attachment-908\" style=\"width: 300px\" class=\"wp-caption aligncenter\"><a href=\"http:\/\/www.big-animals.com\/wp-content\/uploads\/2011\/04\/Chinese_Giant_Salamander_And_Human.png\"><img loading=\"lazy\" decoding=\"async\" class=\"size-medium wp-image-908\" title=\"Chinese Giant Salamander And Human\" src=\"http:\/\/www.big-animals.com\/wp-content\/uploads\/2011\/04\/Chinese_Giant_Salamander_And_Human-300x176.png\" alt=\"Chinese Giant Salamander And Human\" width=\"300\" height=\"176\" \/><\/a><figcaption id=\"caption-attachment-908\" class=\"wp-caption-text\">Salamandra-Gigante-da-China e Humano<\/figcaption><\/figure>\n<p>&nbsp;<\/p>\n","protected":false},"excerpt":{"rendered":"<p>A Salamandra-Gigante-da-China \u00e9 o maior Anf\u00edbio e a maior Salamandra do mundo! Em m\u00e9dia, uma Salamandra-Gigante-da-China adulta tem cerca de 25 a 30 quilogramas e 1,15 metros, mas pode chegar a 180 cm de comprimento e pesar at\u00e9 65 quilogramas. Ela vive em riachos e lagos rochosos da China. Sua popula\u00e7\u00e3o est\u00e1 criticamente amea\u00e7ada e &hellip; <a href=\"https:\/\/www.big-animals.com\/pt\/chines-gigante-salamandra\/\" class=\"more-link\">Continue reading <span class=\"screen-reader-text\">Salamandra-Gigante-da-China<\/span><\/a><\/p>\n","protected":false},"author":1,"featured_media":0,"parent":0,"menu_order":0,"comment_status":"closed","ping_status":"open","template":"","meta":{"_acf_changed":false,"footnotes":""},"acf":[],"_links":{"self":[{"href":"https:\/\/www.big-animals.com\/pt\/wp-json\/wp\/v2\/pages\/34"}],"collection":[{"href":"https:\/\/www.big-animals.com\/pt\/wp-json\/wp\/v2\/pages"}],"about":[{"href":"https:\/\/www.big-animals.com\/pt\/wp-json\/wp\/v2\/types\/page"}],"author":[{"embeddable":true,"href":"https:\/\/www.big-animals.com\/pt\/wp-json\/wp\/v2\/users\/1"}],"replies":[{"embeddable":true,"href":"https:\/\/www.big-animals.com\/pt\/wp-json\/wp\/v2\/comments?post=34"}],"version-history":[{"count":2,"href":"https:\/\/www.big-animals.com\/pt\/wp-json\/wp\/v2\/pages\/34\/revisions"}],"predecessor-version":[{"id":537,"href":"https:\/\/www.big-animals.com\/pt\/wp-json\/wp\/v2\/pages\/34\/revisions\/537"}],"wp:attachment":[{"href":"https:\/\/www.big-animals.com\/pt\/wp-json\/wp\/v2\/media?parent=34"}],"curies":[{"name":"wp","href":"https:\/\/api.w.org\/{rel}","templated":true}]}}