{"id":35,"date":"2011-05-09T09:22:57","date_gmt":"2011-05-09T09:22:57","guid":{"rendered":""},"modified":"2015-12-03T04:44:08","modified_gmt":"2015-12-03T04:44:08","slug":"gigantopithecus","status":"publish","type":"page","link":"https:\/\/www.big-animals.com\/pt\/gigantopithecus\/","title":{"rendered":"Gigantopithecus"},"content":{"rendered":"<p>O Gigantopithecus \u00e9 o maior <a href=\"http:\/\/www.big-animals.com\/pt\/primatas\/\">primata<\/a> que j\u00e1 existiu. Ele existiu 300.000 anos atr\u00e1s. Seus f\u00f3sseis foram encontrados na China, \u00cdndia e Vietn\u00e3. Ele \u00e9 um parente pr\u00f3ximo dos macacos. O Gigantopithecus macho tinha cerca de 3 metros de altura e pesava cerca de 540 kg.<\/p>\n<figure id=\"attachment_706\" aria-describedby=\"caption-attachment-706\" style=\"width: 216px\" class=\"wp-caption alignright\"><a href=\"http:\/\/www.big-animals.com\/wp-content\/uploads\/2011\/03\/Gigantopithecus_and_human.png\"><img loading=\"lazy\" decoding=\"async\" class=\"size-medium wp-image-706\" title=\"The Gigantopithecus is the Biggest Ever Primate\" src=\"http:\/\/www.big-animals.com\/wp-content\/uploads\/2011\/03\/Gigantopithecus_and_human-216x300.png\" alt=\"The Gigantopithecus is the Biggest Ever Primate\" width=\"216\" height=\"300\" \/><\/a><figcaption id=\"caption-attachment-706\" class=\"wp-caption-text\">O\u00a0Gigantopithecus \u00e9 o maior primata que j\u00e1 existiu<\/figcaption><\/figure>\n<p>Algumas pessoas ainda acreditam que ele vive em \u00e1reas remotas da \u00c1sia at\u00e9 hoje. Estas pessoas o chamam de Yeti ou Ieti. Entretanto, a maioria dos cientistas t\u00eam certeza de que o Gigantopithecus foi extinto h\u00e1 muito tempo. As \u00fanicas evid\u00eancias que foram encontradas do Gigantopithecus s\u00e3o dentes e ossos maxilares fossilizados. Seus dentes e ossos fossilizados s\u00e3o frequentemente mo\u00eddos em p\u00f3 e utilizados na medicina tradicional chinesa.<\/p>\n<p>Infelizmente n\u00f3s n\u00e3o podemos ter certeza de como o Gigantopithecus se movia, j\u00e1 que ossos dos quadris ou pernas nunca foram encontrados. Os cientistas acreditam que ele \u00e9, na verdade, 2 a 3 vezes mais pesado que os gorilas modernos e quase 5 vezes mais pesado que o orangotango, que \u00e9 o primata em vida que mais se assemelha a ele. As Gigantopithecus f\u00eameas adultas tinham a metade do peso dos machos.<\/p>\n<p>Eles viviam em uma floresta de bambus. Seus f\u00f3sseis foram encontrados juntos com tipos extintos de pandas. Portanto, foi conclu\u00eddo que estes enormes Gigantopithecus eram comedores de plantas. Suas mand\u00edbulas s\u00e3o profundas e muito grossas. Seus dentes e mand\u00edbulas s\u00e3o adequados para moer e mastigar alimentos com fibras resistentes, como o bambu. As cavidades dos seus dentes s\u00e3o semelhantes \u00e0quelas encontradas em pandas gigantes. Al\u00e9m de bambu, ele provavelmente comia sementes e frutas tamb\u00e9m.<\/p>\n<p>&nbsp;<\/p>\n","protected":false},"excerpt":{"rendered":"<p>O Gigantopithecus \u00e9 o maior primata que j\u00e1 existiu. Ele existiu 300.000 anos atr\u00e1s. Seus f\u00f3sseis foram encontrados na China, \u00cdndia e Vietn\u00e3. Ele \u00e9 um parente pr\u00f3ximo dos macacos. O Gigantopithecus macho tinha cerca de 3 metros de altura e pesava cerca de 540 kg. Algumas pessoas ainda acreditam que ele vive em \u00e1reas &hellip; <a href=\"https:\/\/www.big-animals.com\/pt\/gigantopithecus\/\" class=\"more-link\">Continue reading <span class=\"screen-reader-text\">Gigantopithecus<\/span><\/a><\/p>\n","protected":false},"author":1,"featured_media":0,"parent":0,"menu_order":0,"comment_status":"closed","ping_status":"open","template":"","meta":{"_acf_changed":false,"footnotes":""},"acf":[],"_links":{"self":[{"href":"https:\/\/www.big-animals.com\/pt\/wp-json\/wp\/v2\/pages\/35"}],"collection":[{"href":"https:\/\/www.big-animals.com\/pt\/wp-json\/wp\/v2\/pages"}],"about":[{"href":"https:\/\/www.big-animals.com\/pt\/wp-json\/wp\/v2\/types\/page"}],"author":[{"embeddable":true,"href":"https:\/\/www.big-animals.com\/pt\/wp-json\/wp\/v2\/users\/1"}],"replies":[{"embeddable":true,"href":"https:\/\/www.big-animals.com\/pt\/wp-json\/wp\/v2\/comments?post=35"}],"version-history":[{"count":3,"href":"https:\/\/www.big-animals.com\/pt\/wp-json\/wp\/v2\/pages\/35\/revisions"}],"predecessor-version":[{"id":540,"href":"https:\/\/www.big-animals.com\/pt\/wp-json\/wp\/v2\/pages\/35\/revisions\/540"}],"wp:attachment":[{"href":"https:\/\/www.big-animals.com\/pt\/wp-json\/wp\/v2\/media?parent=35"}],"curies":[{"name":"wp","href":"https:\/\/api.w.org\/{rel}","templated":true}]}}