{"id":36,"date":"2011-05-09T09:23:04","date_gmt":"2011-05-09T09:23:04","guid":{"rendered":""},"modified":"2015-12-28T08:21:35","modified_gmt":"2015-12-28T08:21:35","slug":"galapagos-tartaruga","status":"publish","type":"page","link":"https:\/\/www.big-animals.com\/pt\/galapagos-tartaruga\/","title":{"rendered":"Tartaruga-das-Gal\u00e1pagos"},"content":{"rendered":"<figure id=\"attachment_355\" aria-describedby=\"caption-attachment-355\" style=\"width: 300px\" class=\"wp-caption alignleft\"><a href=\"http:\/\/www.big-animals.com\/wp-content\/uploads\/2011\/02\/GalapagosGiantTortoiseGeocheloneElephantopus.jpg\"><img loading=\"lazy\" decoding=\"async\" class=\"size-medium wp-image-355\" title=\"Galapagos Giant Tortoise Geochelone Elephantopus - Photograph by Matthew Field\" src=\"http:\/\/www.big-animals.com\/wp-content\/uploads\/2011\/02\/GalapagosGiantTortoiseGeocheloneElephantopus-300x208.jpg\" alt=\"Galapagos Giant Tortoise Geochelone Elephantopus - Photograph by Matthew Field\" width=\"300\" height=\"208\" \/><\/a><figcaption id=\"caption-attachment-355\" class=\"wp-caption-text\">Tartaruga-das-Gal\u00e1pagos Gigante Geochelone Elephantopus &#8211; Foto por Matthew Field (www.photography.mattfield.com)<\/figcaption><\/figure>\n<h3><span id=\"gts_text_1\" class=\"gts_text\">Fatos sobre a Tartaruga-das-Gal\u00e1pagos<\/span><\/h3>\n<p>A tartaruga-das-Gal\u00e1pagos \u00e9 a maior <a href=\"http:\/\/www.big-animals.com\/pt\/tartarugas-e-cagados\/\">tartaruga<\/a> do mundo. Ela pode pesar mais de 400 quilos e crescer mais de 1,8 metros de comprimento. Esta poderosa tartaruga pode viver por mais de 100 anos. Esta tartaruga gigante pode transportar um homem em cima de si mesmo. Como \u00e9 forte esta tartaruga! A mais velha chegou a pelo menos 170 anos de idade.<\/p>\n<p>Esta tartaruga \u00e9 nativa de sete ilhas vulc\u00e2nicas em Gal\u00e1pagos, que s\u00e3o situadas no oeste do Equador. As Ilhas Gal\u00e1pagos foram descobertas por navegantes espanh\u00f3is em 1535 e eles nomearam as ilhas em homenagem a uma sela de cavalo. Os cascos das tartarugas os lembraram de um tipo de sela chamada <em>galapago<\/em>.<\/p>\n<p>O tamanho e o formato do casco das tartarugas s\u00e3o diferentes dependendo de onde elas vivem. As tartarugas-das-Gal\u00e1pagos est\u00e3o amea\u00e7adas de extin\u00e7\u00e3o. A popula\u00e7\u00e3o total de tartarugas caiu de mais de 250.000 no s\u00e9culo 16 para 20.000 hoje, por conta de atividades humanas como a ca\u00e7a e o desmatamento para agricultura.<\/p>\n<h3><span id=\"gts_text_14\" class=\"gts_text\">George Solit\u00e1rio<\/span><\/h3>\n<p>Entre as 10 subesp\u00e9cies existentes, 7 podem ser encontradas na selva e uma outra subesp\u00e9cie \u00e9 representada por um \u00fanico sobrevivente chamado George Solit\u00e1rio. O George Solit\u00e1rio \u00e9 a mais rara criatura em vida e ele \u00e9 chamado de &#8216;solit\u00e1rio&#8217; porque ele \u00e9 o \u00faltimo de sua subesp\u00e9cie.<\/p>\n<p>Todas as tartarugas-das-Gal\u00e1pagos s\u00e3o distantes descendentes de ancestrais que vieram da regi\u00e3o continental da Am\u00e9rica do Sul. H\u00e1 muitos anos, talvez, algumas tartarugas gr\u00e1vidas tenham flutuado \u00e0s Ilhas Gal\u00e1pagos em aglomerados de vegeta\u00e7\u00e3o ao longo do oceano a partir da Am\u00e9rica do Sul. Estas tartarugas teriam sido capazes de sobreviver a longa viagem, embora tenham passado meses sem comida e \u00e1gua fresca. Uma corrente marinha fria que flui para o noroeste ao longo da costa oeste da Am\u00e9rica do Sul poderia ter ajudado estas tartarugas gigantes a chegar ao seu novo destino nas Ilhas Gal\u00e1pagos. O parente vivo mais pr\u00f3ximo da tartaruga-das-Gal\u00e1pagos \u00e9 o Jabuti Argentino, que \u00e9 muito menor em tamanho. Ele \u00e9 encontrado na Argentina.<\/p>\n<p>As tartarugas t\u00eam um casco \u00f3sseo grande na parte de cima. Elas t\u00eam uma cor marrom s\u00f3lida. Sua espinha dorsal, esterno e costelas tornaram-se parte do casco. Voc\u00ea n\u00e3o pode separar uma tartaruga de seu casco. Um musgo cinza ou amarelado (l\u00edquen) pode crescer nos cascos das tartarugas, que se movem lentamente. As tartarugas s\u00e3o capazes de se protegerem encolhendo sua cabe\u00e7a, pesco\u00e7o e pernas dianteiras para dentro do casco. Suas penas s\u00e3o grandes e atarracadas. Ela \u00e9 revestida por uma pele seca e escamas duras. As pernas dianteiras t\u00eam 5 garras e as traseiras t\u00eam 4 garras.<\/p>\n<p>Tipos diferentes de tartarugas-das-Gal\u00e1pagos t\u00eam cascos em formatos diferentes. O primeiro tipo de casco tem formato de sela. Um casco em formato de <em>sela<\/em> se parece com uma sela de cavalo. Um casco em formato de <em>domo<\/em> se parece com uma ab\u00f3boda. O casco <em>intermedi\u00e1rio<\/em> tem um formato que \u00e9 metade sela e metade domo.<\/p>\n<h3><span id=\"gts_text_37\" class=\"gts_text\">Adapta\u00e7\u00f5es das Tartarugas-das-Gal\u00e1pagos<\/span><\/h3>\n<p>Existiam 15 subesp\u00e9cies de tartarugas-das-Gal\u00e1pagos. No entanto hoje, existem apenas 11 delas. As tartarugas gigantes menores s\u00e3o aquelas com o casco em formato de sela. As gigantes maiores t\u00eam o casco em forma de domo.<\/p>\n<p>As diferentes subesp\u00e9cies foram separadas em ilhas diferentes. Elas vivem em habitats diferentes. O tamanho e o formato do casco das tartarugas s\u00e3o diferentes dependendo do que comem e de onde vivem. As tartarugas-das-Gal\u00e1pagos que vivem na ilha com muita vegeta\u00e7\u00e3o baixa tendem a ter cascos em formato de domo e serem maiores. Elas t\u00eam pesco\u00e7os e pernas mais curtas porque n\u00e3o precisam alcan\u00e7ar alimentos no alto, como as tartarugas com casco em formato de sela. As tartarugas com cascos em formato de domo vivem em terrenos mais elevados da ilha, onde \u00e9 mais frio e \u00famido. Isto porque eles s\u00e3o mais capazes de resistir a temperaturas mais baixas.<\/p>\n<p>As tartarugas com casco em formato de sela, que gostam de comer cacto, t\u00eam pernas e pesco\u00e7os mais longos. Os longos pesco\u00e7os e pernas ajudam as tartarugas a alcan\u00e7arem e morderem os altos cactos. Elas tendem a ter cascos que permitem o movimento do pesco\u00e7o para cima, atrav\u00e9s de uma crista na parte da frente do casco. Elas s\u00e3o maiores que as tartarugas com o casco em formato de domo. As tartarugas com casco em formato de sela vivem nas ilhas mais quentes e secas das Ilhas Gal\u00e1pagos.<\/p>\n<p>Visto que as tartarugas s\u00e3o r\u00e9pteis, elas t\u00eam sangue frio. Elas tomam sol por 1-2 horas depois do amanhecer, para absorver o calor do sol atrav\u00e9s de seus cascos escuros, antes de procurar por alimentos durante 8-9 horas por dia. Elas se movimentam principalmente cedo de manh\u00e3 ou no fim da tarde. Elas s\u00e3o capazes de caminhar lentamente na velocidade de 0,3 km por hora. As tartarugas-das-Gal\u00e1pagos s\u00e3o animais quietos e tranquilos que dormem quase 16 horas por dia. Que dorminhocas elas s\u00e3o!<\/p>\n<h3><span id=\"gts_text_60\" class=\"gts_text\">O habitat da Tartaruga-das-Gal\u00e1pagos<\/span><\/h3>\n<p>Nas ilhas maiores e mais \u00famidas, as tartarugas sazonalmente migram para terrenos mais baixos, cobertos por grama, durante a esta\u00e7\u00e3o chuvosa, e para terrenos altos, que s\u00e3o um prado durante a esta\u00e7\u00e3o seca. Esta migra\u00e7\u00e3o sazonal j\u00e1 v\u00eam acontecendo por muitas gera\u00e7\u00f5es. Como resultado, as tartarugas criaram caminhos bem definidos atrav\u00e9s da floresta, que s\u00e3o chamados de &#8220;rodovias das tartarugas&#8221;.<\/p>\n<p>Nas ilhas mais \u00famidas, as tartarugas com casco em formato de domo, s\u00e3o muitas vezes vistas em grandes bandos. Elas gostam de companhia, ao contr\u00e1rio das mais solit\u00e1rias e territoriais tartarugas com casco em formato de sela.<\/p>\n<p>Algumas vezes as tartarugas nadam na lama ou em grandes po\u00e7as de chuva quando querem se aquecer durante as noites frias. Esta atividade de nadar na lama tamb\u00e9m as ajuda a se livrar de mosquitos e carrapatos. Elas tamb\u00e9m s\u00e3o capazes de se livrarem de mosquitos e carrapatos quando se banham em poeira de terra solta. Durante a noite, estas tartarugas dormem debaixo de rochas.<\/p>\n<h3><span id=\"gts_text_70\" class=\"gts_text\">A alimenta\u00e7\u00e3o da Tartaruga-das-Gal\u00e1pagos<\/span><\/h3>\n<p>As tartarugas gigantes comem principalmente plantas. Elas comem cactos, gram\u00edneas, folhas, bananas, ma\u00e7as, videiras e outras vegeta\u00e7\u00f5es. Elas obt\u00eam a sua bebida do orvalho e seiva das plantas. Nas ilhas secas, as tartarugas lambem o orvalho de pedras. Como resultado da lambida cont\u00ednua pelas tartarugas por muitos anos, muitas pedras t\u00eam buracos em formato de meia-esferas afundados na sua superf\u00edcie. Elas podem viver por 18 meses sem comida e \u00e1gua. Durante per\u00edodos assim, elas sobrevivem quebrando a sua gordura corporal para produzir \u00e1gua. Elas tamb\u00e9m podem rapidamente beber muita \u00e1gua quando sedentas. Elas armazenam a \u00e1gua em suas bexigas e em seus pesco\u00e7os. Esta caracter\u00edstica \u00fanica as torna uma \u00fatil fonte de \u00e1gua em navios.<\/p>\n<p>As tartarugas-das-Gal\u00e1pagos n\u00e3o s\u00e3o surdas, mas dependem mais do seu olfato e vis\u00e3o nas suas vidas di\u00e1rias.<\/p>\n<p>As tartarugas-das-Gal\u00e1pagos desfrutam de um relacionamento amig\u00e1vel com certos p\u00e1ssaros, chamados tentilh\u00f5es. A tartaruga estende seu pesco\u00e7o para permitir que o tentilh\u00e3o colete carrapatos do seu pesco\u00e7o, pernas traseiras e da pele perto do casco. A coleta de carrapatos n\u00e3o \u00e9 uma tarefa tediosa para os tentilh\u00f5es, porque eles adoram com\u00ea-los &#8211; mas de vez em quando, a tartaruga joga um truque sujo. Ela espera at\u00e9 que o p\u00e1ssaro v\u00e1 para debaixo do seu corpo e, de repente, se senta, esmagando a pobre ave! Ela ent\u00e3o come o p\u00e1ssaro amassado &#8211; talvez porque precise de prote\u00ednas extras.<\/p>\n<h3><span id=\"gts_text_87\" class=\"gts_text\">A reprodu\u00e7\u00e3o da Tartaruga-das-Gal\u00e1pagos<\/span><\/h3>\n<p>As tartarugas-das-Gal\u00e1pagos-m\u00e3es t\u00eam que caminhar por v\u00e1rios quil\u00f4metros entre julho e novembro para alcan\u00e7ar suas \u00e1reas de aninhamento, que s\u00e3o secas e arenosas. Elas podem levar muitas horas e muitos dias para cavar um buraco. \u00c9 uma tarefa cansativa para as tartarugas-das-Gal\u00e1pagos-m\u00e3es. Elas usam suas pernas traseiras para cavar um buraco de 30 cm para botar seus ovos. Elas s\u00e3o capazes de botar at\u00e9 16 ovos. Os ovos pesam de 80 a 160 gramas. Os ovos t\u00eam o tamanho de uma bola de bilhar.<\/p>\n<p>As tartarugas-beb\u00eas cavam at\u00e9 a superf\u00edcie da areia depois de 4-8 meses, entre dezembro e abril. Elas pesam apenas 50 gramas e t\u00eam cerca de 6 cm de comprimento. As pobres tartarugas-beb\u00eas levam v\u00e1rias semanas para sa\u00edrem do ch\u00e3o!<\/p>\n<p>Em \u00e1reas muito secas, elas podem morrer debaixo da terra se forem enterradas em solo endurecido e, se houver uma enchente na \u00e1rea de aninhamento elas podem afogar. Inicialmente \u00e9 dif\u00edcil identificar o tipo de tartaruga-das-gal\u00e1pagos que os beb\u00eas s\u00e3o, j\u00e1 que todos eles t\u00eam o casco em formato de domo. As tartarugas jovens permanecem em terrenos baixos e mais quentes pelos seus primeiros 10-15 anos. Elas enfrentam todos os tipos de riscos como cair em rachaduras, serem esmagadas pela queda de rochas e o calor extremo.<\/p>\n<p><span style=\"font-size: 24px;font-weight: bold\">A Tartaruga-das-Gal\u00e1pagos est\u00e1 amea\u00e7ada de extin\u00e7\u00e3o?<\/span><\/p>\n<p>O \u00fanico predador nativo natural da tartaruga-das-Gal\u00e1pagos \u00e9 o Falc\u00e3o-das-Gal\u00e1pagos. O falc\u00e3o ataca os ovos e os beb\u00eas das tartarugas-das-Gal\u00e1pagos. As principais amea\u00e7as para as tartarugas adultas s\u00e3o a destrui\u00e7\u00e3o do habitat e a ca\u00e7a ilegal. Quando primeiramente descobertas no s\u00e9culo 16, existiam cerca de 250.000 tartarugas-das-Gal\u00e1pagos. Depois de v\u00e1rias d\u00e9cadas de humanos ca\u00e7ando a tartaruga por ser uma fonte de alimento, sobraram apenas cerca de 20.000 tartarugas-das-Gal\u00e1pagos nas Ilhas Gal\u00e1pagos. Estas lentas tartarugas gigantes eram coletadas e mantidas a bordo de navios por marinheiros que precisavam de carne fresca para comer. As tartarugas n\u00e3o apenas forneciam prote\u00edna, mas sua urina dilu\u00edda tamb\u00e9m poderia ser utilizada como \u00e1gua pot\u00e1vel &#8211; apesar de que eu n\u00e3o gostaria de beber xixi de tartaruga! Os marinheiros adicionaram as tartarugas-das-Gal\u00e1pagos como fonte de alimento porque estas tartarugas podem sobreviver por mais de um ano sem comer e beber. Elas n\u00e3o precisam ser alimentadas ou cuidadas. N\u00e3o custava nada manter as tartarugas a bordo do navio. Portanto, as tartarugas-das-Gal\u00e1pagos eram altamente requisitadas por marinheiros, piratas, e ca\u00e7adores de baleias. Eles paravam nas Ilhas Gal\u00e1pagos para reabastecer seu estoque de comida e \u00e1gua.<\/p>\n<figure id=\"attachment_358\" aria-describedby=\"caption-attachment-358\" style=\"width: 300px\" class=\"wp-caption alignright\"><a href=\"http:\/\/www.big-animals.com\/wp-content\/uploads\/2011\/02\/GalapagosTortoiseAndMan.png\"><img loading=\"lazy\" decoding=\"async\" class=\"size-medium wp-image-358\" title=\"This Shows the Relative Sizes of the Galapagos Tortoise And A Human\" src=\"http:\/\/www.big-animals.com\/wp-content\/uploads\/2011\/02\/GalapagosTortoiseAndMan-300x215.png\" alt=\"This Shows the Relative Sizes of the Galapagos Tortoise And A Human\" width=\"300\" height=\"215\" \/><\/a><figcaption id=\"caption-attachment-358\" class=\"wp-caption-text\">Demonstra\u00e7\u00e3o do tamanho relativo da Tartaruga-das-Gal\u00e1pagos e um Humano.<\/figcaption><\/figure>\n<p>Estes grupos de pessoas que iam para as Ilhas Gal\u00e1pagos para reabastecer sua comida e \u00e1gua tamb\u00e9m traziam porcos, bodes, cavalos e vacas, que vieram a se tornar uma outra amea\u00e7a \u00e0s tartarugas. Eles comiam a pouca vegeta\u00e7\u00e3o que existia nas ilhas. Como resultado disto, houve uma escassez de alimentos para as tartarugas. Os cascos dos animais esmagavam os ovos das tartarugas. Al\u00e9m disto, cachorros, gatos, ratos e porcos comiam os ovos e os beb\u00eas das tartarugas.<\/p>\n<p>As tartarugas tamb\u00e9m eram ca\u00e7adas pelo \u00f3leo de tartaruga de alta qualidade a partir do final do s\u00e9culo 19. Acreditava-se que estes \u00f3leos tinham a mesma qualidade do \u00f3leo de f\u00edgado de bacalhau. A limpeza das ilhas para abrir espa\u00e7o para a agricultura, planta\u00e7\u00e3o de frutas, resorts tur\u00edsticos e assentamentos humanos destru\u00edram boa parte do habitat da tartaruga. Como resultado da ca\u00e7a e da perda do habitat, o n\u00famero total de tartarugas-das-Gal\u00e1pagos reduziu drasticamente.<\/p>\n<p>Sem quaisquer esfor\u00e7os para conservar estas tartarugas, as gera\u00e7\u00f5es futuras nunca ter\u00e3o a oportunidade de ver uma tartaruga-das-Gal\u00e1pagos na vida real. Elas se tornar\u00e3o extintas na natureza.<\/p>\n<h3><span id=\"gts_text_126\" class=\"gts_text\">A conserva\u00e7\u00e3o da Tartaruga-das-Gal\u00e1pagos<\/span><\/h3>\n<p>Agora a gigante tartaruga-das-Gal\u00e1pagos \u00e9 estritamente protegida. Em 1959, todas as \u00e1reas inabitadas de Gal\u00e1pagos se tornaram Parques Nacionais e uma Esta\u00e7\u00e3o de Pesquisa foi estabelecida. Na \u00e9poca, todas as 11 esp\u00e9cies remanescentes de tartarugas estavam amea\u00e7adas. Em 1970, toda a ca\u00e7a de tartarugas e seus ovos foi banida. A exporta\u00e7\u00e3o de tartarugas foi considerada ilegal. Um decreto equatoriano de 1971 tornou ilegal destruir, remover ou perturbar qualquer organismo, rocha ou objeto natural no Parque Nacional de Gal\u00e1pagos.<\/p>\n<p>A Esta\u00e7\u00e3o de Pesquisa Charles Darwin em Gal\u00e1pagos iniciou um projeto de cria\u00e7\u00e3o de tartarugas. Eles coletavam ovos de tartarugas de \u00e1reas de aninhamento amea\u00e7adas e os traziam para a esta\u00e7\u00e3o para serem cuidados &#8211; assegurando a sua sobreviv\u00eancia e desenvolvimento em lindas e saud\u00e1veis tartarugas antes de serem reintroduzidas \u00e0 natureza. Os ovos s\u00e3o incubados e chocados na Esta\u00e7\u00e3o Darwin, e os beb\u00eas vivem na esta\u00e7\u00e3o por cerca de 4 a 5 anos.<\/p>\n<p>Este projeto de cria\u00e7\u00e3o de tartarugas t\u00eam sido um sucesso. Das 11 esp\u00e9cies que estavam amea\u00e7adas de extin\u00e7\u00e3o, 10 esp\u00e9cies foram trazidas \u00e0 um n\u00edvel de amea\u00e7a menor. A hist\u00f3ria de maior sucesso \u00e9 a da Tartaruga Ilha de Espa\u00f1ola, que foi salva da extin\u00e7\u00e3o. Quando o projeto come\u00e7ou haviam apenas 3 machos e 12 f\u00eameas. Durante os 33 anos seguintes estas 15 tartarugas produziram mais que 1200 tartarugas que foram soltas em seu habitat natural. Que grande hist\u00f3ria de sucesso para a tartaruga-das-Gal\u00e1pagos!<\/p>\n","protected":false},"excerpt":{"rendered":"<p>Fatos sobre a Tartaruga-das-Gal\u00e1pagos A tartaruga-das-Gal\u00e1pagos \u00e9 a maior tartaruga do mundo. Ela pode pesar mais de 400 quilos e crescer mais de 1,8 metros de comprimento. Esta poderosa tartaruga pode viver por mais de 100 anos. Esta tartaruga gigante pode transportar um homem em cima de si mesmo. Como \u00e9 forte esta tartaruga! A &hellip; <a href=\"https:\/\/www.big-animals.com\/pt\/galapagos-tartaruga\/\" class=\"more-link\">Continue reading <span class=\"screen-reader-text\">Tartaruga-das-Gal\u00e1pagos<\/span><\/a><\/p>\n","protected":false},"author":1,"featured_media":0,"parent":0,"menu_order":0,"comment_status":"closed","ping_status":"open","template":"","meta":{"_acf_changed":false,"footnotes":""},"acf":[],"_links":{"self":[{"href":"https:\/\/www.big-animals.com\/pt\/wp-json\/wp\/v2\/pages\/36"}],"collection":[{"href":"https:\/\/www.big-animals.com\/pt\/wp-json\/wp\/v2\/pages"}],"about":[{"href":"https:\/\/www.big-animals.com\/pt\/wp-json\/wp\/v2\/types\/page"}],"author":[{"embeddable":true,"href":"https:\/\/www.big-animals.com\/pt\/wp-json\/wp\/v2\/users\/1"}],"replies":[{"embeddable":true,"href":"https:\/\/www.big-animals.com\/pt\/wp-json\/wp\/v2\/comments?post=36"}],"version-history":[{"count":8,"href":"https:\/\/www.big-animals.com\/pt\/wp-json\/wp\/v2\/pages\/36\/revisions"}],"predecessor-version":[{"id":541,"href":"https:\/\/www.big-animals.com\/pt\/wp-json\/wp\/v2\/pages\/36\/revisions\/541"}],"wp:attachment":[{"href":"https:\/\/www.big-animals.com\/pt\/wp-json\/wp\/v2\/media?parent=36"}],"curies":[{"name":"wp","href":"https:\/\/api.w.org\/{rel}","templated":true}]}}