{"id":37,"date":"2011-05-09T09:23:12","date_gmt":"2011-05-09T09:23:12","guid":{"rendered":""},"modified":"2016-01-29T03:00:53","modified_gmt":"2016-01-29T03:00:53","slug":"integrado-no-projeto-ate-mesmo-dedos-mamiferos","status":"publish","type":"page","link":"https:\/\/www.big-animals.com\/pt\/integrado-no-projeto-ate-mesmo-dedos-mamiferos\/","title":{"rendered":"Ungulados de Cascos Pares"},"content":{"rendered":"<figure id=\"attachment_1064\" aria-describedby=\"caption-attachment-1064\" style=\"width: 225px\" class=\"wp-caption alignright\"><a href=\"http:\/\/www.big-animals.com\/wp-content\/uploads\/2011\/05\/Sheep.jpeg\"><img loading=\"lazy\" decoding=\"async\" class=\"size-medium wp-image-1064\" title=\"Even-toed Ungulates walk on two toes\" src=\"http:\/\/www.big-animals.com\/wp-content\/uploads\/2011\/05\/Sheep-225x300.jpg\" alt=\"Even-toed Ungulates walk on two toes\" width=\"225\" height=\"300\" \/><\/a><figcaption id=\"caption-attachment-1064\" class=\"wp-caption-text\">Even-toed Ungulates walk on two toes<\/figcaption><\/figure>\n<p>Os Ungulados de dedos pares s\u00e3o <a href=\"http:\/\/www.big-animals.com\/pt\/os-maiores-mamiferos-do-mundo\/\">mam\u00edferos<\/a>\u00a0com cascos que suportam o seu peso corporal pelos terceiros e quartos dedos igualmente, ao inv\u00e9s de suport\u00e1-lo principalmente ou inteiramente pelo terceiro dedo como os ungulados de dedos \u00edmpares. Os ungulados de dedos \u00edmpares incluem, por exemplo, cavalos, zebras, antas, burros e rinocerontes. Em outras palavras os ungulados de cascos pares t\u00eam um n\u00famero par de dedos. A maior parte deles vive em pastagens, savanas e plan\u00edcies. Eles s\u00e3o encontrados em todos os continentes, com exce\u00e7\u00e3o da Ant\u00e1rtica. Eles foram introduzidos por humanos na Austr\u00e1lia e na Nova Zel\u00e2ndia. Os mam\u00edferos ungulados de cascos pares incluem porcos, <a href=\"http:\/\/www.big-animals.com\/pt\/hipopotamo\/\">hipop\u00f3tamos<\/a>, camelos, cervos-rato, ovelhas, <a href=\"http:\/\/www.big-animals.com\/pt\/the-giraffe-the-worlds-tallest-animal\/\">girafas<\/a>, cabras e vacas. Existem cerca de 220 esp\u00e9cies deles.<\/p>\n<p>Eles t\u00eam um osso na articula\u00e7\u00e3o do joelho, que d\u00e1 maior flexibilidade ao seu p\u00e9. Algumas esp\u00e9cies t\u00eam chifres e outras t\u00eam galhadas. A maioria deles s\u00e3o herb\u00edvoros, comendo apenas plantas. Alguns deles, como os ant\u00edlopes, t\u00eam o est\u00f4mago dividido em quatro compartimentos e intestinos mais longos que lhes permite digerir a celulose das plantas &#8211; a celulose \u00e9 mais dif\u00edcil de digerir que carne.<\/p>\n<p>Camelos, alpacas e cervos-rato t\u00eam o est\u00f4mago dividido em tr\u00eas compartimentos. Os <a href=\"http:\/\/www.big-animals.com\/pt\/hipopotamo\/\">hipop\u00f3tamos<\/a> s\u00e3o os ungulados de dedos pares mais pesados. Eles pesam cerca de 1,4 a 1,5 toneladas. Eles t\u00eam cerca de 2,7 metros de comprimento. Eles tamb\u00e9m t\u00eam o est\u00f4mago dividido em 3 compartimentos e eles n\u00e3o s\u00e3o ruminantes. Eles se alimentam \u00e0 noite e comem grama. Eles podem andar at\u00e9 8 quil\u00f4metros em busca de alimentos. Eles comem cerca de 70 kg de comida todas as noites. Eles dependem de pequenas criaturas no seu est\u00f4mago para ajud\u00e1-los a digerir as plantas. O ungulado de dedos pares mais alto \u00e9 a <a href=\"http:\/\/www.big-animals.com\/pt\/the-giraffe-the-worlds-tallest-animal\/\">Girafa<\/a>, que tamb\u00e9m \u00e9 o animal terrestre mais alto hoje em dia.<\/p>\n<p>Os ungulados de dedos pares proporcionam alimentos e outros benef\u00edcios aos humanos, especialmente as vacas, ovelhas, porcos e cabras. Hoje em dia, o com\u00e9rcio de gado \u00e9 uma ind\u00fastria multi-bilion\u00e1ria em todo o mundo.<\/p>\n<figure id=\"attachment_1066\" aria-describedby=\"caption-attachment-1066\" style=\"width: 300px\" class=\"wp-caption aligncenter\"><a href=\"http:\/\/www.big-animals.com\/wp-content\/uploads\/2011\/05\/FoodFromUngulates.jpg\"><img loading=\"lazy\" decoding=\"async\" class=\"size-medium wp-image-1066\" title=\"Gelatin, Milk, Wool, Beef, Ham, Cheese, Mutton, Yogurt, Bacon - These All Come From Even-Toed Ungulates\" src=\"http:\/\/www.big-animals.com\/wp-content\/uploads\/2011\/05\/FoodFromUngulates-300x118.jpg\" alt=\"Gelatin, Milk, Wool, Beef, Ham, Cheese, Mutton, Yogurt, Bacon - These All Come From Even-Toed Ungulates\" width=\"300\" height=\"118\" \/><\/a><figcaption id=\"caption-attachment-1066\" class=\"wp-caption-text\">Lingui\u00e7as, gelatina, leite, couro, l\u00e3, bife, presunto, queijo, carne de carneiro, iogurte, bacon &#8211; todos estes\u00a0v\u00eam de Ungulados de\u00a0Cascos Pares<\/figcaption><\/figure>\n<p>&nbsp;<\/p>\n","protected":false},"excerpt":{"rendered":"<p>Os Ungulados de dedos pares s\u00e3o mam\u00edferos\u00a0com cascos que suportam o seu peso corporal pelos terceiros e quartos dedos igualmente, ao inv\u00e9s de suport\u00e1-lo principalmente ou inteiramente pelo terceiro dedo como os ungulados de dedos \u00edmpares. Os ungulados de dedos \u00edmpares incluem, por exemplo, cavalos, zebras, antas, burros e rinocerontes. Em outras palavras os ungulados &hellip; <a href=\"https:\/\/www.big-animals.com\/pt\/integrado-no-projeto-ate-mesmo-dedos-mamiferos\/\" class=\"more-link\">Continue reading <span class=\"screen-reader-text\">Ungulados de Cascos Pares<\/span><\/a><\/p>\n","protected":false},"author":1,"featured_media":0,"parent":0,"menu_order":0,"comment_status":"closed","ping_status":"open","template":"","meta":{"_acf_changed":false,"footnotes":""},"acf":[],"_links":{"self":[{"href":"https:\/\/www.big-animals.com\/pt\/wp-json\/wp\/v2\/pages\/37"}],"collection":[{"href":"https:\/\/www.big-animals.com\/pt\/wp-json\/wp\/v2\/pages"}],"about":[{"href":"https:\/\/www.big-animals.com\/pt\/wp-json\/wp\/v2\/types\/page"}],"author":[{"embeddable":true,"href":"https:\/\/www.big-animals.com\/pt\/wp-json\/wp\/v2\/users\/1"}],"replies":[{"embeddable":true,"href":"https:\/\/www.big-animals.com\/pt\/wp-json\/wp\/v2\/comments?post=37"}],"version-history":[{"count":4,"href":"https:\/\/www.big-animals.com\/pt\/wp-json\/wp\/v2\/pages\/37\/revisions"}],"predecessor-version":[{"id":552,"href":"https:\/\/www.big-animals.com\/pt\/wp-json\/wp\/v2\/pages\/37\/revisions\/552"}],"wp:attachment":[{"href":"https:\/\/www.big-animals.com\/pt\/wp-json\/wp\/v2\/media?parent=37"}],"curies":[{"name":"wp","href":"https:\/\/api.w.org\/{rel}","templated":true}]}}