{"id":38,"date":"2011-05-09T09:23:33","date_gmt":"2011-05-09T09:23:33","guid":{"rendered":""},"modified":"2016-02-02T00:28:06","modified_gmt":"2016-02-02T00:28:06","slug":"golias-frog","status":"publish","type":"page","link":"https:\/\/www.big-animals.com\/pt\/golias-frog\/","title":{"rendered":"Golias Frog"},"content":{"rendered":"<p>As R\u00e3s-Golias s\u00e3o os maiores <a href=\"http:\/\/www.big-animals.com\/pt\/sapo\/\">anuros<\/a> do mundo. Elas s\u00e3o t\u00e3o grandes quanto um gato dom\u00e9stico! As crian\u00e7as de alguns pa\u00edses africanos tratam estas r\u00e3s como se fossem um cachorro ou um gato de estima\u00e7\u00e3o. Elas podem crescer at\u00e9 33 cent\u00edmetros. Quando suas pernas est\u00e3o esticadas, elas t\u00eam cerca de 90 cent\u00edmetros de comprimento e podem pesar tanto quanto um beb\u00ea rec\u00e9m-nascido. Elas pesam cerca de 3 kg.<\/p>\n<figure id=\"attachment_973\" aria-describedby=\"caption-attachment-973\" style=\"width: 204px\" class=\"wp-caption alignright\"><a href=\"http:\/\/www.big-animals.com\/wp-content\/uploads\/2011\/05\/goliath-frog-and-human.png\"><img loading=\"lazy\" decoding=\"async\" class=\"size-medium wp-image-973\" title=\"Goliath Frog and Human\" src=\"http:\/\/www.big-animals.com\/wp-content\/uploads\/2011\/05\/goliath-frog-and-human-204x300.png\" alt=\"Goliath Frog and Human\" width=\"204\" height=\"300\" \/><\/a><figcaption id=\"caption-attachment-973\" class=\"wp-caption-text\">A R\u00e3-Golias e o Ser Humano<\/figcaption><\/figure>\n<p>Infelizmente, a popula\u00e7\u00e3o destas r\u00e3s est\u00e1 em decl\u00ednio porque elas s\u00e3o ca\u00e7adas para a alimenta\u00e7\u00e3o e para serem vendidas como animais de estima\u00e7\u00e3o, e o seu habitat est\u00e1 sendo destru\u00eddo. Esfor\u00e7os de conserva\u00e7\u00e3o v\u00eam sido realizados para proteger as r\u00e3s, colocando-as em zool\u00f3gicos. Mas elas n\u00e3o se reproduzem ou sobrevivem bem em cativeiro. A \u00fanica esperan\u00e7a real para a sua sobreviv\u00eancia \u00e9 fazer com que os seres humanos as proteja na natureza e n\u00e3o as explore. Porque elas s\u00e3o classificadas como amea\u00e7adas de extin\u00e7\u00e3o, o governo guineense equatorial declarou que n\u00e3o mais que 300 R\u00e3s-Golias podem ser retiradas do pa\u00eds por ano.<\/p>\n<p>As R\u00e3s-Golias podem ser encontradas em rios com correnteza e fundos arenosos nos pa\u00edses da \u00c1frica Ocidental &#8211; Camar\u00f5es e Guin\u00e9 Equatorial. Tais rios podem ser encontrados em florestas tropicais densas e s\u00e3o geralmente claros. Suas \u00e1guas t\u00eam muito oxig\u00eanio. As \u00e1reas ao redor destes rios s\u00e3o normalmente muito \u00famidas e quentes.<\/p>\n<p>A parte de cima da r\u00e3 \u00e9 marrom esverdeado e a parte de baixo \u00e9 laranja-amarelado. Sua pele \u00e9 \u00e1spera. Devido ao seu grande tamanho, ela precisa comer muito. Ela \u00e9 carn\u00edvora e se alimenta principalmente de insetos, caranguejos, peixes e anuros menores. Por outro lado, os girinos comem apenas plantas. Ela pode viver at\u00e9 15 anos. Ela \u00e9 uma saltadora poderosa. Ela pode alcan\u00e7ar 3 metros em um salto. Sendo assim, ela n\u00e3o \u00e9 f\u00e1cil de capturar! Ela possui membranas entre os dedos, o que a torna uma excelente nadadora na correnteza.<\/p>\n<p>As R\u00e3s-Golias s\u00e3o mudas. Elas n\u00e3o fazem nenhum barulho, mas s\u00e3o boas ouvintes. As R\u00e3s-Golias f\u00eameas botam v\u00e1rias centenas de ovos que s\u00e3o anexados \u00e0s plantas crescendo no fundo dos rios onde vivem. Uma vez que os ovos se chocam, os girinos levam cerca de 85 a 95 dias para se desenvolverem. Apesar de serem enormes quando adultos, seus ovos e girinos t\u00eam aproximadamente o mesmo tamanho como dos de outros anuros.<\/p>\n<p>&nbsp;<\/p>\n","protected":false},"excerpt":{"rendered":"<p>As R\u00e3s-Golias s\u00e3o os maiores anuros do mundo. Elas s\u00e3o t\u00e3o grandes quanto um gato dom\u00e9stico! As crian\u00e7as de alguns pa\u00edses africanos tratam estas r\u00e3s como se fossem um cachorro ou um gato de estima\u00e7\u00e3o. Elas podem crescer at\u00e9 33 cent\u00edmetros. Quando suas pernas est\u00e3o esticadas, elas t\u00eam cerca de 90 cent\u00edmetros de comprimento e &hellip; <a href=\"https:\/\/www.big-animals.com\/pt\/golias-frog\/\" class=\"more-link\">Continue reading <span class=\"screen-reader-text\">Golias Frog<\/span><\/a><\/p>\n","protected":false},"author":1,"featured_media":0,"parent":0,"menu_order":0,"comment_status":"closed","ping_status":"open","template":"","meta":{"_acf_changed":false,"footnotes":""},"acf":[],"_links":{"self":[{"href":"https:\/\/www.big-animals.com\/pt\/wp-json\/wp\/v2\/pages\/38"}],"collection":[{"href":"https:\/\/www.big-animals.com\/pt\/wp-json\/wp\/v2\/pages"}],"about":[{"href":"https:\/\/www.big-animals.com\/pt\/wp-json\/wp\/v2\/types\/page"}],"author":[{"embeddable":true,"href":"https:\/\/www.big-animals.com\/pt\/wp-json\/wp\/v2\/users\/1"}],"replies":[{"embeddable":true,"href":"https:\/\/www.big-animals.com\/pt\/wp-json\/wp\/v2\/comments?post=38"}],"version-history":[{"count":3,"href":"https:\/\/www.big-animals.com\/pt\/wp-json\/wp\/v2\/pages\/38\/revisions"}],"predecessor-version":[{"id":555,"href":"https:\/\/www.big-animals.com\/pt\/wp-json\/wp\/v2\/pages\/38\/revisions\/555"}],"wp:attachment":[{"href":"https:\/\/www.big-animals.com\/pt\/wp-json\/wp\/v2\/media?parent=38"}],"curies":[{"name":"wp","href":"https:\/\/api.w.org\/{rel}","templated":true}]}}