{"id":39,"date":"2011-05-09T09:23:50","date_gmt":"2011-05-09T09:23:50","guid":{"rendered":""},"modified":"2016-02-19T01:46:28","modified_gmt":"2016-02-19T01:46:28","slug":"gigante-golden-coroado-flying-fox","status":"publish","type":"page","link":"https:\/\/www.big-animals.com\/pt\/gigante-golden-coroado-flying-fox\/","title":{"rendered":"Raposa-Voadora-Dourada"},"content":{"rendered":"<figure id=\"attachment_787\" aria-describedby=\"caption-attachment-787\" style=\"width: 200px\" class=\"wp-caption alignleft\"><a href=\"http:\/\/www.big-animals.com\/wp-content\/uploads\/2011\/03\/Golden_Crowned_Fruit_Bat.jpg\"><img loading=\"lazy\" decoding=\"async\" class=\"size-full wp-image-787\" title=\"The Giant Golden-Crowned Flying Fox - Picture by Elpidio Latorilla\" src=\"http:\/\/www.big-animals.com\/wp-content\/uploads\/2011\/03\/Golden_Crowned_Fruit_Bat.jpg\" alt=\"The Giant Golden-Crowned Flying Fox - Picture by Elpidio Latorilla\" width=\"200\" height=\"319\" \/><\/a><figcaption id=\"caption-attachment-787\" class=\"wp-caption-text\">A Raposa-Voadora-Dourada &#8211; Foto por Elpidio Latorilla<\/figcaption><\/figure>\n<p>A Raposa-Voadora-Dourada tamb\u00e9m \u00e9 conhecida como Acedoron Jubatus. \u00c9 um morcego-da-fruta raro, e \u00e9 o <a href=\"http:\/\/www.big-animals.com\/pt\/morcegos\/\">maior morcego<\/a> do mundo. Ele tem uma envergadura de cerca de 1,5 metros e pesa at\u00e9 1,2 quilos. Ele frequentemente \u00e9 visto envolvendo-se em suas asas pretas como se fosse uma capa. Infelizmente, este morcego est\u00e1 em risco de extin\u00e7\u00e3o por conta da ca\u00e7a ilegal e da destrui\u00e7\u00e3o de florestas.<\/p>\n<p>Ele \u00e9 nativo das florestas tropicais das Filipinas. Ele tem este nome devido ao pelo dourado ao redor de sua cabe\u00e7a. Ele n\u00e3o \u00e9 um parente da raposa, apesar de cara se parecer um pouco com ela. Ele pertence \u00e0 fam\u00edlia de morcegos Pteropodidae. Ele tem o corpo preto e n\u00e3o tem cauda, assim como quaisquer outros morcegos comedores de frutas. Ele \u00e9 not\u00edvago e pode voar ao menos 40 quil\u00f4metros em uma noite a procura de alimento. Ele gosta de comer figos, mas se n\u00e3o encontra nenhum, ele procura por outras frutas, assim como puhutan, lamino e bankal.<\/p>\n<p>A Raposa-Voadora-Dourada tamb\u00e9m \u00e9 conhecida como uma plantadora silenciosa, j\u00e1 que as sementes em seus excrementos e que cuspem no ch\u00e3o enquanto comem criam ra\u00edzes e tornam-se novas \u00e1rvores. \u00a0Isto ajuda a manter a floresta tropical nas Filipinas. A Raposa-Voadora-Dourada tamb\u00e9m ajuda a polinizar \u00e1rvores frut\u00edferas. Existem muitas \u00e1rvores frut\u00edferas que dependem da Raposa-Voadora-Dourada para a poliniza\u00e7\u00e3o e distribui\u00e7\u00e3o de sementes. At\u00e9 mesmo o seu estrume \u00e9 um bom fertilizante para as plantas.<\/p>\n<figure id=\"attachment_789\" aria-describedby=\"caption-attachment-789\" style=\"width: 176px\" class=\"wp-caption alignright\"><a href=\"http:\/\/www.big-animals.com\/wp-content\/uploads\/2011\/03\/Giant_Golden_Crowned_Flying_Fox_And_Human1.png\"><img loading=\"lazy\" decoding=\"async\" class=\"size-medium wp-image-789\" title=\"The Giant Golden Crowned Flying Fox is the World's Biggest Bat\" src=\"http:\/\/www.big-animals.com\/wp-content\/uploads\/2011\/03\/Giant_Golden_Crowned_Flying_Fox_And_Human1-176x300.png\" alt=\"The Giant Golden Crowned Flying Fox is the World's Biggest Bat\" width=\"176\" height=\"300\" \/><\/a><figcaption id=\"caption-attachment-789\" class=\"wp-caption-text\">A Raposa-Voadora-Dourada \u00e9 o maior morcego do mundo<\/figcaption><\/figure>\n<p>A Raposa-Voadora-Dourada tem duas esta\u00e7\u00f5es de reprodu\u00e7\u00e3o. A f\u00eamea somente engravida durante uma das esta\u00e7\u00f5es. A m\u00e3e da \u00e0 luz apenas um filhote.<\/p>\n<p>Este morcego gosta de se lavar frequentemente. Ele usa suas asas pretas para pegar \u00e1gua e despej\u00e1-la por todo o seu corpo. Eles tendem a descansar em col\u00f4nias muito grandes, para que possam manter-se aquecidos e a salvo de predadores. O problema com as grande col\u00f4nias \u00e9 que ela torna mais f\u00e1cil a ca\u00e7a. Ca\u00e7adores normalmente os ca\u00e7am durante o dia, enquanto eles est\u00e3o descansando.<\/p>\n<p>No momento, este morcego est\u00e1 amea\u00e7ado e quase extinto. \u00a0Ele desapareceu de muitas ilhas menores e de algumas ilhas maiores nas Filipinas, como Panay e Cebu. Ele tamb\u00e9m \u00e9 ca\u00e7ado por sua carne em algumas \u00e1reas. Quando as frutas s\u00e3o colhidas por humanos, estes morcegos ficam sem alimentos e podem at\u00e9 morrer de fome.<\/p>\n<p>Existem pessoas trabalhando duro para assegurar que a Raposa-Voadora-Dourada n\u00e3o seja extinta. A regi\u00e3o da Ba\u00eda de Subic, nas Filipinas, foi estabelecida como um lugar para a pesquisa e prote\u00e7\u00e3o destes morcegos.<\/p>\n<p>&nbsp;<\/p>\n","protected":false},"excerpt":{"rendered":"<p>A Raposa-Voadora-Dourada tamb\u00e9m \u00e9 conhecida como Acedoron Jubatus. \u00c9 um morcego-da-fruta raro, e \u00e9 o maior morcego do mundo. Ele tem uma envergadura de cerca de 1,5 metros e pesa at\u00e9 1,2 quilos. Ele frequentemente \u00e9 visto envolvendo-se em suas asas pretas como se fosse uma capa. Infelizmente, este morcego est\u00e1 em risco de extin\u00e7\u00e3o &hellip; <a href=\"https:\/\/www.big-animals.com\/pt\/gigante-golden-coroado-flying-fox\/\" class=\"more-link\">Continue reading <span class=\"screen-reader-text\">Raposa-Voadora-Dourada<\/span><\/a><\/p>\n","protected":false},"author":1,"featured_media":0,"parent":0,"menu_order":0,"comment_status":"closed","ping_status":"open","template":"","meta":{"_acf_changed":false,"footnotes":""},"acf":[],"_links":{"self":[{"href":"https:\/\/www.big-animals.com\/pt\/wp-json\/wp\/v2\/pages\/39"}],"collection":[{"href":"https:\/\/www.big-animals.com\/pt\/wp-json\/wp\/v2\/pages"}],"about":[{"href":"https:\/\/www.big-animals.com\/pt\/wp-json\/wp\/v2\/types\/page"}],"author":[{"embeddable":true,"href":"https:\/\/www.big-animals.com\/pt\/wp-json\/wp\/v2\/users\/1"}],"replies":[{"embeddable":true,"href":"https:\/\/www.big-animals.com\/pt\/wp-json\/wp\/v2\/comments?post=39"}],"version-history":[{"count":3,"href":"https:\/\/www.big-animals.com\/pt\/wp-json\/wp\/v2\/pages\/39\/revisions"}],"predecessor-version":[{"id":558,"href":"https:\/\/www.big-animals.com\/pt\/wp-json\/wp\/v2\/pages\/39\/revisions\/558"}],"wp:attachment":[{"href":"https:\/\/www.big-animals.com\/pt\/wp-json\/wp\/v2\/media?parent=39"}],"curies":[{"name":"wp","href":"https:\/\/api.w.org\/{rel}","templated":true}]}}