{"id":40,"date":"2011-05-09T09:24:00","date_gmt":"2011-05-09T09:24:00","guid":{"rendered":""},"modified":"2015-03-18T21:12:03","modified_gmt":"2015-03-18T21:12:03","slug":"verde-anaconda","status":"publish","type":"page","link":"https:\/\/www.big-animals.com\/pt\/verde-anaconda\/","title":{"rendered":"Anaconda verde"},"content":{"rendered":"<p><span id=\"gts_text_1\" class=\"gts_text\">O Anaconda verde ou Sucuri \u00e9 a cobra mais pesada do mundo e est\u00e3o entre as maiores do mundo, n\u00e3o cobras s\u00e3o pe\u00e7onhentas e encontram-se na Am\u00e9rica do Sul.<\/span><span id=\"gts_text_3\" class=\"gts_text\">\u00a0<\/span><span id=\"gts_text_4\" class=\"gts_text\">Embora o <strong><span class=\"Apple-style-span\">p\u00edton-reticulada<\/span><\/strong>\u00a0seja a cobra mais longa do mundo, atingindo mais de 8. 7 metros de comprimento, \u00a0n\u00e3o se aproxima ao peso da Anaconda verde. <\/span><span id=\"gts_text_5\" class=\"gts_text\">O Anaconda verde pode atingir mais de 5 metros de comprimento e pode pesar mais de 227 kg e medir mais de 30 cent\u00edmetros de di\u00e2metro. A\u00a0<\/span><span id=\"gts_text_6\" class=\"gts_text\">maior e mais pesada Anaconda verde cientificamente registrada foi uma f\u00eamea de 5,21 metros de comprimento, mas apenas 97,5 kg.<\/span><\/p>\n<p><span id=\"gts_text_7\" class=\"gts_text\">Elas t\u00eam pele verde oliva com um padr\u00e3o de manchas pretas por seu corpo inteiro. <\/span><span id=\"gts_text_8\" class=\"gts_text\">Essas manchas pretas ajundam a se camuflarem muito bem em densas florestas. Possuem<\/span><span id=\"gts_text_9\" class=\"gts_text\">\u00a0uma cabe\u00e7a pequena em compara\u00e7\u00e3o ao tamanho do seu corpo. <\/span><span id=\"gts_text_10\" class=\"gts_text\">Seus olhos e narinas s\u00e3o elevadas no topo da cabe\u00e7a, i<\/span><span id=\"gts_text_11\" class=\"gts_text\">sso as permite ver fora da \u00e1gua, ao ficar completamente sob a \u00e1gua para atacar suas presas.<\/span><\/p>\n<figure id=\"attachment_480\" aria-describedby=\"caption-attachment-480\" style=\"width: 300px\" class=\"wp-caption alignleft\"><a href=\"http:\/\/www.big-animals.com\/wp-content\/uploads\/2011\/02\/Green_Anaconda.png\"><img loading=\"lazy\" decoding=\"async\" class=\"size-medium wp-image-480\" title=\"Brazilian Soldiers Tacking A Green Anaconda\" src=\"http:\/\/www.big-animals.com\/wp-content\/uploads\/2011\/02\/Green_Anaconda-300x225.png\" alt=\"Brazilian Soldiers Tacking A Green Anaconda\" width=\"300\" height=\"225\" \/><\/a><figcaption id=\"caption-attachment-480\" class=\"wp-caption-text\">Brazilian Soldiers Tackling A Green Anaconda<\/figcaption><\/figure>\n<p><span id=\"gts_text_12\" class=\"gts_text\">As Anacondas verdes s\u00e3o encontradas na Am\u00e9rica do Sul, em pa\u00edses ao leste da Cordilheira dos Andes, incluindo lugares como Col\u00f4mbia, Venezuela, Equador, Peru, Bol\u00edvia, Brasil, a ilha de Trinidad e t\u00e3o ao sul quanto o norte do Paraguai.<\/span><\/p>\n<p><span id=\"gts_text_13\" class=\"gts_text\">Elas vivem em p\u00e2ntanos, terras baixas que ficam inundadas quando chove e em riachos de fluxo lento. <\/span><span id=\"gts_text_14\" class=\"gts_text\">Elas preferem\u00a0<\/span><span id=\"gts_text_14\" class=\"gts_text\">as florestas tropicais da Amaz\u00f4nia. <\/span><span id=\"gts_text_15\" class=\"gts_text\">Elas s\u00e3o muito lentos e desajeitado em terra, mas quando eles est\u00e3o na \u00e1gua, s\u00e3o extremamente r\u00e1pidas, \u00e9\u00a0<\/span><span id=\"gts_text_16\" class=\"gts_text\">por isso que Anacondas verdes (que s\u00e3o ativas \u00e0 noite) preferem viver na \u00e1gua ou perto. Por esta raz\u00e3o <\/span><span id=\"gts_text_17\" class=\"gts_text\">\u00e0s vezes s\u00e3o chamados de <em>\u00c1gua Boas<\/em>. <\/span><span id=\"gts_text_18\" class=\"gts_text\">Elas gastam mais do seu tempo na \u00e1gua do que qualquer outra boa.<\/span><\/p>\n<p><span id=\"gts_text_19\" class=\"gts_text\">Anacondas verdes tendem a flutuar na superf\u00edcie da \u00e1gua com o focinho pouco vis\u00edvel, ela<\/span><span id=\"gts_text_20\" class=\"gts_text\">s n\u00e3o querem seu jantar as veja! <\/span><span id=\"gts_text_21\" class=\"gts_text\">Quando sua refei\u00e7\u00e3o se aproxima do riacho para beber \u00e1gua, a anaconda verde com fome vai apanhar o animal com suas mand\u00edbulas, e<\/span><span id=\"gts_text_22\" class=\"gts_text\">m seguida, ele ir\u00e1 se enroscar em torno do corpo de suas presas firmemente<\/span><span id=\"gts_text_23\" class=\"gts_text\">\u00a0at\u00e9 que a criatura pare de respirar e assim engolir seu jantar inteiro.<\/span><\/p>\n<p><span id=\"gts_text_24\" class=\"gts_text\">Suas mand\u00edbulas mantidas juntas por ligamentos el\u00e1sticos que permitem abrir sua boca muito mais do que o tamanho de sua cabe\u00e7a. <\/span><span id=\"gts_text_25\" class=\"gts_text\">Ele tem um sistema digestivo muito lento, d<\/span><span id=\"gts_text_26\" class=\"gts_text\">epois de engolir um animal, pode levar v\u00e1rias semanas para que possa digerir completamente sua refei\u00e7\u00e3o, e ficar\u00e1<\/span><span id=\"gts_text_28\" class=\"gts_text\">\u00a0v\u00e1rias semanas &#8211; \u00e0s vezes meses &#8211; sem comida.<\/span><\/p>\n<p><span id=\"gts_text_29\" class=\"gts_text\">Anacondas verdes comem todos os tipos de animais, como peixes, ratos, tartarugas e outros animais de sangue frio. Uma Anaconda maior alimenta-se de<\/span><span id=\"gts_text_30\" class=\"gts_text\">\u00a0presas maiores, como a anta, veados, capivaras e jacar\u00e9s. <\/span><span id=\"gts_text_31\" class=\"gts_text\">Tamb\u00e9m existem casos onde as maiores Anacondas femininas \u00a0comem at\u00e9 as menores Anacondas masculinas. <\/span><span id=\"gts_text_32\" class=\"gts_text\">No entanto, n\u00e3o h\u00e1 nenhuma prova que as Anacondas verdes ataquem e comam as pessoas.<\/span><\/p>\n<figure id=\"attachment_479\" aria-describedby=\"caption-attachment-479\" style=\"width: 300px\" class=\"wp-caption alignright\"><a href=\"http:\/\/www.big-animals.com\/wp-content\/uploads\/2011\/02\/Green_Anaconda_And_Human.png\"><img loading=\"lazy\" decoding=\"async\" class=\"size-medium wp-image-479\" title=\"Green Anaconda And Human\" src=\"http:\/\/www.big-animals.com\/wp-content\/uploads\/2011\/02\/Green_Anaconda_And_Human-300x282.png\" alt=\"Green Anaconda And Human\" width=\"300\" height=\"282\" \/><\/a><figcaption id=\"caption-attachment-479\" class=\"wp-caption-text\">Green Anaconda And Human<\/figcaption><\/figure>\n<p><span id=\"gts_text_33\" class=\"gts_text\">A m\u00e3e de Anaconda verde mant\u00e9m seus ovos dentro dela at\u00e9 que eles se rompam dentro da m\u00e3e. <\/span><span id=\"gts_text_34\" class=\"gts_text\">A m\u00e3e, em seguida, vai dar \u00e0 luz seus beb\u00ea cobras. <\/span><span id=\"gts_text_35\" class=\"gts_text\">Ela pode dar \u00e0 luz a 20-40 jovens serpentes de uma s\u00f3 vez. <\/span><span id=\"gts_text_36\" class=\"gts_text\">\u00c0s vezes, ela ainda pode produzir at\u00e9 100! <\/span><span id=\"gts_text_37\" class=\"gts_text\">Voc\u00ea pode imaginar 100 Anacondas verdes se contorcendo por ai!? <\/span><span id=\"gts_text_38\" class=\"gts_text\">Estes beb\u00eas medir\u00e3o cerca de 70-80 cent\u00edmetros de comprimento. <\/span><span id=\"gts_text_39\" class=\"gts_text\">T\u00e3o logo eles nascem eles est\u00e3o prontos para ca\u00e7ar e nadar. <\/span><span id=\"gts_text_40\" class=\"gts_text\">Uma vez que elas nascem independentes, n\u00e3o recebem nenhum cuidado parental. <\/span><span id=\"gts_text_41\" class=\"gts_text\">Ap\u00f3s o parto, a m\u00e3e pode perder at\u00e9metade do seu peso.<\/span><\/p>\n<p><span id=\"gts_text_42\" class=\"gts_text\">Quando eles s\u00e3o beb\u00eas, eles muitas vezes s\u00e3o consumidos por outros animais. <\/span><span id=\"gts_text_43\" class=\"gts_text\">Se eles sobrevivem, sua vida \u00fatil \u00e9 cerca de 10 anos em estado selvagem. <\/span><span id=\"gts_text_44\" class=\"gts_text\">Uma vez que eles s\u00e3o frios blooded, altera\u00e7\u00f5es no frio circundante temperatura efeito anacondas verdes drasticamente. <\/span><span id=\"gts_text_45\" class=\"gts_text\">Se a temperatura do entorno sobe, os Verdes anacondas far\u00e1 todos os esfor\u00e7os para impedir que seus corpos de superaquecimento. <\/span><span id=\"gts_text_46\" class=\"gts_text\">Se a temperatura cai, ir\u00e1 consistir\u00e1 em \u00e1reas aquecidas para ajudar a manter a sua temperatura ideal.<\/span><\/p>\n<p><span id=\"gts_text_47\" class=\"gts_text\">Aparte disso, anacondas verdes regulam temperaturas do seu corpo, alterando o montante da sua pele exposta ao sol. <\/span><span id=\"gts_text_48\" class=\"gts_text\">Se o anaconda verde \u00e9 mantido no tanque, que \u00e9 aquecido uniformemente e a serpente encontra sua temperatura subir, ele possivelmente poderia morrer de superaquecimento. <\/span><span id=\"gts_text_49\" class=\"gts_text\">Mesmo se n\u00e3o, sobreaquecimento altera\u00e7\u00f5es anacondas verdes derramando ciclos e faz com que uma doen\u00e7a chamada <em>reten\u00e7\u00e3o de tampas do olho<\/em>. <\/span><span id=\"gts_text_50\" class=\"gts_text\">Isso pode causar o anaconda verde ir cego. <\/span><span id=\"gts_text_51\" class=\"gts_text\">Over-Heated condi\u00e7\u00f5es tamb\u00e9m ativar\u00e1 os anacondas verdes para uma besta agressiva.<\/span><\/p>\n<p><span id=\"gts_text_52\" class=\"gts_text\">O detentor de um cativo anaconda verde deve usar um aquecedor simple e l\u00e2mpadas infra vermelhas para manter uma temperatura ideal em um homem feito tanque. <\/span><span id=\"gts_text_53\" class=\"gts_text\">O anaconda verde tamb\u00e9m precisa ser exposto \u00e0 radia\u00e7\u00e3o ultravioleta, porque isso ajuda a cobra para a produ\u00e7\u00e3o de vitamina D, que ele precisa para seus ossos.<\/span><\/p>\n","protected":false},"excerpt":{"rendered":"<p>O Anaconda verde ou Sucuri \u00e9 a cobra mais pesada do mundo e est\u00e3o entre as maiores do mundo, n\u00e3o cobras s\u00e3o pe\u00e7onhentas e encontram-se na Am\u00e9rica do Sul.\u00a0Embora o p\u00edton-reticulada\u00a0seja a cobra mais longa do mundo, atingindo mais de 8. 7 metros de comprimento, \u00a0n\u00e3o se aproxima ao peso da Anaconda verde. O Anaconda &hellip; <a href=\"https:\/\/www.big-animals.com\/pt\/verde-anaconda\/\" class=\"more-link\">Continue reading <span class=\"screen-reader-text\">Anaconda verde<\/span><\/a><\/p>\n","protected":false},"author":1,"featured_media":0,"parent":0,"menu_order":0,"comment_status":"closed","ping_status":"open","template":"","meta":{"_acf_changed":false,"footnotes":""},"acf":[],"_links":{"self":[{"href":"https:\/\/www.big-animals.com\/pt\/wp-json\/wp\/v2\/pages\/40"}],"collection":[{"href":"https:\/\/www.big-animals.com\/pt\/wp-json\/wp\/v2\/pages"}],"about":[{"href":"https:\/\/www.big-animals.com\/pt\/wp-json\/wp\/v2\/types\/page"}],"author":[{"embeddable":true,"href":"https:\/\/www.big-animals.com\/pt\/wp-json\/wp\/v2\/users\/1"}],"replies":[{"embeddable":true,"href":"https:\/\/www.big-animals.com\/pt\/wp-json\/wp\/v2\/comments?post=40"}],"version-history":[{"count":4,"href":"https:\/\/www.big-animals.com\/pt\/wp-json\/wp\/v2\/pages\/40\/revisions"}],"predecessor-version":[{"id":383,"href":"https:\/\/www.big-animals.com\/pt\/wp-json\/wp\/v2\/pages\/40\/revisions\/383"}],"wp:attachment":[{"href":"https:\/\/www.big-animals.com\/pt\/wp-json\/wp\/v2\/media?parent=40"}],"curies":[{"name":"wp","href":"https:\/\/api.w.org\/{rel}","templated":true}]}}