{"id":41,"date":"2011-05-09T09:24:13","date_gmt":"2011-05-09T09:24:13","guid":{"rendered":""},"modified":"2016-02-19T04:41:34","modified_gmt":"2016-02-19T04:41:34","slug":"josephoartigasia-monesi","status":"publish","type":"page","link":"https:\/\/www.big-animals.com\/pt\/josephoartigasia-monesi\/","title":{"rendered":"Josephoartigasia Monesi"},"content":{"rendered":"<p>&nbsp;<\/p>\n<p>&nbsp;<\/p>\n<figure id=\"attachment_735\" aria-describedby=\"caption-attachment-735\" style=\"width: 300px\" class=\"wp-caption alignright\"><a href=\"http:\/\/www.big-animals.com\/wp-content\/uploads\/2011\/03\/Josephoartigasia_amd_Human1.png\"><img loading=\"lazy\" decoding=\"async\" class=\"wp-image-735 size-medium\" title=\"Josephoartigasia and Human - adapted from a sketch by Nobu Tamura\" src=\"http:\/\/www.big-animals.com\/wp-content\/uploads\/2011\/03\/Josephoartigasia_amd_Human1-300x136.png\" alt=\"Josephoartigasia and Human - adapted from a sketch by Nobu Tamura\" width=\"300\" height=\"136\" \/><\/a><figcaption id=\"caption-attachment-735\" class=\"wp-caption-text\">Josephoartigasia e Humano &#8211; adapta\u00e7\u00e3o de um desenho por Nobu Tamura<\/figcaption><\/figure>\n<p><em>Josephoartigasia Monesi<\/em> \u00e9 o maior <a href=\"http:\/\/www.big-animals.com\/pt\/roedores\/\">roedor<\/a> que j\u00e1 existiu. Ele foi descoberto no Uruguai, Am\u00e9rica do Sul. Ele pode ter pesado uma tonelada! Ele \u00e9 muito maior que o redor vivo mais semelhante a ele, o Pacarana, que s\u00f3 pesa cerca de 15 quilos.<\/p>\n<p>Ele vivia em florestas tropicas planas e pode ter comido plantas moles, porque seus dentes molares eram bem pequenos e n\u00e3o muito bons para mastigar alimentos duros. Mas ele tinha enormes dentes da frente, que tinham mais de 30 cent\u00edmetros de comprimento. Estes dentes enormes os protegia dos gatos dente de sabre. Eles afastavam seus predadores mostrando seus enormes dentes da frente. O comprimento total do seu corpo era de cerca de 3 metros com uma altura de 1,5 metros.<\/p>\n<p>&nbsp;<\/p>\n","protected":false},"excerpt":{"rendered":"<p>&nbsp; &nbsp; Josephoartigasia Monesi \u00e9 o maior roedor que j\u00e1 existiu. Ele foi descoberto no Uruguai, Am\u00e9rica do Sul. Ele pode ter pesado uma tonelada! Ele \u00e9 muito maior que o redor vivo mais semelhante a ele, o Pacarana, que s\u00f3 pesa cerca de 15 quilos. Ele vivia em florestas tropicas planas e pode ter &hellip; <a href=\"https:\/\/www.big-animals.com\/pt\/josephoartigasia-monesi\/\" class=\"more-link\">Continue reading <span class=\"screen-reader-text\">Josephoartigasia Monesi<\/span><\/a><\/p>\n","protected":false},"author":1,"featured_media":0,"parent":0,"menu_order":0,"comment_status":"closed","ping_status":"open","template":"","meta":{"_acf_changed":false,"footnotes":""},"acf":[],"_links":{"self":[{"href":"https:\/\/www.big-animals.com\/pt\/wp-json\/wp\/v2\/pages\/41"}],"collection":[{"href":"https:\/\/www.big-animals.com\/pt\/wp-json\/wp\/v2\/pages"}],"about":[{"href":"https:\/\/www.big-animals.com\/pt\/wp-json\/wp\/v2\/types\/page"}],"author":[{"embeddable":true,"href":"https:\/\/www.big-animals.com\/pt\/wp-json\/wp\/v2\/users\/1"}],"replies":[{"embeddable":true,"href":"https:\/\/www.big-animals.com\/pt\/wp-json\/wp\/v2\/comments?post=41"}],"version-history":[{"count":3,"href":"https:\/\/www.big-animals.com\/pt\/wp-json\/wp\/v2\/pages\/41\/revisions"}],"predecessor-version":[{"id":559,"href":"https:\/\/www.big-animals.com\/pt\/wp-json\/wp\/v2\/pages\/41\/revisions\/559"}],"wp:attachment":[{"href":"https:\/\/www.big-animals.com\/pt\/wp-json\/wp\/v2\/media?parent=41"}],"curies":[{"name":"wp","href":"https:\/\/api.w.org\/{rel}","templated":true}]}}