{"id":42,"date":"2011-05-09T09:24:41","date_gmt":"2011-05-09T09:24:41","guid":{"rendered":""},"modified":"2016-02-19T05:03:04","modified_gmt":"2016-02-19T05:03:04","slug":"megalania","status":"publish","type":"page","link":"https:\/\/www.big-animals.com\/pt\/megalania\/","title":{"rendered":"Megalania"},"content":{"rendered":"<p>Megalania \u00e9 o maior <a href=\"http:\/\/www.big-animals.com\/pt\/lagartos\/\">lagarto<\/a> terrestre de todos os tempos. Na verdade, ele foi uma esp\u00e9cie de lagarto gigante. Ele era encontrado na Austr\u00e1lia do Sul. Ele desapareceu cerca de 40.000 anos atr\u00e1s. Os primeiros colonizadores abor\u00edgenes podem ter visto o Megalania em vida.<\/p>\n<p>N\u00e3o existem f\u00f3sseis completos do Megalania. Portanto, \u00e9 muito dif\u00edcil dizer exatamente o qu\u00e3o grande eles eram. Estima-se que o Megalania tinha cerca de 7 metros de comprimento e pesava cerca de 600 &#8211; 620 quilos. Voc\u00ea pode ver um cr\u00e2nio do Megalania de cerca de 74 cent\u00edmetros de comprimento no Museu de Ci\u00eancias em Boston.<\/p>\n<figure id=\"attachment_575\" aria-describedby=\"caption-attachment-575\" style=\"width: 300px\" class=\"wp-caption aligncenter\"><a href=\"http:\/\/www.big-animals.com\/wp-content\/uploads\/2011\/02\/Megalania_And_Human.png\"><img loading=\"lazy\" decoding=\"async\" class=\"size-medium wp-image-575\" title=\"For Megalania, a human would be no more than a snack!\" src=\"http:\/\/www.big-animals.com\/wp-content\/uploads\/2011\/02\/Megalania_And_Human-300x71.png\" alt=\"For Megalania, a human would be no more than a snack!\" width=\"300\" height=\"71\" \/><\/a><figcaption id=\"caption-attachment-575\" class=\"wp-caption-text\">Para o Megalania, um humano n\u00e3o seria mais que um lanche!<\/figcaption><\/figure>\n<p>O Megalania se alimentava de animais de m\u00e9dio a grande porte, como os grandes <a href=\"http:\/\/www.big-animals.com\/pt\/the-mundos-maior-marsupiais\/\">marsupiais<\/a>, tais como o <a href=\"http:\/\/www.big-animals.com\/pt\/the-diprotodon-the-biggest-ever-marsupial\/\"><em>Diprotodonte<\/em><\/a>. Ele tamb\u00e9m ca\u00e7ava r\u00e9pteis, pequenos mam\u00edferos, aves, seus ovos e pintinhos. Ele tinha membros enormes e um corpo enorme. Em seu grande cr\u00e2nio, pode-se observar uma crista entre os olhos e uma mand\u00edbula cheia de dentes serrados.<\/p>\n<p>Muito provavelmente o Megalania tinha gl\u00e2ndulas venenosas ao longo de sua mand\u00edbula. Portanto, quando o Megalania atacava, o veneno matava a v\u00edtima. Apesar do Megalania ser enorme, ele comia menos que um mam\u00edfero do seu tamanho. Se o Megalania realmente tinha veneno, isto o faria o maior vertebrado venenoso de todos os tempos.<\/p>\n","protected":false},"excerpt":{"rendered":"<p>Megalania \u00e9 o maior lagarto terrestre de todos os tempos. Na verdade, ele foi uma esp\u00e9cie de lagarto gigante. Ele era encontrado na Austr\u00e1lia do Sul. Ele desapareceu cerca de 40.000 anos atr\u00e1s. Os primeiros colonizadores abor\u00edgenes podem ter visto o Megalania em vida. N\u00e3o existem f\u00f3sseis completos do Megalania. Portanto, \u00e9 muito dif\u00edcil dizer &hellip; <a href=\"https:\/\/www.big-animals.com\/pt\/megalania\/\" class=\"more-link\">Continue reading <span class=\"screen-reader-text\">Megalania<\/span><\/a><\/p>\n","protected":false},"author":1,"featured_media":0,"parent":0,"menu_order":0,"comment_status":"closed","ping_status":"open","template":"","meta":{"_acf_changed":false,"footnotes":""},"acf":[],"_links":{"self":[{"href":"https:\/\/www.big-animals.com\/pt\/wp-json\/wp\/v2\/pages\/42"}],"collection":[{"href":"https:\/\/www.big-animals.com\/pt\/wp-json\/wp\/v2\/pages"}],"about":[{"href":"https:\/\/www.big-animals.com\/pt\/wp-json\/wp\/v2\/types\/page"}],"author":[{"embeddable":true,"href":"https:\/\/www.big-animals.com\/pt\/wp-json\/wp\/v2\/users\/1"}],"replies":[{"embeddable":true,"href":"https:\/\/www.big-animals.com\/pt\/wp-json\/wp\/v2\/comments?post=42"}],"version-history":[{"count":3,"href":"https:\/\/www.big-animals.com\/pt\/wp-json\/wp\/v2\/pages\/42\/revisions"}],"predecessor-version":[{"id":564,"href":"https:\/\/www.big-animals.com\/pt\/wp-json\/wp\/v2\/pages\/42\/revisions\/564"}],"wp:attachment":[{"href":"https:\/\/www.big-animals.com\/pt\/wp-json\/wp\/v2\/media?parent=42"}],"curies":[{"name":"wp","href":"https:\/\/api.w.org\/{rel}","templated":true}]}}