{"id":44,"date":"2011-05-09T09:25:55","date_gmt":"2011-05-09T09:25:55","guid":{"rendered":""},"modified":"2011-05-09T09:25:55","modified_gmt":"2011-05-09T09:25:55","slug":"primatas","status":"publish","type":"page","link":"https:\/\/www.big-animals.com\/pt\/primatas\/","title":{"rendered":"Primatas"},"content":{"rendered":"<p><span id=\"gts_text_1\" class=\"gts_text\">Os primatas s\u00e3o um grupo de <a title=\"The World\u2019s Biggest Mammals!\" href=\"http:\/\/www.big-animals.com\/the-worlds-biggest-mammals\/\">mam\u00edferos<\/a> , incluindo como os l\u00e9mures, l\u00f3ris, galagon\u00eddeo, tarsiers, macacos e s\u00edmios. <\/span><span id=\"gts_text_2\" class=\"gts_text\">N\u00f3s, como seres humanos tamb\u00e9m pertencem a este grupo. <\/span><span id=\"gts_text_3\" class=\"gts_text\">A maioria dos primatas podem ser encontrados em florestas tropicais ou subtropicais da Am\u00e9rica, \u00c1frica e \u00c1sia. <\/span><span id=\"gts_text_4\" class=\"gts_text\">Existem alguns exemplos de primatas (excepto os seres humanos) que vivem fora das florestas tropicais. <\/span><span id=\"gts_text_5\" class=\"gts_text\">Por exemplo, a montanha-habita\u00e7\u00e3o japon\u00eas Macaque vive no norte de Honshu que est\u00e1 coberto de neve durante 8 meses em um ano! <\/span><span id=\"gts_text_6\" class=\"gts_text\">O macaco vive na Cordilheira do Atlas da Arg\u00e9lia e Marrocos. <\/span><span id=\"gts_text_7\" class=\"gts_text\">Alguns primatas vivem em altas montanhas. <\/span><span id=\"gts_text_8\" class=\"gts_text\">Por exemplo, o Black achatado-cheirou macaco vive nas montanhas Hengduan em altitudes de 4700 metros (15400 p\u00e9s). <\/span><span id=\"gts_text_9\" class=\"gts_text\">Maiores primatas do mundo, o <a title=\"Mountain Gorilla\" href=\"http:\/\/www.big-animals.com\/mountain-gorilla\/\">Gorila de montanha<\/a>, \u00e9 encontrada em 4200 metros (13800) nas montanhas Virunga. <\/span><span id=\"gts_text_10\" class=\"gts_text\">A maioria dos primatas n\u00e3o gostam de nadar, mas alguns deles s\u00e3o bons nadadores e confort\u00e1veis em p\u00e2ntanos e \u00e1reas aquosos. <\/span><span id=\"gts_text_11\" class=\"gts_text\">Por exemplo, macaco de p\u00e2ntano de Allen tem ligeiramente ligados os dedos para ajud\u00e1-lo a nadar. <\/span><span id=\"gts_text_12\" class=\"gts_text\">Finalmente, h\u00e1 tamb\u00e9m alguns macacos que vivem perto de n\u00f3s. <\/span><span id=\"gts_text_13\" class=\"gts_text\">Por exemplo, o Mascaque de RH que viver perto de assentamento humano.<\/span><\/p>\n<p><span id=\"gts_text_14\" class=\"gts_text\">O Primaz de vida menor \u00e9 rato berthae que pesa apenas 30 gramas (1 on\u00e7a) e o maior primata de vida \u00e9 o enorme <a title=\"Mountain Gorilla\" href=\"http:\/\/www.big-animals.com\/mountain-gorilla\/\">Gorila de montanha<\/a> que pesa cerca de 200 quilogramas (440 lb). <\/span><span id=\"gts_text_15\" class=\"gts_text\">O maior alguma vez primata \u00e9 a 3 metros (10 p\u00e9s) altura <a title=\"Gigantopithecus\" href=\"http:\/\/www.big-animals.com\/gigantopithecus\/\"><em>Gigantopithecus<\/em><\/a>.<\/span><\/p>\n<figure id=\"attachment_666\" aria-describedby=\"caption-attachment-666\" style=\"width: 204px\" class=\"wp-caption alignright\"><a href=\"http:\/\/www.big-animals.com\/wp-content\/uploads\/2011\/03\/Lemur_Catta.jpeg\"><img loading=\"lazy\" decoding=\"async\" class=\"size-full wp-image-666\" title=\"The Ring-Tailed Lemur is one of the noisiest primates\" src=\"http:\/\/www.big-animals.com\/wp-content\/uploads\/2011\/03\/Lemur_Catta.jpeg\" alt=\"The Ring-Tailed Lemur is one of the noisiest primates\" width=\"204\" height=\"363\" \/><\/a><figcaption id=\"caption-attachment-666\" class=\"wp-caption-text\">The Ring-Tailed Lemur is one of the noisiest primates<\/figcaption><\/figure>\n<p><span id=\"gts_text_16\" class=\"gts_text\">Alguns primatas n\u00e3o vivem principalmente em \u00e1rvores, mas eles vivem em terra tamb\u00e9m. <\/span><span id=\"gts_text_17\" class=\"gts_text\">Por exemplo, os grandes macacos e babu\u00ednos. <\/span><span id=\"gts_text_18\" class=\"gts_text\">A maioria dos primatas s\u00e3o capazes de subir em \u00e1rvores. <\/span><span id=\"gts_text_19\" class=\"gts_text\">Eles s\u00e3o capaz de salto de \u00e1rvore em \u00e1rvore, walking on 2 ou 4 membros, knuckle-caminhar e balan\u00e7ando entre ramos de \u00e1rvores. <\/span><span id=\"gts_text_20\" class=\"gts_text\">Bushbabies agarrar a troncos de \u00e1rvores vertical e, em seguida, salto! <\/span><span id=\"gts_text_21\" class=\"gts_text\">Macacos Aranha movimentar por balan\u00e7ando de um galho de \u00e1rvore para outro ramo da \u00e1rvore. <\/span><span id=\"gts_text_22\" class=\"gts_text\">Orangotangos mover usando seus bra\u00e7os e pernas para levar seus corpos pesados atrav\u00e9s das \u00e1rvores. <\/span><span id=\"gts_text_23\" class=\"gts_text\">Chimpanz\u00e9s e gorilas far\u00e1 uma caminhada knuckle e eles s\u00e3o capazes de mover-se sobre duas pernas para curtas dist\u00e2ncias.<\/span><\/p>\n<p><span id=\"gts_text_24\" class=\"gts_text\">Primatas t\u00eam c\u00e9rebros grandes em compara\u00e7\u00e3o com outros mam\u00edferos. <\/span><span id=\"gts_text_25\" class=\"gts_text\">Eles t\u00eam dois olhos localizados pelo lado na frente de suas cabe\u00e7as. <\/span><span id=\"gts_text_26\" class=\"gts_text\">Estes trabalham em conjunto para lhes permite localizar objetos com precis\u00e3o. <\/span><span id=\"gts_text_27\" class=\"gts_text\">Animais como peixes e cavalos n\u00e3o t\u00eam olhos como primatas. <\/span><span id=\"gts_text_28\" class=\"gts_text\">A maioria dos primatas t\u00eam polegares, que os ajuda a pegar coisas facilmente. <\/span><span id=\"gts_text_29\" class=\"gts_text\">Alguns possuem caudas que podem utilizar para agarrar ou agarrar galhos de \u00e1rvores, alimenta\u00e7\u00e3o, cavando ou se proteger dos predadores. <\/span><span id=\"gts_text_30\" class=\"gts_text\">Alguns primatas escolhem viver sozinho, outros vivem em pares e outros vivem em um grande grupo.<\/span><\/p>\n<p><span id=\"gts_text_31\" class=\"gts_text\">Encaminha o rosto dos primatas. <\/span><span id=\"gts_text_32\" class=\"gts_text\">Eles t\u00eam 5 dedos ou dedos em cada membro, com pregos no final de cada dedo ou toe. <\/span><span id=\"gts_text_33\" class=\"gts_text\">Os lados inferior das m\u00e3os e dos p\u00e9s t\u00eam almofadas sens\u00edveis na ponta dos dedos. <\/span><span id=\"gts_text_34\" class=\"gts_text\">Isso significa que seus dedos s\u00e3o sens\u00edveis \u00e0 press\u00e3o, temperatura e dor. <\/span><span id=\"gts_text_35\" class=\"gts_text\">Clav\u00edcula do primata \u00e9 constru\u00edda de forma a permitir que o grande movimento.<\/span><\/p>\n<p><span id=\"gts_text_36\" class=\"gts_text\">Primatas crescem mais lentamente do que outros mam\u00edferos do mesmo tamanho. <\/span><span id=\"gts_text_37\" class=\"gts_text\">Eles vivem mais &#8211; especialmente as f\u00eameas. <\/span><span id=\"gts_text_38\" class=\"gts_text\">Todos os primatas n\u00e3o-humanos beb\u00e9s s\u00e3o amamentados pela m\u00e3e e os beb\u00eas dependem de suas m\u00e3es para aliciamento e transporte. <\/span><span id=\"gts_text_39\" class=\"gts_text\">Em algumas esp\u00e9cies, beb\u00eas s\u00e3o protegidos e transportados por machos no grupo, especialmente se os machos s\u00e3o seus pais. <\/span><span id=\"gts_text_40\" class=\"gts_text\">Os irm\u00e3os e tias tamb\u00e9m podem ajudar a cuidar dos beb\u00eas. <\/span><span id=\"gts_text_41\" class=\"gts_text\">Os primatas ganham suas habilidades sociais e luta atrav\u00e9s de jogar.<\/span><\/p>\n<figure id=\"attachment_667\" aria-describedby=\"caption-attachment-667\" style=\"width: 227px\" class=\"wp-caption alignleft\"><a href=\"http:\/\/www.big-animals.com\/wp-content\/uploads\/2011\/03\/Bonobo.jpg\"><img loading=\"lazy\" decoding=\"async\" class=\"size-full wp-image-667\" title=\"The Bonobo, or Dwarf Chimpanzee\" src=\"http:\/\/www.big-animals.com\/wp-content\/uploads\/2011\/03\/Bonobo.jpg\" alt=\"The Bonobo, or Dwarf Chimpanzee\" width=\"227\" height=\"239\" \/><\/a><figcaption id=\"caption-attachment-667\" class=\"wp-caption-text\">The Bonobo, or Dwarf Chimpanzee<\/figcaption><\/figure>\n<p><span id=\"gts_text_42\" class=\"gts_text\">A maioria dos primatas comem frutas, folhas, gengivas e insetos. <\/span><span id=\"gts_text_43\" class=\"gts_text\">Por exemplo, macacos Berrador comer folhas. <\/span><span id=\"gts_text_44\" class=\"gts_text\">Sag\u00fcis comem goma &#8211; eles t\u00eam forte incisivos que permitam-lhes abrir a casca de \u00e1rvore para obter a goma. <\/span><span id=\"gts_text_45\" class=\"gts_text\">Ele tem garras para ajud\u00e1-los a se agarrar em \u00e1rvores durante a alimenta\u00e7\u00e3o. <\/span><span id=\"gts_text_46\" class=\"gts_text\">A Daubentonia tem dentes de roedores-like e uma longa, fina dedo m\u00e9dio. <\/span><span id=\"gts_text_47\" class=\"gts_text\">Vai bater em \u00e1rvores como um pica-pau para encontrar larvas de insetos. <\/span><span id=\"gts_text_48\" class=\"gts_text\">Ent\u00e3o ele vai mastigar at\u00e9 os buracos na Madeira e colocar seu dedo m\u00e9dio longo fino dentro para retirar as larvas da \u00e1rvore. <\/span><span id=\"gts_text_49\" class=\"gts_text\">Alguns primatas, tais como o Mangabey Grey-Cheeked tem esmalte de espessura em seus dentes que ir\u00e3o ajud\u00e1-los a quebrar abertos resistentes frutos e sementes que n\u00e3o \u00e9 poss\u00edvel abrir outros macacos.<\/span><\/p>\n<p><span id=\"gts_text_50\" class=\"gts_text\">O Gelada \u00e9 a esp\u00e9cie de primata \u00fanica que come principalmente capim. <\/span><span id=\"gts_text_51\" class=\"gts_text\">Tarsiers comem insetos, crust\u00e1ceos, pequenos vertebrados e cobras &#8211; incluindo cobras venenosas! <\/span><span id=\"gts_text_52\" class=\"gts_text\">Macacos-prego comem todos os tipos de alimentos como frutas, folhas, flores, brotos, n\u00e9ctar, sementes, insetos e outros invertebrados, ovos de aves e pequenos vertebrados, como aves, lagartos, esquilos e morcegos. <\/span><span id=\"gts_text_53\" class=\"gts_text\">O chimpanz\u00e9 comum tem uma vasta gama de dieta incluindo outros macacos, por exemplo, o macaco de Western Red Verus.<\/span><\/p>\n<p><span id=\"gts_text_54\" class=\"gts_text\">A Uni\u00e3o Internacional para a conserva\u00e7\u00e3o da natureza (IUCN) listou mais de um ter\u00e7o dos primatas como seriamente amea\u00e7ada. <\/span><span id=\"gts_text_55\" class=\"gts_text\">A maioria deles est\u00e1 em perigo por causa do desmatamento, a matan\u00e7a de grande n\u00famero de macacos selvagens para proteger a agricultura, para uso em medicamentos, como animais de estima\u00e7\u00e3o e para alimentar a ca\u00e7a ilegal.<\/span><\/p>\n<p><span id=\"gts_text_56\" class=\"gts_text\"><\/span><\/p>\n","protected":false},"excerpt":{"rendered":"<p>Os primatas s\u00e3o um grupo de mam\u00edferos , incluindo como os l\u00e9mures, l\u00f3ris, galagon\u00eddeo, tarsiers, macacos e s\u00edmios. N\u00f3s, como seres humanos tamb\u00e9m pertencem a este grupo. A maioria dos primatas podem ser encontrados em florestas tropicais ou subtropicais da Am\u00e9rica, \u00c1frica e \u00c1sia. Existem alguns exemplos de primatas (excepto os seres humanos) que vivem &hellip; <a href=\"https:\/\/www.big-animals.com\/pt\/primatas\/\" class=\"more-link\">Continue reading <span class=\"screen-reader-text\">Primatas<\/span><\/a><\/p>\n","protected":false},"author":1,"featured_media":0,"parent":0,"menu_order":0,"comment_status":"closed","ping_status":"open","template":"","meta":{"_acf_changed":false,"footnotes":""},"acf":[],"_links":{"self":[{"href":"https:\/\/www.big-animals.com\/pt\/wp-json\/wp\/v2\/pages\/44"}],"collection":[{"href":"https:\/\/www.big-animals.com\/pt\/wp-json\/wp\/v2\/pages"}],"about":[{"href":"https:\/\/www.big-animals.com\/pt\/wp-json\/wp\/v2\/types\/page"}],"author":[{"embeddable":true,"href":"https:\/\/www.big-animals.com\/pt\/wp-json\/wp\/v2\/users\/1"}],"replies":[{"embeddable":true,"href":"https:\/\/www.big-animals.com\/pt\/wp-json\/wp\/v2\/comments?post=44"}],"version-history":[{"count":0,"href":"https:\/\/www.big-animals.com\/pt\/wp-json\/wp\/v2\/pages\/44\/revisions"}],"wp:attachment":[{"href":"https:\/\/www.big-animals.com\/pt\/wp-json\/wp\/v2\/media?parent=44"}],"curies":[{"name":"wp","href":"https:\/\/api.w.org\/{rel}","templated":true}]}}