{"id":45,"date":"2011-05-09T09:26:02","date_gmt":"2011-05-09T09:26:02","guid":{"rendered":""},"modified":"2011-05-09T09:26:02","modified_gmt":"2011-05-09T09:26:02","slug":"proboscidea","status":"publish","type":"page","link":"https:\/\/www.big-animals.com\/pt\/proboscidea\/","title":{"rendered":"Proboscidea"},"content":{"rendered":"<p><span id=\"gts_text_1\" class=\"gts_text\">Proboscidea \u00e9 uma ordem de <a title=\"The World\u2019s Biggest Mammals!\" href=\"http:\/\/www.big-animals.com\/the-worlds-biggest-mammals\/\">mam\u00edferos<\/a> , que incluem os elefantes e o mamute extinto. <\/span><span id=\"gts_text_2\" class=\"gts_text\">Proboscideans dias modernos t\u00eam um tronco longo muscular, as presas longas e acho que stumpy pernas. <\/span><span id=\"gts_text_3\" class=\"gts_text\">Proboscideans in\u00edcio n\u00e3o t\u00eam um tronco longo.<\/span><\/p>\n<p><span id=\"gts_text_4\" class=\"gts_text\">Os proboscideans tamb\u00e9m s\u00e3o chamados de proboscids. <\/span><span id=\"gts_text_5\" class=\"gts_text\">O <a title=\"African Bush Elephant \u2013 The World\u2019s Biggest Land Animal!\" href=\"http:\/\/www.big-animals.com\/the-african-bush-elephant-the-worlds-biggest-land-animal\/\">Elefante africano<\/a> \u00e9 o maior proboscid, e tamb\u00e9m \u00e9 o animal de terra no mundo hoje.<\/span><\/p>\n<figure id=\"attachment_1056\" aria-describedby=\"caption-attachment-1056\" style=\"width: 300px\" class=\"wp-caption alignright\"><a href=\"http:\/\/www.big-animals.com\/wp-content\/uploads\/2011\/05\/ThreeElephants.jpg\"><img loading=\"lazy\" decoding=\"async\" class=\"size-medium wp-image-1056\" title=\"All Modern Proboscids ar Elephants\" src=\"http:\/\/www.big-animals.com\/wp-content\/uploads\/2011\/05\/ThreeElephants-300x208.jpg\" alt=\"All Modern Proboscids ar Elephants\" width=\"300\" height=\"208\" \/><\/a><figcaption id=\"caption-attachment-1056\" class=\"wp-caption-text\">All Modern Proboscids are Elephants<\/figcaption><\/figure>\n<p><span id=\"gts_text_6\" class=\"gts_text\">Moderno dia, que Proboscidea \u00e9 representado pela fam\u00edlia Elephantidae. <\/span><span id=\"gts_text_7\" class=\"gts_text\">H\u00e1 tr\u00eas diferentes esp\u00e9cies de elefantes. <\/span><span id=\"gts_text_8\" class=\"gts_text\">Eles s\u00e3o as duas esp\u00e9cies de elefantes africanos e o elefante asi\u00e1tico que \u00e9 uma esp\u00e9cie em extin\u00e7\u00e3o. <\/span><span id=\"gts_text_9\" class=\"gts_text\">O elefante asi\u00e1tico est\u00e1 vivendo o maior animal terrestre na \u00c1sia. <\/span><span id=\"gts_text_10\" class=\"gts_text\">Os cientistas descobriram que existem duas esp\u00e9cies diferentes de elefante africano. <\/span><span id=\"gts_text_11\" class=\"gts_text\">Eles s\u00e3o o elefante africano e o elefante africano da floresta.<\/span><\/p>\n<p><span id=\"gts_text_12\" class=\"gts_text\">Alguns Proboscideans extintos incluem o mamute lanoso e o mastodonte. <\/span><span id=\"gts_text_13\" class=\"gts_text\">Mastodontes eram shaggy, grandes herb\u00edvoros tusked que viveram durante a \u00faltima idade do gelo. <\/span><span id=\"gts_text_14\" class=\"gts_text\">As suas presas poderia crescer mais de 5 metros (16. 4 p\u00e9s) de comprimento. <\/span><span id=\"gts_text_15\" class=\"gts_text\">As presas curvada para cima, mas s\u00e3o reta do que o mamute lanoso. <\/span><span id=\"gts_text_16\" class=\"gts_text\">Sua volta n\u00e3o inclinam-se como o mamute lanoso. <\/span><span id=\"gts_text_17\" class=\"gts_text\">Eles tinham cabe\u00e7as mais longo e mais plana do que o mamute lanoso. <\/span><span id=\"gts_text_18\" class=\"gts_text\">Eles s\u00e3o do tamanho de um elefante asi\u00e1tico quais cerca de 3. 2 metros (10 p\u00e9s) elevado no ombro. <\/span><span id=\"gts_text_19\" class=\"gts_text\">Suas orelhas s\u00e3o menores do que os elefantes modernos. <\/span><span id=\"gts_text_20\" class=\"gts_text\">Com base no tipo de dentes que tinham, eles eram navegadores e n\u00e3o pastadores como elefantes modernos e mamute lanoso.<\/span><\/p>\n<figure id=\"attachment_1057\" aria-describedby=\"caption-attachment-1057\" style=\"width: 295px\" class=\"wp-caption alignleft\"><a href=\"http:\/\/www.big-animals.com\/wp-content\/uploads\/2011\/05\/Mammoth.png\"><img loading=\"lazy\" decoding=\"async\" class=\"size-full wp-image-1057\" title=\"Mammoths Were Perfectly Suited for Cold Weather\" src=\"http:\/\/www.big-animals.com\/wp-content\/uploads\/2011\/05\/Mammoth.png\" alt=\"Mammoths Were Perfectly Suited for Cold Weather\" width=\"295\" height=\"250\" \/><\/a><figcaption id=\"caption-attachment-1057\" class=\"wp-caption-text\">Mammoths Were Perfectly Suited for Cold Weather<\/figcaption><\/figure>\n<p><span id=\"gts_text_21\" class=\"gts_text\">O mamute lanoso tamb\u00e9m viveu durante o per\u00edodo da idade do gelo cerca de 150 000 anos atr\u00e1s. <\/span><span id=\"gts_text_22\" class=\"gts_text\">O mamute lanoso macho totalmente crescido era cerca de 2,8 metros (9. 2) 4. 0 metros (13,1 p\u00e9s) de altura. <\/span><span id=\"gts_text_23\" class=\"gts_text\">Eles poderiam pesar at\u00e9 8 toneladas (8. 8 <\/span><span id=\"gts_text_24\" class=\"gts_text\">toneladas). <\/span><span id=\"gts_text_25\" class=\"gts_text\">Eles tinham uma espessa camada de cabelo shaggy, at\u00e9 a 1 metro de comprimento (3 metros) com um underwool fino que teria mantido-los realmente quente no frio extremo. <\/span><span id=\"gts_text_26\" class=\"gts_text\">Eles tamb\u00e9m tinham ouvidos muito pequenos em compara\u00e7\u00e3o com orelhas dos elefantes uma moderna. <\/span><span id=\"gts_text_27\" class=\"gts_text\">Orelhas do mamute maior foi apenas 30 cent\u00edmetros (12 polegadas) longos em compara\u00e7\u00e3o com as orelhas de 180 cm (6 p\u00e9s) de um elefante africano.<\/span><\/p>\n<p><span id=\"gts_text_28\" class=\"gts_text\">Sua pele era n\u00e3o mais espessa do que os elefantes modernos. <\/span><span id=\"gts_text_29\" class=\"gts_text\">No entanto, h\u00e1 muitas gl\u00e2ndulas de \u00f3leo na pele, secretada gordura gordurosa em seus cabelos shaggy para isolar seus corpos. <\/span><span id=\"gts_text_30\" class=\"gts_text\">Para al\u00e9m de que eles tinham uma camada de gordura sob a sua pele que \u00e9 3. 1 8 cent\u00edmetros de espesso para mant\u00ea-los demasiado quente. <\/span><span id=\"gts_text_31\" class=\"gts_text\">Eles t\u00eam um alto chefe pecked. <\/span><span id=\"gts_text_32\" class=\"gts_text\">Eles tinham muito tempo curvy presas que foram cerca de 5 metros (16 p\u00e9s) de comprimento.<\/span><\/p>\n<p><span id=\"gts_text_33\" class=\"gts_text\"><\/span><\/p>\n","protected":false},"excerpt":{"rendered":"<p>Proboscidea \u00e9 uma ordem de mam\u00edferos , que incluem os elefantes e o mamute extinto. Proboscideans dias modernos t\u00eam um tronco longo muscular, as presas longas e acho que stumpy pernas. Proboscideans in\u00edcio n\u00e3o t\u00eam um tronco longo. Os proboscideans tamb\u00e9m s\u00e3o chamados de proboscids. O Elefante africano \u00e9 o maior proboscid, e tamb\u00e9m \u00e9 &hellip; <a href=\"https:\/\/www.big-animals.com\/pt\/proboscidea\/\" class=\"more-link\">Continue reading <span class=\"screen-reader-text\">Proboscidea<\/span><\/a><\/p>\n","protected":false},"author":1,"featured_media":0,"parent":0,"menu_order":0,"comment_status":"closed","ping_status":"open","template":"","meta":{"_acf_changed":false,"footnotes":""},"acf":[],"_links":{"self":[{"href":"https:\/\/www.big-animals.com\/pt\/wp-json\/wp\/v2\/pages\/45"}],"collection":[{"href":"https:\/\/www.big-animals.com\/pt\/wp-json\/wp\/v2\/pages"}],"about":[{"href":"https:\/\/www.big-animals.com\/pt\/wp-json\/wp\/v2\/types\/page"}],"author":[{"embeddable":true,"href":"https:\/\/www.big-animals.com\/pt\/wp-json\/wp\/v2\/users\/1"}],"replies":[{"embeddable":true,"href":"https:\/\/www.big-animals.com\/pt\/wp-json\/wp\/v2\/comments?post=45"}],"version-history":[{"count":0,"href":"https:\/\/www.big-animals.com\/pt\/wp-json\/wp\/v2\/pages\/45\/revisions"}],"wp:attachment":[{"href":"https:\/\/www.big-animals.com\/pt\/wp-json\/wp\/v2\/media?parent=45"}],"curies":[{"name":"wp","href":"https:\/\/api.w.org\/{rel}","templated":true}]}}