{"id":456,"date":"2015-09-22T07:34:22","date_gmt":"2015-09-22T07:34:22","guid":{"rendered":"http:\/\/www.big-animals.com\/pt\/?page_id=456"},"modified":"2015-09-22T08:10:11","modified_gmt":"2015-09-22T08:10:11","slug":"os-maiores-mamiferos-do-mundo","status":"publish","type":"page","link":"https:\/\/www.big-animals.com\/pt\/os-maiores-mamiferos-do-mundo\/","title":{"rendered":"Os Maiores Mam\u00edferos do Mundo!"},"content":{"rendered":"<h3>O que \u00e9 um mam\u00edfero?<\/h3>\n<p>N\u00f3s estamos todos familiarizados com os mam\u00edferos &#8211; quando voc\u00ea pede para algu\u00e9m para pensar em um animal, eles tipicamente mencionam mam\u00edferos primeiro &#8211; gatos, cachorros, cavalos e assim por diante. N\u00f3s somos mais familiarizados com os mam\u00edferos que com outros tipos de animais, apesar do fato que existem apenas 5400 tipos de mam\u00edferos, em compara\u00e7\u00e3o com, digamos, milh\u00f5es de tipos diferentes de insetos!<\/p>\n<p>Aqui est\u00e3o algumas coisas que definem um animal como mam\u00edfero. Primeiro, mam\u00edferos s\u00e3o <a href=\"http:\/\/www.big-animals.com\/pt\/the-mundos-maior-vertebrados\/\">vertebrados<\/a>,\u00a0e assim\u00a0como todos os vertebrados,<\/p>\n<ul>\n<li>Mam\u00edferos t\u00eam ossos, especialmente uma coluna vertebral<\/li>\n<li>A maioria deles t\u00eam uma cauda e uma boca oca<\/li>\n<\/ul>\n<p>Os mam\u00edferos se diferenciam de outros vertebrados das seguintes\u00a0formas<\/p>\n<ul>\n<li>Mam\u00edferos d\u00e3o leite aos seus beb\u00eas &#8211; n\u00f3s todos sabemos que vacas d\u00e3o leite. De fato todos os mam\u00edferos d\u00e3o leite &#8211; gatos, ratos, morcegos &#8211; at\u00e9 mesmo as bicudas equidnas e as baleias jubarte!<\/li>\n<li>Mam\u00edferos t\u00eam pele e pelos &#8211; apesar de que algumas baleias somente t\u00eam pelos antes de nascer.<\/li>\n<li>Mam\u00edferos\u00a0mant\u00eam o seu corpo em uma temperatura constante (mais ou menos). <a href=\"http:\/\/www.big-animals.com\/pt\/a-mundos-maior-aves\/\">Aves<\/a> tamb\u00e9m o fazem, mas r\u00e9pteis, anf\u00edbios e peixes n\u00e3o.<\/li>\n<\/ul>\n<p>Al\u00e9m disso, quase todos os mam\u00edferos t\u00eam exatamente 7 ossos no pesco\u00e7o, um cora\u00e7\u00e3o com quatro c\u00e2maras, e a camada externa do c\u00e9rebro dos mam\u00edferos t\u00eam uma estrutura especial. Em compara\u00e7\u00e3o com outros animais, mam\u00edferos aprendem muito mais com seus pais, s\u00e3o mais inteligentes, e precisam comer muito.<\/p>\n<p>Caso voc\u00ea n\u00e3o tenha adivinhado, as pessoas s\u00e3o um tipo de mam\u00edfero tamb\u00e9m!<\/p>\n<h3>What is the world\u2019s biggest mammal?<\/h3>\n<p>Alguns dos\u00a0<a href=\"http:\/\/www.big-animals.com\/pt\/\">maiores animais<\/a>\u00a0do mundo s\u00e3o mam\u00edferos. O maior animal de todos os tempos \u00e9 um mam\u00edfero, a <a href=\"http:\/\/www.big-animals.com\/pt\/the-blue-whale-the-biggest-animal-there-ever-was\/\">Baleia-Azul<\/a>! Esta criatura enorme pode crescer tanto quanto o comprimento de sete carros, e pesar mais que um avi\u00e3o Boeing 747! Os mais altos e pesados animais terrestres (a\u00a0<a href=\"http:\/\/www.big-animals.com\/pt\/the-giraffe-the-worlds-tallest-animal\/\">Girafa<\/a>\u00a0e o\u00a0<a href=\"http:\/\/www.big-animals.com\/pt\/the-african-bush-elephant-the-worlds-biggest-land-animal\/\">Elefante Africano<\/a>\u00a0) tamb\u00e9m s\u00e3o mam\u00edferos!<\/p>\n<h3>Quais s\u00e3o os tipos de mam\u00edferos?<\/h3>\n<p>Existem cerca de 5400 tipos diferentes de mam\u00edferos. Os mam\u00edferos formam um grupo de animais chamado <em>Classe<\/em>, que os cientistas chamam de <em>Mammalia<\/em>. Esta <em>classe<\/em> \u00e9 dividida em grupos menores, chamados <em>Ordens<\/em>. Cientistas ainda est\u00e3o decidindo como estes grupos devem ser divididos, mas pode-se dizer que a lista abaixo seja uma lista &#8220;padr\u00e3o&#8221;<\/p>\n<ul>\n<li>Os\u00a0<a title=\"Monotremes\" href=\"http:\/\/www.big-animals.com\/pt\/os-monotremados\/\">Monotremados<\/a> s\u00e3o um pequeno grupo de mam\u00edferos muito incomuns. Eles incluem o ornitorrinco e a equidna da Austr\u00e1lia. Os monotremados s\u00e3o os \u00fanicos mam\u00edferos que botam ovos!<\/li>\n<li>Os\u00a0<a href=\"http:\/\/www.big-animals.com\/pt\/the-mundos-maior-marsupiais\/\">Marsupiais<\/a>\u00a0em sua maioria vivem na Austr\u00e1lia, mas alguns vivem na Am\u00e9rica do Sul. Beb\u00eas marsupiais n\u00e3o podem sobreviver a n\u00e3o ser que eles rapidamente se escondam dentro da bolsa de sua m\u00e3e. Existem diferentes ordens de marsupiais\n<ol>\n<li>Os Gamb\u00e1s, chamados <em>Didelphimorphia<\/em>, vivem em \u00e1rvores e comem de tudo. Eles t\u00eam um forte sistema imunol\u00f3gico, e podem at\u00e9 sobreviver \u00e0 mordida de uma cobra cascavel! Eles tamb\u00e9m t\u00eam mais dentes que qualquer outro mam\u00edfero terrestre.<\/li>\n<li>As Cu\u00edcas-Musaranho, chamadas <em>Paucituberculata<\/em>, tamb\u00e9m vivem na Am\u00e9rica do Sul. Elas parecem pequenos gamb\u00e1s.<\/li>\n<li>O Monito del Monte (tamb\u00e9m chamado <em>Colocolo<\/em>) \u00e9 o \u00fanico animal vivo da ordem <em>Microbiotheria<\/em>. Ele tem o tamanho de um rato, com um corpo mais longo e grosso, uma cauda mais \u00fatil e cabe\u00e7a com formato diferente.<\/li>\n<li><em>Dasyuromorphia<\/em> significa &#8220;cauda peluda&#8221;. Este grupo inclui muitos marsupiais carn\u00edvoros da Austr\u00e1lia, incluindo os Quolls, Numbats, o extinto Lobo-da-Tasm\u00e2nia (ou Tilacino), e o amea\u00e7ado Diabo-da-Tasm\u00e2nia.<\/li>\n<li>Existem apenas duas esp\u00e9cies de <em>Notoryctemorphia<\/em>, ou Toupeira Marsupial. Elas s\u00e3o muito dif\u00edceis de distinguir. Suas bolsas ficam do lado de tr\u00e1s, de modo que n\u00e3o se encham com areia quando elas cavam as dunas no deserto da Austr\u00e1lia.<\/li>\n<li>O\u00a0Bilby tipos de Bandicoots pertencem \u00e0 um grupo chamado <em>Peramelemorphia<\/em>.<\/li>\n<li>Os\u00a0<em>Diprotodontia<\/em> cont\u00e9m todos os marsupiais mais conhecidos &#8211; os cangurus e coalas, assim como os wallabies, possums e vombates. Seu nome vem das palavras Gregas para &#8220;dois dentes da frente&#8221; O maior marsupial do mundo, o <a href=\"http:\/\/www.big-animals.com\/Red-Kangaroo.html\">Canguru Vermelho<\/a>, est\u00e1 nesta ordem.<\/li>\n<li>Existem tamb\u00e9m dois grupos de marsupiais extintos, um cujos membros se pareciam com um gato dentes-de-sabre, e outro tinha dentes com formato de bumerangue.<\/li>\n<\/ol>\n<\/li>\n<li>A maioria dos mam\u00edferos s\u00e3o mam\u00edferos <em>placent\u00e1rios<\/em> (<em>Eutheria<\/em>). Existem 21 ordens de mam\u00edferos placent\u00e1rios.\n<ol>\n<ol>\n<li class=\"toclevel-3\"><span class=\"toctext\">Os <em>Afrosoricida<\/em> (uma mistura de latim e grego que significa &#8220;Parece com um musaranho Africano&#8221;)! inclui os tenrecos e toupeiras-douradas &#8211; animais comedores de insetos que vivem no sul da \u00c1frica e no Madag\u00e1scar<\/span><\/li>\n<li class=\"toclevel-3\"><span class=\"toctext\">Os <em>Macroscelidea<\/em>, chamados musaranhos-elefante ou sengis, tamb\u00e9m vivem na \u00c1frica. Eles ganharam este nome por causa do seu longo nariz.<\/span><\/li>\n<li class=\"toclevel-3\"><span class=\"toctext\">Os <em>Tubulidentata<\/em> cont\u00e9m apenas uma esp\u00e9cie, o Orict\u00e9ropo. O seu nome cient\u00edfico vem dos seus dentes tubulares. Ele come formigas e cupins, e quase nada mais (exceto um tipo estranho de mel\u00e3o cujas frutas crescem debaixo da terra)!<\/span><\/li>\n<li class=\"toclevel-3\"><span class=\"toctext\">Os hirac\u00f3ides (<em>Hyracoidea<\/em>) s\u00e3o animais que vivem no Oriente M\u00e9dio e na \u00c1frica que, de longe, podem ser confundidos com coelhos. Eles comem capim e folhas.<\/span><\/li>\n<li class=\"toclevel-3\"><span class=\"toctext\"><span class=\"toctext\">Os\u00a0<em><a title=\"Proboscidea\" href=\"http:\/\/www.big-animals.com\/pt\/proboscidea\/\">Proboscidea<\/a><\/em>\u00a0ganharam este nome por causa da palavra Grega <em>proboskis<\/em> que significa &#8220;tromba de elefante&#8221;. Os \u00fanicos tr\u00eas probosc\u00eddeos vivos hoje s\u00e3o tr\u00eas tipos diferentes de elefantes, incluindo o maior animal terrestre do mundo, o <a href=\"http:\/\/www.big-animals.com\/pt\/the-african-bush-elephant-the-worlds-biggest-land-animal\/\">Elefante Africano<\/a>\u00a0.\u00a0<\/span><\/span>Outros animais que j\u00e1 viveram neste grupo foram os Mamutes e os Mastodontes.<\/li>\n<li class=\"toclevel-3\"><span class=\"toctext\">O Dugongo e os tr\u00eas tipos de Peixes-Boi s\u00e3o os \u00fanicos animais em vida da ordem <em>Sirenia<\/em>. Assim como os golfinhos e as baleias, estes mam\u00edferos passam a vida inteira no mar. <em>Diferentemente<\/em> dos golfinhos e baleias, os Sir\u00e9nios comem somente plantas.<\/span><\/li>\n<li class=\"toclevel-3\"><span class=\"tocnumber\">Os Tatus, ordem <em>Cingulata<\/em>, s\u00e3o mam\u00edferos de apar\u00eancia estranha que adoram cavar. Eles moram nas Am\u00e9ricas, t\u00e3o ao norte quanto o Texas e a Fl\u00f3rida. Os cientistas afirmam que um dia os Tatus v\u00e3o chegar at\u00e9 Ohio.<\/span><\/li>\n<li class=\"toclevel-3\"><span class=\"toctext\">Os tamandu\u00e1s e os bichos-pregui\u00e7a (ordem <em>Pilosa<\/em>) tamb\u00e9m vivem na Am\u00e9rica do Norte e do Sul. Os bichos-pregui\u00e7a s\u00e3o famosos por se moverem bem devagar!<\/span><\/li>\n<li class=\"toclevel-3\"><span class=\"toctext\"><span class=\"toctext\">Os\u00a0<\/span><\/span><em>Escandentes<\/em> s\u00e3o mam\u00edferos asi\u00e1ticos chamados Musaranhos-Arbor\u00edcolas, apesar de n\u00e3o serem musaranhos, e de nem todos viverem em \u00e1rvores.<\/li>\n<\/ol>\n<\/ol>\n<figure id=\"attachment_316\" class=\"wp-caption alignright\"><a href=\"http:\/\/www.big-animals.com\/wp-content\/uploads\/2008\/10\/MountainLion.jpg\"><img loading=\"lazy\" decoding=\"async\" class=\"size-full wp-image-316 \" title=\"Mountain Lion\" src=\"http:\/\/www.big-animals.com\/wp-content\/uploads\/2008\/10\/MountainLion.jpg\" alt=\"A Mountain Lion - Public Domain Image\" width=\"280\" height=\"318\" \/><\/a><figcaption class=\"wp-caption-text\">Uma On\u00e7a-Parda<\/figcaption><\/figure>\n<ol>\n<li class=\"toclevel-3\"><span class=\"tocnumber\">As duas esp\u00e9cies de Colugos (ordem <em>Dermoptera<\/em>, que significa &#8220;asas de pele&#8221;) s\u00e3o grandes mam\u00edferos voadores que vivem no sudeste Asi\u00e1tico.<\/span><\/li>\n<li class=\"toclevel-3\"><span class=\"tocnumber\">Os\u00a0<\/span><span class=\"toctext\"><a title=\"Primates\" href=\"http:\/\/www.big-animals.com\/pt\/primatas\/\">Primatas<\/a> incluem os macacos, e as pessoas, assim como os l\u00eamures, loris\u00eddeos, galagon\u00eddeos e t\u00e1rsios. A palavra <em>Primata<\/em> vem do Latim &#8220;primeiro&#8221;, porque o cientista quem os deu este nome achava que este grupo de mam\u00edferos era o mais importante (naturalmente, j\u00e1 que ele era um deles!). Existem mais de 400 esp\u00e9cies de primatas.<\/span><\/li>\n<li class=\"toclevel-3\">Cerca Cerca de 2 a cada 5 esp\u00e9cies de mam\u00edferos s\u00e3o roedores. Os <span class=\"toctext\"><a title=\"Rodents\" href=\"http:\/\/www.big-animals.com\/pt\/roedores\/\">Roedores<\/a>, ou <em>Rodentia<\/em>, incluem ratos, esquilos, t\u00e2mias, geomi\u00eddeos, e muitos outros animais como eles. Eles ganharam este nome da palavra em Latim <em>rodere<\/em>, que significa &#8220;roer&#8221; Os seus dois dentes da frente nunca param de crescer! Note que coelhos n\u00e3o s\u00e3o roedores.<\/span><\/li>\n<li class=\"toclevel-3\">Os coelhos e as lebres (e as pikas) pertencem \u00e0 ordem <em>Lagomorpha<\/em>. Eles s\u00e3o parecidos com os roedores, s\u00f3 que eles t\u00eam mais dentes incisivos superiores, e quase exclusivamente comem plantas. A palavra <em>Lagomorpha<\/em> vem do Grego &#8220;em forma de lebre&#8221;.<\/li>\n<li class=\"toclevel-3\"><span class=\"tocnumber\">Os 24 tipos de ouri\u00e7o e galeric\u00edneos (ou echinosoricinae) pertencem \u00e0 ordem chamada <em>Erinaceomorpha<\/em>. S\u00e3o criaturas razoavelmente grandes, com um nariz comprido, e uma cauda curta. O ouri\u00e7o tem espinhos nas costas ao inv\u00e9s de pelos.<\/span><\/li>\n<li class=\"toclevel-3\"><span class=\"tocnumber\">Os<\/span><span class=\"toctext\"> musaranhos, toupeiras e solenodontes s\u00e3o da ordem <em>Soricomorpha<\/em>. A palavra Grega <em>Sorico<\/em> apenas significa &#8220;musaranho&#8221;. Eles vivem em quase todos os continentes do mundo e muitos comem insetos.<\/span><\/li>\n<li class=\"toclevel-3\">As\u00a01100 esp\u00e9cies de <a title=\"Bats\" href=\"http:\/\/www.big-animals.com\/pt\/morcegos\/\">morcegos<\/a>, pertencem \u00e0 ordem <em>Chiroptera<\/em>. Este nome vem do Grego para &#8220;asa-m\u00e3o&#8221;, porque suas asas s\u00e3o feitas de pele esticada entre os ossos dos &#8220;dedos&#8221;. A maioria dos tipos de morcegos comem insetos, ajudando as pessoas no combate \u00e0 pragas que propagam doen\u00e7as e atacam planta\u00e7\u00f5es.<\/li>\n<li class=\"toclevel-3\">Os <em>Pholidota<\/em>, chamados Pangolins, vivem na regi\u00e3o dos tr\u00f3picos na \u00c1sia e \u00c1frica. Eles comem insetos, especialmente formigas e cupins.<\/li>\n<li class=\"toclevel-3\"><span class=\"tocnumber\">Os\u00a0<a title=\"Cetaceans\" href=\"http:\/\/www.big-animals.com\/pt\/cetaceos\/\">Cet\u00e1ceos<\/a> (Ordem <em>Cetacea<\/em>) incluem as baleias, golfinhos, e botos &#8211; incluindo o maior mam\u00edfero do mundo, e o maior animal de todos os tempos, a <\/span><span class=\"toctext\"><a href=\"http:\/\/www.big-animals.com\/pt\/the-blue-whale-the-biggest-animal-there-ever-was\/\">Baleia-Azul<\/a>. Assim como os Dugongos e os Peixes-Boi da ordem <em>Sirenia<\/em>, eles passam a vida inteira dentro d&#8217;\u00e1gua.<\/span><\/li>\n<li class=\"toclevel-3\"><span class=\"toctext\">A ordem\u00a0<em><a title=\"Carnivora\" href=\"http:\/\/www.big-animals.com\/pt\/carnivora\/\">Carnivora<\/a><\/em> inclui gatos, le\u00f5es, tigres, cachorros, texugos, doninhas, e muitos outros mam\u00edferos carn\u00edvoros. A palavra Carnivora vem do Latim &#8220;comedor de carne&#8221;. Observe, no entanto, que alguns animais <em>Carnivora<\/em> n\u00e3o s\u00e3o carn\u00edvoros &#8211; por exemplo, o Urso Panda come principalmente bambu.<\/span><\/li>\n<li class=\"toclevel-3\"><span class=\"tocnumber\">Cavalos\u00a0pertencem \u00e0 ordem<\/span><span class=\"toctext\">\u00a0<em><a title=\"Odd Toed-Ungulates\" href=\"http:\/\/www.big-animals.com\/pt\/odd-ungulados\/\">Perissodactyla<\/a><\/em>. Assim como a zebra, os rinocerontes, as antas, e assim por diante. A maioria deles come plantas, e as digere em seus intestinos. Eles t\u00eam um n\u00famero impar de dedos em cada p\u00e9.<\/span><\/li>\n<li class=\"toclevel-3\"><span class=\"toctext\"><span class=\"toctext\"><em><a title=\"Even-toed ungulate\" href=\"http:\/\/www.big-animals.com\/pt\/integrado-no-projeto-ate-mesmo-dedos-mamiferos\/\">Artiodactyla<\/a><\/em>\u00a0\u00e9 o nome dado \u00e0 ordem que cont\u00e9m porcos, vacas, camelos, veados, <a title=\"Hippopotamus\" href=\"http:\/\/www.big-animals.com\/pt\/hipopotamo\/\">hipop\u00f3tamos<\/a>\u00a0e assim por diante &#8211; incluindo o mais alto de todos os animais terrestres, a <a href=\"http:\/\/www.big-animals.com\/pt\/the-giraffe-the-worlds-tallest-animal\/\">Girafa<\/a>.\u00a0<\/span><\/span>A maioria deles tamb\u00e9m comem plantas. Aqueles que o fazem t\u00eam sistemas digestivos bastante complicados. Eles t\u00eam um n\u00famero par de dedos em cada p\u00e9.<\/li>\n<\/ol>\n<\/li>\n<\/ul>\n","protected":false},"excerpt":{"rendered":"<p>O que \u00e9 um mam\u00edfero? N\u00f3s estamos todos familiarizados com os mam\u00edferos &#8211; quando voc\u00ea pede para algu\u00e9m para pensar em um animal, eles tipicamente mencionam mam\u00edferos primeiro &#8211; gatos, cachorros, cavalos e assim por diante. N\u00f3s somos mais familiarizados com os mam\u00edferos que com outros tipos de animais, apesar do fato que existem apenas &hellip; <a href=\"https:\/\/www.big-animals.com\/pt\/os-maiores-mamiferos-do-mundo\/\" class=\"more-link\">Continue reading <span class=\"screen-reader-text\">Os Maiores Mam\u00edferos do Mundo!<\/span><\/a><\/p>\n","protected":false},"author":196,"featured_media":0,"parent":0,"menu_order":0,"comment_status":"closed","ping_status":"closed","template":"","meta":{"_acf_changed":false,"footnotes":""},"acf":[],"_links":{"self":[{"href":"https:\/\/www.big-animals.com\/pt\/wp-json\/wp\/v2\/pages\/456"}],"collection":[{"href":"https:\/\/www.big-animals.com\/pt\/wp-json\/wp\/v2\/pages"}],"about":[{"href":"https:\/\/www.big-animals.com\/pt\/wp-json\/wp\/v2\/types\/page"}],"author":[{"embeddable":true,"href":"https:\/\/www.big-animals.com\/pt\/wp-json\/wp\/v2\/users\/196"}],"replies":[{"embeddable":true,"href":"https:\/\/www.big-animals.com\/pt\/wp-json\/wp\/v2\/comments?post=456"}],"version-history":[{"count":12,"href":"https:\/\/www.big-animals.com\/pt\/wp-json\/wp\/v2\/pages\/456\/revisions"}],"predecessor-version":[{"id":458,"href":"https:\/\/www.big-animals.com\/pt\/wp-json\/wp\/v2\/pages\/456\/revisions\/458"}],"wp:attachment":[{"href":"https:\/\/www.big-animals.com\/pt\/wp-json\/wp\/v2\/media?parent=456"}],"curies":[{"name":"wp","href":"https:\/\/api.w.org\/{rel}","templated":true}]}}