{"id":47,"date":"2011-05-09T09:26:16","date_gmt":"2011-05-09T09:26:16","guid":{"rendered":""},"modified":"2011-05-09T09:26:16","modified_gmt":"2011-05-09T09:26:16","slug":"polar-bear","status":"publish","type":"page","link":"https:\/\/www.big-animals.com\/pt\/polar-bear\/","title":{"rendered":"Urso polar"},"content":{"rendered":"<p><span id=\"gts_text_1\" class=\"gts_text\">Ursos polares vivem dentro do C\u00edrculo \u00c1rtico. <\/span><span id=\"gts_text_2\" class=\"gts_text\">Eles podem ser encontrados no Canad\u00e1, Alasca, Noruega e norte da R\u00fassia. <\/span><span id=\"gts_text_3\" class=\"gts_text\">Eles s\u00e3o terras maiores do mundo <a title=\"Carnivora\" href=\"http:\/\/www.big-animals.com\/carnivora\/\">Carnivoran<\/a>. <\/span><span id=\"gts_text_4\" class=\"gts_text\">(Carnivoran maior do mundo \u00e9 uma esp\u00e9cie de selo, o <a title=\"Southern Elephant Seal\" href=\"http:\/\/www.big-animals.com\/southern-elephant-seal\/\">sul do Elefante-marinho<\/a>e \u00e9 muito mais confort\u00e1vel no mar do que em terra) Eles tamb\u00e9m s\u00e3o o maior urso &#8211; sendo apenas um pouco maior do que o urso pardo. <\/span><span id=\"gts_text_5\" class=\"gts_text\">Um Urso Polar masculino adulto pesa cerca de 350-680 kg (lb de 770-1500) e a f\u00eamea adulta pesa cerca de 150-250 kg (330-550 lb). <\/span><span id=\"gts_text_6\" class=\"gts_text\">Quando ela est\u00e1 gr\u00e1vida, ela pesa tanto quanto de 500 kg (lb 1100)! <\/span><span id=\"gts_text_7\" class=\"gts_text\">As temperaturas onde ursos polares vivem varia de uma m\u00e9dia de-34C (-30F) no inverno e 0 C (32 F) no Ver\u00e3o. <\/span><span id=\"gts_text_8\" class=\"gts_text\">Os ursos polares s\u00e3o capazes de suportar o frio extremo porque eles s\u00e3o cobertos com um casaco de pele branca densa. <\/span><span id=\"gts_text_9\" class=\"gts_text\">A altura de um urso polar masculino m\u00e9dia \u00e9 sobre 2. 4-3 metros (8 a 10 p\u00e9s) e feminino urso-polar \u00e9 cerca de 1,8-2,4 metros (6-8 p\u00e9s).<\/span><\/p>\n<figure id=\"attachment_839\" aria-describedby=\"caption-attachment-839\" style=\"width: 300px\" class=\"wp-caption aligncenter\"><a href=\"http:\/\/www.big-animals.com\/wp-content\/uploads\/2011\/04\/Polar_Bear_And_Human-2.png\"><img loading=\"lazy\" decoding=\"async\" class=\"size-medium wp-image-839\" title=\"The Polar Bear is the World&apos;s Biggest Land Carnivoran\" src=\"http:\/\/www.big-animals.com\/wp-content\/uploads\/2011\/04\/Polar_Bear_And_Human-2-300x180.png\" alt=\"The Polar Bear is the World&apos;s Biggest Land Carnivoran\" width=\"300\" height=\"180\" \/><\/a><figcaption id=\"caption-attachment-839\" class=\"wp-caption-text\">The Polar Bear is the World&apos;s Biggest Land Carnivoran<\/figcaption><\/figure>\n<h3><span id=\"gts_text_10\" class=\"gts_text\">Habitat de urso polar<\/span><\/h3>\n<p><span id=\"gts_text_11\" class=\"gts_text\">Eles s\u00e3o nascidos na terra, mas eles passam a maior parte do seu tempo no mar sobre o gelo do mar. <\/span><span id=\"gts_text_12\" class=\"gts_text\">\u00c9 por isso que algumas pessoas dizem que o urso-polar \u00e9 um mam\u00edfero marinho. <\/span><span id=\"gts_text_13\" class=\"gts_text\">Eles podem ficar sobre o gelo do mar por m\u00eas e ca\u00e7ar. <\/span><span id=\"gts_text_14\" class=\"gts_text\">O gelo do mar \u00e9 como uma grande pe\u00e7a plana de gelo \u00e0 deriva no mar. <\/span><span id=\"gts_text_15\" class=\"gts_text\">Este gelo do mar cobre as \u00e1guas nos oceanos \u00e1rticas. <\/span><span id=\"gts_text_16\" class=\"gts_text\">Selos migrar\u00e1 de acordo com como muda o gelo do mar. <\/span><span id=\"gts_text_17\" class=\"gts_text\">Quando migrar os selos, os ursos polares tamb\u00e9m ir\u00e1 migrar, porque os selos s\u00e3o comida favorita do urso polar. <\/span><span id=\"gts_text_18\" class=\"gts_text\">Em algumas \u00e1reas, se o gelo derrete completamente no Ver\u00e3o, os ursos polares migrar para a terra e esperar meses at\u00e9 que o gelo do mar \u00e9 formado. <\/span><span id=\"gts_text_19\" class=\"gts_text\">No mar de Beaufort, ursos polares ir\u00e1 mover cada ver\u00e3o ainda mais norte onde o gelo permanece congelado durante o ano todo.<\/span><\/p>\n<h3><span id=\"gts_text_20\" class=\"gts_text\">Adapta\u00e7\u00e3o de um Urso Polar<\/span><\/h3>\n<p><span id=\"gts_text_21\" class=\"gts_text\">O tipo mais pr\u00f3ximo dos ursos para ursos polares s\u00e3o o Pardo. <\/span><span id=\"gts_text_22\" class=\"gts_text\">Os ursos polares t\u00eam uma compila\u00e7\u00e3o mais longo e um cr\u00e2nio mais longo e nariz. <\/span><span id=\"gts_text_23\" class=\"gts_text\">Eles t\u00eam uma pequena orelhas e uma cauda pequena mas eles t\u00eam enormes patas. <\/span><span id=\"gts_text_24\" class=\"gts_text\">Suas patas s\u00e3o muito maior em compara\u00e7\u00e3o com patas dos outros ursos. <\/span><span id=\"gts_text_25\" class=\"gts_text\">Estas patas grandes e arredondadas permite que os ursos ser capaz de espalhar-se seu peso durante a caminhada na neve e mar de gelo. <\/span><span id=\"gts_text_26\" class=\"gts_text\">As patas s\u00e3o como built-in tren\u00f3s para os ursos polares. <\/span><span id=\"gts_text_27\" class=\"gts_text\">Suas patas medem cerca de 30 cm (1 p\u00e9) atrav\u00e9s de um urso polar adulto. <\/span><span id=\"gts_text_28\" class=\"gts_text\">Al\u00e9m do mais, as almofadas das patas s\u00e3o cobertas com pequenas sali\u00eancias que fornecem boa fric\u00e7\u00e3o quando andando no gelo escorregadio. <\/span><span id=\"gts_text_29\" class=\"gts_text\">Garras do urso polar s\u00e3o curtos e solidamente constru\u00eddo em compara\u00e7\u00e3o com o urso pardo. <\/span><span id=\"gts_text_30\" class=\"gts_text\">Tendo estes tipos de garras ajuda o urso polar segurar at\u00e9 heavy presas ou de gelo sem qualquer problema.\u00a0Ursos polares t\u00eam 42 dentes. <\/span><span id=\"gts_text_31\" class=\"gts_text\">Seus molares s\u00e3o menores e mais penetrante que molares do urso pardo. <\/span><span id=\"gts_text_32\" class=\"gts_text\">Sendo comedores de carne, seus dentes caninos s\u00e3o grandes e afiados.<\/span><\/p>\n<h3><span id=\"gts_text_33\" class=\"gts_text\">Factos e informa\u00e7\u00f5es de Urso Polar<\/span><\/h3>\n<p><span id=\"gts_text_34\" class=\"gts_text\">Ursos polares est\u00e3o isolados n\u00e3o apenas por suas peles, mas por uma camada de gordura at\u00e9 10 cm (4 polegadas) de espessura. <\/span><span id=\"gts_text_35\" class=\"gts_text\">Sua pele e p\u00ealos ser\u00e3o superaquecimento se a temperatura vai acima de 10 C (50 F). <\/span><span id=\"gts_text_36\" class=\"gts_text\">Sua pele \u00e9 composto por uma camada de pele interior denso e uma camada externa de cabelo, que quase branco olhares. <\/span><span id=\"gts_text_37\" class=\"gts_text\">A pele da camada exterior \u00e9 de cerca de 5 a 15 cm de espessura (2 a 6 polegadas) e abrange quase todo o corpo.<\/span><\/p>\n<p><span id=\"gts_text_38\" class=\"gts_text\">O off white peles de vontade tornam-se normalmente amarelo como crescem mais velhos. <\/span><span id=\"gts_text_39\" class=\"gts_text\">Quando eles s\u00e3o mantidos em um lugar quente e \u00famido, sua pele pode transformar uma p\u00e1lida sombra de verde porque haver\u00e1 algas crescendo dentro da pele exterior. <\/span><span id=\"gts_text_40\" class=\"gts_text\">Os machos t\u00eam cabelo mais longo em suas patas dianteiras, que aumentar\u00e3o de comprimento at\u00e9 que o urso \u00e9 14 anos de idade.<\/span><\/p>\n<p><span id=\"gts_text_41\" class=\"gts_text\">O urso polar tem um muito bom senso de cheiro. <\/span><span id=\"gts_text_42\" class=\"gts_text\">Ele \u00e9 capaz de detectar um selo que \u00e9 quase 1,5 km (1 milha) e enterrado um metro (um quintal) sob a neve. <\/span><span id=\"gts_text_43\" class=\"gts_text\">A audi\u00e7\u00e3o \u00e9 t\u00e3o bom como nossa audi\u00e7\u00e3o e eles podem ver demasiado sem qualquer problema.<\/span><\/p>\n<h3><span id=\"gts_text_44\" class=\"gts_text\">Urso polar nata\u00e7\u00e3o<\/span><\/h3>\n<p><span id=\"gts_text_45\" class=\"gts_text\">Eles s\u00e3o maravilhosos nadadores. <\/span><span id=\"gts_text_46\" class=\"gts_text\">Eles v\u00e3o nadar de gelo do mar de gelo do mar. <\/span><span id=\"gts_text_47\" class=\"gts_text\">Eles foram vistos nata\u00e7\u00e3o 320 km (200 milhas) da terra mais pr\u00f3xima. <\/span><span id=\"gts_text_48\" class=\"gts_text\">Sua gordura corporal ajuda-los a flutuar. <\/span><span id=\"gts_text_49\" class=\"gts_text\">Eles c\u00e3o-p\u00e1s com sua cabe\u00e7a e grande parte de suas costas acima da \u00e1gua. <\/span><span id=\"gts_text_50\" class=\"gts_text\">Suas patas grandes ajud\u00e1-los a impulsionar-se rapidamente atrav\u00e9s da \u00e1gua. <\/span><span id=\"gts_text_51\" class=\"gts_text\">Eles podem nadar a cerca de 10 km\/h (6 mph). <\/span><span id=\"gts_text_52\" class=\"gts_text\">Eles tendem a caminhar lentamente e sem jeito. <\/span><span id=\"gts_text_53\" class=\"gts_text\">Sua velocidade de passeio \u00e9 sobre 5. 5 km\/h (3. 5 mph). <\/span><span id=\"gts_text_54\" class=\"gts_text\">Quando executando em alta velocidade, podem atingir at\u00e9 40 km\/h (25 mph).<\/span><\/p>\n<h3><span id=\"gts_text_55\" class=\"gts_text\">Como Polar Bears Hunt<\/span><\/h3>\n<p><span id=\"gts_text_56\" class=\"gts_text\">Urso polar \u00e9 o mais carn\u00edvoro de todos os ursos. <\/span><span id=\"gts_text_57\" class=\"gts_text\">Eles se alimentam principalmente de selos. <\/span><span id=\"gts_text_58\" class=\"gts_text\">O \u00c1rtico \u00e9 lar de milh\u00f5es de selos. <\/span><span id=\"gts_text_59\" class=\"gts_text\">Os selos s\u00e3o ca\u00e7ados por ursos quando eles de superf\u00edcie em buracos no gelo para respirar ou quando eles subir para o gelo do mar para descansar.<\/span><\/p>\n<p><span id=\"gts_text_60\" class=\"gts_text\">M\u00e9todo mais comum de ca\u00e7a do urso polar \u00e9 chamado still-hunting. <\/span><span id=\"gts_text_61\" class=\"gts_text\">O urso usa seu excelente sentido do olfato para localizar um buraco de respira\u00e7\u00e3o do selo e feedback nas proximidades, silenciosamente e pacientemente \u00e0 espera de um selo aparecer. <\/span><span id=\"gts_text_62\" class=\"gts_text\">Quando o selo sai do buraco para respirar o urso polar cheira a respira\u00e7\u00e3o e rapidamente atinge o buraco e arrasta o selo pobre com sua pata. <\/span><span id=\"gts_text_63\" class=\"gts_text\">O focinho longo e pesco\u00e7o do urso polar permite-lhe pesquisar em buracos profundos para selos. <\/span><span id=\"gts_text_64\" class=\"gts_text\">Seus p\u00e9s traseiros poderosos dar-lhe a for\u00e7a para arrastar mesmo grandes selos para o gelo. <\/span><span id=\"gts_text_65\" class=\"gts_text\">O urso polar tamb\u00e9m atacar selos quando eles est\u00e3o descansando sobre o gelo do mar. <\/span><span id=\"gts_text_66\" class=\"gts_text\">Por exemplo, se o urso polar de manchas de um selo, andar\u00e1 a menos de 100 metros (300 p\u00e9s) e, em seguida, feedback. <\/span><span id=\"gts_text_67\" class=\"gts_text\">Se o selo n\u00e3o notar, o urso se arrasta para dentro de 10 a 12 metros (30-35 p\u00e9s) do selo e de repente corre para ele e ataques. <\/span><span id=\"gts_text_68\" class=\"gts_text\">Um terceiro m\u00e9todo de ca\u00e7a \u00e9 o nascimento home dos selos feminino de raid.<\/span><\/p>\n<p><span id=\"gts_text_69\" class=\"gts_text\">Ursos adultos tendem a comer alimentos s\u00f3 muito ricos &#8211; a pele e espessa camada de gordura de um selo. <\/span><span id=\"gts_text_70\" class=\"gts_text\">Young ursos que n\u00e3o precisar\u00e1 dependem de sua m\u00e3e mais, mas n\u00e3o tem suficiente habilidades de ca\u00e7a ou o tamanho para ca\u00e7ar focas, tem que olhar para animais mortos deixados por outros ursos. <\/span><span id=\"gts_text_71\" class=\"gts_text\">Os ursos jovens podem tamb\u00e9m for\u00e7ados a aceitar um animal morto comido meia se matar um selo, mas n\u00e3o pode parar uma maior ursos de roub\u00e1-lo. <\/span><span id=\"gts_text_72\" class=\"gts_text\">Coisa pobre!<\/span><\/p>\n<p><span id=\"gts_text_73\" class=\"gts_text\">O urso-polar \u00e9 um predador poderoso enorme. <\/span><span id=\"gts_text_74\" class=\"gts_text\">Ele pode matar uma adulta morsa, mas eles raramente tentam. <\/span><span id=\"gts_text_75\" class=\"gts_text\">Uma morsa pode ser mais do dobro peso do urso e tem as presas de Marfim h\u00e1 muito tempo que s\u00e3o cerca de 3 metros de comprimento (90 cm). <\/span><span id=\"gts_text_76\" class=\"gts_text\">A morsa usa estes presas como uma arma mortal para se defender.<\/span><\/p>\n<p><span id=\"gts_text_77\" class=\"gts_text\">Ursos polares tamb\u00e9m ca\u00e7ar baleias Beluga, por captura-los de seus buracos de respira\u00e7\u00e3o do gelo do mar. <\/span><span id=\"gts_text_78\" class=\"gts_text\">As baleias s\u00e3o do mesmo tamanho que os walrus e na verdade \u00e9 muito dif\u00edcil para o urso polar para mat\u00e1-los. <\/span><span id=\"gts_text_79\" class=\"gts_text\">Ursos polares muito raramente atacar uma baleia adulta adulto.<\/span><\/p>\n<p><span id=\"gts_text_80\" class=\"gts_text\">A maioria dos animais terrestres no \u00c1rtico podem executar mais rapidamente do que os ursos polares da terra porque os ursos polares Obt\u00e9m superaquecido rapidamente. <\/span><span id=\"gts_text_81\" class=\"gts_text\">A maioria dos animais marinhos que atende o urso podem nadar mais r\u00e1pido do que os ursos polares tamb\u00e9m. <\/span><span id=\"gts_text_82\" class=\"gts_text\">Assim, voc\u00ea v\u00ea, ursos polares n\u00e3o s\u00e3o os corredores mais r\u00e1pidos na terra e n\u00e3o o nadador mais r\u00e1pido no mar. <\/span><span id=\"gts_text_83\" class=\"gts_text\">Em alguns lugares, os ursos polares comer jovens morsas e corpos mortos de morsas adultas ou baleias.<\/span><\/p>\n<figure id=\"attachment_836\" aria-describedby=\"caption-attachment-836\" style=\"width: 300px\" class=\"wp-caption alignright\"><a href=\"http:\/\/www.big-animals.com\/wp-content\/uploads\/2011\/04\/Polar_Bear_And_Cubs.jpg\"><img loading=\"lazy\" decoding=\"async\" class=\"size-medium wp-image-836\" title=\"Polar Bear Mother And Cubs\" src=\"http:\/\/www.big-animals.com\/wp-content\/uploads\/2011\/04\/Polar_Bear_And_Cubs-300x162.jpg\" alt=\"Polar Bear Mother And Cubs\" width=\"300\" height=\"162\" \/><\/a><figcaption id=\"caption-attachment-836\" class=\"wp-caption-text\">Polar Bear Mother And Cubs<\/figcaption><\/figure>\n<h3><span id=\"gts_text_84\" class=\"gts_text\">Beb\u00eas de urso polar<\/span><\/h3>\n<p><span id=\"gts_text_85\" class=\"gts_text\">Ursos polares est\u00e3o ativos durante todo o ano excepto para os ursos f\u00eameas gr\u00e1vidos. <\/span><span id=\"gts_text_86\" class=\"gts_text\">Um Urso Polar f\u00eamea gr\u00e1vida \u00e9 muito pesado para ser ativo. <\/span><span id=\"gts_text_87\" class=\"gts_text\">Ela ganhou pelo menos 200 kg (lb 440) sobre seu peso original. <\/span><span id=\"gts_text_88\" class=\"gts_text\">Ela entra em um den gelada para dar \u00e0 luz. <\/span><span id=\"gts_text_89\" class=\"gts_text\">Os filhotes nascem cegos, coberta com pele marrom claro e pesam menos de um quilograma (menos de 2 lb). <\/span><span id=\"gts_text_90\" class=\"gts_text\">Eles s\u00e3o completamente impotentes &#8211; eles seriam rapidamente congelar a morte fora a den! <\/span><span id=\"gts_text_91\" class=\"gts_text\">Eles s\u00f3 abrirem os olhos ap\u00f3s cerca de 30 dias.<\/span><\/p>\n<p><span id=\"gts_text_92\" class=\"gts_text\">Eles s\u00e3o nascidos entre novembro e Fevereiro, quando \u00e9 escuro e frio no \u00c1rtico. <\/span><span id=\"gts_text_93\" class=\"gts_text\">A m\u00e3e ainda n\u00e3o come ao alimentar os filhotes com leite. <\/span><span id=\"gts_text_94\" class=\"gts_text\">A m\u00e3e normalmente ir\u00e1 dar origem a dois filhotes cada vez. <\/span><span id=\"gts_text_95\" class=\"gts_text\">Ela vai ficar com os seus filhotes no recanto at\u00e9 que os filhotes s\u00e3o grandes o suficiente para cuidar de si. <\/span><span id=\"gts_text_96\" class=\"gts_text\">Quando os filhotes est\u00e3o prontos, ela quebra aberto \u00e0 entrada da den. <\/span><span id=\"gts_text_97\" class=\"gts_text\">Seus filhotes ser\u00e3o cerca de 10 a 15 kg por ent\u00e3o (22 a 33 lb). <\/span><span id=\"gts_text_98\" class=\"gts_text\">Cerca de 12 a 15 dias, a fam\u00edlia vai gastar tempo fora da den e ela ainda vai ficar perto de seus filhotes. <\/span><span id=\"gts_text_99\" class=\"gts_text\">Os filhotes v\u00e3o jogar uns com os outros. <\/span><span id=\"gts_text_100\" class=\"gts_text\">Gradualmente os filhotes v\u00e3o come\u00e7ar a ter longas caminhadas de recanto para o gelo do mar. <\/span><span id=\"gts_text_101\" class=\"gts_text\">Os filhotes geralmente permanecem com sua m\u00e3e para cerca de um ano e meio, ao mesmo tempo, aprender a ca\u00e7ar. <\/span><span id=\"gts_text_102\" class=\"gts_text\">Em suma, o urso de m\u00e3e tem a ver sem comida para cerca de 8 meses.<\/span><\/p>\n<p><span id=\"gts_text_103\" class=\"gts_text\">Ursos polares t\u00eam a capacidade de diminuir sua taxa metab\u00f3lica, quando o alimento \u00e9 dif\u00edcil de encontrar, e eles v\u00e3o aumentar sua taxa metab\u00f3lica novamente quando o alimento \u00e9 abundante. <\/span><span id=\"gts_text_104\" class=\"gts_text\">Os ursos polares s\u00e3o capazes de diminuir sua taxa de cora\u00e7\u00e3o de 46 para 27 batidas por minutos. <\/span><span id=\"gts_text_105\" class=\"gts_text\">Eles s\u00e3o capazes de r\u00e1pida para at\u00e9 a v\u00e1rios meses quando o gelo derrete e eles n\u00e3o conseguem encontrar selos para ca\u00e7ar. <\/span><span id=\"gts_text_106\" class=\"gts_text\">Eles v\u00e3o viver em suas reservas de gorduras por meses durante esse tempo. <\/span><span id=\"gts_text_107\" class=\"gts_text\">Ursos polares tamb\u00e9m podem comer muskox, renas, ovos de aves, roedores, moluscos, caranguejos e at\u00e9 mesmo outros ursos polares. <\/span><span id=\"gts_text_108\" class=\"gts_text\">Eles tamb\u00e9m comem plantas como bagas, ra\u00edzes e alga marinha, mas s\u00f3 muito raramente &#8211; eles precisam uma dieta muito gordurosa e focas e baleias s\u00e3o os alimentos fattiest que eles podem obter. <\/span><span id=\"gts_text_109\" class=\"gts_text\">Eles n\u00e3o seria capazes de obter energia suficiente de apenas plantas e animais terrestres.<\/span><\/p>\n<h3><span id=\"gts_text_110\" class=\"gts_text\">Ataques de urso polar<\/span><\/h3>\n<p><span id=\"gts_text_111\" class=\"gts_text\">Eles raramente atacam seres humanos, a menos que eles s\u00e3o perturbados. <\/span><span id=\"gts_text_112\" class=\"gts_text\">Mas um urso polar com fome pode matar e comer um ser humano. <\/span><span id=\"gts_text_113\" class=\"gts_text\">Assim, j\u00e1 n\u00e3o perturbe um urso com fome! <\/span><span id=\"gts_text_114\" class=\"gts_text\">Eles s\u00e3o ca\u00e7adores sneaky e ast\u00facia. <\/span><span id=\"gts_text_115\" class=\"gts_text\">Suas presas geralmente \u00e9 pego desconhecem. <\/span><span id=\"gts_text_116\" class=\"gts_text\">Se uma pessoa \u00e9 atacada por um Pardo, eles ir\u00e3o ser gravemente feridos, mas, em seguida, o urso muitas vezes apenas deixa a v\u00edtima sozinha. <\/span><span id=\"gts_text_117\" class=\"gts_text\">Quando um urso ataca uma pessoa, a pessoa raramente sobrevive. <\/span><span id=\"gts_text_118\" class=\"gts_text\">Assim, se voc\u00ea \u00e9 atacado por um urso ataca voc\u00ea, dizer seus \u00faltimos ora\u00e7\u00f5es!<\/span><\/p>\n<p><span id=\"gts_text_119\" class=\"gts_text\">Ursos polares adultos geralmente vivem sozinhos, mas eles muitas vezes foi vistos jogando com outros ursos polares durante horas e at\u00e9 mesmo abra\u00e7ando uns aos outros durante o sono. <\/span><span id=\"gts_text_120\" class=\"gts_text\">Os filhotes s\u00e3o brincalh\u00e3o. <\/span><span id=\"gts_text_121\" class=\"gts_text\">eles s\u00e3o capazes de abaixo, roar, rosnar, chuff e ronronar.<\/span><\/p>\n<p><span id=\"gts_text_122\" class=\"gts_text\">Eles s\u00e3o menos afetados por doen\u00e7as infecciosas e parasitas do que a maioria dos mam\u00edferos terrestres. <\/span><span id=\"gts_text_123\" class=\"gts_text\">Eles raramente vivem mais de 25 anos. <\/span><span id=\"gts_text_124\" class=\"gts_text\">O urso polar selvagens mais antigo registro morreu com a idade de 32 anos de idade e o urso polar feminino em cativeiro mais velho morreu em 1991, quando ela tinha 43 anos de idade. <\/span><span id=\"gts_text_125\" class=\"gts_text\">Quando selvagens ursos polares s\u00e3o antigos, eles se tornam demasiado fracos para se deslocar ca\u00e7ar para alimentar. <\/span><span id=\"gts_text_126\" class=\"gts_text\">Gradualmente, eles v\u00e3o morrer de fome. <\/span><span id=\"gts_text_127\" class=\"gts_text\">Aparte disso, ursos polares selvagens que mal s\u00e3o feridos em lutas ou acidentes tamb\u00e9m pode morrer porque eles n\u00e3o conseguem ca\u00e7ar mais. <\/span><span id=\"gts_text_128\" class=\"gts_text\">Eles v\u00e3o tamb\u00e9m acabou morrendo de fome.<\/span><\/p>\n<p><span id=\"gts_text_129\" class=\"gts_text\">Os ursos polares s\u00e3o predadores de n\u00edvel superiores. <\/span><span id=\"gts_text_130\" class=\"gts_text\">Eles t\u00eam nenhuma predadores do seus pr\u00f3prios, ser comido por lobos famintos ou Pardo embora seus filhotes ser\u00e3o por vezes.<\/span><\/p>\n<p><span id=\"gts_text_131\" class=\"gts_text\">Ursos polares h\u00e1 muito ter sido ca\u00e7ados para suas peles, carne, gordura, nervos, ves\u00edcula biliar e seus dentes caninos. <\/span><span id=\"gts_text_132\" class=\"gts_text\">Eles s\u00e3o ca\u00e7ados pelos povos nativos ao \u00c1rtico. <\/span><span id=\"gts_text_133\" class=\"gts_text\">Tradicionalmente, esses ca\u00e7adores usaria algo para distrair o urso, e, em seguida, eles seriam lan\u00e7a o urso ou disparar com setas. <\/span><span id=\"gts_text_134\" class=\"gts_text\">A pele foi usada para costurar cal\u00e7as e cal\u00e7ados. <\/span><span id=\"gts_text_135\" class=\"gts_text\">A carne \u00e9 comest\u00edvel. <\/span><span id=\"gts_text_136\" class=\"gts_text\">O fat foi usado em alimentos e como combust\u00edvel para iluminar suas casas. <\/span><span id=\"gts_text_137\" class=\"gts_text\">Nervos foram usados como threads para roupa de costura. <\/span><span id=\"gts_text_138\" class=\"gts_text\">A ves\u00edcula biliar e \u00e0s vezes o cora\u00e7\u00e3o dos ursos foram secas e em p\u00f3 para fazer medicina. <\/span><span id=\"gts_text_139\" class=\"gts_text\">Seus grandes dentes caninos foram usadas para fazer amuletos. <\/span><span id=\"gts_text_140\" class=\"gts_text\">N\u00e3o muitos seres humanos viviam no extremo frio do \u00c1rtico, por conseguinte, a ca\u00e7a de ursos polares efeito a popula\u00e7\u00e3o de ursos polares.<\/span><\/p>\n<h3><span id=\"gts_text_141\" class=\"gts_text\">O Urso Polar amea\u00e7ado pelo Aquecimento Global<\/span><\/h3>\n<p><span id=\"gts_text_142\" class=\"gts_text\">Em 15 de Maio de 2008, o governo dos EUA classificou os ursos polares como uma esp\u00e9cie amea\u00e7ada ao abrigo da lei de esp\u00e9cies amea\u00e7adas de extin\u00e7\u00e3o. <\/span><span id=\"gts_text_143\" class=\"gts_text\">Os efeitos do aquecimento global afetou significativamente o estilo de vida dos ursos polares. <\/span><span id=\"gts_text_144\" class=\"gts_text\">Devido a temperaturas mais quentes, o gelo derrete agora muito mais cedo do que h\u00e1 30 anos. <\/span><span id=\"gts_text_145\" class=\"gts_text\">Isso significa que ursos polares ter\u00e1 uma temporada de alimenta\u00e7\u00e3o mais curta e eventualmente morrem de desnutri\u00e7\u00e3o. <\/span><span id=\"gts_text_146\" class=\"gts_text\">Aparte disso, derramamentos de polui\u00e7\u00e3o e \u00f3leo no Oceano \u00c1rtico tamb\u00e9m amea\u00e7a os ursos polares de vida. <\/span><span id=\"gts_text_147\" class=\"gts_text\">O U.S. Geological Survey prev\u00ea dois ter\u00e7os dos ursos polares do mundo vai desaparecer da face da terra em 2050 devido ao aquecimento global. <\/span><span id=\"gts_text_148\" class=\"gts_text\">A quantidade de gelo no \u00c1rtico est\u00e1 ficando menor e menor cada d\u00e9cada, como voc\u00ea pode ver no mapa abaixo. <\/span><span id=\"gts_text_149\" class=\"gts_text\">Se este gelo de mar desaparece, o Urso-Polar pobre estar\u00e1 em s\u00e9rios apuros e poderia n\u00e3o sobreviver em todos excepto em jardins zool\u00f3gicos.<\/span><\/p>\n<figure id=\"attachment_842\" aria-describedby=\"caption-attachment-842\" style=\"width: 537px\" class=\"wp-caption aligncenter\"><a href=\"http:\/\/www.big-animals.com\/wp-content\/uploads\/2011\/04\/Arctic_Sea_Ice_Decline.jpg\"><img loading=\"lazy\" decoding=\"async\" class=\"size-full wp-image-842\" title=\"The Polar Bear&apos;s Habitat is Threatened by Global Warming\" src=\"http:\/\/www.big-animals.com\/wp-content\/uploads\/2011\/04\/Arctic_Sea_Ice_Decline.jpg\" alt=\"The Polar Bear&apos;s Habitat is Threatened by Global Warming\" width=\"537\" height=\"433\" \/><\/a><figcaption id=\"caption-attachment-842\" class=\"wp-caption-text\">The Polar Bear&apos;s Habitat is Threatened by Global Warming<\/figcaption><\/figure>\n","protected":false},"excerpt":{"rendered":"<p>Ursos polares vivem dentro do C\u00edrculo \u00c1rtico. Eles podem ser encontrados no Canad\u00e1, Alasca, Noruega e norte da R\u00fassia. Eles s\u00e3o terras maiores do mundo Carnivoran. (Carnivoran maior do mundo \u00e9 uma esp\u00e9cie de selo, o sul do Elefante-marinhoe \u00e9 muito mais confort\u00e1vel no mar do que em terra) Eles tamb\u00e9m s\u00e3o o maior urso &hellip; <a href=\"https:\/\/www.big-animals.com\/pt\/polar-bear\/\" class=\"more-link\">Continue reading <span class=\"screen-reader-text\">Urso polar<\/span><\/a><\/p>\n","protected":false},"author":1,"featured_media":0,"parent":0,"menu_order":0,"comment_status":"closed","ping_status":"open","template":"","meta":{"_acf_changed":false,"footnotes":""},"acf":[],"_links":{"self":[{"href":"https:\/\/www.big-animals.com\/pt\/wp-json\/wp\/v2\/pages\/47"}],"collection":[{"href":"https:\/\/www.big-animals.com\/pt\/wp-json\/wp\/v2\/pages"}],"about":[{"href":"https:\/\/www.big-animals.com\/pt\/wp-json\/wp\/v2\/types\/page"}],"author":[{"embeddable":true,"href":"https:\/\/www.big-animals.com\/pt\/wp-json\/wp\/v2\/users\/1"}],"replies":[{"embeddable":true,"href":"https:\/\/www.big-animals.com\/pt\/wp-json\/wp\/v2\/comments?post=47"}],"version-history":[{"count":0,"href":"https:\/\/www.big-animals.com\/pt\/wp-json\/wp\/v2\/pages\/47\/revisions"}],"wp:attachment":[{"href":"https:\/\/www.big-animals.com\/pt\/wp-json\/wp\/v2\/media?parent=47"}],"curies":[{"name":"wp","href":"https:\/\/api.w.org\/{rel}","templated":true}]}}