{"id":471,"date":"2015-09-23T05:54:58","date_gmt":"2015-09-23T05:54:58","guid":{"rendered":"http:\/\/www.big-animals.com\/pt\/?page_id=471"},"modified":"2015-09-23T06:15:17","modified_gmt":"2015-09-23T06:15:17","slug":"o-canguru-vermelho-o-maior-marsupial-do-mundo","status":"publish","type":"page","link":"https:\/\/www.big-animals.com\/pt\/o-canguru-vermelho-o-maior-marsupial-do-mundo\/","title":{"rendered":"O Canguru-Vermelho &#8211; O Maior Marsupial do Mundo!"},"content":{"rendered":"<h3>Qu\u00e3o Grande \u00e9 o Canguru-Vermelho?<\/h3>\n<p><img decoding=\"async\" src=\"http:\/\/ba.dr-mikes-maths.com\/\/wp-content\/themes\/twentyten\/images\/ba\/red-kangaroo-and-human.png\" alt=\"The Red Kangaroo and the human.\" \/><\/p>\n<p>O Canguru-Vermelho \u00e9 o maior\u00a0\u00a0<a href=\"http:\/\/www.big-animals.com\/pt\/the-mundos-maior-marsupiais\/\">marsupial<\/a>.\u00a0do mundo. Um canguru-vermelho de m\u00e9dio porte tem cerca de 1,5 metros de altura, um pouco mais baixo que um ser humano m\u00e9dio. Eles podem frequentemente crescer at\u00e9 meio metro a mais. Um adulto macho pode pesar 85 quilos, mas em m\u00e9dia eles s\u00e3o 25% mais leves que isso.<\/p>\n<h3>O Habitat do Canguru-Vermelho<\/h3>\n<p>Existem v\u00e1rios tipos de cangurus na Austr\u00e1lia. O Canguru-Vermelho \u00e9 o maior, e vive nos desertos secos do norte. Ele mant\u00e9m-se refrescado ficando na sombra e inativo quando est\u00e1 quente &#8211; ele \u00e9 mais ativo durante a noite, e especialmente durante o amanhecer e o entardecer. Ele tamb\u00e9m ofega (como os cachorros) e lambem suas patas dianteiras.<\/p>\n<p>Assim como todos os cangurus, o canguru-vermelho \u00e9 herb\u00edvoro. Seus alimentos preferidos s\u00e3o gram\u00edneas e plantas baixas. Seu corpo conserva \u00e1gua muito bem, para que ele possa extrair \u00e1gua o suficiente dos alimentos que come. Na verdade, contanto que ele tenha comida suficiente, ele pode sobreviver longos per\u00edodos sem beber.<\/p>\n<p><span style=\"font-size: 24px;font-weight: bold;line-height: 1.1667\">Fatos sobre o Canguru-Vermelho<\/span><\/p>\n<p>Os cientistas chamam o canguru-vermelho de\u00a0<em>Macropus Rufus<\/em>, que significa &#8220;p\u00e9-grande vermelho&#8221; Existem 14 tipos diferentes de\u00a0<em>Macropus<\/em>, incluindo todos os tipos diferentes de cangurus, wallabies e wallaroos. Wallabies e wallaroos s\u00e3o bem parecidos com os cangurus.<br \/>\n<img decoding=\"async\" src=\"http:\/\/ba.dr-mikes-maths.com\/\/wp-content\/themes\/twentyten\/images\/ba\/red-kangaroo-2.jpg\" alt=\"A pair of red kangaroos.\" \/><\/p>\n<p>Todos eles pertencem \u00e0 uma fam\u00edlia chamada\u00a0<em>Macropodidae<\/em>, que tamb\u00e9m significa &#8220;p\u00e9-grande&#8221;. Todas estas criaturas t\u00eam p\u00e9s longos e se movem pulando, mas muitos n\u00e3o se parecem muito com os cangurus. Na verdade, os primeiros exploradores holandeses nomearam uma certa ilha da costa de Austr\u00e1lia Ocidental um &#8220;ninho de rato&#8221; porque estava cheia de um Macr\u00f3pode de m\u00e9dio porte chamado &#8220;Quokka&#8221;.<\/p>\n<p>A fam\u00edlia Macropodidae pertence \u00e0 ordem\u00a0<em>Diprotodontia<\/em>, que significa &#8220;dois dentes da frente&#8221;. Estes incluem todos os marsupiais mais famosos &#8211; cangurus, coalas, vombates, gamb\u00e1s e outros. Portanto o canguru-vermelho \u00e9<\/p>\n<ul>\n<li>O\u00a0maior do mundo entre os 14 tipos de cangurus, wallabies e wallaroos,<\/li>\n<li>O\u00a0maior do mundo entre os 47 ou mais tipos de Macr\u00f3podes,<\/li>\n<li>O\u00a0maior do mundo entre os 120 ou mais tipos de animais da ordem\u00a0<em>Diprotodontia<\/em>,<\/li>\n<\/ul>\n<p>assim como o maior marsupial do mundo. Ele n\u00e3o \u00e9 o maior\u00a0\u00a0<a href=\"http:\/\/www.big-animals.com\/pt\/os-maiores-mamiferos-do-mundo\/\">mam\u00edferos<\/a>\u00a0ou mesmo o maior mam\u00edfero terrestre. Estes t\u00edtulos v\u00e3o para a\u00a0\u00a0<a href=\"http:\/\/www.big-animals.com\/pt\/the-blue-whale-the-biggest-animal-there-ever-was\/\">Baleia-Azul<\/a>\u00a0e para o\u00a0<a href=\"http:\/\/www.big-animals.com\/pt\/the-african-bush-elephant-the-worlds-biggest-land-animal\/\">Elefante Africano<\/a>\u00a0respectivamente.<\/p>\n<h3>O Salto do Canguru-Vermelho<\/h3>\n<p>O canguru tem um salto incr\u00edvel. Ele pode saltar sobre uma cerca de 3 metros, e seus passos saltitantes podem ter mais de 5 metros de comprimento. Este incr\u00edvel salto j\u00e1 at\u00e9 inspirou poetas, includindo um dos meus favoritos poemas engra\u00e7ados, de\u00a0\u00a0<a href=\"https:\/\/pt.wikipedia.org\/wiki\/Ogden_Nash\" target=\"_blank\">Ogden Nash<\/a>, o qual ele escreveu para acompanhar\u00a0<a href=\"https:\/\/pt.wikipedia.org\/wiki\/O_Carnaval_dos_Animais\" target=\"_blank\">O Carnaval dos Animais<\/a>\u00a0de\u00a0<a title=\"Camille Saint-Sa\u00ebns\" href=\"https:\/\/pt.wikipedia.org\/wiki\/Camille_Saint-Sa\u00ebns\" target=\"_blank\">Camille Saint-Sa\u00ebns<\/a>:<\/p>\n<div>\n<p><em>O canguru pode saltar incr\u00edvel.<\/em><\/p>\n<p><em>Ele tem que saltar, pois ele \u00e9 comest\u00edvel.<\/em><\/p>\n<p><em>Eu n\u00e3o poderia comer um canguru,<\/em><\/p>\n<p><em>Mas muitos australianos o comem.<\/em><\/p>\n<p><em>Aqueles com livros de receitas e bumerangues,<\/em><\/p>\n<p><em>Saboreiam-lo em deliciosos merengues de canguru<\/em>.<\/p>\n<p>Agora, eu n\u00e3o sei os merengues, mas o salto de 5 metros de um animal de 1,5 metros \u00e9 realmente incr\u00edvel.<\/p>\n<p>O canguru tem tend\u00f5es el\u00e1sticos especiais em suas pernas, que atuam como molas quando eles se movem de pulo em pulo. Um canguru-vermelho usa mais ou menos a mesma quantidade de energia quando pula rapidamente ou devagar.<\/p>\n<\/div>\n<h3>Outros Fatos sobre o Canguru-Vermelho<\/h3>\n<p>Felizmente, estas criaturas incr\u00edveis n\u00e3o est\u00e3o nem um pouco amea\u00e7adas de extin\u00e7\u00e3o. Dependendo da \u00e9poca, eles podem crescer em n\u00famero muito rapidamente. Eles vivem at\u00e9 14 anos, e uma m\u00e3e canguru pode ter um beb\u00ea a cada 8 ou 9 meses. Um beb\u00ea canguru \u00e9 chamado de &#8220;Joey&#8221;, e um grupo de cangurus \u00e9 chamado de &#8220;Mob&#8221; em ingl\u00eas. Quando cangurus-vermelhos machos brigam, eles se equilibram nas suas patas traseiras e cauda, atacam com suas patas dianteiras e ocasionalmente d\u00e3o um s\u00f3lido pontap\u00e9. Se voc\u00ea quiser, voc\u00ea pode assistir um\u00a0<a href=\"http:\/\/au.youtube.com\/watch?v=CEDq0SAYW44\" target=\"_blank\">v\u00eddeo com isto acontecendo<\/a>. Parece um pouco com o boxe, por isso as pessoas falam &#8220;cangurus boxeadores&#8221;.<\/p>\n<div><img decoding=\"async\" title=\"red kangaroo\" src=\"http:\/\/ba.dr-mikes-maths.com\/\/wp-content\/themes\/twentyten\/images\/ba\/red-kangaroo.jpg\" alt=\"red kangaroo\" \/><\/div>\n","protected":false},"excerpt":{"rendered":"<p>Qu\u00e3o Grande \u00e9 o Canguru-Vermelho? O Canguru-Vermelho \u00e9 o maior\u00a0\u00a0marsupial.\u00a0do mundo. Um canguru-vermelho de m\u00e9dio porte tem cerca de 1,5 metros de altura, um pouco mais baixo que um ser humano m\u00e9dio. Eles podem frequentemente crescer at\u00e9 meio metro a mais. Um adulto macho pode pesar 85 quilos, mas em m\u00e9dia eles s\u00e3o 25% mais &hellip; <a href=\"https:\/\/www.big-animals.com\/pt\/o-canguru-vermelho-o-maior-marsupial-do-mundo\/\" class=\"more-link\">Continue reading <span class=\"screen-reader-text\">O Canguru-Vermelho &#8211; O Maior Marsupial do Mundo!<\/span><\/a><\/p>\n","protected":false},"author":196,"featured_media":0,"parent":0,"menu_order":0,"comment_status":"closed","ping_status":"closed","template":"","meta":{"_acf_changed":false,"footnotes":""},"acf":[],"_links":{"self":[{"href":"https:\/\/www.big-animals.com\/pt\/wp-json\/wp\/v2\/pages\/471"}],"collection":[{"href":"https:\/\/www.big-animals.com\/pt\/wp-json\/wp\/v2\/pages"}],"about":[{"href":"https:\/\/www.big-animals.com\/pt\/wp-json\/wp\/v2\/types\/page"}],"author":[{"embeddable":true,"href":"https:\/\/www.big-animals.com\/pt\/wp-json\/wp\/v2\/users\/196"}],"replies":[{"embeddable":true,"href":"https:\/\/www.big-animals.com\/pt\/wp-json\/wp\/v2\/comments?post=471"}],"version-history":[{"count":5,"href":"https:\/\/www.big-animals.com\/pt\/wp-json\/wp\/v2\/pages\/471\/revisions"}],"predecessor-version":[{"id":476,"href":"https:\/\/www.big-animals.com\/pt\/wp-json\/wp\/v2\/pages\/471\/revisions\/476"}],"wp:attachment":[{"href":"https:\/\/www.big-animals.com\/pt\/wp-json\/wp\/v2\/media?parent=471"}],"curies":[{"name":"wp","href":"https:\/\/api.w.org\/{rel}","templated":true}]}}