{"id":488,"date":"2015-10-12T03:21:18","date_gmt":"2015-10-12T03:21:18","guid":{"rendered":"http:\/\/www.big-animals.com\/pt\/?page_id=488"},"modified":"2015-10-12T03:21:18","modified_gmt":"2015-10-12T03:21:18","slug":"o-caranguejo-dos-coqueiros-o-maior-artropode-terrestre","status":"publish","type":"page","link":"https:\/\/www.big-animals.com\/pt\/o-caranguejo-dos-coqueiros-o-maior-artropode-terrestre\/","title":{"rendered":"O Caranguejo-dos-Coqueiros &#8211; o Maior Artr\u00f3pode Terrestre"},"content":{"rendered":"<h3>Como Vive o Caranguejo-dos-Coqueiros<\/h3>\n<p>O Caranguejo-dos-Coqueiros, chamado pelos cientistas de <em>Birgus latro<\/em>, \u00e9 o maior <em><a href=\"http:\/\/www.big-animals.com\/pt\/a-mundos-maior-artropodes\/\">artr\u00f3pode<\/a>\u00a0<\/em>terrestre em vida do mundo &#8211; na verdade \u00e9 o maior entre todos os invertebrados que vivem em terra! Ele tem o comprimento de at\u00e9 40 cm e pesa at\u00e9 4,1 quilos e suas pernas estendem-se por mais de 90 cm. Os machos s\u00e3o geralmente maiores que as f\u00eameas.<\/p>\n<p><img loading=\"lazy\" decoding=\"async\" src=\"http:\/\/ba.dr-mikes-maths.com\/\/wp-content\/themes\/twentyten\/images\/ba\/coconut-crab.jpg\" alt=\"Coconut Crab\" width=\"399\" height=\"346\" \/><br \/>\nO Caranguejo-dos-Coqueiros \u00e9 o maior\u00a0artr\u00f3pode terrestre<\/p>\n<p>Eles podem viver mais de 30 anos. Seu corpo \u00e9 dividido em uma se\u00e7\u00e3o frontal que tem 10 patas, e um abd\u00f4men. O par de patas mais \u00e0 frente possui grandes garras, que o caranguejo usa para abrir cocos &#8211; \u00e9 por isso que eles t\u00eam esse nome. Estas garras podem carregar objetos de at\u00e9 29 quilos. Os pr\u00f3ximos dois pares de patas s\u00e3o grandes e fortes para caminhar, e permitem com que o caranguejo-dos-coqueiros possa subir em \u00e1rvores verticais como os coqueiros. O quarto par de patas \u00e9 menor com pin\u00e7as, como se fosse um par de alicates no final. Estas patas s\u00e3o usadas por caranguejos jovens para agarrar o interior da casca do coco e transport\u00e1-lo para prote\u00e7\u00e3o. Caranguejos-dos-coqueiros adultos usam este par para caminhar e escalar. O \u00faltimo par de patas \u00e9 muito pequeno e \u00e9 usado para limpar os \u00f3rg\u00e3os respirat\u00f3rios. Estas patas s\u00e3o normalmente localizadas no interior da cavidade que cont\u00e9m os \u00f3rg\u00e3os respirat\u00f3rios.<\/p>\n<p>O caranguejo-dos-coqueiros \u00e9 algumas vezes chamado de ladr\u00e3o-de-coco porque dizem que os caranguejos gostam de roubar objetos brilhantes, como panelas e talheres de casas e acampamentos. Ele pode ser encontrado nas ilhas tropicais dos Oceanos \u00cdndico e Pac\u00edfico.<\/p>\n<h3>Caranguejos-dos-Coqueiros s\u00e3o Caranguejos-Eremitas<\/h3>\n<p><img loading=\"lazy\" decoding=\"async\" src=\"http:\/\/ba.dr-mikes-maths.com\/\/wp-content\/themes\/twentyten\/images\/ba\/coconut-crab-2.jpg\" alt=\"Coconut Crab Climbing a Tree\" width=\"327\" height=\"496\" \/><br \/>\nUm Caranguejo-dos-Coqueiros escalando um coqueiro<\/p>\n<p>Caranguejos-dos-Coqueiros s\u00e3o um tipo de caranguejo-eremita &#8211; a maioria dos caranguejos-eremitas t\u00eam um abd\u00f4men mole, e usam conchas de caracol para se protegerem. No entanto, o Caranguejo-dos-Coqueiros \u00e9 t\u00e3o grande que n\u00e3o existem conchas de caracol suficientemente grandes para eles! Apenas Caranguejos-dos-Coqueiros jovens usam conchas de caracol. Conforme eles crescem, eles usam peda\u00e7os de cascas de coco, e quando adultos, seu abd\u00f4men endurece e eles n\u00e3o usam mais nada. Caranguejos-Eremitas n\u00e3o s\u00e3o caranguejos de verdade, mas pertencem ao seu pr\u00f3prio grupo de crust\u00e1ceos. Assim como caranguejos e lagostas, este grupo pertence a um grupo maior de crust\u00e1ceos chamado <em>Dec\u00e1podes<\/em> (que significa &#8220;10 patas&#8221;) Ent\u00e3o, al\u00e9m de ser o maior artr\u00f3pode terrestre, o caranguejo-dos-coqueiros \u00e9<\/p>\n<ul>\n<li>O maior crust\u00e1ceo terrestre do mundo,<\/li>\n<li>O maior crust\u00e1ceo terrestre dec\u00e1pode do mundo e<\/li>\n<li>O maior caranguejo-eremita do mundo!<\/li>\n<\/ul>\n<h3>A Alimenta\u00e7\u00e3o do Caranguejo-dos-Coqueiros<\/h3>\n<p>O caranguejo-dos-coqueiros n\u00e3o pode nadar. Eles usam um pulm\u00e3o especial para respirar. Eles t\u00eam um excelente olfato e s\u00e3o capazes de detectar odores a dist\u00e2ncia. O cheiro de carne podre, bananas e cocos, todas as op\u00e7\u00f5es de comida, chamam a sua aten\u00e7\u00e3o. Al\u00e9m de cocos, os caranguejos tamb\u00e9m comem frutas e uma variedade de outros materiais org\u00e2nicos, incluindo folhas, animais mortos e as cascas de outras criaturas.<\/p>\n<h3>O Ciclo de Vida do Caranguejo-dos-Coqueiros<\/h3>\n<p>A caranguejo-dos-coqueiros f\u00eamea libera os ovos no oceano durante a mar\u00e9 alta. A larva do caranguejo flutua na \u00e1gua por cerca de 28 dias. Depois desta fase larval eles perdem a habilidade de respirar em \u00e1gua. Os caranguejos-dos-coqueiros jovens s\u00e3o bem flex\u00edveis. Depois de quatro a oito anos depois de nascer, o caranguejo-dos-coqueiros amadurece e pode p\u00f4r ovos.<\/p>\n<h3>As Pessoas e os Caranguejos-dos-Coqueiros<\/h3>\n<p>A carne do caranguejo-dos-coqueiros \u00e9 considerada uma iguaria fina entre as pessoas das ilhas do Pac\u00edfico. Seu gosto \u00e9 similar \u00e0 lagosta e ao caranguejo. O caranguejo-dos-coqueiros pode ser cozido em \u00e1gua fervente, cozido no vapor ou cozinhado em leite de coco. No entanto, a carne pode ser t\u00f3xica, se o caranguejo for habituado a comer plantas venenosas. Sem surpresas, garras que podem quebrar cocos podem tamb\u00e9m dar causar um belisc\u00e3o doloroso em uma pessoa descuidada &#8211; e o caranguejo pode continuar segurando sua v\u00edtima fortemente. Algumas pessoas dizem que esfregar a barriga do caranguejo pode fazer com que ele afrouxe sua garra &#8211; mas com certeza \u00e9 melhor n\u00e3o deixar o caranguejo morder em primeiro lugar!<\/p>\n<p>Caranguejos-dos-Coqueiros s\u00e3o as vezes mantidos como animais de estima\u00e7\u00e3o, por exemplo no Jap\u00e3o, especialmente enquanto jovens. Mas definitivamente \u00e9 necess\u00e1rio ter uma gaiola resistente, que eles n\u00e3o possam desmontar com suas garras poderosas.<\/p>\n<p>O n\u00famero de Caranguejos-dos-Coqueiros diminuiu em muitos lugares, e eles at\u00e9 desapareceram completamente em alguns lugares. O motivo disto \u00e9 que as pessoas os ca\u00e7aram muito e destru\u00edram os lugares onde viviam. Agora, o Caranguejo-dos-Coqueiros \u00e9 uma esp\u00e9cie protegida em todo o mundo.<\/p>\n","protected":false},"excerpt":{"rendered":"<p>Como Vive o Caranguejo-dos-Coqueiros O Caranguejo-dos-Coqueiros, chamado pelos cientistas de Birgus latro, \u00e9 o maior artr\u00f3pode\u00a0terrestre em vida do mundo &#8211; na verdade \u00e9 o maior entre todos os invertebrados que vivem em terra! Ele tem o comprimento de at\u00e9 40 cm e pesa at\u00e9 4,1 quilos e suas pernas estendem-se por mais de 90 &hellip; <a href=\"https:\/\/www.big-animals.com\/pt\/o-caranguejo-dos-coqueiros-o-maior-artropode-terrestre\/\" class=\"more-link\">Continue reading <span class=\"screen-reader-text\">O Caranguejo-dos-Coqueiros &#8211; o Maior Artr\u00f3pode Terrestre<\/span><\/a><\/p>\n","protected":false},"author":196,"featured_media":0,"parent":0,"menu_order":0,"comment_status":"closed","ping_status":"closed","template":"","meta":{"_acf_changed":false,"footnotes":""},"acf":[],"_links":{"self":[{"href":"https:\/\/www.big-animals.com\/pt\/wp-json\/wp\/v2\/pages\/488"}],"collection":[{"href":"https:\/\/www.big-animals.com\/pt\/wp-json\/wp\/v2\/pages"}],"about":[{"href":"https:\/\/www.big-animals.com\/pt\/wp-json\/wp\/v2\/types\/page"}],"author":[{"embeddable":true,"href":"https:\/\/www.big-animals.com\/pt\/wp-json\/wp\/v2\/users\/196"}],"replies":[{"embeddable":true,"href":"https:\/\/www.big-animals.com\/pt\/wp-json\/wp\/v2\/comments?post=488"}],"version-history":[{"count":5,"href":"https:\/\/www.big-animals.com\/pt\/wp-json\/wp\/v2\/pages\/488\/revisions"}],"predecessor-version":[{"id":493,"href":"https:\/\/www.big-animals.com\/pt\/wp-json\/wp\/v2\/pages\/488\/revisions\/493"}],"wp:attachment":[{"href":"https:\/\/www.big-animals.com\/pt\/wp-json\/wp\/v2\/media?parent=488"}],"curies":[{"name":"wp","href":"https:\/\/api.w.org\/{rel}","templated":true}]}}