{"id":497,"date":"2015-10-27T05:52:05","date_gmt":"2015-10-27T05:52:05","guid":{"rendered":"http:\/\/www.big-animals.com\/pt\/?page_id=497"},"modified":"2015-10-27T05:52:05","modified_gmt":"2015-10-27T05:52:05","slug":"aranhas","status":"publish","type":"page","link":"https:\/\/www.big-animals.com\/pt\/aranhas\/","title":{"rendered":"Aranhas"},"content":{"rendered":"<p>Aranhas pertencem a um grande grupo de animais chamados <a title=\"The World\u2019s Biggest Arthropods\" href=\"http:\/\/www.big-animals.com\/pt\/a-mundos-maior-artropodes\/\">artr\u00f3podes<\/a>.\u00a0<a title=\"The World\u2019s Biggest Insects!\" href=\"http:\/\/www.big-animals.com\/pt\/the-mundos-maior-insetos\/\">Insetos<\/a>\u00a0e\u00a0<a title=\"The World\u2019s Biggest Crustaceans!\" href=\"http:\/\/www.big-animals.com\/pt\/the-mundos-maior-crustaceos\/\">crust\u00e1ceos<\/a>, como as\u00a0<a title=\"The American Lobster \u2013 The World\u2019s Heaviest Arthropod\" href=\"http:\/\/www.big-animals.com\/pt\/lagosta-americana-o-maior-artropode-do-mundo\/\">lagostas<\/a>, caranguejos, camar\u00f5es e cracas tamb\u00e9m s\u00e3o artr\u00f3podes. Os Artr\u00f3podes s\u00e3o o maior grupo do reino animal. Aranhas s\u00e3o aracn\u00eddeos, n\u00e3o insetos. A fam\u00edlia dos aracn\u00eddeos inclui escorpi\u00f5es, \u00e1caros, carrapatos e opili\u00f5es. Como voc\u00ea j\u00e1 sabe aranhas t\u00eam 8 pernas, mas insetos t\u00eam apenas 6. Elas n\u00e3o t\u00eam antenas, enquanto insetos t\u00eam um par de antenas. A maior aranha do mundo, \u00e9 a <a title=\"The Goliath Bird-Eating Spider\" href=\"http:\/\/www.big-animals.com\/pt\/the-goliath-bird-eating-spider-the-worlds-biggest-spider\/\">Aranha-Golias-Comedora-de-P\u00e1ssaros<\/a>.<\/p>\n<p>As aranhas s\u00e3o a maior ordem de aracn\u00eddeos entre todos os outros organismos. Elas s\u00e3o encontradas em todos os continentes do mundo, exceto na Ant\u00e1rtica. Elas vivem em todos os lugares, mas n\u00e3o no ar e nem no oceano. Existem cerca de 40.000 esp\u00e9cies diferentes de aranhas. Elas se diferenciam dos outros artr\u00f3podes por causa dos seus segmentos corporais. Elas t\u00eam 2 segmentos corporais. O segmento dianteiro \u00e9 chamado cefalot\u00f3rax e o segmento traseiro \u00e9 o seu abd\u00f4men. Estes dois segmentos s\u00e3o unidos por um pequeno cilindro flex\u00edvel. Este cilindro \u00e9 chamado ped\u00edculo e ajuda a aranha a produzir seda sem mover o cefalot\u00f3rax.<\/p>\n<p>Os 4 pares de olhos, presas da boca, est\u00f4mago, c\u00e9rebro, patas e as gl\u00e2ndulas que produzem o veneno da aranha est\u00e3o no cefalot\u00f3rax. A maioria das aranhas usam suas presas para injetar veneno em sua v\u00edtima. O est\u00f4mago da aranha s\u00f3 pode digerir alimentos l\u00edquidos e elas t\u00eam filtros que n\u00e3o deixam s\u00f3lidos entrarem. Ent\u00e3o o que acontece \u00e9 que elas sugam o tecido l\u00edquido da presa e deixam para tr\u00e1s sua casca vazia. Elas basicamente vivem de sopa! Elas usam seus pedipalpos, que est\u00e3o ao lado das presas, para segurar a v\u00edtima enquanto a mordem. No abd\u00f4men da aranha, voc\u00ea pode encontrar as fieiras que produzem seda. Esta seda \u00e9 usada para fazer teias de aranha. Esta seda \u00e9 na verdade uma prote\u00edna l\u00edquida que endurece quando retirada. A seda \u00e9 muito el\u00e1stica. Ela pode ser esticada bastante antes de quebrar ou perder a forma. Nem todas as aranhas produzes teias de seda para capturar sua presa. Estas teias tamb\u00e9m podem ser usadas como inv\u00f3lucros para ovos, como cordas de seguran\u00e7a para a constru\u00e7\u00e3o de ninhos e como para-quedas para algumas aranhas jovens.<\/p>\n<p>Existem teias de aranha de tamanhos diferentes. Seu formato e a quantidade de fio pegajoso usado tamb\u00e9m s\u00e3o diferentes. As aranhas araneidae, que s\u00e3o encontradas em jardins, campos e florestas, constroem teias em forma espiral circular que s\u00e3o muito pegajosas. As aranhas stiphidiidae controem teias horizontais com mesas desiguais e amaranhados de fios de parada. Insetos que atingem os fios de parada caem na mesa ou s\u00e3o levados \u00e0 ela pela aranha. A aranha ent\u00e3o come os insetos na mesa.<\/p>\n<p>Algumas aranhas produzem teias funil. Estas teias t\u00eam formato de funil. Elas t\u00eam uma abertura maior no topo e ficam mais estreitas na parte de baixo. As sorrateiras aranhas se escondem na parte de baixo deste funil enquanto esperam para devorar sua presa.<\/p>\n<p>Cada perna da aranha consiste de 7 partes importantes. As aranhas-saltadoras podem pular at\u00e9 50 vezes o seu comprimento. A maioria das aranhas ca\u00e7a \u00e0 noite. Elas n\u00e3o dependem das suas teias para capturar sua presa. A maioria das aranhas ca\u00e7adoras t\u00eam um espesso aglomerado de pelos finos entre as 2 pequenas garras que s\u00e3o localizadas no final das pernas. Por exemplo, a aranha tar\u00e2ntula. Este espesso aglomerado de pelos finos ajuda as aranhas a subir superf\u00edcies lisas, como vidros e tetos de ponta cabe\u00e7a sem cair. Como um homem-aranha. A viscosidade dos pelos finos \u00e9 t\u00e3o forte que as aranhas podem agarrar usando sua for\u00e7a e segurar 170 vezes o seu peso. Elas mant\u00eam pelo menos 4 pernas na superf\u00edcie quando andam ou correm. Se voc\u00ea ver aranhas com as pernas enroladas significa que elas est\u00e3o mortas!<\/p>\n<p>As aranhas n\u00e3o t\u00eam um esqueleto dentro do seu corpo como n\u00f3s. Mas elas t\u00eam uma casca dura externa chamada exoesqueleto que sustenta e protege seu corpo. Exemplos de outros animais com exoesqueleto s\u00e3o gafanhotos, baratas, caranguejos e lagostas. Por conta desta casca externa ser dura, ela n\u00e3o pode crescer e se esticar com as aranhas. Ent\u00e3o, as aranhas jovens precisam perder seu exoesqueleto quando crescem e viram aranhas adultas.<\/p>\n<p>A maioria das aranhas t\u00eam 4 pares de olhos na parte da frente do topo do cefalot\u00f3rax. Seus olhos cont\u00eam bonitas estampas que s\u00e3o diferentes entre aranhas de fam\u00edlias diferentes. Os olhos frontais s\u00e3o chamados &#8220;olhos pequenos&#8221;. Estes &#8220;olhos pequenos&#8221; apenas identificam a dire\u00e7\u00e3o de onde vem a luz. Os &#8220;pequenos olhos&#8221; das aranhas s\u00e3o seus principais olhos, que pode formar imagens, alguns &#8220;olhos pequenos&#8221; das aranhas podem at\u00e9 virar-se para localizar sua presa. Os outros olhos das aranhas s\u00e3o chamados de olhos compostos. Eles t\u00eam uma pobre vis\u00e3o, mas s\u00e3o muito sens\u00edveis \u00e0 vibra\u00e7\u00f5es.<\/p>\n<p>Aranhas t\u00eam cerdas que respondem ao toque. Elas tamb\u00e9m podem detectar for\u00e7as e vibra\u00e7\u00f5es atrav\u00e9s de suas juntas e membros. Todos estes sentidos s\u00e3o mais importantes para aranhas construtoras de teias em compara\u00e7\u00e3o com aranhas que ca\u00e7am ativamente e dependem mais nos seus olhos para localizar suas presas. Elas tamb\u00e9m n\u00e3o se equilibram bem. Elas dependem dos seus olhos para distinguir o lado de cima.<\/p>\n<p>Existem aranhas de v\u00e1rios tamanhos. A menor \u00e9 chamada patu digua da Col\u00f4mbia. Seu corpo tem menos de 0,37 mm de comprimento. A maior e mais pesada aranha \u00e9 a tarantula. Seu corpo tem cerca de 90 mm de comprimento e suas pernas se estendem por cerca de 250 mm. Uma aranha-m\u00e3e pode botar at\u00e9 3.000 ovos em um ou mais sacos de ovos. Algumas aranhas-m\u00e3es morrem depois de botar ovos. Outras encontram maneiras diferentes de proteger os sacos. Elas podem colar os sacos \u00e0s suas teias, os esconder em ninhos, os carregar na boca ou os afixar \u00e0 suas fieiras para leva-los para onde v\u00e3o.<\/p>\n<p>As aranhas-beb\u00eas se transformam em larvas dentro do ovo e nascem como pequenas aranhas. Elas s\u00e3o muito pequenas, mas t\u00eam formato similar aos seus pais. Algumas aranhas cuidam das aranhas-beb\u00eas. Por exemplo, as aranhas-lobo-beb\u00eas se seguram nas cerdas \u00e1speras nas costas de sua m\u00e3e para seguran\u00e7a. A maioria das aranhas vive apenas 1 a 2 anos. No entanto algumas tar\u00e2ntulas podem viver mais de 20 anos, porque elas t\u00eam melhor abrigo e comida.<\/p>\n<p>90% das aranhas-saltadoras s\u00e3o vegetarianas. Algumas aranhas jovens comem n\u00e9ctar. Outras se alimentam de artr\u00f3podes mortos, seda de teia e dos seus pr\u00f3prios exoesqueletos descartados. Aranhas tamb\u00e9m comem p\u00f3len. Quando em cativeiro, algumas esp\u00e9cies de aranhas comem bananas, marmelada, leite, gema de ovo e at\u00e9 lingui\u00e7a.<\/p>\n<p>Algumas aranhas usam a superf\u00edcie de lagos e lagoas como &#8220;teias&#8221; para detectar vibra\u00e7\u00f5es produzidas por suas presas com dificuldades na superf\u00edcie de lagos e lagoas. Aranhas-lan\u00e7adoras-de-teia constroem pequenas teias e as usam para capturar suas presas. As aranhas se camuflam bem para evitar seus predadores, como as aves. A maioria das aranhas s\u00e3o coloridas e t\u00eam listras e manchas no corpo. Algumas aranhas t\u00eam um veneno poderoso, grandes garras, pelo perigoso ou cores de advert\u00eancia para se protegerem dos seus predadores.<\/p>\n<p>Algumas das aranhas que tecem teias vivem juntas em grandes col\u00f4nias ca\u00e7ando juntas e dividindo seu alimento.<\/p>\n","protected":false},"excerpt":{"rendered":"<p>Aranhas pertencem a um grande grupo de animais chamados artr\u00f3podes.\u00a0Insetos\u00a0e\u00a0crust\u00e1ceos, como as\u00a0lagostas, caranguejos, camar\u00f5es e cracas tamb\u00e9m s\u00e3o artr\u00f3podes. Os Artr\u00f3podes s\u00e3o o maior grupo do reino animal. Aranhas s\u00e3o aracn\u00eddeos, n\u00e3o insetos. A fam\u00edlia dos aracn\u00eddeos inclui escorpi\u00f5es, \u00e1caros, carrapatos e opili\u00f5es. Como voc\u00ea j\u00e1 sabe aranhas t\u00eam 8 pernas, mas insetos t\u00eam apenas &hellip; <a href=\"https:\/\/www.big-animals.com\/pt\/aranhas\/\" class=\"more-link\">Continue reading <span class=\"screen-reader-text\">Aranhas<\/span><\/a><\/p>\n","protected":false},"author":196,"featured_media":0,"parent":0,"menu_order":0,"comment_status":"closed","ping_status":"closed","template":"","meta":{"_acf_changed":false,"footnotes":""},"acf":[],"_links":{"self":[{"href":"https:\/\/www.big-animals.com\/pt\/wp-json\/wp\/v2\/pages\/497"}],"collection":[{"href":"https:\/\/www.big-animals.com\/pt\/wp-json\/wp\/v2\/pages"}],"about":[{"href":"https:\/\/www.big-animals.com\/pt\/wp-json\/wp\/v2\/types\/page"}],"author":[{"embeddable":true,"href":"https:\/\/www.big-animals.com\/pt\/wp-json\/wp\/v2\/users\/196"}],"replies":[{"embeddable":true,"href":"https:\/\/www.big-animals.com\/pt\/wp-json\/wp\/v2\/comments?post=497"}],"version-history":[{"count":3,"href":"https:\/\/www.big-animals.com\/pt\/wp-json\/wp\/v2\/pages\/497\/revisions"}],"predecessor-version":[{"id":500,"href":"https:\/\/www.big-animals.com\/pt\/wp-json\/wp\/v2\/pages\/497\/revisions\/500"}],"wp:attachment":[{"href":"https:\/\/www.big-animals.com\/pt\/wp-json\/wp\/v2\/media?parent=497"}],"curies":[{"name":"wp","href":"https:\/\/api.w.org\/{rel}","templated":true}]}}