{"id":50,"date":"2011-05-09T09:27:36","date_gmt":"2011-05-09T09:27:36","guid":{"rendered":""},"modified":"2011-05-09T09:27:36","modified_gmt":"2011-05-09T09:27:36","slug":"the-giant-moa-the-tallest-bird-there-ever-was","status":"publish","type":"page","link":"https:\/\/www.big-animals.com\/pt\/the-giant-moa-the-tallest-bird-there-ever-was\/","title":{"rendered":"Moa gigante &#8211; O mais alto ave l\u00e1 nunca foi!"},"content":{"rendered":"<h3><span id=\"gts_text_1\" class=\"gts_text\">O extinto Moa gigante<\/span><\/h3>\n<p><span id=\"gts_text_2\" class=\"gts_text\">O mais alto <a href=\"\/Birds.html\">Ave<\/a> nunca foi a Moa gigantes da Nova Zel\u00e2ndia. <\/span><span id=\"gts_text_3\" class=\"gts_text\">Alguns cientistas acreditam que pareciam ser um avestruz muito grande, outros dizem que eles provavelmente n\u00e3o andam com seu pesco\u00e7o realizado t\u00e3o alto. <\/span><span id=\"gts_text_4\" class=\"gts_text\">Se eles <span style=\"font-style: italic;\">fizeram<\/span> a p\u00e9 como um avestruz, as f\u00eameas teria sido cerca de tr\u00eas metros (10 p\u00e9s) de altura (embora os machos eram mais curtos). <span style=\"float: right;\"><\/span><img loading=\"lazy\" decoding=\"async\" title=\"a typical human next to a typical giant moa\" src=\"http:\/\/ba.dr-mikes-maths.com\/\/wp-content\/themes\/twentyten\/images\/ba\/giant-moa-and-human.png\" alt=\"a picture showing the relative sizes of a human and a giant moa\" width=\"243\" height=\"283\"> <span id=\"gts_text_5\" class=\"gts_text\"><\/span>Infelizmente, ningu\u00e9m sabe ao certo &#8211; o \u00faltimo gigante Moa morreu h\u00e1 cerca de 500 anos.<\/span><\/p>\n<h3><span id=\"gts_text_6\" class=\"gts_text\">Moas da Nova Zel\u00e2ndia<\/span><\/h3>\n<p><span id=\"gts_text_7\" class=\"gts_text\">Os Moas foram um grupo inteiro de aves, que viveu na Nova Zel\u00e2ndia. <\/span><span id=\"gts_text_8\" class=\"gts_text\">O Moa gigante foi o maior Moa, foi a menor do tamanho de um Peru. <\/span><span id=\"gts_text_9\" class=\"gts_text\">O gigante Moas viviam nas florestas. <\/span><span id=\"gts_text_10\" class=\"gts_text\">Eles eram t\u00e3o grandes que, antes das pessoas chegaram, tiveram apenas um inimigo &#8211; uma \u00e1guia de tamanho gigante chamado \u00e1guia da Haast. <\/span><span id=\"gts_text_11\" class=\"gts_text\">Infelizmente, uma grande ave teria sido uma captura muito bom para um ca\u00e7ador com uma fam\u00edlia com fome. <\/span><span id=\"gts_text_12\" class=\"gts_text\">Tamb\u00e9m, o Zealands novo in\u00edcio come\u00e7ou a limpar a floresta para fazer explora\u00e7\u00f5es, ent\u00e3o o gigante Moa tinha cada vez menos espa\u00e7o para viver.<\/span><\/p>\n<h3><span id=\"gts_text_13\" class=\"gts_text\">Gigante Moa informa\u00e7\u00f5es<\/span><\/h3>\n<p><span id=\"gts_text_14\" class=\"gts_text\">O Moas pertencia a um grupo de aves chamado <a title=\"Ratites\" href=\"http:\/\/www.big-animals.com\/ratites\/\"><span style=\"font-style: italic;\">Ratites<\/span><\/a>, que incluem o Kiwi, avestruzes e EMAS. <\/span><span id=\"gts_text_15\" class=\"gts_text\">Seus ossos de peito \u00e9 plano, como uma jangada (a palavra <span style=\"font-style: italic;\">ratites<\/span> vem da palavra latina para raft). <\/span><span id=\"gts_text_16\" class=\"gts_text\">Isso significa que a ala m\u00fasculos de uma Struthioniformes n\u00e3o seria suficientemente fortes para ajud\u00e1-lo a voar, mesmo que as asas eram grandes e o p\u00e1ssaro muito pequeno. <\/span><span id=\"gts_text_17\" class=\"gts_text\">Na realidade, o gigante Moa parece ter tido sem asas em tudo!<\/span><\/p>\n<p><span id=\"gts_text_18\" class=\"gts_text\">Assim que a Moa gigantes, porque era mais alto do mundo nunca de aves, foi tamb\u00e9m o mais alto j\u00e1 Struthioniformes e o mais alto j\u00e1 Moa!\u00a0O mais pesado nunca de aves (o <a title=\"Elephant Bird\" href=\"http:\/\/www.big-animals.com\/elephant-bird-2\/\">Elefante ave<\/a>) e o mais alto e mais pesado p\u00e1ssaro vivo hoje (o <a href=\"\/Ostrich.html\">avestruz<\/a>) s\u00e3o todas as Ratites demasiado &#8211; verdadeiramente um incr\u00edvel grupo de aves!<\/span><\/p>\n<h3><span id=\"gts_text_19\" class=\"gts_text\">Gigante Moa fotos<\/span><\/h3>\n<p><span id=\"gts_text_20\" class=\"gts_text\">Infelizmente, porque eles est\u00e3o extintos, ningu\u00e9m sabe exatamente o que parecia um gigante Moa com. <\/span><span id=\"gts_text_21\" class=\"gts_text\">Voc\u00ea pode ver seus ossos em alguns museus, e um artistas fizeram suposi\u00e7\u00f5es e imagens desenhadas. <\/span><span id=\"gts_text_22\" class=\"gts_text\">Uma <a href=\"http:\/\/images.google.com.au\/images?q=Giant+Moa\" target=\"_blank\">pesquisa de imagens google<\/a> ir\u00e1 mostrar-lhe muitos exemplos!<\/span><\/p>\n","protected":false},"excerpt":{"rendered":"<p>O extinto Moa gigante O mais alto Ave nunca foi a Moa gigantes da Nova Zel\u00e2ndia. Alguns cientistas acreditam que pareciam ser um avestruz muito grande, outros dizem que eles provavelmente n\u00e3o andam com seu pesco\u00e7o realizado t\u00e3o alto. Se eles fizeram a p\u00e9 como um avestruz, as f\u00eameas teria sido cerca de tr\u00eas metros &hellip; <a href=\"https:\/\/www.big-animals.com\/pt\/the-giant-moa-the-tallest-bird-there-ever-was\/\" class=\"more-link\">Continue reading <span class=\"screen-reader-text\">Moa gigante &#8211; O mais alto ave l\u00e1 nunca foi!<\/span><\/a><\/p>\n","protected":false},"author":1,"featured_media":0,"parent":0,"menu_order":0,"comment_status":"closed","ping_status":"open","template":"","meta":{"_acf_changed":false,"footnotes":""},"acf":[],"_links":{"self":[{"href":"https:\/\/www.big-animals.com\/pt\/wp-json\/wp\/v2\/pages\/50"}],"collection":[{"href":"https:\/\/www.big-animals.com\/pt\/wp-json\/wp\/v2\/pages"}],"about":[{"href":"https:\/\/www.big-animals.com\/pt\/wp-json\/wp\/v2\/types\/page"}],"author":[{"embeddable":true,"href":"https:\/\/www.big-animals.com\/pt\/wp-json\/wp\/v2\/users\/1"}],"replies":[{"embeddable":true,"href":"https:\/\/www.big-animals.com\/pt\/wp-json\/wp\/v2\/comments?post=50"}],"version-history":[{"count":0,"href":"https:\/\/www.big-animals.com\/pt\/wp-json\/wp\/v2\/pages\/50\/revisions"}],"wp:attachment":[{"href":"https:\/\/www.big-animals.com\/pt\/wp-json\/wp\/v2\/media?parent=50"}],"curies":[{"name":"wp","href":"https:\/\/api.w.org\/{rel}","templated":true}]}}