{"id":51,"date":"2011-05-09T09:27:47","date_gmt":"2011-05-09T09:27:47","guid":{"rendered":""},"modified":"2014-07-29T19:40:13","modified_gmt":"2014-07-29T19:40:13","slug":"mariposa-atlas-a-maior-mariposa-do-mundo","status":"publish","type":"page","link":"https:\/\/www.big-animals.com\/pt\/mariposa-atlas-a-maior-mariposa-do-mundo\/","title":{"rendered":"Mariposa Atlas &#8211; A maior mariposa do mundo!"},"content":{"rendered":"<p><strong>Informa\u00e7\u00e3o sobre a Mariposa Atlas,\u00a0<em>Attacus Atlas<\/em><\/strong><\/p>\n<p>Essa \u00e9 a maior esp\u00e9cie de mariposa. Pode ser encontrada nas florestas tropicais e subtropicais no sul da \u00c1sia e China, sendo comumente vista \u00a0no Arquip\u00e9lago Malaio, da Tail\u00e2ndia \u00e0 Singapura e Indon\u00e9sia.<\/p>\n<p><span class=\"gts_text\"> <img loading=\"lazy\" decoding=\"async\" title=\"Atlas moth - the largest moth in the world, and the insect with the biggest wings\" src=\"http:\/\/ba.dr-mikes-maths.com\/\/wp-content\/themes\/twentyten\/images\/ba\/atlas-moth.jpg\" alt=\"Atlas moth - the largest moth in the world, and the insect with the biggest wings\" width=\"355\" height=\"177\" \/><strong>A mariposa atlas tem a maior asa que qualquer outro\u00a0<\/strong><strong><a href=\"http:\/\/www.big-animals.com\/the-worlds-biggest-insects\/\">inseto<\/a><\/strong>\u00a0&#8211;\u00a0cerca 400 cm quadrados (62 polegadas quadradas)! Na \u00cdndia a Mariposa atlas \u00e9 criada\u00a0 para extrair a seda de seus casulos \u2013 Elas produzem uma seda marrom parecida com a l\u00e3. Os casulos s\u00e3o usados como \u00a0bolsa em\u00a0 Taiwan. Recebe o nome de Mariposa Atlas porque o desenho de suas asas se parece com um mapa.<\/span><\/p>\n<p>A mariposa atlas f\u00eamea \u00e9 maior e mais pesada que o macho. A ponta das asas s\u00e3o curvadas e alguns dizem que parece com a cabe\u00e7a de uma cobra com olhos, para assim espantar os predadores. Seus corpos s\u00e3o cabeludos e pequenos comparado com suas asas. Elas variam de\u00a0cor, em v\u00e1rios tons de marrom. A F\u00eamea p\u00f5e ovos,\u00a0 esses ovos v\u00e3o se transformar em lagartas verde musgo depois de 2 semanas. Elas se \u00a0alimentam de folhas de \u00e1rvores c\u00edtricas e sempre-vivas. A mariposa adulta surge ap\u00f3s um m\u00eas.<\/p>\n","protected":false},"excerpt":{"rendered":"<p>Informa\u00e7\u00e3o sobre a Mariposa Atlas,\u00a0Attacus Atlas Essa \u00e9 a maior esp\u00e9cie de mariposa. Pode ser encontrada nas florestas tropicais e subtropicais no sul da \u00c1sia e China, sendo comumente vista \u00a0no Arquip\u00e9lago Malaio, da Tail\u00e2ndia \u00e0 Singapura e Indon\u00e9sia. A mariposa atlas tem a maior asa que qualquer outro\u00a0inseto\u00a0&#8211;\u00a0cerca 400 cm quadrados (62 polegadas quadradas)! &hellip; <a href=\"https:\/\/www.big-animals.com\/pt\/mariposa-atlas-a-maior-mariposa-do-mundo\/\" class=\"more-link\">Continue reading <span class=\"screen-reader-text\">Mariposa Atlas &#8211; A maior mariposa do mundo!<\/span><\/a><\/p>\n","protected":false},"author":1,"featured_media":0,"parent":0,"menu_order":0,"comment_status":"closed","ping_status":"open","template":"","meta":{"_acf_changed":false,"footnotes":""},"acf":[],"_links":{"self":[{"href":"https:\/\/www.big-animals.com\/pt\/wp-json\/wp\/v2\/pages\/51"}],"collection":[{"href":"https:\/\/www.big-animals.com\/pt\/wp-json\/wp\/v2\/pages"}],"about":[{"href":"https:\/\/www.big-animals.com\/pt\/wp-json\/wp\/v2\/types\/page"}],"author":[{"embeddable":true,"href":"https:\/\/www.big-animals.com\/pt\/wp-json\/wp\/v2\/users\/1"}],"replies":[{"embeddable":true,"href":"https:\/\/www.big-animals.com\/pt\/wp-json\/wp\/v2\/comments?post=51"}],"version-history":[{"count":5,"href":"https:\/\/www.big-animals.com\/pt\/wp-json\/wp\/v2\/pages\/51\/revisions"}],"predecessor-version":[{"id":363,"href":"https:\/\/www.big-animals.com\/pt\/wp-json\/wp\/v2\/pages\/51\/revisions\/363"}],"wp:attachment":[{"href":"https:\/\/www.big-animals.com\/pt\/wp-json\/wp\/v2\/media?parent=51"}],"curies":[{"name":"wp","href":"https:\/\/api.w.org\/{rel}","templated":true}]}}