{"id":515,"date":"2015-11-11T05:52:04","date_gmt":"2015-11-11T05:52:04","guid":{"rendered":"http:\/\/www.big-animals.com\/pt\/?page_id=515"},"modified":"2015-11-11T05:52:04","modified_gmt":"2015-11-11T05:52:04","slug":"o-besouro-golias-o-inseto-mais-pesado-do-mundo","status":"publish","type":"page","link":"https:\/\/www.big-animals.com\/pt\/o-besouro-golias-o-inseto-mais-pesado-do-mundo\/","title":{"rendered":"O Besouro-Golias &#8211; O Inseto Mais Pesado do Mundo!"},"content":{"rendered":"<p>As larvas dos besouros-Golias s\u00e3o os <a href=\"http:\/\/www.big-animals.com\/pt\/the-mundos-maior-insetos\/\">insetos<\/a> mais pesados da Terra. As larvas podem pesar at\u00e9 80-100 gramas &#8211; embora os adultos tenham cerca da metade deste peso, e sejam superados pelo Wetapunga.<br \/>\n<img loading=\"lazy\" decoding=\"async\" title=\"The Goliath Beetle Goliathus Regius\" src=\"http:\/\/ba.dr-mikes-maths.com\/\/wp-content\/themes\/twentyten\/images\/ba\/goliath-beetle.jpg\" alt=\"The Goliath Beetle Goliathus Regius\" width=\"248\" height=\"354\" \/><\/p>\n<p><strong>O Besouro-Golias <em>Goliathus Regius\u00a0<\/em>&#8211;\u00a0foto por <a href=\"http:\/\/en.wikipedia.org\/wiki\/File:Goliath_beetle.jpg\" target=\"new\">Wikimedia Commons<\/a>.<\/strong><\/p>\n<p>Eles s\u00e3o encontrados nas florestas tropicais da \u00c1frica. Seus alimentos favoritos quando adultos s\u00e3o seiva de \u00e1rvores e frutas &#8211; mas as larvas precisam de uma dieta com muitas prote\u00ednas. Eles podem ser mantidos como animais de estima\u00e7\u00e3o, alimentados, por exemplo, de comida para gatos ou cachorros. As besouros-f\u00eameas botam ovos. Os machos medem cerca de 60-110 mil\u00edmetros e as f\u00eameas cerca de 50-80 mil\u00edmetros. As f\u00eameas variam de cor entre um marrom escuro a um branco sedoso, mas os machos s\u00e3o normalmente marrons, brancos e pretos, ou pretos e brancos.<\/p>\n<p>Existem cinco esp\u00e9cies diferentes de Besouro-Golias. Os maiores s\u00e3o <em>Goliathus Regius<\/em>, <em>Goliathus Goliatus<\/em> e <em>Goliathus Orientalis<\/em> &#8211; seus nomes significam o &#8220;Golias R\u00e9gio&#8221;, o &#8220;Golias Golias&#8221; e o &#8220;Golias Oriental&#8221;. N\u00e3o \u00e9 claro qual destes tr\u00eas \u00e9 o maior.<\/p>\n<p>Os besouros-Golias, assim como a maioria dos besouros, t\u00eam um primeiro par de asas muito duro e forte. Estas asas n\u00e3o s\u00e3o usadas para voar, mas ao inv\u00e9s para proteger o seu segundo par de asas e o seu corpo. Apenas o segundo par \u00e9 utilizado para voar. Cada uma das pernas do besouro t\u00eam um par de garras afiadas que s\u00e3o usadas para prover um forte controle quando os besouros escalam troncos e ramos de \u00e1rvores. Os machos t\u00eam um chifre em forma de Y na cabe\u00e7a, que \u00e9 usado em batalhas com outros machos. As f\u00eameas n\u00e3o t\u00eam chifre. Em vez disto, elas t\u00eam a cabe\u00e7a em formato de cunha, o que as ajuda a construir uma toca para botar seus ovos. Elas t\u00eam desenhos muito marcantes nos seus corpos.<\/p>\n<p>Os besouros s\u00e3o os zeladores da m\u00e3e-natureza, porque eles gostam de comer materiais vegetais mortos e esterco tamb\u00e9m. N\u00f3s deveriamos ser gratos a eles por limparem a terra e ajudar a reciclar &#8220;materiais usados&#8221; e manter a terra limpa. Embora n\u00f3s possamos ficar enojados ao pensar no que os besouros comem, o seu trabalho \u00e9 muito \u00fatil.<\/p>\n","protected":false},"excerpt":{"rendered":"<p>As larvas dos besouros-Golias s\u00e3o os insetos mais pesados da Terra. As larvas podem pesar at\u00e9 80-100 gramas &#8211; embora os adultos tenham cerca da metade deste peso, e sejam superados pelo Wetapunga. O Besouro-Golias Goliathus Regius\u00a0&#8211;\u00a0foto por Wikimedia Commons. Eles s\u00e3o encontrados nas florestas tropicais da \u00c1frica. Seus alimentos favoritos quando adultos s\u00e3o seiva &hellip; <a href=\"https:\/\/www.big-animals.com\/pt\/o-besouro-golias-o-inseto-mais-pesado-do-mundo\/\" class=\"more-link\">Continue reading <span class=\"screen-reader-text\">O Besouro-Golias &#8211; O Inseto Mais Pesado do Mundo!<\/span><\/a><\/p>\n","protected":false},"author":196,"featured_media":0,"parent":0,"menu_order":0,"comment_status":"closed","ping_status":"closed","template":"","meta":{"_acf_changed":false,"footnotes":""},"acf":[],"_links":{"self":[{"href":"https:\/\/www.big-animals.com\/pt\/wp-json\/wp\/v2\/pages\/515"}],"collection":[{"href":"https:\/\/www.big-animals.com\/pt\/wp-json\/wp\/v2\/pages"}],"about":[{"href":"https:\/\/www.big-animals.com\/pt\/wp-json\/wp\/v2\/types\/page"}],"author":[{"embeddable":true,"href":"https:\/\/www.big-animals.com\/pt\/wp-json\/wp\/v2\/users\/196"}],"replies":[{"embeddable":true,"href":"https:\/\/www.big-animals.com\/pt\/wp-json\/wp\/v2\/comments?post=515"}],"version-history":[{"count":3,"href":"https:\/\/www.big-animals.com\/pt\/wp-json\/wp\/v2\/pages\/515\/revisions"}],"predecessor-version":[{"id":518,"href":"https:\/\/www.big-animals.com\/pt\/wp-json\/wp\/v2\/pages\/515\/revisions\/518"}],"wp:attachment":[{"href":"https:\/\/www.big-animals.com\/pt\/wp-json\/wp\/v2\/media?parent=515"}],"curies":[{"name":"wp","href":"https:\/\/api.w.org\/{rel}","templated":true}]}}