{"id":52,"date":"2011-05-09T09:28:02","date_gmt":"2011-05-09T09:28:02","guid":{"rendered":""},"modified":"2011-05-09T09:28:02","modified_gmt":"2011-05-09T09:28:02","slug":"the-african-bush-elephant-the-worlds-biggest-land-animal","status":"publish","type":"page","link":"https:\/\/www.big-animals.com\/pt\/the-african-bush-elephant-the-worlds-biggest-land-animal\/","title":{"rendered":"Elefante africano &#8211; Animal de terras maior do mundo!"},"content":{"rendered":"<h3><span id=\"gts_text_1\" class=\"gts_text\">Qu\u00e3o grande \u00e9 o elefante africano?<\/span><\/h3>\n<p><span id=\"gts_text_2\" class=\"gts_text\">O elefante africano \u00e9 de terras maiores do mundo <a href=\"\/Animals.html\">animal<\/a>. <\/span><span id=\"gts_text_3\" class=\"gts_text\">Um macho adulto vai ser aproximadamente 10-11 metros de altura (3 a 3,5 metros), 20-24 metros de comprimento (6-7 metros) e pesar cerca de 15000 libras (7500 kg). <\/span><span id=\"gts_text_4\" class=\"gts_text\">As f\u00eameas s\u00e3o ligeiramente menores. <\/span><span id=\"gts_text_5\" class=\"gts_text\">Eles podem comer 500 libras (225 kg) de comida todos os dias e beber 50 litros (190 litros) de \u00e1gua. <\/span><span id=\"gts_text_6\" class=\"gts_text\">A imagem abaixo mostra qu\u00e3o grande que o elefante africano \u00e9, em compara\u00e7\u00e3o com um ser humano.<\/span><\/p>\n<figure id=\"attachment_617\" aria-describedby=\"caption-attachment-617\" style=\"width: 300px\" class=\"wp-caption alignleft\"><a href=\"http:\/\/www.big-animals.com\/wp-content\/uploads\/2008\/11\/elephant-and-human1.png\"><img loading=\"lazy\" decoding=\"async\" class=\"size-medium wp-image-617\" title=\"African Bush Elephant And Human\" src=\"http:\/\/www.big-animals.com\/wp-content\/uploads\/2008\/11\/elephant-and-human1-300x189.png\" alt=\"African Bush Elephant And Human\" width=\"300\" height=\"189\" \/><\/a><figcaption id=\"caption-attachment-617\" class=\"wp-caption-text\">African Bush Elephant And Human<\/figcaption><\/figure>\n<p><span id=\"gts_text_7\" class=\"gts_text\">Porque \u00e9 t\u00e3o grande, um elefante adulto n\u00e3o tem quase nenhum inimigos. <\/span><span id=\"gts_text_8\" class=\"gts_text\">Um elefante beb\u00ea pode ser atacado por um le\u00e3o ou de um crocodilo, mas a \u00fanica criatura que pode prejudicar um elefante adulto \u00e9 um ser humano bem preparado &#8211; embora em alguns parques naturais, existem grandes orgulha-se de le\u00f5es que descobriram como matar um elefante adulto, usando inteligente o trabalho em equipa e estrat\u00e9gia.<\/span><\/p>\n<h3><span id=\"gts_text_9\" class=\"gts_text\">Elefante ca\u00e7a furtiva<\/span><\/h3>\n<p><span id=\"gts_text_10\" class=\"gts_text\">Os elefantes t\u00eam sido ca\u00e7ados, no passado, pela sua carne e pele, para os chamados &#8220;divertido&#8221; de ca\u00e7a um elefante e especialmente para as suas presas, que s\u00e3o feitas de Marfim. <\/span><span id=\"gts_text_11\" class=\"gts_text\">No s\u00e9culo XIX, Marfim foi usado para teclas de piano, valiosas obras de arte e outras coisas. <\/span><span id=\"gts_text_12\" class=\"gts_text\">Porque as pessoas queriam Marfim que elefantes tanto, muitos foram mortos &#8211; milhares todos os anos. <\/span><span id=\"gts_text_13\" class=\"gts_text\">A popula\u00e7\u00e3o de elefantes africanos caiu de v\u00e1rios milh\u00f5es em 1900 a 700000 somente em 1989, quando foi proibidos de Marfim, os elefantes de ca\u00e7a. <\/span><span id=\"gts_text_14\" class=\"gts_text\">Se isso n\u00e3o tinha sido feito, o elefante africano teria ido extinto na d\u00e9cada de 1990. <\/span><span id=\"gts_text_15\" class=\"gts_text\">Como \u00e9, agora h\u00e1 cerca de 2 milh\u00f5es de elefantes africanos.<\/span><\/p>\n<p><span id=\"gts_text_16\" class=\"gts_text\">Agora \u00e9 contra a lei para matar elefantes de Marfim, e em muitos pa\u00edses \u00e9 contra a lei para compra ou venda de Marfim. <\/span><span id=\"gts_text_17\" class=\"gts_text\">Apesar disso, h\u00e1 criminosos que ca\u00e7am elefantes ilegalmente. <\/span><span id=\"gts_text_18\" class=\"gts_text\">Esses ca\u00e7adores s\u00e3o chamados de &#8220;ca\u00e7adores&#8221;, e causam muitos danos. <\/span><span id=\"gts_text_19\" class=\"gts_text\">Por exemplo, o pa\u00eds africano chamado Chad, o n\u00famero de elefantes passou para baixo de 300000 para apenas 10000 over quarenta anos &#8211; tudo por causa da ca\u00e7a ilegal.<\/span><br \/>\n<span style=\"float: right;\"><img decoding=\"async\" title=\"a picture of an African Bush Elephant\" src=\"http:\/\/ba.dr-mikes-maths.com\/\/wp-content\/themes\/twentyten\/images\/ba\/african-bush-elephant.jpg\" alt=\"a picture of an African Bush Elephant\" \/> <\/span><\/p>\n<h3><span id=\"gts_text_20\" class=\"gts_text\">Elefantes africanos e asi\u00e1ticos<\/span><\/h3>\n<p><span id=\"gts_text_21\" class=\"gts_text\">Os cientistas uma vez classificados elefantes em duas esp\u00e9cies diferentes, o elefante africano e o elefante asi\u00e1tico (ou indiano). <\/span><span id=\"gts_text_22\" class=\"gts_text\">Desde estudando o DNA do elefante africano, eles j\u00e1 perceberam que o elefante africano \u00e9 realmente duas esp\u00e9cies diferentes, que eles chamam o elefante africano e o elefante africano da floresta. <\/span><span id=\"gts_text_23\" class=\"gts_text\">O elefante \u00e9 o maior dos dois tipos de elefantes africanos, e ambos os tipos de elefantes africanos s\u00e3o maiores que o elefante asi\u00e1tico.<\/span><\/p>\n<p><span id=\"gts_text_24\" class=\"gts_text\">Estas tr\u00eas esp\u00e9cies est\u00e3o vivendo apenas criaturas na ordem <span style=\"font-style: italic;\">Elephantidae<\/span>e Elephantidae \u00e9 a \u00fanica ordem de mam\u00edferos da fam\u00edlia <span style=\"font-style: italic;\">Proboscidea<\/span> (a palavra <span style=\"font-style: italic;\">Proboscidae<\/span> vem da palavra grega para &#8220;nariz&#8221;). <\/span><span id=\"gts_text_25\" class=\"gts_text\">Portanto, o elefante africano \u00e9<\/span><\/p>\n<ul>\n<li><span id=\"gts_text_26\" class=\"gts_text\">O maior dos tr\u00eas <span style=\"font-style: italic;\">Elephantidae<\/span>do mundo<\/span><\/li>\n<li><span id=\"gts_text_27\" class=\"gts_text\">O maior dos tr\u00eas <span style=\"font-style: italic;\">Proboscidea<\/span>do mundo<\/span><\/li>\n<li><span id=\"gts_text_28\" class=\"gts_text\">O maior dos terrenos mais de 3900 <a href=\"\/Mammals.html\">mam\u00edferos<\/a>do mundo<\/span><\/li>\n<\/ul>\n<p><span id=\"gts_text_29\" class=\"gts_text\">bem como sendo o maior animal de terra do mundo. <\/span><span id=\"gts_text_30\" class=\"gts_text\">O maior mam\u00edfero e animal de todos \u00e9 o mar-habita\u00e7\u00e3o <a href=\"\/Blue-Whale.html\">baleia azul<\/a>.<\/span><\/p>\n<h3><span id=\"gts_text_31\" class=\"gts_text\">Presas de elefante<\/span><\/h3>\n<p><span id=\"gts_text_32\" class=\"gts_text\">As presas de um elefante s\u00e3o na verdade um dente muito grande. <\/span><span id=\"gts_text_33\" class=\"gts_text\">Outros animais com as presas incluem morsas, javali e narvais (entre outros).<\/span><\/p>\n<h3><span id=\"gts_text_34\" class=\"gts_text\">Mitos e fatos de elefante<\/span><\/h3>\n<p><span id=\"gts_text_35\" class=\"gts_text\">H\u00e1 um ditado que diz que &#8220;um elefante nunca esquece&#8221;. <\/span><span id=\"gts_text_36\" class=\"gts_text\">Embora isso seja provavelmente n\u00e3o mais verdade para os elefantes do que para as pessoas, o que <span style=\"font-style: italic;\">\u00e9<\/span> verdadeiro \u00e9 que os elefantes s\u00e3o animais muito inteligentes. <\/span><span id=\"gts_text_37\" class=\"gts_text\">\u00c0s vezes, a sobreviv\u00eancia de um efectivo pode depender o membro mais antigo sendo capaz de lembrar onde ela encontrou \u00e1gua em uma seca h\u00e1 muitas d\u00e9cadas. <\/span><span id=\"gts_text_38\" class=\"gts_text\">Elefantes tamb\u00e9m tem sido notados usando &#8220;ferramentas&#8221; &#8211; por exemplo, co\u00e7ando suas costas com um ramo ou usando madeira mastigado-up para conectar at\u00e9 um po\u00e7o em tempo seco para que ele n\u00e3o vai secar.<\/span><\/p>\n<p><span id=\"gts_text_39\" class=\"gts_text\">Se uma manada de elefantes se depara com um elefante morto eles v\u00e3o reunir em torno de e talvez toc\u00e1-lo com seu tronco &#8211; talvez como se eles est\u00e3o de luto sobre ele. <\/span><span id=\"gts_text_40\" class=\"gts_text\">No entanto, o famoso &#8220;cemit\u00e9rios de elefante&#8221;, onde os elefantes v\u00e3o morrer s\u00e3o apenas um mito. <\/span><span id=\"gts_text_41\" class=\"gts_text\">Elefantes n\u00e3o procuram algum lugar especial&#8221;morrer&#8221; quando trata de seu tempo.<\/span><\/p>\n<p><span id=\"gts_text_42\" class=\"gts_text\">Um elefante pode viver at\u00e9 60-70 anos em estado selvagem. <\/span><span id=\"gts_text_43\" class=\"gts_text\">Alguns elefantes em cativeiro viveram h\u00e1 80 anos.<\/span><\/p>\n<h3><span id=\"gts_text_44\" class=\"gts_text\">Dieta e Habitat do elefante<\/span><\/h3>\n<p><span id=\"gts_text_45\" class=\"gts_text\">O elefante africano vive quase em toda parte na \u00c1frica Sul do deserto do Saara, exceto nas selvas. <\/span><span id=\"gts_text_46\" class=\"gts_text\">Eles preferem pradarias abertas e savanas e ainda foram observados deliberadamente derrubando \u00e1rvores! <\/span><span id=\"gts_text_47\" class=\"gts_text\">As f\u00eameas de viagens em pequenos grupos familiares, os machos viajam sozinho, exceto quando eles s\u00e3o jovens. <\/span><span id=\"gts_text_48\" class=\"gts_text\">Ele pode viajar muito longe em busca de comida ou \u00e1gua. <\/span><span id=\"gts_text_49\" class=\"gts_text\">Os elefantes s\u00e3o comedores de plantas e comem uma grande variedade de tipos diferentes de plantas. <\/span><span id=\"gts_text_50\" class=\"gts_text\">Muitas plantas beneficiam com isso, porque os elefantes levar sementes das plantas em seu est\u00f4mago para longas dist\u00e2ncias e, em seguida, &#8220;plantar&#8221; as sementes em uma grande pilha de adubo de coc\u00f4 de elefante!<\/span><\/p>\n<h3><span id=\"gts_text_51\" class=\"gts_text\">Elefantes e pessoas<\/span><\/h3>\n<p><span id=\"gts_text_52\" class=\"gts_text\">Al\u00e9m do ca\u00e7a-los para carne e Marfim, pessoas t\u00eam feito muito tempo usar de grande for\u00e7a do elefante, para puxar pesos pesados, mover equipamentos pesados e assim por diante. <\/span><span id=\"gts_text_53\" class=\"gts_text\">Os elefantes foram utilizados nas guerras &#8211; um dos exemplos mais famosos foi quando <a href=\"http:\/\/en.wikipedia.org\/wiki\/Hannibal#Overland_journey_to_Italy\" target=\"_blank\">Hannibal<\/a> assumiu elefantes de guerra os Alpes para atacar o Imp\u00e9rio Romano. <\/span><span id=\"gts_text_54\" class=\"gts_text\">Elefantes asi\u00e1ticos foram parte importante do ex\u00e9rcito indiano at\u00e9 a inven\u00e7\u00e3o do canh\u00e3o no s\u00e9culo XVII. <\/span><span id=\"gts_text_55\" class=\"gts_text\">Eles tamb\u00e9m t\u00eam um lugar especial na religi\u00e3o Hindu. <\/span><span id=\"gts_text_56\" class=\"gts_text\">Agora, os elefantes s\u00e3o um item de &#8220;must-see&#8221; em qualquer visita de jardim zool\u00f3gico ou safari.<\/span><\/p>\n","protected":false},"excerpt":{"rendered":"<p>Qu\u00e3o grande \u00e9 o elefante africano? O elefante africano \u00e9 de terras maiores do mundo animal. Um macho adulto vai ser aproximadamente 10-11 metros de altura (3 a 3,5 metros), 20-24 metros de comprimento (6-7 metros) e pesar cerca de 15000 libras (7500 kg). As f\u00eameas s\u00e3o ligeiramente menores. Eles podem comer 500 libras (225 &hellip; <a href=\"https:\/\/www.big-animals.com\/pt\/the-african-bush-elephant-the-worlds-biggest-land-animal\/\" class=\"more-link\">Continue reading <span class=\"screen-reader-text\">Elefante africano &#8211; Animal de terras maior do mundo!<\/span><\/a><\/p>\n","protected":false},"author":1,"featured_media":0,"parent":0,"menu_order":0,"comment_status":"closed","ping_status":"open","template":"","meta":{"_acf_changed":false,"footnotes":""},"acf":[],"_links":{"self":[{"href":"https:\/\/www.big-animals.com\/pt\/wp-json\/wp\/v2\/pages\/52"}],"collection":[{"href":"https:\/\/www.big-animals.com\/pt\/wp-json\/wp\/v2\/pages"}],"about":[{"href":"https:\/\/www.big-animals.com\/pt\/wp-json\/wp\/v2\/types\/page"}],"author":[{"embeddable":true,"href":"https:\/\/www.big-animals.com\/pt\/wp-json\/wp\/v2\/users\/1"}],"replies":[{"embeddable":true,"href":"https:\/\/www.big-animals.com\/pt\/wp-json\/wp\/v2\/comments?post=52"}],"version-history":[{"count":0,"href":"https:\/\/www.big-animals.com\/pt\/wp-json\/wp\/v2\/pages\/52\/revisions"}],"wp:attachment":[{"href":"https:\/\/www.big-animals.com\/pt\/wp-json\/wp\/v2\/media?parent=52"}],"curies":[{"name":"wp","href":"https:\/\/api.w.org\/{rel}","templated":true}]}}