{"id":53,"date":"2011-05-09T09:29:54","date_gmt":"2011-05-09T09:29:54","guid":{"rendered":""},"modified":"2011-05-09T09:29:54","modified_gmt":"2011-05-09T09:29:54","slug":"roedores","status":"publish","type":"page","link":"https:\/\/www.big-animals.com\/pt\/roedores\/","title":{"rendered":"Roedores"},"content":{"rendered":"<p><span id=\"gts_text_1\" class=\"gts_text\">Roedores s\u00e3o <a title=\"The World\u2019s Biggest Mammals!\" href=\"http:\/\/www.big-animals.com\/the-worlds-biggest-mammals\/\">mam\u00edferos<\/a> que t\u00eam dois dentes da frente crescendo continuamente em suas mand\u00edbulas superiores e inferiores. <\/span><span id=\"gts_text_2\" class=\"gts_text\">Eles t\u00eam para mant\u00ea-los curtos, sempre morder as coisas. <\/span><span id=\"gts_text_3\" class=\"gts_text\">Estes dentes s\u00e3o \u00fateis para morder porque eles cortaram drasticamente. <\/span><span id=\"gts_text_4\" class=\"gts_text\">Eles usam os dentes afiados para morder a madeira, quebrar seus alimentos e morder qualquer predadores que atac\u00e1-los. <\/span><span id=\"gts_text_5\" class=\"gts_text\">Os dentes t\u00eam esmalte sobre a dentina exposta e externa no interior. <\/span><span id=\"gts_text_6\" class=\"gts_text\">Os dentes \u00e9 especial porque eles nitidez por si s\u00f3 como eles s\u00e3o usados. <\/span><span id=\"gts_text_7\" class=\"gts_text\">Roedores n\u00e3o tem dentes afiados como c\u00e3es e gatos.<\/span><\/p>\n<p><span id=\"gts_text_8\" class=\"gts_text\">Um quarto das esp\u00e9cies de mam\u00edferos s\u00e3o roedores. <\/span><span id=\"gts_text_9\" class=\"gts_text\">Existem cerca de 2277 esp\u00e9cies de roedores. <\/span><span id=\"gts_text_10\" class=\"gts_text\">Eles s\u00e3o encontrados em grande n\u00famero em todos os continentes, exceto para a Ant\u00e1rtida. <\/span><span id=\"gts_text_11\" class=\"gts_text\">Voc\u00ea pode encontr\u00e1-los em todos os habitats, exceto nos oceanos. <\/span><span id=\"gts_text_12\" class=\"gts_text\">Os roedores mais comuns s\u00e3o ratos e ratos. <\/span><span id=\"gts_text_13\" class=\"gts_text\">Alguns outros roedores s\u00e3o esquilos, Taxonomic, castores, esquilos, cobaias e ratazanas.<\/span><\/p>\n<figure id=\"attachment_712\" aria-describedby=\"caption-attachment-712\" style=\"width: 300px\" class=\"wp-caption alignleft\"><a href=\"http:\/\/www.big-animals.com\/wp-content\/uploads\/2011\/03\/Rat_in_the_snow.jpg\"><img loading=\"lazy\" decoding=\"async\" class=\"size-medium wp-image-712\" title=\"The rat is a typical rodent - photograph by John Fielding\" src=\"http:\/\/www.big-animals.com\/wp-content\/uploads\/2011\/03\/Rat_in_the_snow-300x268.jpg\" alt=\"The rat is a typical rodent - photograph by John Fielding\" width=\"300\" height=\"268\" \/><\/a><figcaption id=\"caption-attachment-712\" class=\"wp-caption-text\">The rat is a typical rodent - photograph by John Fielding<\/figcaption><\/figure>\n<p><span id=\"gts_text_14\" class=\"gts_text\">A maioria dos roedores comem sementes e plantas. <\/span><span id=\"gts_text_15\" class=\"gts_text\">H\u00e1 alguns que comem insetos ou peixe. <\/span><span id=\"gts_text_16\" class=\"gts_text\">Alguns esquilos mesmo comem aves como cardeais e blue jays. <\/span><span id=\"gts_text_17\" class=\"gts_text\">Alguns roedores s\u00e3o pragas porque comem sementes que guardamos para nossa pr\u00f3pria comida e o pior de todos eles transmitir doen\u00e7as. <\/span><span id=\"gts_text_18\" class=\"gts_text\">Roedores s\u00e3o o mam\u00edfero placent\u00e1rio apenas non-flying, marine n\u00e3o chegar a Austr\u00e1lia sem introdu\u00e7\u00e3o humana. <\/span><span id=\"gts_text_19\" class=\"gts_text\">Cerca de 25% das esp\u00e9cies de mam\u00edferos na Austr\u00e1lia s\u00e3o roedores.<\/span><\/p>\n<p><span id=\"gts_text_20\" class=\"gts_text\">A maioria dos roedores s\u00e3o pequenas. <\/span><span id=\"gts_text_21\" class=\"gts_text\">O mouse pigmeu africano \u00e9 apenas 6 cent\u00edmetros (2. 4 polegadas) de comprimento e 7 gramas (0. 3 oz) de peso quando crescem acima! <\/span><span id=\"gts_text_22\" class=\"gts_text\">Por outro lado, a <a title=\"Capybara\" href=\"http:\/\/www.big-animals.com\/capybara\/\">Capivara<\/a> \u00e9 realmente pesado. <\/span><span id=\"gts_text_23\" class=\"gts_text\">Ele pesa 80 kg (175). <\/span><span id=\"gts_text_24\" class=\"gts_text\">O maior alguma vez roedor, <a title=\"Josephoartigasia Monesi\" href=\"http:\/\/www.big-animals.com\/josephoartigasia-monesi\/\"><em>josephoartigasia monesi<\/em><\/a> pesava entre 1 e 2,5 toneladas!<\/span><\/p>\n<p><span id=\"gts_text_25\" class=\"gts_text\">Roedores s\u00e3o importantes em muitos ecossistemas porque eles s\u00e3o pequenos e reproduzem rapidamente. <\/span><span id=\"gts_text_26\" class=\"gts_text\">Portanto, eles tornar-se uma importante fonte de alimento para muitos predadores. <\/span><span id=\"gts_text_27\" class=\"gts_text\">Elas tamb\u00e9m ajudam a espalhar as sementes que comem. <\/span><span id=\"gts_text_28\" class=\"gts_text\">Pessoas ca\u00e7am roedores para peles e elimin\u00e1-los como pragas. <\/span><span id=\"gts_text_29\" class=\"gts_text\">Eles tamb\u00e9m s\u00e3o usados como animais de estima\u00e7\u00e3o, para a investiga\u00e7\u00e3o cient\u00edfica, ensaios, para alimentar e at\u00e9 mesmo para a localiza\u00e7\u00e3o de minas terrestres em animais!<\/span><\/p>\n","protected":false},"excerpt":{"rendered":"<p>Roedores s\u00e3o mam\u00edferos que t\u00eam dois dentes da frente crescendo continuamente em suas mand\u00edbulas superiores e inferiores. Eles t\u00eam para mant\u00ea-los curtos, sempre morder as coisas. Estes dentes s\u00e3o \u00fateis para morder porque eles cortaram drasticamente. Eles usam os dentes afiados para morder a madeira, quebrar seus alimentos e morder qualquer predadores que atac\u00e1-los. Os &hellip; <a href=\"https:\/\/www.big-animals.com\/pt\/roedores\/\" class=\"more-link\">Continue reading <span class=\"screen-reader-text\">Roedores<\/span><\/a><\/p>\n","protected":false},"author":1,"featured_media":0,"parent":0,"menu_order":0,"comment_status":"closed","ping_status":"open","template":"","meta":{"_acf_changed":false,"footnotes":""},"acf":[],"_links":{"self":[{"href":"https:\/\/www.big-animals.com\/pt\/wp-json\/wp\/v2\/pages\/53"}],"collection":[{"href":"https:\/\/www.big-animals.com\/pt\/wp-json\/wp\/v2\/pages"}],"about":[{"href":"https:\/\/www.big-animals.com\/pt\/wp-json\/wp\/v2\/types\/page"}],"author":[{"embeddable":true,"href":"https:\/\/www.big-animals.com\/pt\/wp-json\/wp\/v2\/users\/1"}],"replies":[{"embeddable":true,"href":"https:\/\/www.big-animals.com\/pt\/wp-json\/wp\/v2\/comments?post=53"}],"version-history":[{"count":0,"href":"https:\/\/www.big-animals.com\/pt\/wp-json\/wp\/v2\/pages\/53\/revisions"}],"wp:attachment":[{"href":"https:\/\/www.big-animals.com\/pt\/wp-json\/wp\/v2\/media?parent=53"}],"curies":[{"name":"wp","href":"https:\/\/api.w.org\/{rel}","templated":true}]}}