{"id":55,"date":"2011-05-09T09:30:13","date_gmt":"2011-05-09T09:30:13","guid":{"rendered":""},"modified":"2014-04-25T01:40:06","modified_gmt":"2014-04-25T01:40:06","slug":"the-goliath-bird-eating-spider-the-worlds-biggest-spider","status":"publish","type":"page","link":"https:\/\/www.big-animals.com\/pt\/the-goliath-bird-eating-spider-the-worlds-biggest-spider\/","title":{"rendered":"Aranha-Golias-Comedora-de-P\u00e1ssaros"},"content":{"rendered":"<h3><span class=\"gts_text\" id=\"gts_text_1\">Informa\u00e7\u00f5es sobre a <a title=\"Aranha-Golias-Comedora-de-P\u00e1ssaros\" href=\"http:\/\/www.big-animals.com\/pt\/the-goliath-bird-eating-spider-the-worlds-biggest-spider\/\">aranha-golias-comedora-de-p\u00e1ssaros<\/a> (Tar\u00e2ntula Golias), <em>Theraphosa blondi<\/em><\/span><\/h3>\n<p><span class=\"gts_text\" id=\"gts_text_2\">As <a title=\"Aranha-Golias-Comedora-de-P\u00e1ssaros\" href=\"http:\/\/www.big-animals.com\/pt\/the-goliath-bird-eating-spider-the-worlds-biggest-spider\/\">aranhas-golias-comedoras-de-p\u00e1ssaros<\/a> s\u00e3o consideradas as maiores aranhas \u00a0do mundo. P<\/span><span style=\"width: 296px;float: right\"><img loading=\"lazy\" decoding=\"async\" class=\" gts_attribute gts_attribute_1_alt\" alt=\"Aranha maior do mundo, a aranha Golias ave-comer\" src=\"http:\/\/ba.dr-mikes-maths.com\/\/wp-content\/themes\/twentyten\/images\/ba\/birdeater-spider.jpg\" width=\"286\" height=\"259\" \/> <span class=\"gts_text\" id=\"gts_text_3\"><strong>A <a title=\"Aranha-Golias-Comedora-de-P\u00e1ssaros\" href=\"http:\/\/www.big-animals.com\/pt\/the-goliath-bird-eating-spider-the-worlds-biggest-spider\/\">aranha-golias-comedora-de-p\u00e1ssaros<\/a>, com cerca de 20 cm de di\u00e2metro, \u00e9 a maior aranha do mundo!<\/strong><\/span><\/span><span class=\"gts_text\" id=\"gts_text_4\">odendo ser encontradasna parte norte das florestas tropicais da Am\u00e9rica do Sul.<\/span>\u00a0Suas pernas<span class=\"gts_text\" id=\"gts_text_5\">\u00a0t\u00eam uma extens\u00e3o de cerca de 21 cm (8.5 polegadas) quando totalmente estendidas, e pesam mais de 120 g (4,2 oz).<\/span> <span class=\"gts_text\" id=\"gts_text_6\">Na natureza, aranhas-golias gostam de tocas &#8211; \u00a0gostam especialmente das \u00e1reas pantanosas.\u00a0Elas<\/span> <span class=\"gts_text\" id=\"gts_text_7\">podem viver entre 15 a 25 anos.<\/span><\/p>\n<h3><span class=\"gts_text\" id=\"gts_text_8\">Que tipo de <a title=\"Aranha-Golias-Comedora-de-P\u00e1ssaros\" href=\"http:\/\/www.big-animals.com\/pt\/the-goliath-bird-eating-spider-the-worlds-biggest-spider\/\">aranha \u00e9 a aranha-golias-comedora-de-p\u00e1ssaros<\/a>?<\/span><\/h3>\n<p><span class=\"gts_text\" id=\"gts_text_9\">A<a title=\"Aranha-Golias-Comedora-de-P\u00e1ssaros\" href=\"http:\/\/www.big-animals.com\/pt\/the-goliath-bird-eating-spider-the-worlds-biggest-spider\/\"> aranha-golias-comedora-de-p\u00e1ssaros<\/a> pertence a um grupo de aranhas chamado tar\u00e2ntulas.<\/span>\u00a0As t<span class=\"gts_text\" id=\"gts_text_10\">ar\u00e2ntulas (existem cerca de 900 tipos diferentes) s\u00e3o geralmente grandes, peludas e fazem tubos de seda ou tocas para viver.<\/span> <span class=\"gts_text\" id=\"gts_text_11\">Elas s\u00e3o geralmente inofensivas para as pessoas.<\/span>\u00a0As a<span class=\"gts_text\" id=\"gts_text_12\">ranhas s\u00e3o distintas de escorpi\u00f5es, \u00e1caros e outros<\/span> <span style=\"font-style: italic\"><span class=\"gts_text\" id=\"gts_text_13\">Aracn\u00eddeos<\/span><\/span> <span class=\"gts_text\" id=\"gts_text_14\">pelo fato de terem menos segmentos corporais e fieiras para produzir seda de aranha.<\/span> <span class=\"gts_text\" id=\"gts_text_15\">Aranhas, juntamente com escorpi\u00f5es e outras criaturas semelhantes pertencem a um grupo de animais chamado<\/span> <span style=\"font-style: italic\"><span class=\"gts_text\" id=\"gts_text_16\">Chelicerata<\/span><\/span><span class=\"gts_text\" id=\"gts_text_17\">. Ganharam esse nome devido as pontas afiadas em suas bocas, chamados<\/span> <span style=\"font-style: italic\"><span class=\"gts_text\" id=\"gts_text_18\">Quel\u00edceras<\/span><\/span><span class=\"gts_text\" id=\"gts_text_19\">. As aranhas-golias n\u00e3o s\u00e3o as maiores Cheliceratas do mundo &#8211; essa honra pertence a uma esp\u00e9cie de aranha do mar chamada\u00a0<\/span><span style=\"font-style: italic\"><span class=\"gts_text\" id=\"gts_text_20\">Colossendeis colossea<\/span><\/span><span class=\"gts_text\" id=\"gts_text_21\">.<\/span> <span style=\"width: 323px;float: left\"><img loading=\"lazy\" decoding=\"async\" class=\" gts_attribute gts_attribute_2_alt\" alt=\"Birdeater de Golias e nota - imagens de dom\u00ednio p\u00fablico\" src=\"http:\/\/ba.dr-mikes-maths.com\/\/wp-content\/themes\/twentyten\/images\/ba\/goliath-birdeater-and-banknote.jpg\" width=\"313\" height=\"241\" \/>\u00a0<span class=\"gts_text\" id=\"gts_text_22\"><strong>A<a title=\"Aranha-Golias-Comedora-de-P\u00e1ssaros\" href=\"http:\/\/www.big-animals.com\/pt\/the-goliath-bird-eating-spider-the-worlds-biggest-spider\/\"> aranha-golias<\/a> perto de uma nota<\/strong><\/span><\/span><\/p>\n<h3><span class=\"gts_text\" id=\"gts_text_23\">A <a title=\"Aranha-Golias-Comedora-de-P\u00e1ssaros\" href=\"http:\/\/www.big-animals.com\/pt\/the-goliath-bird-eating-spider-the-worlds-biggest-spider\/\">Aranha-Golias-Comedora-de-p\u00e1ssaros<\/a> \u00e9 perigosa?<\/span><\/h3>\n<p><span class=\"gts_text\" id=\"gts_text_24\">Geralmente, as\u00a0<a title=\"Aranha-Golias-Comedora-de-P\u00e1ssaros\" href=\"http:\/\/www.big-animals.com\/pt\/the-goliath-bird-eating-spider-the-worlds-biggest-spider\/\">aranhas-golias<\/a> n\u00e3o s\u00e3o perigosas, por isso n\u00e3o tenha medo delas! No entanto, elas<\/span> <span class=\"gts_text\" id=\"gts_text_26\">t\u00eam presas venenosas grandes o suficiente para romper nossa pele, mas,\u00a0<\/span><span class=\"gts_text\" id=\"gts_text_30\">s\u00f3 ir\u00e3o morder quando se sentirem amea\u00e7adas.<\/span> <span class=\"gts_text\" id=\"gts_text_31\">Felizmente, o veneno \u00e9 bastante inofensivo &#8211; ela s\u00f3 teria o efeito de picada do um marimbondo. <a title=\"Aranha-Golias-Comedora-de-P\u00e1ssaros\" href=\"http:\/\/www.big-animals.com\/pt\/the-goliath-bird-eating-spider-the-worlds-biggest-spider\/\">Aranhas-Golias<\/a><\/span><span class=\"gts_text\" id=\"gts_text_32\">\u00a0tamb\u00e9m se protegerem chutando p\u00ealos do seu abd\u00f4men, dirigindo estes p\u00ealos no sentido de um invasor.<\/span> <span class=\"gts_text\" id=\"gts_text_33\">Estes p\u00ealos v\u00e3o irritar a pele e os pulm\u00f5es.<\/span> <span class=\"gts_text\" id=\"gts_text_34\">Algumas pessoas dizem que os p\u00ealos parecem fragmentos de fibra de vidro.<\/span><a title=\"Aranha-Golias-Comedora-de-P\u00e1ssaros\" href=\"http:\/\/www.big-animals.com\/pt\/the-goliath-bird-eating-spider-the-worlds-biggest-spider\/\"> Aranhas-Golias<\/a><span class=\"gts_text\" id=\"gts_text_35\">\u00a0s\u00e3o muito defensivas.<\/span> <span class=\"gts_text\" id=\"gts_text_36\">Elas fazem um barulho estridente quando perturbadas.<\/span>\u00a0E<span class=\"gts_text\" id=\"gts_text_37\">sse ru\u00eddo \u00e9 feito quando esfregam as pernas umas nas outras.<\/span><\/p>\n<h3><span class=\"gts_text\" id=\"gts_text_38\">A <a title=\"Aranha-Golias-Comedora-de-P\u00e1ssaros\" href=\"http:\/\/www.big-animals.com\/pt\/the-goliath-bird-eating-spider-the-worlds-biggest-spider\/\">Aranha-golias-comedora-de-p\u00e1ssaros<\/a> realmente come aves?<\/span><\/h3>\n<p><span class=\"gts_text\" id=\"gts_text_39\">Surpreendentemente, as <a title=\"Aranha-Golias-Comedora-de-P\u00e1ssaros\" href=\"http:\/\/www.big-animals.com\/pt\/the-goliath-bird-eating-spider-the-worlds-biggest-spider\/\">aranhas-golias<\/a> normalmente n\u00e3o comem aves.<\/span> <span class=\"gts_text\" id=\"gts_text_40\">Uma vez que eles vivem em tocas no ch\u00e3o, muito raramente tem chance de pegar um p\u00e1ssaro.<\/span>\u00a0A possibilidade de um rato ou lagarto virar uma refei\u00e7\u00e3o \u00e9 muito maior.\u00a0Enquanto comem, para ter certeza que nenhum outro animal ir\u00e1 perturba-las, constroem uma barreira com sua teia. A <a title=\"Aranha-Golias-Comedora-de-P\u00e1ssaros\" href=\"http:\/\/www.big-animals.com\/pt\/the-goliath-bird-eating-spider-the-worlds-biggest-spider\/\">Aranha-Golias<\/a><span class=\"gts_text\" id=\"gts_text_43\">\u00a0n\u00e3o pode ver bem, gui\u00e3o-se pelas vibra\u00e7\u00f5es no solo.<\/span> <span class=\"gts_text\" id=\"gts_text_44\">Esta \u00e9 outra raz\u00e3o pela qual ela teria dificuldade para captura de aves.<\/span> <span class=\"gts_text\" id=\"gts_text_45\">Elas variam em cor.<\/span>\u00a0Do marrom claro ao marrom escuro com manchas claras nas pernas.\u00a0Aranhas-Golias<span class=\"gts_text\" id=\"gts_text_47\">\u00a0tem p\u00ealos em seu corpo, abd\u00f4men e pernas.<\/span>\u00a0As<a title=\"Aranha-Golias-Comedora-de-P\u00e1ssaros\" href=\"http:\/\/www.big-animals.com\/pt\/the-goliath-bird-eating-spider-the-worlds-biggest-spider\/\"> aranhas-golias<\/a> f\u00eameas podem colocar de\u00a0<span class=\"gts_text\" id=\"gts_text_48\">100 a 400 ovos.<\/span><\/p>\n","protected":false},"excerpt":{"rendered":"<p>Informa\u00e7\u00f5es sobre a aranha-golias-comedora-de-p\u00e1ssaros (Tar\u00e2ntula Golias), Theraphosa blondi As aranhas-golias-comedoras-de-p\u00e1ssaros s\u00e3o consideradas as maiores aranhas \u00a0do mundo. P A aranha-golias-comedora-de-p\u00e1ssaros, com cerca de 20 cm de di\u00e2metro, \u00e9 a maior aranha do mundo!odendo ser encontradasna parte norte das florestas tropicais da Am\u00e9rica do Sul.\u00a0Suas pernas\u00a0t\u00eam uma extens\u00e3o de cerca de 21 cm (8.5 polegadas) quando &hellip; <a href=\"https:\/\/www.big-animals.com\/pt\/the-goliath-bird-eating-spider-the-worlds-biggest-spider\/\" class=\"more-link\">Continue reading <span class=\"screen-reader-text\">Aranha-Golias-Comedora-de-P\u00e1ssaros<\/span><\/a><\/p>\n","protected":false},"author":1,"featured_media":0,"parent":0,"menu_order":0,"comment_status":"closed","ping_status":"open","template":"","meta":{"_acf_changed":false,"footnotes":""},"acf":[],"_links":{"self":[{"href":"https:\/\/www.big-animals.com\/pt\/wp-json\/wp\/v2\/pages\/55"}],"collection":[{"href":"https:\/\/www.big-animals.com\/pt\/wp-json\/wp\/v2\/pages"}],"about":[{"href":"https:\/\/www.big-animals.com\/pt\/wp-json\/wp\/v2\/types\/page"}],"author":[{"embeddable":true,"href":"https:\/\/www.big-animals.com\/pt\/wp-json\/wp\/v2\/users\/1"}],"replies":[{"embeddable":true,"href":"https:\/\/www.big-animals.com\/pt\/wp-json\/wp\/v2\/comments?post=55"}],"version-history":[{"count":8,"href":"https:\/\/www.big-animals.com\/pt\/wp-json\/wp\/v2\/pages\/55\/revisions"}],"predecessor-version":[{"id":302,"href":"https:\/\/www.big-animals.com\/pt\/wp-json\/wp\/v2\/pages\/55\/revisions\/302"}],"wp:attachment":[{"href":"https:\/\/www.big-animals.com\/pt\/wp-json\/wp\/v2\/media?parent=55"}],"curies":[{"name":"wp","href":"https:\/\/api.w.org\/{rel}","templated":true}]}}