{"id":57,"date":"2011-05-09T09:31:10","date_gmt":"2011-05-09T09:31:10","guid":{"rendered":""},"modified":"2011-05-09T09:31:10","modified_gmt":"2011-05-09T09:31:10","slug":"the-mundos-maior-peixe","status":"publish","type":"page","link":"https:\/\/www.big-animals.com\/pt\/the-mundos-maior-peixe\/","title":{"rendered":"Peixes maiores do mundo!"},"content":{"rendered":"<p><span id=\"gts_text_1\" class=\"gts_text\"><strong>O que \u00e9 um peixe?<\/strong><\/span><\/p>\n<p><span id=\"gts_text_2\" class=\"gts_text\">Os peixes s\u00e3o <a href=\"\/Animals.html\">animais<\/a> &#8211; na verdade, uma vez que os peixes t\u00eam uma espinha dorsal, eles s\u00e3o chamados de <a href=\"\/Vertebrates.html\">vertebrados<\/a> &#8211; mais da metade de todas as esp\u00e9cies conhecidas de vertebrados na verdade s\u00e3o peixes! <\/span><span id=\"gts_text_3\" class=\"gts_text\">Outras coisas que os peixes t\u00eam em comum s\u00e3o<\/span><\/p>\n<ul>\n<li> <span id=\"gts_text_4\" class=\"gts_text\">Eles t\u00eam guelras e respiram \u00e1gua.<\/span><\/li>\n<li> <span id=\"gts_text_5\" class=\"gts_text\">Geralmente, eles s\u00e3o &#8220;sangue frio&#8221; &#8211; a temperatura corporal ser\u00e1 o mesmo que a \u00e1gua circundante.<\/span><\/li>\n<li> <span id=\"gts_text_6\" class=\"gts_text\">Geralmente, eles n\u00e3o podem sobreviver no ar.<\/span><\/li>\n<\/ul>\n<p><span id=\"gts_text_7\" class=\"gts_text\">Peixe de vida maior do mundo \u00e9 realmente uma esp\u00e9cie de tubar\u00e3o, chamado o <a href=\"\/Whale-Shark.html\">tubar\u00e3o-baleia<\/a>. <\/span><span id=\"gts_text_8\" class=\"gts_text\">O maior peixe \u00e9 sempre um tipo extinto de peixes \u00f3sseos, cujo nome cient\u00edfico \u00e9 <a href=\"\/Leedsichthys.html\">Leedsichthys problematicus Problematicus<\/a> .<\/span><\/p>\n<p><span id=\"gts_text_9\" class=\"gts_text\"><strong>Que tipos de peixe est\u00e3o l\u00e1?<\/strong><\/span><\/p>\n<p><span id=\"gts_text_10\" class=\"gts_text\">Os cientistas normalmente agrupar animais em grupos de criaturas semelhantes. <\/span><span id=\"gts_text_11\" class=\"gts_text\">Os maiores grupos s\u00e3o chamados de &#8220;filos&#8221; (por exemplo, o vertebrados comp\u00f5em a maior parte do filo <a href=\"\/Chordates.html\">Chordata<\/a>de chamada. <\/span><span id=\"gts_text_12\" class=\"gts_text\">Os pr\u00f3ximos pequenos grupos s\u00e3o chamados &#8220;classes&#8221; (por exemplo, o p\u00e1ssaros comp\u00f5em uma classe pr\u00f3pria). <\/span><span id=\"gts_text_13\" class=\"gts_text\">Peixes, no entanto, est\u00e3o em algum lugar no meio. <\/span><span id=\"gts_text_14\" class=\"gts_text\">Eles s\u00e3o apenas uma parte do filo <em>Chordata<\/em>, mas h\u00e1 realmente v\u00e1rias classes de peixe. <\/span><span id=\"gts_text_15\" class=\"gts_text\">Os mais conhecidos s\u00e3o os peixes cartilag\u00edneos (tubar\u00f5es, raias, raios) e o peixe &#8220;Bony&#8221;, que inclui duas classes &#8211; Actinopterygii (peixes &#8220;normais&#8221;) e Sarcopterygii (Dipn\u00f3icos e criaturas semelhantes). <\/span><span id=\"gts_text_16\" class=\"gts_text\">Muitas das outras classes s\u00e3o completamente extintas agora. <\/span><span id=\"gts_text_17\" class=\"gts_text\">Aqui est\u00e1 uma lista de todas as classes diferentes de peixe.<\/span><\/p>\n<ul>\n<li> <span id=\"gts_text_18\" class=\"gts_text\">A Acanthodii, \u00e0s vezes chamado de tubar\u00f5es espinhosos, s\u00e3o um grupo extinto de peixes que tinham algumas caracter\u00edsticas do peixe Cartiliginous e outros peixes \u00f3sseos.<\/span><\/li>\n<li> <span id=\"gts_text_19\" class=\"gts_text\">O Actinopterygii s\u00e3o a maior classe de peixes, na verdade, a maior classe de vertebrados! <\/span><span id=\"gts_text_20\" class=\"gts_text\">Existem esp\u00e9cies de 27000 destes, vivendo no mar e \u00e1gua doce. <\/span><span id=\"gts_text_21\" class=\"gts_text\">Os cientistas chamam de &#8220;ray&#8221; peixes, voc\u00ea ou eu poderia chamar-lhes peixe &#8220;normal&#8221;. <\/span><span id=\"gts_text_22\" class=\"gts_text\">O <a href=\"\/Leedsichthys.html\">Leedsichthys problematicus<\/a> era um Actinopterygus.<\/span><\/li>\n<li> <span id=\"gts_text_23\" class=\"gts_text\">Os Cephalaspidomorphs s\u00e3o um grupo de peixes sem mand\u00edbula extintos. <\/span><span id=\"gts_text_24\" class=\"gts_text\">Na verdade, os cientistas s\u00e3o divididos para que animais exatamente deveriam pertencer a este grupo &#8211; alguns dizem que as lampreias devem ser inclu\u00eddas, outros discordam.<\/span><\/li>\n<li> <span id=\"gts_text_25\" class=\"gts_text\">Os <a href=\"\/Cartilaginous-Fish.html\">Condrichthyes<\/a> s\u00e3o os <a href=\"\/Cartilaginous-Fish.html\">peixes cartilaginosos<\/a> , incluindo <a href=\"\/Sharks.html\">tubar\u00f5es<\/a> e raias. <\/span><span id=\"gts_text_26\" class=\"gts_text\">Estes peixes n\u00e3o tem verdadeiro osso, em vez disso, seu esqueleto \u00e9 feito de cartilige. <\/span><span id=\"gts_text_27\" class=\"gts_text\">O <a href=\"\/Whale-Shark.html\">tubar\u00e3o-baleia<\/a> \u00e9 um Condrichthys.<\/span><\/li>\n<li> <span id=\"gts_text_28\" class=\"gts_text\">Conodonts: um grupo de animais extintos semelhantes, conhecida principalmente por seus dentes fossilizados.<\/span><\/li>\n<li> <span id=\"gts_text_29\" class=\"gts_text\">O Hyperoartia \u00e9 a classe de lampreias, um grupo de animais do mar em forma de enguia, que s\u00e3o t\u00e3o diferentes de peixes, que os cientistas coloc\u00e1-los em um grupo diferente por completo.<\/span><\/li>\n<li> <span id=\"gts_text_30\" class=\"gts_text\">O Myxini: estes s\u00e3o o peixe-bruxa &#8211; eles parecem um pouco com enguias e podem-se amarrar knots.<\/span><\/li>\n<li> <span id=\"gts_text_31\" class=\"gts_text\">Os placodermos: outro grupo de peixes extintos, que tinham placas de disco r\u00edgidas para proteger suas cabe\u00e7as.<\/span><\/li>\n<li> <span id=\"gts_text_32\" class=\"gts_text\">Pteraspidomorphs: um grupo extinto peixe, que n\u00e3o t\u00eam mand\u00edbulas.<\/span><\/li>\n<li> <span id=\"gts_text_33\" class=\"gts_text\">O Sarcopterygii, ou peixes, incluem os Dipn\u00f3icos e os coelacanths uma vez-pensamento-extintas.<\/span><\/li>\n<\/ul>\n<p><span id=\"gts_text_34\" class=\"gts_text\"><strong>O que \u00e9 o maior peixe do mundo?<\/strong><\/span><\/p>\n<p><span id=\"gts_text_35\" class=\"gts_text\">Peixe de vida maior do mundo \u00e9 um gigante muito gentil &#8211; o <a href=\"\/Whale-Shark.html\">tubar\u00e3o-baleia<\/a>. <\/span><span id=\"gts_text_36\" class=\"gts_text\">\u00c9 um <a href=\"\/Sharks.html\">tubar\u00e3o<\/a> , n\u00e3o uma baleia, mas \u00e9 completamente inofensivo &#8211; as maiores coisas que ele come s\u00e3o krill! <\/span><span id=\"gts_text_37\" class=\"gts_text\">Ele pode crescer at\u00e9 12 metros (cerca de 40 p\u00e9s) long ou mais, e pesar cerca de 12000 kg, ou 26000 libras!<\/span><\/p>\n<p><span id=\"gts_text_38\" class=\"gts_text\">O maior peixe nunca s\u00f3 \u00e9 conhecido atrav\u00e9s de f\u00f3sseis, mas novamente foi um gigante gentil &#8211; <a href=\"\/Leedsichthys.html\">Leedsichthys problematicus Problematicus<\/a>. <\/span><span id=\"gts_text_39\" class=\"gts_text\">Os cientistas n\u00e3o s\u00e3o certo como grandes cresceu &#8211; eles estimam 15 metros (50 p\u00e9s), ou talvez mesmo at\u00e9 30 metros (100 p\u00e9s), do mesmo tamanho que uma <a href=\"\/Blue-Whale.html\">baleia azul<\/a>!<\/span><\/p>\n","protected":false},"excerpt":{"rendered":"<p>O que \u00e9 um peixe? Os peixes s\u00e3o animais &#8211; na verdade, uma vez que os peixes t\u00eam uma espinha dorsal, eles s\u00e3o chamados de vertebrados &#8211; mais da metade de todas as esp\u00e9cies conhecidas de vertebrados na verdade s\u00e3o peixes! Outras coisas que os peixes t\u00eam em comum s\u00e3o Eles t\u00eam guelras e respiram &hellip; <a href=\"https:\/\/www.big-animals.com\/pt\/the-mundos-maior-peixe\/\" class=\"more-link\">Continue reading <span class=\"screen-reader-text\">Peixes maiores do mundo!<\/span><\/a><\/p>\n","protected":false},"author":1,"featured_media":0,"parent":0,"menu_order":0,"comment_status":"closed","ping_status":"open","template":"","meta":{"_acf_changed":false,"footnotes":""},"acf":[],"_links":{"self":[{"href":"https:\/\/www.big-animals.com\/pt\/wp-json\/wp\/v2\/pages\/57"}],"collection":[{"href":"https:\/\/www.big-animals.com\/pt\/wp-json\/wp\/v2\/pages"}],"about":[{"href":"https:\/\/www.big-animals.com\/pt\/wp-json\/wp\/v2\/types\/page"}],"author":[{"embeddable":true,"href":"https:\/\/www.big-animals.com\/pt\/wp-json\/wp\/v2\/users\/1"}],"replies":[{"embeddable":true,"href":"https:\/\/www.big-animals.com\/pt\/wp-json\/wp\/v2\/comments?post=57"}],"version-history":[{"count":0,"href":"https:\/\/www.big-animals.com\/pt\/wp-json\/wp\/v2\/pages\/57\/revisions"}],"wp:attachment":[{"href":"https:\/\/www.big-animals.com\/pt\/wp-json\/wp\/v2\/media?parent=57"}],"curies":[{"name":"wp","href":"https:\/\/api.w.org\/{rel}","templated":true}]}}