{"id":6,"date":"2011-05-09T08:54:24","date_gmt":"2011-05-09T08:54:24","guid":{"rendered":""},"modified":"2015-09-03T10:23:00","modified_gmt":"2015-09-03T10:23:00","slug":"lula-colossal","status":"publish","type":"page","link":"https:\/\/www.big-animals.com\/pt\/lula-colossal\/","title":{"rendered":"Lula Colossal"},"content":{"rendered":"<p><span id=\"gts_text_3\" class=\"gts_text\">A Lula Colossal tamb\u00e9m \u00e9 conhecida como Lula Ant\u00e1rtica. \u00c9 a maior lula j\u00e1 capturada. Na verdade, \u00e9 o maior <a title=\"The World\u2019s Biggest Mollusks!\" href=\"http:\/\/www.big-animals.com\/pt\/the-mundos-maior-moluscos\/\">molusco<\/a> e o maior invertebrado que se tem conhecimento no mundo! Com o seu corpo enorme, de 12-14 metros de comprimento, <\/span><span id=\"gts_text_4\" class=\"gts_text\">tamb\u00e9m tem os olhos maiores que\u00a0qualquer outro\u00a0ser vivo na terra. Seus olhos tem cerca de 30 a 40 cent\u00edmetros de di\u00e2metro enquanto vivas.<\/span><span id=\"gts_text_5\" class=\"gts_text\">\u00a0<\/span><span id=\"gts_text_6\" class=\"gts_text\">Ela pesa quase 500 quilos.<\/span><\/p>\n<p><span id=\"gts_text_7\" class=\"gts_text\">Os membros da Lula\u00a0Colossal possuem\u00a0afiados\u00a0ganchos girat\u00f3rios. Ela<\/span><span id=\"gts_text_8\" class=\"gts_text\">\u00a0tem um corpo grande e pesado, sendo<\/span><span id=\"gts_text_9\" class=\"gts_text\">\u00a0muito mais pesada que a Lula Gigante. Ela tamb\u00e9m possui um manto mais longo, por\u00e9m seus tent\u00e1culos s\u00e3o menores que os da Lula Gigante.<\/span><\/p>\n<figure id=\"attachment_642\" aria-describedby=\"caption-attachment-642\" style=\"width: 300px\" class=\"wp-caption aligncenter\"><a href=\"http:\/\/www.big-animals.com\/wp-content\/uploads\/2011\/03\/Colossal_Squid_And_Human2.png\"><img loading=\"lazy\" decoding=\"async\" class=\"size-medium wp-image-642\" title=\"Colossal Squid And Human\" src=\"http:\/\/www.big-animals.com\/wp-content\/uploads\/2011\/03\/Colossal_Squid_And_Human2-300x73.png\" alt=\"Colossal Squid And Human\" width=\"300\" height=\"73\" \/><\/a><figcaption id=\"caption-attachment-642\" class=\"wp-caption-text\">Lula Colossal e\u00a0Humano<\/figcaption><\/figure>\n<p>Ela vive no fundo do Oceano Ant\u00e1rtico, oceano que circunda toda a Ant\u00e1rtica. Alimenta-se de Merluzas Negras e outras lulas no fundo do mar. \u00c9 sempre escuro e muito frio aonde vive, mas a Lula Colossal \u00e9 capaz de produzir luz para ajud\u00e1-la a ver e ca\u00e7ar na escurid\u00e3o.<\/p>\n<p>A Lula Colossal tem uma baixa taxa metab\u00f3lica. Precisando somente de 30 gramas de comida por dia. Ela n\u00e3o precisa de muita energia porque \u00e9 uma criatura lenta que ca\u00e7a por emboscada. Uma Lula Colossal adulta pode mergulhar a uma profundidade de 2200 metros e uma Lula Colossal jovem pode chegar \u00e0 1000 metros de profundidade. A Lula Colossal adulta f\u00eamea \u00e9 geralmente bem maior que a Lula Colossal macho.<\/p>\n<p>Cachalotes alimentam-se de Lulas Colossais. 14% dos bicos de lula encontrados na barriga dos cachalotes pertencem \u00e0 Lulas Colossais. Na verdade, a maioria dos cachalotes t\u00eam cicatrizes nas suas costas causadas pelos ganchos das Lulas Colossais, que constituem at\u00e9 77% de suas presas.<\/p>\n<p>Existem outras criaturas que tamb\u00e9m alimentam-se de Lulas Colossais, como as Baleias-Bicudas-de-Cabe\u00e7a-Plana-do-Sul, Baleias-Piloto-de-Peitorais-Longas, Elefantes-Marinhos-do-Sul, Merluzas Negras, Tubar\u00f5es-Dormedores-do-Pac\u00edfico e at\u00e9 Albatrozes. Os bicos das Lulas Colossais adultas somente s\u00e3o encontrados nos Cachalotes e nos Tubar\u00f5es-Dormedores-do-Pac\u00edfico. Os outros predadores apenas alimentam-se das Lulas Colossais jovens, por serem menores.<\/p>\n<p>Em 2007, uma Lula Colossal viva foi capturada por um barco pesqueiro Neozeland\u00eas pr\u00f3ximo \u00e0 Ant\u00e1rtica. Ela tinha cerca de 10 metros de comprimento e pesava cerca de 495 quilos. Ela foi levada \u00e0 Nova Zel\u00e2ndia para estudos cient\u00edficos.<\/p>\n<p>&nbsp;<\/p>\n","protected":false},"excerpt":{"rendered":"<p>A Lula Colossal tamb\u00e9m \u00e9 conhecida como Lula Ant\u00e1rtica. \u00c9 a maior lula j\u00e1 capturada. Na verdade, \u00e9 o maior molusco e o maior invertebrado que se tem conhecimento no mundo! Com o seu corpo enorme, de 12-14 metros de comprimento, tamb\u00e9m tem os olhos maiores que\u00a0qualquer outro\u00a0ser vivo na terra. Seus olhos tem cerca &hellip; <a href=\"https:\/\/www.big-animals.com\/pt\/lula-colossal\/\" class=\"more-link\">Continue reading <span class=\"screen-reader-text\">Lula Colossal<\/span><\/a><\/p>\n","protected":false},"author":1,"featured_media":0,"parent":0,"menu_order":0,"comment_status":"closed","ping_status":"open","template":"","meta":{"_acf_changed":false,"footnotes":""},"acf":[],"_links":{"self":[{"href":"https:\/\/www.big-animals.com\/pt\/wp-json\/wp\/v2\/pages\/6"}],"collection":[{"href":"https:\/\/www.big-animals.com\/pt\/wp-json\/wp\/v2\/pages"}],"about":[{"href":"https:\/\/www.big-animals.com\/pt\/wp-json\/wp\/v2\/types\/page"}],"author":[{"embeddable":true,"href":"https:\/\/www.big-animals.com\/pt\/wp-json\/wp\/v2\/users\/1"}],"replies":[{"embeddable":true,"href":"https:\/\/www.big-animals.com\/pt\/wp-json\/wp\/v2\/comments?post=6"}],"version-history":[{"count":9,"href":"https:\/\/www.big-animals.com\/pt\/wp-json\/wp\/v2\/pages\/6\/revisions"}],"predecessor-version":[{"id":395,"href":"https:\/\/www.big-animals.com\/pt\/wp-json\/wp\/v2\/pages\/6\/revisions\/395"}],"wp:attachment":[{"href":"https:\/\/www.big-animals.com\/pt\/wp-json\/wp\/v2\/media?parent=6"}],"curies":[{"name":"wp","href":"https:\/\/api.w.org\/{rel}","templated":true}]}}